{"id":1220555,"date":"2022-09-26T12:27:26","date_gmt":"2022-09-26T09:27:26","guid":{"rendered":"https:\/\/tallinndesignhouse.com\/toode\/ilona-sametist-rinnahoidja\/"},"modified":"2026-05-14T00:58:01","modified_gmt":"2026-05-13T21:58:01","slug":"ilona-sametist-rinnahoidja","status":"publish","type":"product","link":"https:\/\/tallinndesignhouse.com\/en\/toode\/ilona-sametist-rinnahoidja\/","title":{"rendered":"Ilona Velvet Bra"},"content":{"rendered":"<p>Velvet bra with a golden\u00a0suspender clip detail and cutouts on the sides. Can be worn with the suspender clip detail facing the front or back. Wide elastic under bust for support. Edged with turnover elastic.\u00a0Cutouts on the sides. Golden\u00a0metal details. Made in Estonia. Material: 93% polyester, 7% elastane. Hand wash only. Fits true to size.<\/p>\n","protected":false},"excerpt":{"rendered":"<p>Velvet bra with a golden\u00a0suspender clip detail and cutouts on the sides. Can be worn with the suspender clip detail facing the front or back. Wide elastic under bust for support. Edged with turnover elastic.\u00a0Cutouts on the sides. Golden\u00a0metal details. Made in Estonia. Material: 93% polyester, 7% elastane. Hand wash only. Fits true to size.<\/p>\n","protected":false},"featured_media":1218697,"template":"","meta":{"_acf_changed":false},"product_brand":[],"product_cat":[887,888,865],"product_tag":[2819],"class_list":{"0":"post-1220555","1":"product","2":"type-product","3":"status-publish","4":"has-post-thumbnail","6":"product_cat-roivad","7":"product_cat-sargid_ja_pluusid","8":"product_cat-buduaar","9":"product_tag-women","10":"pa_brand-kriss-soonik-en","12":"pa_suurus-l","14":"pa_suurus-m","16":"pa_suurus-s","18":"pa_varv-black-en","20":"pa_varv-raspberry-en","23":"first","24":"instock","25":"taxable","26":"shipping-taxable","27":"purchasable","28":"product-type-variable"},"acf":[],"yoast_head":"<!-- This site is optimized with the Yoast SEO plugin v26.0 - https:\/\/yoast.com\/wordpress\/plugins\/seo\/ -->\n<title>Ilona Velvet Bra - Tallinn Design House<\/title>\n<meta name=\"description\" content=\"Kriss Soonik Ilona sametist rinnahoidja kuldse klambriga ja v\u00e4ljal\u00f5igetega k\u00fclgedel. Materjal: 93% pol\u00fcester, 7% elastaan.\" \/>\n<meta name=\"robots\" content=\"index, follow, max-snippet:-1, max-image-preview:large, max-video-preview:-1\" \/>\n<link rel=\"canonical\" href=\"https:\/\/tallinndesignhouse.com\/toode\/ilona-sametist-rinnahoidja\/\" \/>\n<meta property=\"og:locale\" content=\"en_US\" \/>\n<meta property=\"og:type\" content=\"article\" \/>\n<meta property=\"og:title\" content=\"Ilona Velvet Bra - Tallinn Design House\" \/>\n<meta property=\"og:description\" content=\"Kriss Soonik Ilona sametist rinnahoidja kuldse klambriga ja v\u00e4ljal\u00f5igetega k\u00fclgedel. Materjal: 93% pol\u00fcester, 7% elastaan.\" \/>\n<meta property=\"og:url\" content=\"https:\/\/tallinndesignhouse.com\/toode\/ilona-sametist-rinnahoidja\/\" \/>\n<meta property=\"og:site_name\" content=\"Tallinn Design House\" \/>\n<meta property=\"article:modified_time\" content=\"2026-05-13T21:58:01+00:00\" \/>\n<meta property=\"og:image\" content=\"https:\/\/tallinndesignhouse.com\/wp-content\/uploads\/2022\/09\/Kriss-Soonik-Ilona-Velvet-Bra-Raspberry.webp\" \/>\n\t<meta property=\"og:image:width\" content=\"1000\" \/>\n\t<meta property=\"og:image:height\" content=\"1500\" \/>\n\t<meta property=\"og:image:type\" content=\"image\/webp\" \/>\n<meta name=\"twitter:card\" content=\"summary_large_image\" \/>\n<meta name=\"twitter:label1\" content=\"Est. reading time\" \/>\n\t<meta name=\"twitter:data1\" content=\"1 minute\" \/>\n<script type=\"application\/ld+json\" class=\"yoast-schema-graph\">{\"@context\":\"https:\/\/schema.org\",\"@graph\":[{\"@type\":\"WebPage\",\"@id\":\"https:\/\/tallinndesignhouse.com\/toode\/ilona-sametist-rinnahoidja\/\",\"url\":\"https:\/\/tallinndesignhouse.com\/toode\/ilona-sametist-rinnahoidja\/\",\"name\":\"Ilona Velvet Bra - Tallinn Design House\",\"isPartOf\":{\"@id\":\"https:\/\/tallinndesignhouse.com\/#website\"},\"primaryImageOfPage\":{\"@id\":\"https:\/\/tallinndesignhouse.com\/toode\/ilona-sametist-rinnahoidja\/#primaryimage\"},\"image\":{\"@id\":\"https:\/\/tallinndesignhouse.com\/toode\/ilona-sametist-rinnahoidja\/#primaryimage\"},\"thumbnailUrl\":\"https:\/\/tallinndesignhouse.com\/wp-content\/uploads\/2022\/09\/Kriss-Soonik-Ilona-Velvet-Bra-Raspberry.webp\",\"datePublished\":\"2022-09-26T09:27:26+00:00\",\"dateModified\":\"2026-05-13T21:58:01+00:00\",\"description\":\"Kriss Soonik Ilona sametist rinnahoidja kuldse klambriga ja v\u00e4ljal\u00f5igetega k\u00fclgedel. Materjal: 93% pol\u00fcester, 7% elastaan.\",\"breadcrumb\":{\"@id\":\"https:\/\/tallinndesignhouse.com\/toode\/ilona-sametist-rinnahoidja\/#breadcrumb\"},\"inLanguage\":\"en-US\",\"potentialAction\":[{\"@type\":\"ReadAction\",\"target\":[\"https:\/\/tallinndesignhouse.com\/toode\/ilona-sametist-rinnahoidja\/\"]}]},{\"@type\":\"ImageObject\",\"inLanguage\":\"en-US\",\"@id\":\"https:\/\/tallinndesignhouse.com\/toode\/ilona-sametist-rinnahoidja\/#primaryimage\",\"url\":\"https:\/\/tallinndesignhouse.com\/wp-content\/uploads\/2022\/09\/Kriss-Soonik-Ilona-Velvet-Bra-Raspberry.webp\",\"contentUrl\":\"https:\/\/tallinndesignhouse.com\/wp-content\/uploads\/2022\/09\/Kriss-Soonik-Ilona-Velvet-Bra-Raspberry.webp\",\"width\":1000,\"height\":1500,\"caption\":\"Kriss Soonik Ilona Velvet Bra Raspberry\"},{\"@type\":\"BreadcrumbList\",\"@id\":\"https:\/\/tallinndesignhouse.com\/toode\/ilona-sametist-rinnahoidja\/#breadcrumb\",\"itemListElement\":[{\"@type\":\"ListItem\",\"position\":1,\"name\":\"Home\",\"item\":\"https:\/\/tallinndesignhouse.com\/en\/\"},{\"@type\":\"ListItem\",\"position\":2,\"name\":\"Shop\",\"item\":\"https:\/\/tallinndesignhouse.com\/en\/shop\/\"},{\"@type\":\"ListItem\",\"position\":3,\"name\":\"Ilona Velvet Bra\"}]},{\"@type\":\"WebSite\",\"@id\":\"https:\/\/tallinndesignhouse.com\/#website\",\"url\":\"https:\/\/tallinndesignhouse.com\/\",\"name\":\"Tallinn Design House\",\"description\":\"Eesti disain Rotermanni kvartalis\",\"potentialAction\":[{\"@type\":\"SearchAction\",\"target\":{\"@type\":\"EntryPoint\",\"urlTemplate\":\"https:\/\/tallinndesignhouse.com\/?s={search_term_string}\"},\"query-input\":{\"@type\":\"PropertyValueSpecification\",\"valueRequired\":true,\"valueName\":\"search_term_string\"}}],\"inLanguage\":\"en-US\"}]}<\/script>\n<!-- \/ Yoast SEO plugin. -->","yoast_head_json":{"title":"Ilona Velvet Bra - Tallinn Design House","description":"Kriss Soonik Ilona sametist rinnahoidja kuldse klambriga ja v\u00e4ljal\u00f5igetega k\u00fclgedel. Materjal: 93% pol\u00fcester, 7% elastaan.","robots":{"index":"index","follow":"follow","max-snippet":"max-snippet:-1","max-image-preview":"max-image-preview:large","max-video-preview":"max-video-preview:-1"},"canonical":"https:\/\/tallinndesignhouse.com\/toode\/ilona-sametist-rinnahoidja\/","og_locale":"en_US","og_type":"article","og_title":"Ilona Velvet Bra - Tallinn Design House","og_description":"Kriss Soonik Ilona sametist rinnahoidja kuldse klambriga ja v\u00e4ljal\u00f5igetega k\u00fclgedel. Materjal: 93% pol\u00fcester, 7% elastaan.","og_url":"https:\/\/tallinndesignhouse.com\/toode\/ilona-sametist-rinnahoidja\/","og_site_name":"Tallinn Design House","article_modified_time":"2026-05-13T21:58:01+00:00","og_image":[{"width":1000,"height":1500,"url":"https:\/\/tallinndesignhouse.com\/wp-content\/uploads\/2022\/09\/Kriss-Soonik-Ilona-Velvet-Bra-Raspberry.webp","type":"image\/webp"}],"twitter_card":"summary_large_image","twitter_misc":{"Est. reading time":"1 minute"},"schema":{"@context":"https:\/\/schema.org","@graph":[{"@type":"WebPage","@id":"https:\/\/tallinndesignhouse.com\/toode\/ilona-sametist-rinnahoidja\/","url":"https:\/\/tallinndesignhouse.com\/toode\/ilona-sametist-rinnahoidja\/","name":"Ilona Velvet Bra - Tallinn Design House","isPartOf":{"@id":"https:\/\/tallinndesignhouse.com\/#website"},"primaryImageOfPage":{"@id":"https:\/\/tallinndesignhouse.com\/toode\/ilona-sametist-rinnahoidja\/#primaryimage"},"image":{"@id":"https:\/\/tallinndesignhouse.com\/toode\/ilona-sametist-rinnahoidja\/#primaryimage"},"thumbnailUrl":"https:\/\/tallinndesignhouse.com\/wp-content\/uploads\/2022\/09\/Kriss-Soonik-Ilona-Velvet-Bra-Raspberry.webp","datePublished":"2022-09-26T09:27:26+00:00","dateModified":"2026-05-13T21:58:01+00:00","description":"Kriss Soonik Ilona sametist rinnahoidja kuldse klambriga ja v\u00e4ljal\u00f5igetega k\u00fclgedel. Materjal: 93% pol\u00fcester, 7% elastaan.","breadcrumb":{"@id":"https:\/\/tallinndesignhouse.com\/toode\/ilona-sametist-rinnahoidja\/#breadcrumb"},"inLanguage":"en-US","potentialAction":[{"@type":"ReadAction","target":["https:\/\/tallinndesignhouse.com\/toode\/ilona-sametist-rinnahoidja\/"]}]},{"@type":"ImageObject","inLanguage":"en-US","@id":"https:\/\/tallinndesignhouse.com\/toode\/ilona-sametist-rinnahoidja\/#primaryimage","url":"https:\/\/tallinndesignhouse.com\/wp-content\/uploads\/2022\/09\/Kriss-Soonik-Ilona-Velvet-Bra-Raspberry.webp","contentUrl":"https:\/\/tallinndesignhouse.com\/wp-content\/uploads\/2022\/09\/Kriss-Soonik-Ilona-Velvet-Bra-Raspberry.webp","width":1000,"height":1500,"caption":"Kriss Soonik Ilona Velvet Bra Raspberry"},{"@type":"BreadcrumbList","@id":"https:\/\/tallinndesignhouse.com\/toode\/ilona-sametist-rinnahoidja\/#breadcrumb","itemListElement":[{"@type":"ListItem","position":1,"name":"Home","item":"https:\/\/tallinndesignhouse.com\/en\/"},{"@type":"ListItem","position":2,"name":"Shop","item":"https:\/\/tallinndesignhouse.com\/en\/shop\/"},{"@type":"ListItem","position":3,"name":"Ilona Velvet Bra"}]},{"@type":"WebSite","@id":"https:\/\/tallinndesignhouse.com\/#website","url":"https:\/\/tallinndesignhouse.com\/","name":"Tallinn Design House","description":"Eesti disain Rotermanni kvartalis","potentialAction":[{"@type":"SearchAction","target":{"@type":"EntryPoint","urlTemplate":"https:\/\/tallinndesignhouse.com\/?s={search_term_string}"},"query-input":{"@type":"PropertyValueSpecification","valueRequired":true,"valueName":"search_term_string"}}],"inLanguage":"en-US"}]}},"_links":{"self":[{"href":"https:\/\/tallinndesignhouse.com\/en\/wp-json\/wp\/v2\/product\/1220555","targetHints":{"allow":["GET"]}}],"collection":[{"href":"https:\/\/tallinndesignhouse.com\/en\/wp-json\/wp\/v2\/product"}],"about":[{"href":"https:\/\/tallinndesignhouse.com\/en\/wp-json\/wp\/v2\/types\/product"}],"wp:featuredmedia":[{"embeddable":true,"href":"https:\/\/tallinndesignhouse.com\/en\/wp-json\/wp\/v2\/media\/1218697"}],"wp:attachment":[{"href":"https:\/\/tallinndesignhouse.com\/en\/wp-json\/wp\/v2\/media?parent=1220555"}],"wp:term":[{"taxonomy":"product_brand","embeddable":true,"href":"https:\/\/tallinndesignhouse.com\/en\/wp-json\/wp\/v2\/product_brand?post=1220555"},{"taxonomy":"product_cat","embeddable":true,"href":"https:\/\/tallinndesignhouse.com\/en\/wp-json\/wp\/v2\/product_cat?post=1220555"},{"taxonomy":"product_tag","embeddable":true,"href":"https:\/\/tallinndesignhouse.com\/en\/wp-json\/wp\/v2\/product_tag?post=1220555"}],"curies":[{"name":"wp","href":"https:\/\/api.w.org\/{rel}","templated":true}]}}