{"id":1490441,"date":"2022-10-04T14:15:30","date_gmt":"2022-10-04T11:15:30","guid":{"rendered":"https:\/\/tallinndesignhouse.com\/toode\/arrak-triptuhhon-1965-siidiratik\/"},"modified":"2026-05-14T00:59:52","modified_gmt":"2026-05-13T21:59:52","slug":"arrak-triptuhhon-1965-siidiratik","status":"publish","type":"product","link":"https:\/\/tallinndesignhouse.com\/en\/toode\/arrak-triptuhhon-1965-siidiratik\/","title":{"rendered":"Arrak Tryptich 1965 Silk Scarf"},"content":{"rendered":"<p>ARRAK TRYPTICH 1965 silk scarf is based on artwork of a famous Estonian painter J\u00fcri Arrak \u2013 Tryptich (1965). Original painting: oil on canvas, 50x80cm, Andres Eilart\u2019s private collection. \u201cNature and art are two variants of one phenomenon, because everything is based on energies and it is difficult to understand at first glance. You have to find the end of the road on which to start walking, and then it becomes clear how far you will get in life, because the goal is never reached,\u201d says the painter. Scarf print based on Arrak\u2019s artwork \u201cTryptich\u201d (1965). Our printing inks have OEKO-TEX certificate. Sold as limited collection. Digitally printed. Hand-rolled hemming. Comes packed in a gift box. SIZE: 70X70 CM. MATERIAL: 100% TWILL SILK. CARE INSTRUCTIONS: DRY CLEAN.<\/p>\n","protected":false},"excerpt":{"rendered":"<p>ARRAK TRYPTICH 1965 silk scarf is based on artwork of a famous Estonian painter J\u00fcri Arrak \u2013 Tryptich (1965). Original painting: oil on canvas, 50x80cm, Andres Eilart\u2019s private collection. \u201cNature and art are two variants of one phenomenon, because everything is based on energies and it is difficult to understand at first glance. You have [&hellip;]<\/p>\n","protected":false},"featured_media":1486341,"template":"","meta":{"_acf_changed":false},"product_brand":[],"product_cat":[883,113],"product_tag":[2818],"class_list":{"0":"post-1490441","1":"product","2":"type-product","3":"status-publish","4":"has-post-thumbnail","6":"product_cat-peakatted_ja_sallid","7":"product_cat-aksessuaarid","8":"product_tag-naised","9":"pa_brand-miurio","11":"pa_materjal-100-siid","13":"pa_varv-mitmevarviline","16":"first","17":"instock","18":"taxable","19":"shipping-taxable","20":"purchasable","21":"product-type-simple"},"acf":[],"yoast_head":"<!-- This site is optimized with the Yoast SEO plugin v26.0 - https:\/\/yoast.com\/wordpress\/plugins\/seo\/ -->\n<title>Miurio Arrak Tryptich 1965 Silk Scarf - Tallinn Design House<\/title>\n<meta name=\"description\" content=\"Miurio Arrak Tript\u00fchhon 1965 siidir\u00e4tik. Digitr\u00fckk. K\u00e4sitsi palistatud. Pakendatud kinkekarpi. SUURUS: 70X70 CM.\" \/>\n<meta name=\"robots\" content=\"index, follow, max-snippet:-1, max-image-preview:large, max-video-preview:-1\" \/>\n<link rel=\"canonical\" href=\"https:\/\/tallinndesignhouse.com\/toode\/arrak-triptuhhon-1965-siidiratik\/\" \/>\n<meta property=\"og:locale\" content=\"en_US\" \/>\n<meta property=\"og:type\" content=\"article\" \/>\n<meta property=\"og:title\" content=\"Miurio Arrak Tryptich 1965 Silk Scarf - Tallinn Design House\" \/>\n<meta property=\"og:description\" content=\"Miurio Arrak Tript\u00fchhon 1965 siidir\u00e4tik. Digitr\u00fckk. K\u00e4sitsi palistatud. Pakendatud kinkekarpi. SUURUS: 70X70 CM.\" \/>\n<meta property=\"og:url\" content=\"https:\/\/tallinndesignhouse.com\/toode\/arrak-triptuhhon-1965-siidiratik\/\" \/>\n<meta property=\"og:site_name\" content=\"Tallinn Design House\" \/>\n<meta property=\"article:modified_time\" content=\"2026-05-13T21:59:52+00:00\" \/>\n<meta property=\"og:image\" content=\"https:\/\/tallinndesignhouse.com\/wp-content\/uploads\/2022\/10\/Miurio-Siidira\u0308tik-Arrak-Tryptich-19654.webp\" \/>\n\t<meta property=\"og:image:width\" content=\"1116\" \/>\n\t<meta property=\"og:image:height\" content=\"1116\" \/>\n\t<meta property=\"og:image:type\" content=\"image\/webp\" \/>\n<meta name=\"twitter:card\" content=\"summary_large_image\" \/>\n<meta name=\"twitter:label1\" content=\"Est. reading time\" \/>\n\t<meta name=\"twitter:data1\" content=\"1 minute\" \/>\n<script type=\"application\/ld+json\" class=\"yoast-schema-graph\">{\"@context\":\"https:\/\/schema.org\",\"@graph\":[{\"@type\":\"WebPage\",\"@id\":\"https:\/\/tallinndesignhouse.com\/toode\/arrak-triptuhhon-1965-siidiratik\/\",\"url\":\"https:\/\/tallinndesignhouse.com\/toode\/arrak-triptuhhon-1965-siidiratik\/\",\"name\":\"Miurio Arrak Tryptich 1965 Silk Scarf - Tallinn Design House\",\"isPartOf\":{\"@id\":\"https:\/\/tallinndesignhouse.com\/#website\"},\"primaryImageOfPage\":{\"@id\":\"https:\/\/tallinndesignhouse.com\/toode\/arrak-triptuhhon-1965-siidiratik\/#primaryimage\"},\"image\":{\"@id\":\"https:\/\/tallinndesignhouse.com\/toode\/arrak-triptuhhon-1965-siidiratik\/#primaryimage\"},\"thumbnailUrl\":\"https:\/\/tallinndesignhouse.com\/wp-content\/uploads\/2022\/10\/Miurio-Siidira\u0308tik-Arrak-Tryptich-19654.webp\",\"datePublished\":\"2022-10-04T11:15:30+00:00\",\"dateModified\":\"2026-05-13T21:59:52+00:00\",\"description\":\"Miurio Arrak Tript\u00fchhon 1965 siidir\u00e4tik. Digitr\u00fckk. K\u00e4sitsi palistatud. Pakendatud kinkekarpi. SUURUS: 70X70 CM.\",\"breadcrumb\":{\"@id\":\"https:\/\/tallinndesignhouse.com\/toode\/arrak-triptuhhon-1965-siidiratik\/#breadcrumb\"},\"inLanguage\":\"en-US\",\"potentialAction\":[{\"@type\":\"ReadAction\",\"target\":[\"https:\/\/tallinndesignhouse.com\/toode\/arrak-triptuhhon-1965-siidiratik\/\"]}]},{\"@type\":\"ImageObject\",\"inLanguage\":\"en-US\",\"@id\":\"https:\/\/tallinndesignhouse.com\/toode\/arrak-triptuhhon-1965-siidiratik\/#primaryimage\",\"url\":\"https:\/\/tallinndesignhouse.com\/wp-content\/uploads\/2022\/10\/Miurio-Siidira\u0308tik-Arrak-Tryptich-19654.webp\",\"contentUrl\":\"https:\/\/tallinndesignhouse.com\/wp-content\/uploads\/2022\/10\/Miurio-Siidira\u0308tik-Arrak-Tryptich-19654.webp\",\"width\":1116,\"height\":1116,\"caption\":\"Miurio Siidira\u0308tik Arrak Tryptich 1965_4\"},{\"@type\":\"BreadcrumbList\",\"@id\":\"https:\/\/tallinndesignhouse.com\/toode\/arrak-triptuhhon-1965-siidiratik\/#breadcrumb\",\"itemListElement\":[{\"@type\":\"ListItem\",\"position\":1,\"name\":\"Home\",\"item\":\"https:\/\/tallinndesignhouse.com\/en\/\"},{\"@type\":\"ListItem\",\"position\":2,\"name\":\"Shop\",\"item\":\"https:\/\/tallinndesignhouse.com\/en\/shop\/\"},{\"@type\":\"ListItem\",\"position\":3,\"name\":\"Arrak Tryptich 1965 Silk Scarf\"}]},{\"@type\":\"WebSite\",\"@id\":\"https:\/\/tallinndesignhouse.com\/#website\",\"url\":\"https:\/\/tallinndesignhouse.com\/\",\"name\":\"Tallinn Design House\",\"description\":\"Eesti disain Rotermanni kvartalis\",\"potentialAction\":[{\"@type\":\"SearchAction\",\"target\":{\"@type\":\"EntryPoint\",\"urlTemplate\":\"https:\/\/tallinndesignhouse.com\/?s={search_term_string}\"},\"query-input\":{\"@type\":\"PropertyValueSpecification\",\"valueRequired\":true,\"valueName\":\"search_term_string\"}}],\"inLanguage\":\"en-US\"}]}<\/script>\n<!-- \/ Yoast SEO plugin. -->","yoast_head_json":{"title":"Miurio Arrak Tryptich 1965 Silk Scarf - Tallinn Design House","description":"Miurio Arrak Tript\u00fchhon 1965 siidir\u00e4tik. Digitr\u00fckk. K\u00e4sitsi palistatud. Pakendatud kinkekarpi. SUURUS: 70X70 CM.","robots":{"index":"index","follow":"follow","max-snippet":"max-snippet:-1","max-image-preview":"max-image-preview:large","max-video-preview":"max-video-preview:-1"},"canonical":"https:\/\/tallinndesignhouse.com\/toode\/arrak-triptuhhon-1965-siidiratik\/","og_locale":"en_US","og_type":"article","og_title":"Miurio Arrak Tryptich 1965 Silk Scarf - Tallinn Design House","og_description":"Miurio Arrak Tript\u00fchhon 1965 siidir\u00e4tik. Digitr\u00fckk. K\u00e4sitsi palistatud. Pakendatud kinkekarpi. SUURUS: 70X70 CM.","og_url":"https:\/\/tallinndesignhouse.com\/toode\/arrak-triptuhhon-1965-siidiratik\/","og_site_name":"Tallinn Design House","article_modified_time":"2026-05-13T21:59:52+00:00","og_image":[{"width":1116,"height":1116,"url":"https:\/\/tallinndesignhouse.com\/wp-content\/uploads\/2022\/10\/Miurio-Siidira\u0308tik-Arrak-Tryptich-19654.webp","type":"image\/webp"}],"twitter_card":"summary_large_image","twitter_misc":{"Est. reading time":"1 minute"},"schema":{"@context":"https:\/\/schema.org","@graph":[{"@type":"WebPage","@id":"https:\/\/tallinndesignhouse.com\/toode\/arrak-triptuhhon-1965-siidiratik\/","url":"https:\/\/tallinndesignhouse.com\/toode\/arrak-triptuhhon-1965-siidiratik\/","name":"Miurio Arrak Tryptich 1965 Silk Scarf - Tallinn Design House","isPartOf":{"@id":"https:\/\/tallinndesignhouse.com\/#website"},"primaryImageOfPage":{"@id":"https:\/\/tallinndesignhouse.com\/toode\/arrak-triptuhhon-1965-siidiratik\/#primaryimage"},"image":{"@id":"https:\/\/tallinndesignhouse.com\/toode\/arrak-triptuhhon-1965-siidiratik\/#primaryimage"},"thumbnailUrl":"https:\/\/tallinndesignhouse.com\/wp-content\/uploads\/2022\/10\/Miurio-Siidira\u0308tik-Arrak-Tryptich-19654.webp","datePublished":"2022-10-04T11:15:30+00:00","dateModified":"2026-05-13T21:59:52+00:00","description":"Miurio Arrak Tript\u00fchhon 1965 siidir\u00e4tik. Digitr\u00fckk. K\u00e4sitsi palistatud. Pakendatud kinkekarpi. SUURUS: 70X70 CM.","breadcrumb":{"@id":"https:\/\/tallinndesignhouse.com\/toode\/arrak-triptuhhon-1965-siidiratik\/#breadcrumb"},"inLanguage":"en-US","potentialAction":[{"@type":"ReadAction","target":["https:\/\/tallinndesignhouse.com\/toode\/arrak-triptuhhon-1965-siidiratik\/"]}]},{"@type":"ImageObject","inLanguage":"en-US","@id":"https:\/\/tallinndesignhouse.com\/toode\/arrak-triptuhhon-1965-siidiratik\/#primaryimage","url":"https:\/\/tallinndesignhouse.com\/wp-content\/uploads\/2022\/10\/Miurio-Siidira\u0308tik-Arrak-Tryptich-19654.webp","contentUrl":"https:\/\/tallinndesignhouse.com\/wp-content\/uploads\/2022\/10\/Miurio-Siidira\u0308tik-Arrak-Tryptich-19654.webp","width":1116,"height":1116,"caption":"Miurio Siidira\u0308tik Arrak Tryptich 1965_4"},{"@type":"BreadcrumbList","@id":"https:\/\/tallinndesignhouse.com\/toode\/arrak-triptuhhon-1965-siidiratik\/#breadcrumb","itemListElement":[{"@type":"ListItem","position":1,"name":"Home","item":"https:\/\/tallinndesignhouse.com\/en\/"},{"@type":"ListItem","position":2,"name":"Shop","item":"https:\/\/tallinndesignhouse.com\/en\/shop\/"},{"@type":"ListItem","position":3,"name":"Arrak Tryptich 1965 Silk Scarf"}]},{"@type":"WebSite","@id":"https:\/\/tallinndesignhouse.com\/#website","url":"https:\/\/tallinndesignhouse.com\/","name":"Tallinn Design House","description":"Eesti disain Rotermanni kvartalis","potentialAction":[{"@type":"SearchAction","target":{"@type":"EntryPoint","urlTemplate":"https:\/\/tallinndesignhouse.com\/?s={search_term_string}"},"query-input":{"@type":"PropertyValueSpecification","valueRequired":true,"valueName":"search_term_string"}}],"inLanguage":"en-US"}]}},"_links":{"self":[{"href":"https:\/\/tallinndesignhouse.com\/en\/wp-json\/wp\/v2\/product\/1490441","targetHints":{"allow":["GET"]}}],"collection":[{"href":"https:\/\/tallinndesignhouse.com\/en\/wp-json\/wp\/v2\/product"}],"about":[{"href":"https:\/\/tallinndesignhouse.com\/en\/wp-json\/wp\/v2\/types\/product"}],"wp:featuredmedia":[{"embeddable":true,"href":"https:\/\/tallinndesignhouse.com\/en\/wp-json\/wp\/v2\/media\/1486341"}],"wp:attachment":[{"href":"https:\/\/tallinndesignhouse.com\/en\/wp-json\/wp\/v2\/media?parent=1490441"}],"wp:term":[{"taxonomy":"product_brand","embeddable":true,"href":"https:\/\/tallinndesignhouse.com\/en\/wp-json\/wp\/v2\/product_brand?post=1490441"},{"taxonomy":"product_cat","embeddable":true,"href":"https:\/\/tallinndesignhouse.com\/en\/wp-json\/wp\/v2\/product_cat?post=1490441"},{"taxonomy":"product_tag","embeddable":true,"href":"https:\/\/tallinndesignhouse.com\/en\/wp-json\/wp\/v2\/product_tag?post=1490441"}],"curies":[{"name":"wp","href":"https:\/\/api.w.org\/{rel}","templated":true}]}}