{"id":1490447,"date":"2022-10-04T14:15:37","date_gmt":"2022-10-04T11:15:37","guid":{"rendered":"https:\/\/tallinndesignhouse.com\/toode\/arrak-kompositsioon-figuuridega-1967-siidiratik\/"},"modified":"2026-05-14T00:59:52","modified_gmt":"2026-05-13T21:59:52","slug":"arrak-kompositsioon-figuuridega-1967-siidiratik","status":"publish","type":"product","link":"https:\/\/tallinndesignhouse.com\/en\/toode\/arrak-kompositsioon-figuuridega-1967-siidiratik\/","title":{"rendered":"Arrak Purple Composition 1967 Silk Scarf"},"content":{"rendered":"<p>ARRAK PURPLE COMPOSITION 1967 silk scarf is based on artwork of a famous Estonian painter J\u00fcri Arrak \u2013 Composition with figures (1967). Original painting: oil on canvas, 80x60cm, Andres Eilart\u2019s private collection. \u201cI have realised that when making a painting, the inner need of my subconscious distorts the visible form just as art needs to convey and \u201cdescribe\u201d some event, phenomenon, state to others, so that it would affect the viewer in a way that cannot be conveyed in words,\u201d says the painter. Scarf print based on Arrak\u2019s artwork \u201cComposition with figures 1967\u201d. Our printing inks have OEKO-TEX certificate. Sold as limited collection. Digitally printed. Hand-rolled hemming. Comes packed in a gift box. SIZE: 70X70 CM. MATERIAL: 100% TWILL SILK. CARE INSTRUCTIONS: DRY CLEAN.<\/p>\n","protected":false},"excerpt":{"rendered":"<p>ARRAK PURPLE COMPOSITION 1967 silk scarf is based on artwork of a famous Estonian painter J\u00fcri Arrak \u2013 Composition with figures (1967). Original painting: oil on canvas, 80x60cm, Andres Eilart\u2019s private collection. \u201cI have realised that when making a painting, the inner need of my subconscious distorts the visible form just as art needs to [&hellip;]<\/p>\n","protected":false},"featured_media":1486557,"template":"","meta":{"_acf_changed":false},"product_brand":[],"product_cat":[883,113],"product_tag":[2818],"class_list":{"0":"post-1490447","1":"product","2":"type-product","3":"status-publish","4":"has-post-thumbnail","6":"product_cat-peakatted_ja_sallid","7":"product_cat-aksessuaarid","8":"product_tag-naised","9":"pa_brand-miurio","11":"pa_materjal-100-siid","13":"pa_varv-mitmevarviline","16":"first","17":"instock","18":"taxable","19":"shipping-taxable","20":"purchasable","21":"product-type-simple"},"acf":[],"yoast_head":"<!-- This site is optimized with the Yoast SEO plugin v26.0 - https:\/\/yoast.com\/wordpress\/plugins\/seo\/ -->\n<title>Miurio Arrak Purple Composition 1967 Silk Scarf - Tallinn Design House<\/title>\n<meta name=\"description\" content=\"Arrak kompositsioon figuuridega 1967 siidir\u00e4tik. M\u00fc\u00fcakse piiratud kollektsioonina. Digitr\u00fckk. K\u00e4sitsi palistatud. Pakendatud kinkekarpi. SUURUS: 70X70 CM.\" \/>\n<meta name=\"robots\" content=\"index, follow, max-snippet:-1, max-image-preview:large, max-video-preview:-1\" \/>\n<link rel=\"canonical\" href=\"https:\/\/tallinndesignhouse.com\/toode\/arrak-kompositsioon-figuuridega-1967-siidiratik\/\" \/>\n<meta property=\"og:locale\" content=\"en_US\" \/>\n<meta property=\"og:type\" content=\"article\" \/>\n<meta property=\"og:title\" content=\"Miurio Arrak Purple Composition 1967 Silk Scarf - Tallinn Design House\" \/>\n<meta property=\"og:description\" content=\"Arrak kompositsioon figuuridega 1967 siidir\u00e4tik. M\u00fc\u00fcakse piiratud kollektsioonina. Digitr\u00fckk. K\u00e4sitsi palistatud. Pakendatud kinkekarpi. SUURUS: 70X70 CM.\" \/>\n<meta property=\"og:url\" content=\"https:\/\/tallinndesignhouse.com\/toode\/arrak-kompositsioon-figuuridega-1967-siidiratik\/\" \/>\n<meta property=\"og:site_name\" content=\"Tallinn Design House\" \/>\n<meta property=\"article:modified_time\" content=\"2026-05-13T21:59:52+00:00\" \/>\n<meta property=\"og:image\" content=\"https:\/\/tallinndesignhouse.com\/wp-content\/uploads\/2022\/10\/Arrak-kompositsioon-figuuridega-1967-siidira\u0308tik2.webp\" \/>\n\t<meta property=\"og:image:width\" content=\"1114\" \/>\n\t<meta property=\"og:image:height\" content=\"1112\" \/>\n\t<meta property=\"og:image:type\" content=\"image\/webp\" \/>\n<meta name=\"twitter:card\" content=\"summary_large_image\" \/>\n<meta name=\"twitter:label1\" content=\"Est. reading time\" \/>\n\t<meta name=\"twitter:data1\" content=\"1 minute\" \/>\n<script type=\"application\/ld+json\" class=\"yoast-schema-graph\">{\"@context\":\"https:\/\/schema.org\",\"@graph\":[{\"@type\":\"WebPage\",\"@id\":\"https:\/\/tallinndesignhouse.com\/toode\/arrak-kompositsioon-figuuridega-1967-siidiratik\/\",\"url\":\"https:\/\/tallinndesignhouse.com\/toode\/arrak-kompositsioon-figuuridega-1967-siidiratik\/\",\"name\":\"Miurio Arrak Purple Composition 1967 Silk Scarf - Tallinn Design House\",\"isPartOf\":{\"@id\":\"https:\/\/tallinndesignhouse.com\/#website\"},\"primaryImageOfPage\":{\"@id\":\"https:\/\/tallinndesignhouse.com\/toode\/arrak-kompositsioon-figuuridega-1967-siidiratik\/#primaryimage\"},\"image\":{\"@id\":\"https:\/\/tallinndesignhouse.com\/toode\/arrak-kompositsioon-figuuridega-1967-siidiratik\/#primaryimage\"},\"thumbnailUrl\":\"https:\/\/tallinndesignhouse.com\/wp-content\/uploads\/2022\/10\/Arrak-kompositsioon-figuuridega-1967-siidira\u0308tik2.webp\",\"datePublished\":\"2022-10-04T11:15:37+00:00\",\"dateModified\":\"2026-05-13T21:59:52+00:00\",\"description\":\"Arrak kompositsioon figuuridega 1967 siidir\u00e4tik. M\u00fc\u00fcakse piiratud kollektsioonina. Digitr\u00fckk. K\u00e4sitsi palistatud. Pakendatud kinkekarpi. SUURUS: 70X70 CM.\",\"breadcrumb\":{\"@id\":\"https:\/\/tallinndesignhouse.com\/toode\/arrak-kompositsioon-figuuridega-1967-siidiratik\/#breadcrumb\"},\"inLanguage\":\"en-US\",\"potentialAction\":[{\"@type\":\"ReadAction\",\"target\":[\"https:\/\/tallinndesignhouse.com\/toode\/arrak-kompositsioon-figuuridega-1967-siidiratik\/\"]}]},{\"@type\":\"ImageObject\",\"inLanguage\":\"en-US\",\"@id\":\"https:\/\/tallinndesignhouse.com\/toode\/arrak-kompositsioon-figuuridega-1967-siidiratik\/#primaryimage\",\"url\":\"https:\/\/tallinndesignhouse.com\/wp-content\/uploads\/2022\/10\/Arrak-kompositsioon-figuuridega-1967-siidira\u0308tik2.webp\",\"contentUrl\":\"https:\/\/tallinndesignhouse.com\/wp-content\/uploads\/2022\/10\/Arrak-kompositsioon-figuuridega-1967-siidira\u0308tik2.webp\",\"width\":1114,\"height\":1112,\"caption\":\"Arrak kompositsioon figuuridega 1967 siidira\u0308tik2\"},{\"@type\":\"BreadcrumbList\",\"@id\":\"https:\/\/tallinndesignhouse.com\/toode\/arrak-kompositsioon-figuuridega-1967-siidiratik\/#breadcrumb\",\"itemListElement\":[{\"@type\":\"ListItem\",\"position\":1,\"name\":\"Home\",\"item\":\"https:\/\/tallinndesignhouse.com\/en\/\"},{\"@type\":\"ListItem\",\"position\":2,\"name\":\"Shop\",\"item\":\"https:\/\/tallinndesignhouse.com\/en\/shop\/\"},{\"@type\":\"ListItem\",\"position\":3,\"name\":\"Arrak Purple Composition 1967 Silk Scarf\"}]},{\"@type\":\"WebSite\",\"@id\":\"https:\/\/tallinndesignhouse.com\/#website\",\"url\":\"https:\/\/tallinndesignhouse.com\/\",\"name\":\"Tallinn Design House\",\"description\":\"Eesti disain Rotermanni kvartalis\",\"potentialAction\":[{\"@type\":\"SearchAction\",\"target\":{\"@type\":\"EntryPoint\",\"urlTemplate\":\"https:\/\/tallinndesignhouse.com\/?s={search_term_string}\"},\"query-input\":{\"@type\":\"PropertyValueSpecification\",\"valueRequired\":true,\"valueName\":\"search_term_string\"}}],\"inLanguage\":\"en-US\"}]}<\/script>\n<!-- \/ Yoast SEO plugin. -->","yoast_head_json":{"title":"Miurio Arrak Purple Composition 1967 Silk Scarf - Tallinn Design House","description":"Arrak kompositsioon figuuridega 1967 siidir\u00e4tik. M\u00fc\u00fcakse piiratud kollektsioonina. Digitr\u00fckk. K\u00e4sitsi palistatud. Pakendatud kinkekarpi. SUURUS: 70X70 CM.","robots":{"index":"index","follow":"follow","max-snippet":"max-snippet:-1","max-image-preview":"max-image-preview:large","max-video-preview":"max-video-preview:-1"},"canonical":"https:\/\/tallinndesignhouse.com\/toode\/arrak-kompositsioon-figuuridega-1967-siidiratik\/","og_locale":"en_US","og_type":"article","og_title":"Miurio Arrak Purple Composition 1967 Silk Scarf - Tallinn Design House","og_description":"Arrak kompositsioon figuuridega 1967 siidir\u00e4tik. M\u00fc\u00fcakse piiratud kollektsioonina. Digitr\u00fckk. K\u00e4sitsi palistatud. Pakendatud kinkekarpi. SUURUS: 70X70 CM.","og_url":"https:\/\/tallinndesignhouse.com\/toode\/arrak-kompositsioon-figuuridega-1967-siidiratik\/","og_site_name":"Tallinn Design House","article_modified_time":"2026-05-13T21:59:52+00:00","og_image":[{"width":1114,"height":1112,"url":"https:\/\/tallinndesignhouse.com\/wp-content\/uploads\/2022\/10\/Arrak-kompositsioon-figuuridega-1967-siidira\u0308tik2.webp","type":"image\/webp"}],"twitter_card":"summary_large_image","twitter_misc":{"Est. reading time":"1 minute"},"schema":{"@context":"https:\/\/schema.org","@graph":[{"@type":"WebPage","@id":"https:\/\/tallinndesignhouse.com\/toode\/arrak-kompositsioon-figuuridega-1967-siidiratik\/","url":"https:\/\/tallinndesignhouse.com\/toode\/arrak-kompositsioon-figuuridega-1967-siidiratik\/","name":"Miurio Arrak Purple Composition 1967 Silk Scarf - Tallinn Design House","isPartOf":{"@id":"https:\/\/tallinndesignhouse.com\/#website"},"primaryImageOfPage":{"@id":"https:\/\/tallinndesignhouse.com\/toode\/arrak-kompositsioon-figuuridega-1967-siidiratik\/#primaryimage"},"image":{"@id":"https:\/\/tallinndesignhouse.com\/toode\/arrak-kompositsioon-figuuridega-1967-siidiratik\/#primaryimage"},"thumbnailUrl":"https:\/\/tallinndesignhouse.com\/wp-content\/uploads\/2022\/10\/Arrak-kompositsioon-figuuridega-1967-siidira\u0308tik2.webp","datePublished":"2022-10-04T11:15:37+00:00","dateModified":"2026-05-13T21:59:52+00:00","description":"Arrak kompositsioon figuuridega 1967 siidir\u00e4tik. M\u00fc\u00fcakse piiratud kollektsioonina. Digitr\u00fckk. K\u00e4sitsi palistatud. Pakendatud kinkekarpi. SUURUS: 70X70 CM.","breadcrumb":{"@id":"https:\/\/tallinndesignhouse.com\/toode\/arrak-kompositsioon-figuuridega-1967-siidiratik\/#breadcrumb"},"inLanguage":"en-US","potentialAction":[{"@type":"ReadAction","target":["https:\/\/tallinndesignhouse.com\/toode\/arrak-kompositsioon-figuuridega-1967-siidiratik\/"]}]},{"@type":"ImageObject","inLanguage":"en-US","@id":"https:\/\/tallinndesignhouse.com\/toode\/arrak-kompositsioon-figuuridega-1967-siidiratik\/#primaryimage","url":"https:\/\/tallinndesignhouse.com\/wp-content\/uploads\/2022\/10\/Arrak-kompositsioon-figuuridega-1967-siidira\u0308tik2.webp","contentUrl":"https:\/\/tallinndesignhouse.com\/wp-content\/uploads\/2022\/10\/Arrak-kompositsioon-figuuridega-1967-siidira\u0308tik2.webp","width":1114,"height":1112,"caption":"Arrak kompositsioon figuuridega 1967 siidira\u0308tik2"},{"@type":"BreadcrumbList","@id":"https:\/\/tallinndesignhouse.com\/toode\/arrak-kompositsioon-figuuridega-1967-siidiratik\/#breadcrumb","itemListElement":[{"@type":"ListItem","position":1,"name":"Home","item":"https:\/\/tallinndesignhouse.com\/en\/"},{"@type":"ListItem","position":2,"name":"Shop","item":"https:\/\/tallinndesignhouse.com\/en\/shop\/"},{"@type":"ListItem","position":3,"name":"Arrak Purple Composition 1967 Silk Scarf"}]},{"@type":"WebSite","@id":"https:\/\/tallinndesignhouse.com\/#website","url":"https:\/\/tallinndesignhouse.com\/","name":"Tallinn Design House","description":"Eesti disain Rotermanni kvartalis","potentialAction":[{"@type":"SearchAction","target":{"@type":"EntryPoint","urlTemplate":"https:\/\/tallinndesignhouse.com\/?s={search_term_string}"},"query-input":{"@type":"PropertyValueSpecification","valueRequired":true,"valueName":"search_term_string"}}],"inLanguage":"en-US"}]}},"_links":{"self":[{"href":"https:\/\/tallinndesignhouse.com\/en\/wp-json\/wp\/v2\/product\/1490447","targetHints":{"allow":["GET"]}}],"collection":[{"href":"https:\/\/tallinndesignhouse.com\/en\/wp-json\/wp\/v2\/product"}],"about":[{"href":"https:\/\/tallinndesignhouse.com\/en\/wp-json\/wp\/v2\/types\/product"}],"wp:featuredmedia":[{"embeddable":true,"href":"https:\/\/tallinndesignhouse.com\/en\/wp-json\/wp\/v2\/media\/1486557"}],"wp:attachment":[{"href":"https:\/\/tallinndesignhouse.com\/en\/wp-json\/wp\/v2\/media?parent=1490447"}],"wp:term":[{"taxonomy":"product_brand","embeddable":true,"href":"https:\/\/tallinndesignhouse.com\/en\/wp-json\/wp\/v2\/product_brand?post=1490447"},{"taxonomy":"product_cat","embeddable":true,"href":"https:\/\/tallinndesignhouse.com\/en\/wp-json\/wp\/v2\/product_cat?post=1490447"},{"taxonomy":"product_tag","embeddable":true,"href":"https:\/\/tallinndesignhouse.com\/en\/wp-json\/wp\/v2\/product_tag?post=1490447"}],"curies":[{"name":"wp","href":"https:\/\/api.w.org\/{rel}","templated":true}]}}