{"id":2353209,"date":"2022-11-01T15:35:00","date_gmt":"2022-11-01T13:35:00","guid":{"rendered":"https:\/\/tallinndesignhouse.com\/toode\/apelsini-porgandi-kehakoorija-120-ml\/"},"modified":"2026-04-14T00:56:10","modified_gmt":"2026-04-13T21:56:10","slug":"apelsini-porgandi-kehakoorija-120-ml","status":"publish","type":"product","link":"https:\/\/tallinndesignhouse.com\/en\/toode\/apelsini-porgandi-kehakoorija-120-ml\/","title":{"rendered":"Orange and Carrot Body Scrub 120 ml"},"content":{"rendered":"<p>The citric orange smells like a tropical island in the middle of dull darkness. Its invigorating and energising aroma gives you the most candid feeling of peace and happiness. Carrot, on the other hand takes care of you just like a loving mother would. Its soft touch makes all of the troubles disappear and takes away all the pain. A truly royal combination for an everyday super-woman! Orange\u00a0is a powerful source of vitamin C, improving your body\u2019s overall resistance. It is also rich in other antioxidants that help maintain the skin\u2019s youthfulness and glow. Carrot\u00a0can be a perfect skin tonic thanks to beta-carotene, as well as vitamins A, B, C, D, E and F that it is full of. It boosts healing processes in the skin and reduces itchiness. Ideal for all skin types. USE: Exfoliate after sauna, bath or shower. Apply to wet skin, massage and then rinse. Ingredients: Coconut oil, shea butter, cane sugar (unrefined), orange essential oil, carrot powder and vitamin E. Volume 120 ml. Brand: Bonobo.<\/p>\n","protected":false},"excerpt":{"rendered":"<p>The citric orange smells like a tropical island in the middle of dull darkness. Its invigorating and energising aroma gives you the most candid feeling of peace and happiness. Carrot, on the other hand takes care of you just like a loving mother would. Its soft touch makes all of the troubles disappear and takes [&hellip;]<\/p>\n","protected":false},"featured_media":2351511,"template":"","meta":{"_acf_changed":false},"product_brand":[],"product_cat":[871,3717],"product_tag":[2818],"class_list":{"0":"post-2353209","1":"product","2":"type-product","3":"status-publish","4":"has-post-thumbnail","6":"product_cat-keha","7":"product_cat-kevadised-tooted","8":"product_tag-naised","9":"pa_brand-bonobo","12":"first","13":"instock","14":"taxable","15":"shipping-taxable","16":"purchasable","17":"product-type-simple"},"acf":[],"yoast_head":"<!-- This site is optimized with the Yoast SEO plugin v26.0 - https:\/\/yoast.com\/wordpress\/plugins\/seo\/ -->\n<title>Bonobo Orange and Carrot Body Scrub 120 ml - Tallinn Design House<\/title>\n<meta name=\"description\" content=\"Bonobo apelsini &amp; porgandi kehakoorija. Selle ergutav ja turgutav aroom tekitab t\u00f5elise r\u00f5\u00f5mu- ja rahulolutunde.\" \/>\n<meta name=\"robots\" content=\"index, follow, max-snippet:-1, max-image-preview:large, max-video-preview:-1\" \/>\n<link rel=\"canonical\" href=\"https:\/\/tallinndesignhouse.com\/toode\/apelsini-porgandi-kehakoorija-120-ml\/\" \/>\n<meta property=\"og:locale\" content=\"en_US\" \/>\n<meta property=\"og:type\" content=\"article\" \/>\n<meta property=\"og:title\" content=\"Bonobo Orange and Carrot Body Scrub 120 ml - Tallinn Design House\" \/>\n<meta property=\"og:description\" content=\"Bonobo apelsini &amp; porgandi kehakoorija. Selle ergutav ja turgutav aroom tekitab t\u00f5elise r\u00f5\u00f5mu- ja rahulolutunde.\" \/>\n<meta property=\"og:url\" content=\"https:\/\/tallinndesignhouse.com\/toode\/apelsini-porgandi-kehakoorija-120-ml\/\" \/>\n<meta property=\"og:site_name\" content=\"Tallinn Design House\" \/>\n<meta property=\"article:modified_time\" content=\"2026-04-13T21:56:10+00:00\" \/>\n<meta property=\"og:image\" content=\"https:\/\/tallinndesignhouse.com\/wp-content\/uploads\/2022\/11\/Bonobo-Porgandi-ja-apelsini-kehakoorija.jpg\" \/>\n\t<meta property=\"og:image:width\" content=\"1080\" \/>\n\t<meta property=\"og:image:height\" content=\"1350\" \/>\n\t<meta property=\"og:image:type\" content=\"image\/jpeg\" \/>\n<meta name=\"twitter:card\" content=\"summary_large_image\" \/>\n<meta name=\"twitter:label1\" content=\"Est. reading time\" \/>\n\t<meta name=\"twitter:data1\" content=\"1 minute\" \/>\n<script type=\"application\/ld+json\" class=\"yoast-schema-graph\">{\"@context\":\"https:\/\/schema.org\",\"@graph\":[{\"@type\":\"WebPage\",\"@id\":\"https:\/\/tallinndesignhouse.com\/toode\/apelsini-porgandi-kehakoorija-120-ml\/\",\"url\":\"https:\/\/tallinndesignhouse.com\/toode\/apelsini-porgandi-kehakoorija-120-ml\/\",\"name\":\"Bonobo Orange and Carrot Body Scrub 120 ml - Tallinn Design House\",\"isPartOf\":{\"@id\":\"https:\/\/tallinndesignhouse.com\/#website\"},\"primaryImageOfPage\":{\"@id\":\"https:\/\/tallinndesignhouse.com\/toode\/apelsini-porgandi-kehakoorija-120-ml\/#primaryimage\"},\"image\":{\"@id\":\"https:\/\/tallinndesignhouse.com\/toode\/apelsini-porgandi-kehakoorija-120-ml\/#primaryimage\"},\"thumbnailUrl\":\"https:\/\/tallinndesignhouse.com\/wp-content\/uploads\/2022\/11\/Bonobo-Porgandi-ja-apelsini-kehakoorija.jpg\",\"datePublished\":\"2022-11-01T13:35:00+00:00\",\"dateModified\":\"2026-04-13T21:56:10+00:00\",\"description\":\"Bonobo apelsini & porgandi kehakoorija. Selle ergutav ja turgutav aroom tekitab t\u00f5elise r\u00f5\u00f5mu- ja rahulolutunde.\",\"breadcrumb\":{\"@id\":\"https:\/\/tallinndesignhouse.com\/toode\/apelsini-porgandi-kehakoorija-120-ml\/#breadcrumb\"},\"inLanguage\":\"en-US\",\"potentialAction\":[{\"@type\":\"ReadAction\",\"target\":[\"https:\/\/tallinndesignhouse.com\/toode\/apelsini-porgandi-kehakoorija-120-ml\/\"]}]},{\"@type\":\"ImageObject\",\"inLanguage\":\"en-US\",\"@id\":\"https:\/\/tallinndesignhouse.com\/toode\/apelsini-porgandi-kehakoorija-120-ml\/#primaryimage\",\"url\":\"https:\/\/tallinndesignhouse.com\/wp-content\/uploads\/2022\/11\/Bonobo-Porgandi-ja-apelsini-kehakoorija.jpg\",\"contentUrl\":\"https:\/\/tallinndesignhouse.com\/wp-content\/uploads\/2022\/11\/Bonobo-Porgandi-ja-apelsini-kehakoorija.jpg\",\"width\":1080,\"height\":1350,\"caption\":\"Bonobo Porgandi ja apelsini kehakoorija\"},{\"@type\":\"BreadcrumbList\",\"@id\":\"https:\/\/tallinndesignhouse.com\/toode\/apelsini-porgandi-kehakoorija-120-ml\/#breadcrumb\",\"itemListElement\":[{\"@type\":\"ListItem\",\"position\":1,\"name\":\"Home\",\"item\":\"https:\/\/tallinndesignhouse.com\/en\/\"},{\"@type\":\"ListItem\",\"position\":2,\"name\":\"Shop\",\"item\":\"https:\/\/tallinndesignhouse.com\/en\/shop\/\"},{\"@type\":\"ListItem\",\"position\":3,\"name\":\"Orange and Carrot Body Scrub 120 ml\"}]},{\"@type\":\"WebSite\",\"@id\":\"https:\/\/tallinndesignhouse.com\/#website\",\"url\":\"https:\/\/tallinndesignhouse.com\/\",\"name\":\"Tallinn Design House\",\"description\":\"Eesti disain Rotermanni kvartalis\",\"potentialAction\":[{\"@type\":\"SearchAction\",\"target\":{\"@type\":\"EntryPoint\",\"urlTemplate\":\"https:\/\/tallinndesignhouse.com\/?s={search_term_string}\"},\"query-input\":{\"@type\":\"PropertyValueSpecification\",\"valueRequired\":true,\"valueName\":\"search_term_string\"}}],\"inLanguage\":\"en-US\"}]}<\/script>\n<!-- \/ Yoast SEO plugin. -->","yoast_head_json":{"title":"Bonobo Orange and Carrot Body Scrub 120 ml - Tallinn Design House","description":"Bonobo apelsini & porgandi kehakoorija. Selle ergutav ja turgutav aroom tekitab t\u00f5elise r\u00f5\u00f5mu- ja rahulolutunde.","robots":{"index":"index","follow":"follow","max-snippet":"max-snippet:-1","max-image-preview":"max-image-preview:large","max-video-preview":"max-video-preview:-1"},"canonical":"https:\/\/tallinndesignhouse.com\/toode\/apelsini-porgandi-kehakoorija-120-ml\/","og_locale":"en_US","og_type":"article","og_title":"Bonobo Orange and Carrot Body Scrub 120 ml - Tallinn Design House","og_description":"Bonobo apelsini & porgandi kehakoorija. Selle ergutav ja turgutav aroom tekitab t\u00f5elise r\u00f5\u00f5mu- ja rahulolutunde.","og_url":"https:\/\/tallinndesignhouse.com\/toode\/apelsini-porgandi-kehakoorija-120-ml\/","og_site_name":"Tallinn Design House","article_modified_time":"2026-04-13T21:56:10+00:00","og_image":[{"width":1080,"height":1350,"url":"https:\/\/tallinndesignhouse.com\/wp-content\/uploads\/2022\/11\/Bonobo-Porgandi-ja-apelsini-kehakoorija.jpg","type":"image\/jpeg"}],"twitter_card":"summary_large_image","twitter_misc":{"Est. reading time":"1 minute"},"schema":{"@context":"https:\/\/schema.org","@graph":[{"@type":"WebPage","@id":"https:\/\/tallinndesignhouse.com\/toode\/apelsini-porgandi-kehakoorija-120-ml\/","url":"https:\/\/tallinndesignhouse.com\/toode\/apelsini-porgandi-kehakoorija-120-ml\/","name":"Bonobo Orange and Carrot Body Scrub 120 ml - Tallinn Design House","isPartOf":{"@id":"https:\/\/tallinndesignhouse.com\/#website"},"primaryImageOfPage":{"@id":"https:\/\/tallinndesignhouse.com\/toode\/apelsini-porgandi-kehakoorija-120-ml\/#primaryimage"},"image":{"@id":"https:\/\/tallinndesignhouse.com\/toode\/apelsini-porgandi-kehakoorija-120-ml\/#primaryimage"},"thumbnailUrl":"https:\/\/tallinndesignhouse.com\/wp-content\/uploads\/2022\/11\/Bonobo-Porgandi-ja-apelsini-kehakoorija.jpg","datePublished":"2022-11-01T13:35:00+00:00","dateModified":"2026-04-13T21:56:10+00:00","description":"Bonobo apelsini & porgandi kehakoorija. Selle ergutav ja turgutav aroom tekitab t\u00f5elise r\u00f5\u00f5mu- ja rahulolutunde.","breadcrumb":{"@id":"https:\/\/tallinndesignhouse.com\/toode\/apelsini-porgandi-kehakoorija-120-ml\/#breadcrumb"},"inLanguage":"en-US","potentialAction":[{"@type":"ReadAction","target":["https:\/\/tallinndesignhouse.com\/toode\/apelsini-porgandi-kehakoorija-120-ml\/"]}]},{"@type":"ImageObject","inLanguage":"en-US","@id":"https:\/\/tallinndesignhouse.com\/toode\/apelsini-porgandi-kehakoorija-120-ml\/#primaryimage","url":"https:\/\/tallinndesignhouse.com\/wp-content\/uploads\/2022\/11\/Bonobo-Porgandi-ja-apelsini-kehakoorija.jpg","contentUrl":"https:\/\/tallinndesignhouse.com\/wp-content\/uploads\/2022\/11\/Bonobo-Porgandi-ja-apelsini-kehakoorija.jpg","width":1080,"height":1350,"caption":"Bonobo Porgandi ja apelsini kehakoorija"},{"@type":"BreadcrumbList","@id":"https:\/\/tallinndesignhouse.com\/toode\/apelsini-porgandi-kehakoorija-120-ml\/#breadcrumb","itemListElement":[{"@type":"ListItem","position":1,"name":"Home","item":"https:\/\/tallinndesignhouse.com\/en\/"},{"@type":"ListItem","position":2,"name":"Shop","item":"https:\/\/tallinndesignhouse.com\/en\/shop\/"},{"@type":"ListItem","position":3,"name":"Orange and Carrot Body Scrub 120 ml"}]},{"@type":"WebSite","@id":"https:\/\/tallinndesignhouse.com\/#website","url":"https:\/\/tallinndesignhouse.com\/","name":"Tallinn Design House","description":"Eesti disain Rotermanni kvartalis","potentialAction":[{"@type":"SearchAction","target":{"@type":"EntryPoint","urlTemplate":"https:\/\/tallinndesignhouse.com\/?s={search_term_string}"},"query-input":{"@type":"PropertyValueSpecification","valueRequired":true,"valueName":"search_term_string"}}],"inLanguage":"en-US"}]}},"_links":{"self":[{"href":"https:\/\/tallinndesignhouse.com\/en\/wp-json\/wp\/v2\/product\/2353209","targetHints":{"allow":["GET"]}}],"collection":[{"href":"https:\/\/tallinndesignhouse.com\/en\/wp-json\/wp\/v2\/product"}],"about":[{"href":"https:\/\/tallinndesignhouse.com\/en\/wp-json\/wp\/v2\/types\/product"}],"wp:featuredmedia":[{"embeddable":true,"href":"https:\/\/tallinndesignhouse.com\/en\/wp-json\/wp\/v2\/media\/2351511"}],"wp:attachment":[{"href":"https:\/\/tallinndesignhouse.com\/en\/wp-json\/wp\/v2\/media?parent=2353209"}],"wp:term":[{"taxonomy":"product_brand","embeddable":true,"href":"https:\/\/tallinndesignhouse.com\/en\/wp-json\/wp\/v2\/product_brand?post=2353209"},{"taxonomy":"product_cat","embeddable":true,"href":"https:\/\/tallinndesignhouse.com\/en\/wp-json\/wp\/v2\/product_cat?post=2353209"},{"taxonomy":"product_tag","embeddable":true,"href":"https:\/\/tallinndesignhouse.com\/en\/wp-json\/wp\/v2\/product_tag?post=2353209"}],"curies":[{"name":"wp","href":"https:\/\/api.w.org\/{rel}","templated":true}]}}