{"id":3210046,"date":"2022-12-05T23:46:41","date_gmt":"2022-12-05T21:46:41","guid":{"rendered":"https:\/\/tallinndesignhouse.com\/toode\/korvarongad-lunar-silverlight-ummargused\/"},"modified":"2026-04-29T01:00:26","modified_gmt":"2026-04-28T22:00:26","slug":"korvarongad-lunar-silverlight-ummargused","status":"publish","type":"product","link":"https:\/\/tallinndesignhouse.com\/en\/toode\/korvarongad-lunar-silverlight-ummargused\/","title":{"rendered":"Earrings Lunar Silverlight Round"},"content":{"rendered":"<p>Moonika Kase\u00b4s earrings Lunar Silverlight round. Diameter 36 mm. Material: Silver 925.<\/p>\n","protected":false},"excerpt":{"rendered":"<p>Moonika Kase\u00b4s earrings Lunar Silverlight round. Diameter 36 mm. Material: Silver 925.<\/p>\n","protected":false},"featured_media":3207454,"template":"","meta":{"_acf_changed":false},"product_brand":[],"product_cat":[876,116],"product_tag":[2818],"class_list":{"0":"post-3210046","1":"product","2":"type-product","3":"status-publish","4":"has-post-thumbnail","6":"product_cat-korvarongad","7":"product_cat-ehted","8":"product_tag-naised","9":"pa_brand-moonika-kase","11":"pa_kingiidee-jah","14":"first","15":"instock","16":"taxable","17":"shipping-taxable","18":"purchasable","19":"product-type-simple"},"acf":[],"yoast_head":"<!-- This site is optimized with the Yoast SEO plugin v26.0 - https:\/\/yoast.com\/wordpress\/plugins\/seo\/ -->\n<title>Moonika Kase Earrings Lunar Silverlight Round - Tallinn Design House<\/title>\n<meta name=\"description\" content=\"Moonika Kase k\u00f5rvar\u00f5ngad Lunar Silverlight \u00fcmmargused. Ehted on disainitud ja valmistatud k\u00e4sit\u00f6\u00f6na Eestis. Diameeter: 36 mm. H\u00f5be 925.\" \/>\n<meta name=\"robots\" content=\"index, follow, max-snippet:-1, max-image-preview:large, max-video-preview:-1\" \/>\n<link rel=\"canonical\" href=\"https:\/\/tallinndesignhouse.com\/en\/toode\/korvarongad-lunar-silverlight-ummargused\/\" \/>\n<meta property=\"og:locale\" content=\"en_US\" \/>\n<meta property=\"og:type\" content=\"article\" \/>\n<meta property=\"og:title\" content=\"Moonika Kase Earrings Lunar Silverlight Round - Tallinn Design House\" \/>\n<meta property=\"og:description\" content=\"Moonika Kase k\u00f5rvar\u00f5ngad Lunar Silverlight \u00fcmmargused. Ehted on disainitud ja valmistatud k\u00e4sit\u00f6\u00f6na Eestis. Diameeter: 36 mm. H\u00f5be 925.\" \/>\n<meta property=\"og:url\" content=\"https:\/\/tallinndesignhouse.com\/en\/toode\/korvarongad-lunar-silverlight-ummargused\/\" \/>\n<meta property=\"og:site_name\" content=\"Tallinn Design House\" \/>\n<meta property=\"article:modified_time\" content=\"2026-04-28T22:00:26+00:00\" \/>\n<meta property=\"og:image\" content=\"https:\/\/tallinndesignhouse.com\/wp-content\/uploads\/2022\/12\/Moonika-Kase-Lunar-Silverlight-ummargused2.jpg\" \/>\n\t<meta property=\"og:image:width\" content=\"1080\" \/>\n\t<meta property=\"og:image:height\" content=\"1350\" \/>\n\t<meta property=\"og:image:type\" content=\"image\/jpeg\" \/>\n<meta name=\"twitter:card\" content=\"summary_large_image\" \/>\n<meta name=\"twitter:label1\" content=\"Est. reading time\" \/>\n\t<meta name=\"twitter:data1\" content=\"1 minute\" \/>\n<script type=\"application\/ld+json\" class=\"yoast-schema-graph\">{\"@context\":\"https:\/\/schema.org\",\"@graph\":[{\"@type\":\"WebPage\",\"@id\":\"https:\/\/tallinndesignhouse.com\/en\/toode\/korvarongad-lunar-silverlight-ummargused\/\",\"url\":\"https:\/\/tallinndesignhouse.com\/en\/toode\/korvarongad-lunar-silverlight-ummargused\/\",\"name\":\"Moonika Kase Earrings Lunar Silverlight Round - Tallinn Design House\",\"isPartOf\":{\"@id\":\"https:\/\/tallinndesignhouse.com\/#website\"},\"primaryImageOfPage\":{\"@id\":\"https:\/\/tallinndesignhouse.com\/en\/toode\/korvarongad-lunar-silverlight-ummargused\/#primaryimage\"},\"image\":{\"@id\":\"https:\/\/tallinndesignhouse.com\/en\/toode\/korvarongad-lunar-silverlight-ummargused\/#primaryimage\"},\"thumbnailUrl\":\"https:\/\/tallinndesignhouse.com\/wp-content\/uploads\/2022\/12\/Moonika-Kase-Lunar-Silverlight-ummargused2.jpg\",\"datePublished\":\"2022-12-05T21:46:41+00:00\",\"dateModified\":\"2026-04-28T22:00:26+00:00\",\"description\":\"Moonika Kase k\u00f5rvar\u00f5ngad Lunar Silverlight \u00fcmmargused. Ehted on disainitud ja valmistatud k\u00e4sit\u00f6\u00f6na Eestis. Diameeter: 36 mm. H\u00f5be 925.\",\"breadcrumb\":{\"@id\":\"https:\/\/tallinndesignhouse.com\/en\/toode\/korvarongad-lunar-silverlight-ummargused\/#breadcrumb\"},\"inLanguage\":\"en-US\",\"potentialAction\":[{\"@type\":\"ReadAction\",\"target\":[\"https:\/\/tallinndesignhouse.com\/en\/toode\/korvarongad-lunar-silverlight-ummargused\/\"]}]},{\"@type\":\"ImageObject\",\"inLanguage\":\"en-US\",\"@id\":\"https:\/\/tallinndesignhouse.com\/en\/toode\/korvarongad-lunar-silverlight-ummargused\/#primaryimage\",\"url\":\"https:\/\/tallinndesignhouse.com\/wp-content\/uploads\/2022\/12\/Moonika-Kase-Lunar-Silverlight-ummargused2.jpg\",\"contentUrl\":\"https:\/\/tallinndesignhouse.com\/wp-content\/uploads\/2022\/12\/Moonika-Kase-Lunar-Silverlight-ummargused2.jpg\",\"width\":1080,\"height\":1350,\"caption\":\"Moonika-Kase-Lunar-Silverlight-u\u0308mmargused2\"},{\"@type\":\"BreadcrumbList\",\"@id\":\"https:\/\/tallinndesignhouse.com\/en\/toode\/korvarongad-lunar-silverlight-ummargused\/#breadcrumb\",\"itemListElement\":[{\"@type\":\"ListItem\",\"position\":1,\"name\":\"Home\",\"item\":\"https:\/\/tallinndesignhouse.com\/en\/\"},{\"@type\":\"ListItem\",\"position\":2,\"name\":\"Shop\",\"item\":\"https:\/\/tallinndesignhouse.com\/en\/shop\/\"},{\"@type\":\"ListItem\",\"position\":3,\"name\":\"Earrings Lunar Silverlight Round\"}]},{\"@type\":\"WebSite\",\"@id\":\"https:\/\/tallinndesignhouse.com\/#website\",\"url\":\"https:\/\/tallinndesignhouse.com\/\",\"name\":\"Tallinn Design House\",\"description\":\"Eesti disain Rotermanni kvartalis\",\"potentialAction\":[{\"@type\":\"SearchAction\",\"target\":{\"@type\":\"EntryPoint\",\"urlTemplate\":\"https:\/\/tallinndesignhouse.com\/?s={search_term_string}\"},\"query-input\":{\"@type\":\"PropertyValueSpecification\",\"valueRequired\":true,\"valueName\":\"search_term_string\"}}],\"inLanguage\":\"en-US\"}]}<\/script>\n<!-- \/ Yoast SEO plugin. -->","yoast_head_json":{"title":"Moonika Kase Earrings Lunar Silverlight Round - Tallinn Design House","description":"Moonika Kase k\u00f5rvar\u00f5ngad Lunar Silverlight \u00fcmmargused. Ehted on disainitud ja valmistatud k\u00e4sit\u00f6\u00f6na Eestis. Diameeter: 36 mm. H\u00f5be 925.","robots":{"index":"index","follow":"follow","max-snippet":"max-snippet:-1","max-image-preview":"max-image-preview:large","max-video-preview":"max-video-preview:-1"},"canonical":"https:\/\/tallinndesignhouse.com\/en\/toode\/korvarongad-lunar-silverlight-ummargused\/","og_locale":"en_US","og_type":"article","og_title":"Moonika Kase Earrings Lunar Silverlight Round - Tallinn Design House","og_description":"Moonika Kase k\u00f5rvar\u00f5ngad Lunar Silverlight \u00fcmmargused. Ehted on disainitud ja valmistatud k\u00e4sit\u00f6\u00f6na Eestis. Diameeter: 36 mm. H\u00f5be 925.","og_url":"https:\/\/tallinndesignhouse.com\/en\/toode\/korvarongad-lunar-silverlight-ummargused\/","og_site_name":"Tallinn Design House","article_modified_time":"2026-04-28T22:00:26+00:00","og_image":[{"width":1080,"height":1350,"url":"https:\/\/tallinndesignhouse.com\/wp-content\/uploads\/2022\/12\/Moonika-Kase-Lunar-Silverlight-ummargused2.jpg","type":"image\/jpeg"}],"twitter_card":"summary_large_image","twitter_misc":{"Est. reading time":"1 minute"},"schema":{"@context":"https:\/\/schema.org","@graph":[{"@type":"WebPage","@id":"https:\/\/tallinndesignhouse.com\/en\/toode\/korvarongad-lunar-silverlight-ummargused\/","url":"https:\/\/tallinndesignhouse.com\/en\/toode\/korvarongad-lunar-silverlight-ummargused\/","name":"Moonika Kase Earrings Lunar Silverlight Round - Tallinn Design House","isPartOf":{"@id":"https:\/\/tallinndesignhouse.com\/#website"},"primaryImageOfPage":{"@id":"https:\/\/tallinndesignhouse.com\/en\/toode\/korvarongad-lunar-silverlight-ummargused\/#primaryimage"},"image":{"@id":"https:\/\/tallinndesignhouse.com\/en\/toode\/korvarongad-lunar-silverlight-ummargused\/#primaryimage"},"thumbnailUrl":"https:\/\/tallinndesignhouse.com\/wp-content\/uploads\/2022\/12\/Moonika-Kase-Lunar-Silverlight-ummargused2.jpg","datePublished":"2022-12-05T21:46:41+00:00","dateModified":"2026-04-28T22:00:26+00:00","description":"Moonika Kase k\u00f5rvar\u00f5ngad Lunar Silverlight \u00fcmmargused. Ehted on disainitud ja valmistatud k\u00e4sit\u00f6\u00f6na Eestis. Diameeter: 36 mm. H\u00f5be 925.","breadcrumb":{"@id":"https:\/\/tallinndesignhouse.com\/en\/toode\/korvarongad-lunar-silverlight-ummargused\/#breadcrumb"},"inLanguage":"en-US","potentialAction":[{"@type":"ReadAction","target":["https:\/\/tallinndesignhouse.com\/en\/toode\/korvarongad-lunar-silverlight-ummargused\/"]}]},{"@type":"ImageObject","inLanguage":"en-US","@id":"https:\/\/tallinndesignhouse.com\/en\/toode\/korvarongad-lunar-silverlight-ummargused\/#primaryimage","url":"https:\/\/tallinndesignhouse.com\/wp-content\/uploads\/2022\/12\/Moonika-Kase-Lunar-Silverlight-ummargused2.jpg","contentUrl":"https:\/\/tallinndesignhouse.com\/wp-content\/uploads\/2022\/12\/Moonika-Kase-Lunar-Silverlight-ummargused2.jpg","width":1080,"height":1350,"caption":"Moonika-Kase-Lunar-Silverlight-u\u0308mmargused2"},{"@type":"BreadcrumbList","@id":"https:\/\/tallinndesignhouse.com\/en\/toode\/korvarongad-lunar-silverlight-ummargused\/#breadcrumb","itemListElement":[{"@type":"ListItem","position":1,"name":"Home","item":"https:\/\/tallinndesignhouse.com\/en\/"},{"@type":"ListItem","position":2,"name":"Shop","item":"https:\/\/tallinndesignhouse.com\/en\/shop\/"},{"@type":"ListItem","position":3,"name":"Earrings Lunar Silverlight Round"}]},{"@type":"WebSite","@id":"https:\/\/tallinndesignhouse.com\/#website","url":"https:\/\/tallinndesignhouse.com\/","name":"Tallinn Design House","description":"Eesti disain Rotermanni kvartalis","potentialAction":[{"@type":"SearchAction","target":{"@type":"EntryPoint","urlTemplate":"https:\/\/tallinndesignhouse.com\/?s={search_term_string}"},"query-input":{"@type":"PropertyValueSpecification","valueRequired":true,"valueName":"search_term_string"}}],"inLanguage":"en-US"}]}},"_links":{"self":[{"href":"https:\/\/tallinndesignhouse.com\/en\/wp-json\/wp\/v2\/product\/3210046","targetHints":{"allow":["GET"]}}],"collection":[{"href":"https:\/\/tallinndesignhouse.com\/en\/wp-json\/wp\/v2\/product"}],"about":[{"href":"https:\/\/tallinndesignhouse.com\/en\/wp-json\/wp\/v2\/types\/product"}],"wp:featuredmedia":[{"embeddable":true,"href":"https:\/\/tallinndesignhouse.com\/en\/wp-json\/wp\/v2\/media\/3207454"}],"wp:attachment":[{"href":"https:\/\/tallinndesignhouse.com\/en\/wp-json\/wp\/v2\/media?parent=3210046"}],"wp:term":[{"taxonomy":"product_brand","embeddable":true,"href":"https:\/\/tallinndesignhouse.com\/en\/wp-json\/wp\/v2\/product_brand?post=3210046"},{"taxonomy":"product_cat","embeddable":true,"href":"https:\/\/tallinndesignhouse.com\/en\/wp-json\/wp\/v2\/product_cat?post=3210046"},{"taxonomy":"product_tag","embeddable":true,"href":"https:\/\/tallinndesignhouse.com\/en\/wp-json\/wp\/v2\/product_tag?post=3210046"}],"curies":[{"name":"wp","href":"https:\/\/api.w.org\/{rel}","templated":true}]}}