{"id":3255961,"date":"2023-02-07T21:30:41","date_gmt":"2023-02-07T19:30:41","guid":{"rendered":"https:\/\/tallinndesignhouse.com\/toode\/hobedased-korvarongad-luna\/"},"modified":"2026-04-12T01:01:12","modified_gmt":"2026-04-11T22:01:12","slug":"hobedased-korvarongad-luna","status":"publish","type":"product","link":"https:\/\/tallinndesignhouse.com\/en\/toode\/hobedased-korvarongad-luna\/","title":{"rendered":"Luna silver stud earrings"},"content":{"rendered":"<p>Materials: 925 sterling silver, rhodium plated. Size: 15 x 13 mm. Weight: 1 g per earring. Hypoallergenic. ONEHE has a stylish collection of sustainable earrings, which are made from recycled silver, making them an eco-friendly option for those looking to reduce their environmental impact. Our collection includes a variety of styles, from simple studs to statement heart shaped eye-catchers. All our earrings are hypoallergenic, which means they\u00b4re safe for those with sensitive ears and are less likely to cause irritation or allergic reactions. Plus, our earrings are easy to wear and comfortable to have on all day long.<\/p>\n","protected":false},"excerpt":{"rendered":"<p>Materials: 925 sterling silver, rhodium plated. Size: 15 x 13 mm. Weight: 1 g per earring. Hypoallergenic. ONEHE has a stylish collection of sustainable earrings, which are made from recycled silver, making them an eco-friendly option for those looking to reduce their environmental impact. Our collection includes a variety of styles, from simple studs to [&hellip;]<\/p>\n","protected":false},"featured_media":3255922,"template":"","meta":{"_acf_changed":false},"product_brand":[],"product_cat":[1955,3223],"product_tag":[2819],"class_list":{"0":"post-3255961","1":"product","2":"type-product","3":"status-publish","4":"has-post-thumbnail","6":"product_cat-earrings","7":"product_cat-jewellery-en","8":"product_tag-women","9":"pa_brand-onehe","10":"pa_brand-onehe-en","12":"first","13":"instock","14":"taxable","15":"shipping-taxable","16":"purchasable","17":"product-type-simple"},"acf":[],"yoast_head":"<!-- This site is optimized with the Yoast SEO plugin v26.0 - https:\/\/yoast.com\/wordpress\/plugins\/seo\/ -->\n<title>Onehe Luna silver stud earrings - Tallinn Design House<\/title>\n<meta name=\"description\" content=\"Onehe h\u00f5bedased k\u00f5rvar\u00f5ngad Luna. Materjalid: 925 h\u00f5be, roodiumiga kaetud. Suurus: 15 x 13 mm. Kaal: 1 g k\u00f5rvar\u00f5nga kohta. H\u00fcpoallergeenne.\" \/>\n<meta name=\"robots\" content=\"index, follow, max-snippet:-1, max-image-preview:large, max-video-preview:-1\" \/>\n<link rel=\"canonical\" href=\"https:\/\/tallinndesignhouse.com\/toode\/hobedased-korvarongad-luna\/\" \/>\n<meta property=\"og:locale\" content=\"en_US\" \/>\n<meta property=\"og:type\" content=\"article\" \/>\n<meta property=\"og:title\" content=\"Onehe Luna silver stud earrings - Tallinn Design House\" \/>\n<meta property=\"og:description\" content=\"Onehe h\u00f5bedased k\u00f5rvar\u00f5ngad Luna. Materjalid: 925 h\u00f5be, roodiumiga kaetud. Suurus: 15 x 13 mm. Kaal: 1 g k\u00f5rvar\u00f5nga kohta. H\u00fcpoallergeenne.\" \/>\n<meta property=\"og:url\" content=\"https:\/\/tallinndesignhouse.com\/toode\/hobedased-korvarongad-luna\/\" \/>\n<meta property=\"og:site_name\" content=\"Tallinn Design House\" \/>\n<meta property=\"article:modified_time\" content=\"2026-04-11T22:01:12+00:00\" \/>\n<meta property=\"og:image\" content=\"https:\/\/tallinndesignhouse.com\/wp-content\/uploads\/2023\/02\/Onehe-Luna-silver-stud-earrings.webp\" \/>\n\t<meta property=\"og:image:width\" content=\"1206\" \/>\n\t<meta property=\"og:image:height\" content=\"1206\" \/>\n\t<meta property=\"og:image:type\" content=\"image\/webp\" \/>\n<meta name=\"twitter:card\" content=\"summary_large_image\" \/>\n<meta name=\"twitter:label1\" content=\"Est. reading time\" \/>\n\t<meta name=\"twitter:data1\" content=\"1 minute\" \/>\n<script type=\"application\/ld+json\" class=\"yoast-schema-graph\">{\"@context\":\"https:\/\/schema.org\",\"@graph\":[{\"@type\":\"WebPage\",\"@id\":\"https:\/\/tallinndesignhouse.com\/toode\/hobedased-korvarongad-luna\/\",\"url\":\"https:\/\/tallinndesignhouse.com\/toode\/hobedased-korvarongad-luna\/\",\"name\":\"Onehe Luna silver stud earrings - Tallinn Design House\",\"isPartOf\":{\"@id\":\"https:\/\/tallinndesignhouse.com\/#website\"},\"primaryImageOfPage\":{\"@id\":\"https:\/\/tallinndesignhouse.com\/toode\/hobedased-korvarongad-luna\/#primaryimage\"},\"image\":{\"@id\":\"https:\/\/tallinndesignhouse.com\/toode\/hobedased-korvarongad-luna\/#primaryimage\"},\"thumbnailUrl\":\"https:\/\/tallinndesignhouse.com\/wp-content\/uploads\/2023\/02\/Onehe-Luna-silver-stud-earrings.webp\",\"datePublished\":\"2023-02-07T19:30:41+00:00\",\"dateModified\":\"2026-04-11T22:01:12+00:00\",\"description\":\"Onehe h\u00f5bedased k\u00f5rvar\u00f5ngad Luna. Materjalid: 925 h\u00f5be, roodiumiga kaetud. Suurus: 15 x 13 mm. Kaal: 1 g k\u00f5rvar\u00f5nga kohta. H\u00fcpoallergeenne.\",\"breadcrumb\":{\"@id\":\"https:\/\/tallinndesignhouse.com\/toode\/hobedased-korvarongad-luna\/#breadcrumb\"},\"inLanguage\":\"en-US\",\"potentialAction\":[{\"@type\":\"ReadAction\",\"target\":[\"https:\/\/tallinndesignhouse.com\/toode\/hobedased-korvarongad-luna\/\"]}]},{\"@type\":\"ImageObject\",\"inLanguage\":\"en-US\",\"@id\":\"https:\/\/tallinndesignhouse.com\/toode\/hobedased-korvarongad-luna\/#primaryimage\",\"url\":\"https:\/\/tallinndesignhouse.com\/wp-content\/uploads\/2023\/02\/Onehe-Luna-silver-stud-earrings.webp\",\"contentUrl\":\"https:\/\/tallinndesignhouse.com\/wp-content\/uploads\/2023\/02\/Onehe-Luna-silver-stud-earrings.webp\",\"width\":1206,\"height\":1206,\"caption\":\"Onehe Luna silver stud earrings\"},{\"@type\":\"BreadcrumbList\",\"@id\":\"https:\/\/tallinndesignhouse.com\/toode\/hobedased-korvarongad-luna\/#breadcrumb\",\"itemListElement\":[{\"@type\":\"ListItem\",\"position\":1,\"name\":\"Home\",\"item\":\"https:\/\/tallinndesignhouse.com\/en\/\"},{\"@type\":\"ListItem\",\"position\":2,\"name\":\"Shop\",\"item\":\"https:\/\/tallinndesignhouse.com\/en\/shop\/\"},{\"@type\":\"ListItem\",\"position\":3,\"name\":\"Luna silver stud earrings\"}]},{\"@type\":\"WebSite\",\"@id\":\"https:\/\/tallinndesignhouse.com\/#website\",\"url\":\"https:\/\/tallinndesignhouse.com\/\",\"name\":\"Tallinn Design House\",\"description\":\"Eesti disain Rotermanni kvartalis\",\"potentialAction\":[{\"@type\":\"SearchAction\",\"target\":{\"@type\":\"EntryPoint\",\"urlTemplate\":\"https:\/\/tallinndesignhouse.com\/?s={search_term_string}\"},\"query-input\":{\"@type\":\"PropertyValueSpecification\",\"valueRequired\":true,\"valueName\":\"search_term_string\"}}],\"inLanguage\":\"en-US\"}]}<\/script>\n<!-- \/ Yoast SEO plugin. -->","yoast_head_json":{"title":"Onehe Luna silver stud earrings - Tallinn Design House","description":"Onehe h\u00f5bedased k\u00f5rvar\u00f5ngad Luna. Materjalid: 925 h\u00f5be, roodiumiga kaetud. Suurus: 15 x 13 mm. Kaal: 1 g k\u00f5rvar\u00f5nga kohta. H\u00fcpoallergeenne.","robots":{"index":"index","follow":"follow","max-snippet":"max-snippet:-1","max-image-preview":"max-image-preview:large","max-video-preview":"max-video-preview:-1"},"canonical":"https:\/\/tallinndesignhouse.com\/toode\/hobedased-korvarongad-luna\/","og_locale":"en_US","og_type":"article","og_title":"Onehe Luna silver stud earrings - Tallinn Design House","og_description":"Onehe h\u00f5bedased k\u00f5rvar\u00f5ngad Luna. Materjalid: 925 h\u00f5be, roodiumiga kaetud. Suurus: 15 x 13 mm. Kaal: 1 g k\u00f5rvar\u00f5nga kohta. H\u00fcpoallergeenne.","og_url":"https:\/\/tallinndesignhouse.com\/toode\/hobedased-korvarongad-luna\/","og_site_name":"Tallinn Design House","article_modified_time":"2026-04-11T22:01:12+00:00","og_image":[{"width":1206,"height":1206,"url":"https:\/\/tallinndesignhouse.com\/wp-content\/uploads\/2023\/02\/Onehe-Luna-silver-stud-earrings.webp","type":"image\/webp"}],"twitter_card":"summary_large_image","twitter_misc":{"Est. reading time":"1 minute"},"schema":{"@context":"https:\/\/schema.org","@graph":[{"@type":"WebPage","@id":"https:\/\/tallinndesignhouse.com\/toode\/hobedased-korvarongad-luna\/","url":"https:\/\/tallinndesignhouse.com\/toode\/hobedased-korvarongad-luna\/","name":"Onehe Luna silver stud earrings - Tallinn Design House","isPartOf":{"@id":"https:\/\/tallinndesignhouse.com\/#website"},"primaryImageOfPage":{"@id":"https:\/\/tallinndesignhouse.com\/toode\/hobedased-korvarongad-luna\/#primaryimage"},"image":{"@id":"https:\/\/tallinndesignhouse.com\/toode\/hobedased-korvarongad-luna\/#primaryimage"},"thumbnailUrl":"https:\/\/tallinndesignhouse.com\/wp-content\/uploads\/2023\/02\/Onehe-Luna-silver-stud-earrings.webp","datePublished":"2023-02-07T19:30:41+00:00","dateModified":"2026-04-11T22:01:12+00:00","description":"Onehe h\u00f5bedased k\u00f5rvar\u00f5ngad Luna. Materjalid: 925 h\u00f5be, roodiumiga kaetud. Suurus: 15 x 13 mm. Kaal: 1 g k\u00f5rvar\u00f5nga kohta. H\u00fcpoallergeenne.","breadcrumb":{"@id":"https:\/\/tallinndesignhouse.com\/toode\/hobedased-korvarongad-luna\/#breadcrumb"},"inLanguage":"en-US","potentialAction":[{"@type":"ReadAction","target":["https:\/\/tallinndesignhouse.com\/toode\/hobedased-korvarongad-luna\/"]}]},{"@type":"ImageObject","inLanguage":"en-US","@id":"https:\/\/tallinndesignhouse.com\/toode\/hobedased-korvarongad-luna\/#primaryimage","url":"https:\/\/tallinndesignhouse.com\/wp-content\/uploads\/2023\/02\/Onehe-Luna-silver-stud-earrings.webp","contentUrl":"https:\/\/tallinndesignhouse.com\/wp-content\/uploads\/2023\/02\/Onehe-Luna-silver-stud-earrings.webp","width":1206,"height":1206,"caption":"Onehe Luna silver stud earrings"},{"@type":"BreadcrumbList","@id":"https:\/\/tallinndesignhouse.com\/toode\/hobedased-korvarongad-luna\/#breadcrumb","itemListElement":[{"@type":"ListItem","position":1,"name":"Home","item":"https:\/\/tallinndesignhouse.com\/en\/"},{"@type":"ListItem","position":2,"name":"Shop","item":"https:\/\/tallinndesignhouse.com\/en\/shop\/"},{"@type":"ListItem","position":3,"name":"Luna silver stud earrings"}]},{"@type":"WebSite","@id":"https:\/\/tallinndesignhouse.com\/#website","url":"https:\/\/tallinndesignhouse.com\/","name":"Tallinn Design House","description":"Eesti disain Rotermanni kvartalis","potentialAction":[{"@type":"SearchAction","target":{"@type":"EntryPoint","urlTemplate":"https:\/\/tallinndesignhouse.com\/?s={search_term_string}"},"query-input":{"@type":"PropertyValueSpecification","valueRequired":true,"valueName":"search_term_string"}}],"inLanguage":"en-US"}]}},"_links":{"self":[{"href":"https:\/\/tallinndesignhouse.com\/en\/wp-json\/wp\/v2\/product\/3255961","targetHints":{"allow":["GET"]}}],"collection":[{"href":"https:\/\/tallinndesignhouse.com\/en\/wp-json\/wp\/v2\/product"}],"about":[{"href":"https:\/\/tallinndesignhouse.com\/en\/wp-json\/wp\/v2\/types\/product"}],"wp:featuredmedia":[{"embeddable":true,"href":"https:\/\/tallinndesignhouse.com\/en\/wp-json\/wp\/v2\/media\/3255922"}],"wp:attachment":[{"href":"https:\/\/tallinndesignhouse.com\/en\/wp-json\/wp\/v2\/media?parent=3255961"}],"wp:term":[{"taxonomy":"product_brand","embeddable":true,"href":"https:\/\/tallinndesignhouse.com\/en\/wp-json\/wp\/v2\/product_brand?post=3255961"},{"taxonomy":"product_cat","embeddable":true,"href":"https:\/\/tallinndesignhouse.com\/en\/wp-json\/wp\/v2\/product_cat?post=3255961"},{"taxonomy":"product_tag","embeddable":true,"href":"https:\/\/tallinndesignhouse.com\/en\/wp-json\/wp\/v2\/product_tag?post=3255961"}],"curies":[{"name":"wp","href":"https:\/\/api.w.org\/{rel}","templated":true}]}}