{"id":3255965,"date":"2023-02-07T21:30:43","date_gmt":"2023-02-07T19:30:43","guid":{"rendered":"https:\/\/tallinndesignhouse.com\/toode\/kuldsed-korvarongad-frida\/"},"modified":"2026-04-14T01:02:09","modified_gmt":"2026-04-13T22:02:09","slug":"kuldsed-korvarongad-frida","status":"publish","type":"product","link":"https:\/\/tallinndesignhouse.com\/en\/toode\/kuldsed-korvarongad-frida\/","title":{"rendered":"Frida golden hoop earrings"},"content":{"rendered":"<p>Materials: 925 sterling silver, 18k gold plated. Size: 17 x 17 mm. Weight: 2.9 g per earring. Hypoallergenic. ONEHE has a stylish collection of sustainable earrings, which are made from recycled silver, making them an eco-friendly option for those looking to reduce their environmental impact. Our collection includes a variety of styles, from simple studs to statement heart shaped eye-catchers. All our earrings are hypoallergenic, which means they\u00b4re safe for those with sensitive ears and are less likely to cause irritation or allergic reactions. Plus, our earrings are easy to wear and comfortable to have on all day long.<\/p>\n","protected":false},"excerpt":{"rendered":"<p>Materials: 925 sterling silver, 18k gold plated. Size: 17 x 17 mm. Weight: 2.9 g per earring. Hypoallergenic. ONEHE has a stylish collection of sustainable earrings, which are made from recycled silver, making them an eco-friendly option for those looking to reduce their environmental impact. Our collection includes a variety of styles, from simple studs [&hellip;]<\/p>\n","protected":false},"featured_media":3255910,"template":"","meta":{"_acf_changed":false},"product_brand":[],"product_cat":[876,116],"product_tag":[2818],"class_list":{"0":"post-3255965","1":"product","2":"type-product","3":"status-publish","4":"has-post-thumbnail","6":"product_cat-korvarongad","7":"product_cat-ehted","8":"product_tag-naised","9":"pa_brand-onehe","12":"first","13":"instock","14":"taxable","15":"shipping-taxable","16":"purchasable","17":"product-type-simple"},"acf":[],"yoast_head":"<!-- This site is optimized with the Yoast SEO plugin v26.0 - https:\/\/yoast.com\/wordpress\/plugins\/seo\/ -->\n<title>Onehe Frida golden hoop earrings - Tallinn Design House<\/title>\n<meta name=\"description\" content=\"Onehe kuldsed k\u00f5rvar\u00f5ngad Frida. Materjalid: 925 h\u00f5be, 18k kullatud. Suurus: 17 x 17 mm. Kaal: 2,9 g k\u00f5rvar\u00f5nga kohta. H\u00fcpoallergeenne.\" \/>\n<meta name=\"robots\" content=\"index, follow, max-snippet:-1, max-image-preview:large, max-video-preview:-1\" \/>\n<link rel=\"canonical\" href=\"https:\/\/tallinndesignhouse.com\/toode\/kuldsed-korvarongad-frida\/\" \/>\n<meta property=\"og:locale\" content=\"en_US\" \/>\n<meta property=\"og:type\" content=\"article\" \/>\n<meta property=\"og:title\" content=\"Onehe Frida golden hoop earrings - Tallinn Design House\" \/>\n<meta property=\"og:description\" content=\"Onehe kuldsed k\u00f5rvar\u00f5ngad Frida. Materjalid: 925 h\u00f5be, 18k kullatud. Suurus: 17 x 17 mm. Kaal: 2,9 g k\u00f5rvar\u00f5nga kohta. H\u00fcpoallergeenne.\" \/>\n<meta property=\"og:url\" content=\"https:\/\/tallinndesignhouse.com\/toode\/kuldsed-korvarongad-frida\/\" \/>\n<meta property=\"og:site_name\" content=\"Tallinn Design House\" \/>\n<meta property=\"article:modified_time\" content=\"2026-04-13T22:02:09+00:00\" \/>\n<meta property=\"og:image\" content=\"https:\/\/tallinndesignhouse.com\/wp-content\/uploads\/2023\/02\/Onehe-Frida-golden-hoop-earrings.webp\" \/>\n\t<meta property=\"og:image:width\" content=\"1206\" \/>\n\t<meta property=\"og:image:height\" content=\"1206\" \/>\n\t<meta property=\"og:image:type\" content=\"image\/webp\" \/>\n<meta name=\"twitter:card\" content=\"summary_large_image\" \/>\n<meta name=\"twitter:label1\" content=\"Est. reading time\" \/>\n\t<meta name=\"twitter:data1\" content=\"1 minute\" \/>\n<script type=\"application\/ld+json\" class=\"yoast-schema-graph\">{\"@context\":\"https:\/\/schema.org\",\"@graph\":[{\"@type\":\"WebPage\",\"@id\":\"https:\/\/tallinndesignhouse.com\/toode\/kuldsed-korvarongad-frida\/\",\"url\":\"https:\/\/tallinndesignhouse.com\/toode\/kuldsed-korvarongad-frida\/\",\"name\":\"Onehe Frida golden hoop earrings - Tallinn Design House\",\"isPartOf\":{\"@id\":\"https:\/\/tallinndesignhouse.com\/#website\"},\"primaryImageOfPage\":{\"@id\":\"https:\/\/tallinndesignhouse.com\/toode\/kuldsed-korvarongad-frida\/#primaryimage\"},\"image\":{\"@id\":\"https:\/\/tallinndesignhouse.com\/toode\/kuldsed-korvarongad-frida\/#primaryimage\"},\"thumbnailUrl\":\"https:\/\/tallinndesignhouse.com\/wp-content\/uploads\/2023\/02\/Onehe-Frida-golden-hoop-earrings.webp\",\"datePublished\":\"2023-02-07T19:30:43+00:00\",\"dateModified\":\"2026-04-13T22:02:09+00:00\",\"description\":\"Onehe kuldsed k\u00f5rvar\u00f5ngad Frida. Materjalid: 925 h\u00f5be, 18k kullatud. Suurus: 17 x 17 mm. Kaal: 2,9 g k\u00f5rvar\u00f5nga kohta. H\u00fcpoallergeenne.\",\"breadcrumb\":{\"@id\":\"https:\/\/tallinndesignhouse.com\/toode\/kuldsed-korvarongad-frida\/#breadcrumb\"},\"inLanguage\":\"en-US\",\"potentialAction\":[{\"@type\":\"ReadAction\",\"target\":[\"https:\/\/tallinndesignhouse.com\/toode\/kuldsed-korvarongad-frida\/\"]}]},{\"@type\":\"ImageObject\",\"inLanguage\":\"en-US\",\"@id\":\"https:\/\/tallinndesignhouse.com\/toode\/kuldsed-korvarongad-frida\/#primaryimage\",\"url\":\"https:\/\/tallinndesignhouse.com\/wp-content\/uploads\/2023\/02\/Onehe-Frida-golden-hoop-earrings.webp\",\"contentUrl\":\"https:\/\/tallinndesignhouse.com\/wp-content\/uploads\/2023\/02\/Onehe-Frida-golden-hoop-earrings.webp\",\"width\":1206,\"height\":1206,\"caption\":\"Onehe Frida golden hoop earrings\"},{\"@type\":\"BreadcrumbList\",\"@id\":\"https:\/\/tallinndesignhouse.com\/toode\/kuldsed-korvarongad-frida\/#breadcrumb\",\"itemListElement\":[{\"@type\":\"ListItem\",\"position\":1,\"name\":\"Home\",\"item\":\"https:\/\/tallinndesignhouse.com\/en\/\"},{\"@type\":\"ListItem\",\"position\":2,\"name\":\"Shop\",\"item\":\"https:\/\/tallinndesignhouse.com\/en\/shop\/\"},{\"@type\":\"ListItem\",\"position\":3,\"name\":\"Frida golden hoop earrings\"}]},{\"@type\":\"WebSite\",\"@id\":\"https:\/\/tallinndesignhouse.com\/#website\",\"url\":\"https:\/\/tallinndesignhouse.com\/\",\"name\":\"Tallinn Design House\",\"description\":\"Eesti disain Rotermanni kvartalis\",\"potentialAction\":[{\"@type\":\"SearchAction\",\"target\":{\"@type\":\"EntryPoint\",\"urlTemplate\":\"https:\/\/tallinndesignhouse.com\/?s={search_term_string}\"},\"query-input\":{\"@type\":\"PropertyValueSpecification\",\"valueRequired\":true,\"valueName\":\"search_term_string\"}}],\"inLanguage\":\"en-US\"}]}<\/script>\n<!-- \/ Yoast SEO plugin. -->","yoast_head_json":{"title":"Onehe Frida golden hoop earrings - Tallinn Design House","description":"Onehe kuldsed k\u00f5rvar\u00f5ngad Frida. Materjalid: 925 h\u00f5be, 18k kullatud. Suurus: 17 x 17 mm. Kaal: 2,9 g k\u00f5rvar\u00f5nga kohta. H\u00fcpoallergeenne.","robots":{"index":"index","follow":"follow","max-snippet":"max-snippet:-1","max-image-preview":"max-image-preview:large","max-video-preview":"max-video-preview:-1"},"canonical":"https:\/\/tallinndesignhouse.com\/toode\/kuldsed-korvarongad-frida\/","og_locale":"en_US","og_type":"article","og_title":"Onehe Frida golden hoop earrings - Tallinn Design House","og_description":"Onehe kuldsed k\u00f5rvar\u00f5ngad Frida. Materjalid: 925 h\u00f5be, 18k kullatud. Suurus: 17 x 17 mm. Kaal: 2,9 g k\u00f5rvar\u00f5nga kohta. H\u00fcpoallergeenne.","og_url":"https:\/\/tallinndesignhouse.com\/toode\/kuldsed-korvarongad-frida\/","og_site_name":"Tallinn Design House","article_modified_time":"2026-04-13T22:02:09+00:00","og_image":[{"width":1206,"height":1206,"url":"https:\/\/tallinndesignhouse.com\/wp-content\/uploads\/2023\/02\/Onehe-Frida-golden-hoop-earrings.webp","type":"image\/webp"}],"twitter_card":"summary_large_image","twitter_misc":{"Est. reading time":"1 minute"},"schema":{"@context":"https:\/\/schema.org","@graph":[{"@type":"WebPage","@id":"https:\/\/tallinndesignhouse.com\/toode\/kuldsed-korvarongad-frida\/","url":"https:\/\/tallinndesignhouse.com\/toode\/kuldsed-korvarongad-frida\/","name":"Onehe Frida golden hoop earrings - Tallinn Design House","isPartOf":{"@id":"https:\/\/tallinndesignhouse.com\/#website"},"primaryImageOfPage":{"@id":"https:\/\/tallinndesignhouse.com\/toode\/kuldsed-korvarongad-frida\/#primaryimage"},"image":{"@id":"https:\/\/tallinndesignhouse.com\/toode\/kuldsed-korvarongad-frida\/#primaryimage"},"thumbnailUrl":"https:\/\/tallinndesignhouse.com\/wp-content\/uploads\/2023\/02\/Onehe-Frida-golden-hoop-earrings.webp","datePublished":"2023-02-07T19:30:43+00:00","dateModified":"2026-04-13T22:02:09+00:00","description":"Onehe kuldsed k\u00f5rvar\u00f5ngad Frida. Materjalid: 925 h\u00f5be, 18k kullatud. Suurus: 17 x 17 mm. Kaal: 2,9 g k\u00f5rvar\u00f5nga kohta. H\u00fcpoallergeenne.","breadcrumb":{"@id":"https:\/\/tallinndesignhouse.com\/toode\/kuldsed-korvarongad-frida\/#breadcrumb"},"inLanguage":"en-US","potentialAction":[{"@type":"ReadAction","target":["https:\/\/tallinndesignhouse.com\/toode\/kuldsed-korvarongad-frida\/"]}]},{"@type":"ImageObject","inLanguage":"en-US","@id":"https:\/\/tallinndesignhouse.com\/toode\/kuldsed-korvarongad-frida\/#primaryimage","url":"https:\/\/tallinndesignhouse.com\/wp-content\/uploads\/2023\/02\/Onehe-Frida-golden-hoop-earrings.webp","contentUrl":"https:\/\/tallinndesignhouse.com\/wp-content\/uploads\/2023\/02\/Onehe-Frida-golden-hoop-earrings.webp","width":1206,"height":1206,"caption":"Onehe Frida golden hoop earrings"},{"@type":"BreadcrumbList","@id":"https:\/\/tallinndesignhouse.com\/toode\/kuldsed-korvarongad-frida\/#breadcrumb","itemListElement":[{"@type":"ListItem","position":1,"name":"Home","item":"https:\/\/tallinndesignhouse.com\/en\/"},{"@type":"ListItem","position":2,"name":"Shop","item":"https:\/\/tallinndesignhouse.com\/en\/shop\/"},{"@type":"ListItem","position":3,"name":"Frida golden hoop earrings"}]},{"@type":"WebSite","@id":"https:\/\/tallinndesignhouse.com\/#website","url":"https:\/\/tallinndesignhouse.com\/","name":"Tallinn Design House","description":"Eesti disain Rotermanni kvartalis","potentialAction":[{"@type":"SearchAction","target":{"@type":"EntryPoint","urlTemplate":"https:\/\/tallinndesignhouse.com\/?s={search_term_string}"},"query-input":{"@type":"PropertyValueSpecification","valueRequired":true,"valueName":"search_term_string"}}],"inLanguage":"en-US"}]}},"_links":{"self":[{"href":"https:\/\/tallinndesignhouse.com\/en\/wp-json\/wp\/v2\/product\/3255965","targetHints":{"allow":["GET"]}}],"collection":[{"href":"https:\/\/tallinndesignhouse.com\/en\/wp-json\/wp\/v2\/product"}],"about":[{"href":"https:\/\/tallinndesignhouse.com\/en\/wp-json\/wp\/v2\/types\/product"}],"wp:featuredmedia":[{"embeddable":true,"href":"https:\/\/tallinndesignhouse.com\/en\/wp-json\/wp\/v2\/media\/3255910"}],"wp:attachment":[{"href":"https:\/\/tallinndesignhouse.com\/en\/wp-json\/wp\/v2\/media?parent=3255965"}],"wp:term":[{"taxonomy":"product_brand","embeddable":true,"href":"https:\/\/tallinndesignhouse.com\/en\/wp-json\/wp\/v2\/product_brand?post=3255965"},{"taxonomy":"product_cat","embeddable":true,"href":"https:\/\/tallinndesignhouse.com\/en\/wp-json\/wp\/v2\/product_cat?post=3255965"},{"taxonomy":"product_tag","embeddable":true,"href":"https:\/\/tallinndesignhouse.com\/en\/wp-json\/wp\/v2\/product_tag?post=3255965"}],"curies":[{"name":"wp","href":"https:\/\/api.w.org\/{rel}","templated":true}]}}