{"id":3256000,"date":"2023-02-07T22:30:34","date_gmt":"2023-02-07T20:30:34","guid":{"rendered":"https:\/\/tallinndesignhouse.com\/toode\/hobedast-sudamega-kaelakee\/"},"modified":"2026-04-29T01:01:52","modified_gmt":"2026-04-28T22:01:52","slug":"hobedast-sudamega-kaelakee","status":"publish","type":"product","link":"https:\/\/tallinndesignhouse.com\/en\/toode\/hobedast-sudamega-kaelakee\/","title":{"rendered":"Silver heart necklace"},"content":{"rendered":"<p>Materials: 925 sterling silver, rhodium plated. Weight: 5.6 g. Heart pendant size: 11 x 10 mm. Lenght: 51 cm. Hypoallergenic. ONEHE necklaces are easy-to-wear pieces made from recycled sterling silver. These sustainable and stylish necklaces are perfect for adding a touch of elegance to any outfit. It\u2019s a perfect accessory to complement your personal style.<\/p>\n","protected":false},"excerpt":{"rendered":"<p>Materials: 925 sterling silver, rhodium plated. Weight: 5.6 g. Heart pendant size: 11 x 10 mm. Lenght: 51 cm. Hypoallergenic. ONEHE necklaces are easy-to-wear pieces made from recycled sterling silver. These sustainable and stylish necklaces are perfect for adding a touch of elegance to any outfit. It\u2019s a perfect accessory to complement your personal style.<\/p>\n","protected":false},"featured_media":3255998,"template":"","meta":{"_acf_changed":false},"product_brand":[],"product_cat":[869,116],"product_tag":[2818],"class_list":{"0":"post-3256000","1":"product","2":"type-product","3":"status-publish","4":"has-post-thumbnail","6":"product_cat-kaelaehted","7":"product_cat-ehted","8":"product_tag-naised","9":"pa_brand-onehe","12":"first","13":"instock","14":"taxable","15":"shipping-taxable","16":"purchasable","17":"product-type-simple"},"acf":[],"yoast_head":"<!-- This site is optimized with the Yoast SEO plugin v26.0 - https:\/\/yoast.com\/wordpress\/plugins\/seo\/ -->\n<title>Onehe Silver heart necklace - Tallinn Design House<\/title>\n<meta name=\"description\" content=\"Onehe h\u00f5bedast s\u00fcdamega kaelakee. Materjalid: 925 h\u00f5be, roodiumiga kaetud. Kaal: 5,6 g. S\u00fcdame ripatsi suurus: 11 x 10 mm. Pikkus: 51 cm. H\u00fcpoallergeenne.\" \/>\n<meta name=\"robots\" content=\"index, follow, max-snippet:-1, max-image-preview:large, max-video-preview:-1\" \/>\n<link rel=\"canonical\" href=\"https:\/\/tallinndesignhouse.com\/toode\/hobedast-sudamega-kaelakee\/\" \/>\n<meta property=\"og:locale\" content=\"en_US\" \/>\n<meta property=\"og:type\" content=\"article\" \/>\n<meta property=\"og:title\" content=\"Onehe Silver heart necklace - Tallinn Design House\" \/>\n<meta property=\"og:description\" content=\"Onehe h\u00f5bedast s\u00fcdamega kaelakee. Materjalid: 925 h\u00f5be, roodiumiga kaetud. Kaal: 5,6 g. S\u00fcdame ripatsi suurus: 11 x 10 mm. Pikkus: 51 cm. H\u00fcpoallergeenne.\" \/>\n<meta property=\"og:url\" content=\"https:\/\/tallinndesignhouse.com\/toode\/hobedast-sudamega-kaelakee\/\" \/>\n<meta property=\"og:site_name\" content=\"Tallinn Design House\" \/>\n<meta property=\"article:modified_time\" content=\"2026-04-28T22:01:52+00:00\" \/>\n<meta property=\"og:image\" content=\"https:\/\/tallinndesignhouse.com\/wp-content\/uploads\/2023\/02\/Silver-heart-necklace-2.webp\" \/>\n\t<meta property=\"og:image:width\" content=\"1206\" \/>\n\t<meta property=\"og:image:height\" content=\"1206\" \/>\n\t<meta property=\"og:image:type\" content=\"image\/webp\" \/>\n<meta name=\"twitter:card\" content=\"summary_large_image\" \/>\n<script type=\"application\/ld+json\" class=\"yoast-schema-graph\">{\"@context\":\"https:\/\/schema.org\",\"@graph\":[{\"@type\":\"WebPage\",\"@id\":\"https:\/\/tallinndesignhouse.com\/toode\/hobedast-sudamega-kaelakee\/\",\"url\":\"https:\/\/tallinndesignhouse.com\/toode\/hobedast-sudamega-kaelakee\/\",\"name\":\"Onehe Silver heart necklace - Tallinn Design House\",\"isPartOf\":{\"@id\":\"https:\/\/tallinndesignhouse.com\/#website\"},\"primaryImageOfPage\":{\"@id\":\"https:\/\/tallinndesignhouse.com\/toode\/hobedast-sudamega-kaelakee\/#primaryimage\"},\"image\":{\"@id\":\"https:\/\/tallinndesignhouse.com\/toode\/hobedast-sudamega-kaelakee\/#primaryimage\"},\"thumbnailUrl\":\"https:\/\/tallinndesignhouse.com\/wp-content\/uploads\/2023\/02\/Silver-heart-necklace-2.webp\",\"datePublished\":\"2023-02-07T20:30:34+00:00\",\"dateModified\":\"2026-04-28T22:01:52+00:00\",\"description\":\"Onehe h\u00f5bedast s\u00fcdamega kaelakee. Materjalid: 925 h\u00f5be, roodiumiga kaetud. Kaal: 5,6 g. S\u00fcdame ripatsi suurus: 11 x 10 mm. Pikkus: 51 cm. H\u00fcpoallergeenne.\",\"breadcrumb\":{\"@id\":\"https:\/\/tallinndesignhouse.com\/toode\/hobedast-sudamega-kaelakee\/#breadcrumb\"},\"inLanguage\":\"en-US\",\"potentialAction\":[{\"@type\":\"ReadAction\",\"target\":[\"https:\/\/tallinndesignhouse.com\/toode\/hobedast-sudamega-kaelakee\/\"]}]},{\"@type\":\"ImageObject\",\"inLanguage\":\"en-US\",\"@id\":\"https:\/\/tallinndesignhouse.com\/toode\/hobedast-sudamega-kaelakee\/#primaryimage\",\"url\":\"https:\/\/tallinndesignhouse.com\/wp-content\/uploads\/2023\/02\/Silver-heart-necklace-2.webp\",\"contentUrl\":\"https:\/\/tallinndesignhouse.com\/wp-content\/uploads\/2023\/02\/Silver-heart-necklace-2.webp\",\"width\":1206,\"height\":1206,\"caption\":\"Silver heart necklace 2\"},{\"@type\":\"BreadcrumbList\",\"@id\":\"https:\/\/tallinndesignhouse.com\/toode\/hobedast-sudamega-kaelakee\/#breadcrumb\",\"itemListElement\":[{\"@type\":\"ListItem\",\"position\":1,\"name\":\"Home\",\"item\":\"https:\/\/tallinndesignhouse.com\/en\/\"},{\"@type\":\"ListItem\",\"position\":2,\"name\":\"Shop\",\"item\":\"https:\/\/tallinndesignhouse.com\/en\/shop\/\"},{\"@type\":\"ListItem\",\"position\":3,\"name\":\"Silver heart necklace\"}]},{\"@type\":\"WebSite\",\"@id\":\"https:\/\/tallinndesignhouse.com\/#website\",\"url\":\"https:\/\/tallinndesignhouse.com\/\",\"name\":\"Tallinn Design House\",\"description\":\"Eesti disain Rotermanni kvartalis\",\"potentialAction\":[{\"@type\":\"SearchAction\",\"target\":{\"@type\":\"EntryPoint\",\"urlTemplate\":\"https:\/\/tallinndesignhouse.com\/?s={search_term_string}\"},\"query-input\":{\"@type\":\"PropertyValueSpecification\",\"valueRequired\":true,\"valueName\":\"search_term_string\"}}],\"inLanguage\":\"en-US\"}]}<\/script>\n<!-- \/ Yoast SEO plugin. -->","yoast_head_json":{"title":"Onehe Silver heart necklace - Tallinn Design House","description":"Onehe h\u00f5bedast s\u00fcdamega kaelakee. Materjalid: 925 h\u00f5be, roodiumiga kaetud. Kaal: 5,6 g. S\u00fcdame ripatsi suurus: 11 x 10 mm. Pikkus: 51 cm. H\u00fcpoallergeenne.","robots":{"index":"index","follow":"follow","max-snippet":"max-snippet:-1","max-image-preview":"max-image-preview:large","max-video-preview":"max-video-preview:-1"},"canonical":"https:\/\/tallinndesignhouse.com\/toode\/hobedast-sudamega-kaelakee\/","og_locale":"en_US","og_type":"article","og_title":"Onehe Silver heart necklace - Tallinn Design House","og_description":"Onehe h\u00f5bedast s\u00fcdamega kaelakee. Materjalid: 925 h\u00f5be, roodiumiga kaetud. Kaal: 5,6 g. S\u00fcdame ripatsi suurus: 11 x 10 mm. Pikkus: 51 cm. H\u00fcpoallergeenne.","og_url":"https:\/\/tallinndesignhouse.com\/toode\/hobedast-sudamega-kaelakee\/","og_site_name":"Tallinn Design House","article_modified_time":"2026-04-28T22:01:52+00:00","og_image":[{"width":1206,"height":1206,"url":"https:\/\/tallinndesignhouse.com\/wp-content\/uploads\/2023\/02\/Silver-heart-necklace-2.webp","type":"image\/webp"}],"twitter_card":"summary_large_image","schema":{"@context":"https:\/\/schema.org","@graph":[{"@type":"WebPage","@id":"https:\/\/tallinndesignhouse.com\/toode\/hobedast-sudamega-kaelakee\/","url":"https:\/\/tallinndesignhouse.com\/toode\/hobedast-sudamega-kaelakee\/","name":"Onehe Silver heart necklace - Tallinn Design House","isPartOf":{"@id":"https:\/\/tallinndesignhouse.com\/#website"},"primaryImageOfPage":{"@id":"https:\/\/tallinndesignhouse.com\/toode\/hobedast-sudamega-kaelakee\/#primaryimage"},"image":{"@id":"https:\/\/tallinndesignhouse.com\/toode\/hobedast-sudamega-kaelakee\/#primaryimage"},"thumbnailUrl":"https:\/\/tallinndesignhouse.com\/wp-content\/uploads\/2023\/02\/Silver-heart-necklace-2.webp","datePublished":"2023-02-07T20:30:34+00:00","dateModified":"2026-04-28T22:01:52+00:00","description":"Onehe h\u00f5bedast s\u00fcdamega kaelakee. Materjalid: 925 h\u00f5be, roodiumiga kaetud. Kaal: 5,6 g. S\u00fcdame ripatsi suurus: 11 x 10 mm. Pikkus: 51 cm. H\u00fcpoallergeenne.","breadcrumb":{"@id":"https:\/\/tallinndesignhouse.com\/toode\/hobedast-sudamega-kaelakee\/#breadcrumb"},"inLanguage":"en-US","potentialAction":[{"@type":"ReadAction","target":["https:\/\/tallinndesignhouse.com\/toode\/hobedast-sudamega-kaelakee\/"]}]},{"@type":"ImageObject","inLanguage":"en-US","@id":"https:\/\/tallinndesignhouse.com\/toode\/hobedast-sudamega-kaelakee\/#primaryimage","url":"https:\/\/tallinndesignhouse.com\/wp-content\/uploads\/2023\/02\/Silver-heart-necklace-2.webp","contentUrl":"https:\/\/tallinndesignhouse.com\/wp-content\/uploads\/2023\/02\/Silver-heart-necklace-2.webp","width":1206,"height":1206,"caption":"Silver heart necklace 2"},{"@type":"BreadcrumbList","@id":"https:\/\/tallinndesignhouse.com\/toode\/hobedast-sudamega-kaelakee\/#breadcrumb","itemListElement":[{"@type":"ListItem","position":1,"name":"Home","item":"https:\/\/tallinndesignhouse.com\/en\/"},{"@type":"ListItem","position":2,"name":"Shop","item":"https:\/\/tallinndesignhouse.com\/en\/shop\/"},{"@type":"ListItem","position":3,"name":"Silver heart necklace"}]},{"@type":"WebSite","@id":"https:\/\/tallinndesignhouse.com\/#website","url":"https:\/\/tallinndesignhouse.com\/","name":"Tallinn Design House","description":"Eesti disain Rotermanni kvartalis","potentialAction":[{"@type":"SearchAction","target":{"@type":"EntryPoint","urlTemplate":"https:\/\/tallinndesignhouse.com\/?s={search_term_string}"},"query-input":{"@type":"PropertyValueSpecification","valueRequired":true,"valueName":"search_term_string"}}],"inLanguage":"en-US"}]}},"_links":{"self":[{"href":"https:\/\/tallinndesignhouse.com\/en\/wp-json\/wp\/v2\/product\/3256000","targetHints":{"allow":["GET"]}}],"collection":[{"href":"https:\/\/tallinndesignhouse.com\/en\/wp-json\/wp\/v2\/product"}],"about":[{"href":"https:\/\/tallinndesignhouse.com\/en\/wp-json\/wp\/v2\/types\/product"}],"wp:featuredmedia":[{"embeddable":true,"href":"https:\/\/tallinndesignhouse.com\/en\/wp-json\/wp\/v2\/media\/3255998"}],"wp:attachment":[{"href":"https:\/\/tallinndesignhouse.com\/en\/wp-json\/wp\/v2\/media?parent=3256000"}],"wp:term":[{"taxonomy":"product_brand","embeddable":true,"href":"https:\/\/tallinndesignhouse.com\/en\/wp-json\/wp\/v2\/product_brand?post=3256000"},{"taxonomy":"product_cat","embeddable":true,"href":"https:\/\/tallinndesignhouse.com\/en\/wp-json\/wp\/v2\/product_cat?post=3256000"},{"taxonomy":"product_tag","embeddable":true,"href":"https:\/\/tallinndesignhouse.com\/en\/wp-json\/wp\/v2\/product_tag?post=3256000"}],"curies":[{"name":"wp","href":"https:\/\/api.w.org\/{rel}","templated":true}]}}