{"id":3256018,"date":"2023-02-09T19:00:42","date_gmt":"2023-02-09T17:00:42","guid":{"rendered":"https:\/\/tallinndesignhouse.com\/toode\/muudetava-suurusega-sormus-mist\/"},"modified":"2026-04-29T01:01:54","modified_gmt":"2026-04-28T22:01:54","slug":"muudetava-suurusega-sormus-mist","status":"publish","type":"product","link":"https:\/\/tallinndesignhouse.com\/en\/toode\/muudetava-suurusega-sormus-mist\/","title":{"rendered":"Mist resizable ring"},"content":{"rendered":"<p>Materials: 925 sterling silver \/ rhodium or 18 k gold plated. Weight: 1.6 g. Ring width: 9 mm. Size: adjustable. Hypoallergenic. ONEHE rings feature a wide variety of styles to suit your taste &#8211; from simple bands to statement pieces adorned with sustainable cubic zirconias. All rings are handmade from recycled sterling silver. If you\u00b4re unsure of your ring size or are purchasing a ring as a gift, we offer resizable models. These rings can be adjusted to fit any finger size, making them a versatile and practical option.<\/p>\n","protected":false},"excerpt":{"rendered":"<p>Materials: 925 sterling silver \/ rhodium or 18 k gold plated. Weight: 1.6 g. Ring width: 9 mm. Size: adjustable. Hypoallergenic. ONEHE rings feature a wide variety of styles to suit your taste &#8211; from simple bands to statement pieces adorned with sustainable cubic zirconias. All rings are handmade from recycled sterling silver. If you\u00b4re [&hellip;]<\/p>\n","protected":false},"featured_media":3256074,"template":"","meta":{"_acf_changed":false},"product_brand":[],"product_cat":[3223,2136],"product_tag":[2819],"class_list":{"0":"post-3256018","1":"product","2":"type-product","3":"status-publish","4":"has-post-thumbnail","6":"product_cat-jewellery-en","7":"product_cat-rings","8":"product_tag-women","9":"pa_brand-onehe","11":"pa_varv-golden-en","12":"pa_varv-silver-en","16":"first","17":"instock","18":"taxable","19":"shipping-taxable","20":"purchasable","21":"product-type-variable"},"acf":[],"yoast_head":"<!-- This site is optimized with the Yoast SEO plugin v26.0 - https:\/\/yoast.com\/wordpress\/plugins\/seo\/ -->\n<title>Onehe Mist resizable ring - Tallinn Design House<\/title>\n<meta name=\"description\" content=\"Onehe muudetava suurusega s\u00f5rmus Mist. Materjalid: 925 sterling h\u00f5be \/ roodium v\u00f5i 18 k kullatud. Kaal: 1,6 g. S\u00f5rmuse laius: 9 mm. H\u00fcpoallergeenne.\" \/>\n<meta name=\"robots\" content=\"index, follow, max-snippet:-1, max-image-preview:large, max-video-preview:-1\" \/>\n<link rel=\"canonical\" href=\"https:\/\/tallinndesignhouse.com\/toode\/muudetava-suurusega-sormus-mist\/\" \/>\n<meta property=\"og:locale\" content=\"en_US\" \/>\n<meta property=\"og:type\" content=\"article\" \/>\n<meta property=\"og:title\" content=\"Onehe Mist resizable ring - Tallinn Design House\" \/>\n<meta property=\"og:description\" content=\"Onehe muudetava suurusega s\u00f5rmus Mist. Materjalid: 925 sterling h\u00f5be \/ roodium v\u00f5i 18 k kullatud. Kaal: 1,6 g. S\u00f5rmuse laius: 9 mm. H\u00fcpoallergeenne.\" \/>\n<meta property=\"og:url\" content=\"https:\/\/tallinndesignhouse.com\/toode\/muudetava-suurusega-sormus-mist\/\" \/>\n<meta property=\"og:site_name\" content=\"Tallinn Design House\" \/>\n<meta property=\"article:modified_time\" content=\"2026-04-28T22:01:54+00:00\" \/>\n<meta property=\"og:image\" content=\"https:\/\/tallinndesignhouse.com\/wp-content\/uploads\/2023\/02\/Onehe-Mist-resizable-golden-ring-2.webp\" \/>\n\t<meta property=\"og:image:width\" content=\"1206\" \/>\n\t<meta property=\"og:image:height\" content=\"1206\" \/>\n\t<meta property=\"og:image:type\" content=\"image\/webp\" \/>\n<meta name=\"twitter:card\" content=\"summary_large_image\" \/>\n<script type=\"application\/ld+json\" class=\"yoast-schema-graph\">{\"@context\":\"https:\/\/schema.org\",\"@graph\":[{\"@type\":\"WebPage\",\"@id\":\"https:\/\/tallinndesignhouse.com\/toode\/muudetava-suurusega-sormus-mist\/\",\"url\":\"https:\/\/tallinndesignhouse.com\/toode\/muudetava-suurusega-sormus-mist\/\",\"name\":\"Onehe Mist resizable ring - Tallinn Design House\",\"isPartOf\":{\"@id\":\"https:\/\/tallinndesignhouse.com\/#website\"},\"primaryImageOfPage\":{\"@id\":\"https:\/\/tallinndesignhouse.com\/toode\/muudetava-suurusega-sormus-mist\/#primaryimage\"},\"image\":{\"@id\":\"https:\/\/tallinndesignhouse.com\/toode\/muudetava-suurusega-sormus-mist\/#primaryimage\"},\"thumbnailUrl\":\"https:\/\/tallinndesignhouse.com\/wp-content\/uploads\/2023\/02\/Onehe-Mist-resizable-golden-ring-2.webp\",\"datePublished\":\"2023-02-09T17:00:42+00:00\",\"dateModified\":\"2026-04-28T22:01:54+00:00\",\"description\":\"Onehe muudetava suurusega s\u00f5rmus Mist. Materjalid: 925 sterling h\u00f5be \/ roodium v\u00f5i 18 k kullatud. Kaal: 1,6 g. S\u00f5rmuse laius: 9 mm. H\u00fcpoallergeenne.\",\"breadcrumb\":{\"@id\":\"https:\/\/tallinndesignhouse.com\/toode\/muudetava-suurusega-sormus-mist\/#breadcrumb\"},\"inLanguage\":\"en-US\",\"potentialAction\":[{\"@type\":\"ReadAction\",\"target\":[\"https:\/\/tallinndesignhouse.com\/toode\/muudetava-suurusega-sormus-mist\/\"]}]},{\"@type\":\"ImageObject\",\"inLanguage\":\"en-US\",\"@id\":\"https:\/\/tallinndesignhouse.com\/toode\/muudetava-suurusega-sormus-mist\/#primaryimage\",\"url\":\"https:\/\/tallinndesignhouse.com\/wp-content\/uploads\/2023\/02\/Onehe-Mist-resizable-golden-ring-2.webp\",\"contentUrl\":\"https:\/\/tallinndesignhouse.com\/wp-content\/uploads\/2023\/02\/Onehe-Mist-resizable-golden-ring-2.webp\",\"width\":1206,\"height\":1206,\"caption\":\"Onehe Mist resizable golden ring 2\"},{\"@type\":\"BreadcrumbList\",\"@id\":\"https:\/\/tallinndesignhouse.com\/toode\/muudetava-suurusega-sormus-mist\/#breadcrumb\",\"itemListElement\":[{\"@type\":\"ListItem\",\"position\":1,\"name\":\"Home\",\"item\":\"https:\/\/tallinndesignhouse.com\/en\/\"},{\"@type\":\"ListItem\",\"position\":2,\"name\":\"Shop\",\"item\":\"https:\/\/tallinndesignhouse.com\/en\/shop\/\"},{\"@type\":\"ListItem\",\"position\":3,\"name\":\"Mist resizable ring\"}]},{\"@type\":\"WebSite\",\"@id\":\"https:\/\/tallinndesignhouse.com\/#website\",\"url\":\"https:\/\/tallinndesignhouse.com\/\",\"name\":\"Tallinn Design House\",\"description\":\"Eesti disain Rotermanni kvartalis\",\"potentialAction\":[{\"@type\":\"SearchAction\",\"target\":{\"@type\":\"EntryPoint\",\"urlTemplate\":\"https:\/\/tallinndesignhouse.com\/?s={search_term_string}\"},\"query-input\":{\"@type\":\"PropertyValueSpecification\",\"valueRequired\":true,\"valueName\":\"search_term_string\"}}],\"inLanguage\":\"en-US\"}]}<\/script>\n<!-- \/ Yoast SEO plugin. -->","yoast_head_json":{"title":"Onehe Mist resizable ring - Tallinn Design House","description":"Onehe muudetava suurusega s\u00f5rmus Mist. Materjalid: 925 sterling h\u00f5be \/ roodium v\u00f5i 18 k kullatud. Kaal: 1,6 g. S\u00f5rmuse laius: 9 mm. H\u00fcpoallergeenne.","robots":{"index":"index","follow":"follow","max-snippet":"max-snippet:-1","max-image-preview":"max-image-preview:large","max-video-preview":"max-video-preview:-1"},"canonical":"https:\/\/tallinndesignhouse.com\/toode\/muudetava-suurusega-sormus-mist\/","og_locale":"en_US","og_type":"article","og_title":"Onehe Mist resizable ring - Tallinn Design House","og_description":"Onehe muudetava suurusega s\u00f5rmus Mist. Materjalid: 925 sterling h\u00f5be \/ roodium v\u00f5i 18 k kullatud. Kaal: 1,6 g. S\u00f5rmuse laius: 9 mm. H\u00fcpoallergeenne.","og_url":"https:\/\/tallinndesignhouse.com\/toode\/muudetava-suurusega-sormus-mist\/","og_site_name":"Tallinn Design House","article_modified_time":"2026-04-28T22:01:54+00:00","og_image":[{"width":1206,"height":1206,"url":"https:\/\/tallinndesignhouse.com\/wp-content\/uploads\/2023\/02\/Onehe-Mist-resizable-golden-ring-2.webp","type":"image\/webp"}],"twitter_card":"summary_large_image","schema":{"@context":"https:\/\/schema.org","@graph":[{"@type":"WebPage","@id":"https:\/\/tallinndesignhouse.com\/toode\/muudetava-suurusega-sormus-mist\/","url":"https:\/\/tallinndesignhouse.com\/toode\/muudetava-suurusega-sormus-mist\/","name":"Onehe Mist resizable ring - Tallinn Design House","isPartOf":{"@id":"https:\/\/tallinndesignhouse.com\/#website"},"primaryImageOfPage":{"@id":"https:\/\/tallinndesignhouse.com\/toode\/muudetava-suurusega-sormus-mist\/#primaryimage"},"image":{"@id":"https:\/\/tallinndesignhouse.com\/toode\/muudetava-suurusega-sormus-mist\/#primaryimage"},"thumbnailUrl":"https:\/\/tallinndesignhouse.com\/wp-content\/uploads\/2023\/02\/Onehe-Mist-resizable-golden-ring-2.webp","datePublished":"2023-02-09T17:00:42+00:00","dateModified":"2026-04-28T22:01:54+00:00","description":"Onehe muudetava suurusega s\u00f5rmus Mist. Materjalid: 925 sterling h\u00f5be \/ roodium v\u00f5i 18 k kullatud. Kaal: 1,6 g. S\u00f5rmuse laius: 9 mm. H\u00fcpoallergeenne.","breadcrumb":{"@id":"https:\/\/tallinndesignhouse.com\/toode\/muudetava-suurusega-sormus-mist\/#breadcrumb"},"inLanguage":"en-US","potentialAction":[{"@type":"ReadAction","target":["https:\/\/tallinndesignhouse.com\/toode\/muudetava-suurusega-sormus-mist\/"]}]},{"@type":"ImageObject","inLanguage":"en-US","@id":"https:\/\/tallinndesignhouse.com\/toode\/muudetava-suurusega-sormus-mist\/#primaryimage","url":"https:\/\/tallinndesignhouse.com\/wp-content\/uploads\/2023\/02\/Onehe-Mist-resizable-golden-ring-2.webp","contentUrl":"https:\/\/tallinndesignhouse.com\/wp-content\/uploads\/2023\/02\/Onehe-Mist-resizable-golden-ring-2.webp","width":1206,"height":1206,"caption":"Onehe Mist resizable golden ring 2"},{"@type":"BreadcrumbList","@id":"https:\/\/tallinndesignhouse.com\/toode\/muudetava-suurusega-sormus-mist\/#breadcrumb","itemListElement":[{"@type":"ListItem","position":1,"name":"Home","item":"https:\/\/tallinndesignhouse.com\/en\/"},{"@type":"ListItem","position":2,"name":"Shop","item":"https:\/\/tallinndesignhouse.com\/en\/shop\/"},{"@type":"ListItem","position":3,"name":"Mist resizable ring"}]},{"@type":"WebSite","@id":"https:\/\/tallinndesignhouse.com\/#website","url":"https:\/\/tallinndesignhouse.com\/","name":"Tallinn Design House","description":"Eesti disain Rotermanni kvartalis","potentialAction":[{"@type":"SearchAction","target":{"@type":"EntryPoint","urlTemplate":"https:\/\/tallinndesignhouse.com\/?s={search_term_string}"},"query-input":{"@type":"PropertyValueSpecification","valueRequired":true,"valueName":"search_term_string"}}],"inLanguage":"en-US"}]}},"_links":{"self":[{"href":"https:\/\/tallinndesignhouse.com\/en\/wp-json\/wp\/v2\/product\/3256018","targetHints":{"allow":["GET"]}}],"collection":[{"href":"https:\/\/tallinndesignhouse.com\/en\/wp-json\/wp\/v2\/product"}],"about":[{"href":"https:\/\/tallinndesignhouse.com\/en\/wp-json\/wp\/v2\/types\/product"}],"wp:featuredmedia":[{"embeddable":true,"href":"https:\/\/tallinndesignhouse.com\/en\/wp-json\/wp\/v2\/media\/3256074"}],"wp:attachment":[{"href":"https:\/\/tallinndesignhouse.com\/en\/wp-json\/wp\/v2\/media?parent=3256018"}],"wp:term":[{"taxonomy":"product_brand","embeddable":true,"href":"https:\/\/tallinndesignhouse.com\/en\/wp-json\/wp\/v2\/product_brand?post=3256018"},{"taxonomy":"product_cat","embeddable":true,"href":"https:\/\/tallinndesignhouse.com\/en\/wp-json\/wp\/v2\/product_cat?post=3256018"},{"taxonomy":"product_tag","embeddable":true,"href":"https:\/\/tallinndesignhouse.com\/en\/wp-json\/wp\/v2\/product_tag?post=3256018"}],"curies":[{"name":"wp","href":"https:\/\/api.w.org\/{rel}","templated":true}]}}