{"id":3257139,"date":"2023-02-27T20:00:25","date_gmt":"2023-02-27T18:00:25","guid":{"rendered":"https:\/\/tallinndesignhouse.com\/toode\/kardigan-lu\/"},"modified":"2026-04-12T01:00:43","modified_gmt":"2026-04-11T22:00:43","slug":"kardigan-lu","status":"publish","type":"product","link":"https:\/\/tallinndesignhouse.com\/en\/toode\/kardigan-lu\/","title":{"rendered":"Cardigan Lu"},"content":{"rendered":"<p>LU like enchanting, LU like luxurious. The charmingly feminine and luxuriously soft LU cardigan by \u00c4rni Blum will keep you warm on cool summer evenings and offer protection from the harsh winter cold. A piece of clothing that every woman misses in her closet. The loose cut LU can be easily adjusted with the help of a belt or worn without a belt as an oversize coat. The sweater is designed and made by hand in Estonia, Saaremaa. Material: Mohair with silk content and merino wool. Care instructions: hand wash up to 20-30\u00baC (cold). Do not rub, twist or leave the fabric wet. Dry flat. Always leave the form knit to dry after washing. Those who take care will last a long time!<\/p>\n","protected":false},"excerpt":{"rendered":"<p>LU like enchanting, LU like luxurious. The charmingly feminine and luxuriously soft LU cardigan by \u00c4rni Blum will keep you warm on cool summer evenings and offer protection from the harsh winter cold. A piece of clothing that every woman misses in her closet. The loose cut LU can be easily adjusted with the help [&hellip;]<\/p>\n","protected":false},"featured_media":3293642,"template":"","meta":{"_acf_changed":false},"product_brand":[],"product_cat":[3718,2078,2837,3552],"product_tag":[2819],"class_list":{"0":"post-3257139","1":"product","2":"type-product","3":"status-publish","4":"has-post-thumbnail","6":"product_cat-winter-style","7":"product_cat-knitwear","8":"product_cat-clothes","9":"product_cat-natural-materials-en","10":"product_tag-women","11":"pa_brand-arni-blum","12":"pa_brand-arni-blum-en","13":"pa_suurus-one-size","14":"pa_suurus-one-size-en","15":"pa_varv-beez","16":"pa_varv-beige-en","17":"pa_varv-black-en","18":"pa_varv-camel-en-en","19":"pa_varv-dark-green-en","20":"pa_varv-dark-purple-en","21":"pa_varv-fuchsia-en","22":"pa_varv-fuksia","23":"pa_varv-grey-en","24":"pa_varv-hall","25":"pa_varv-helelilla","26":"pa_varv-heleroosa","27":"pa_varv-kaamel","28":"pa_varv-light-pink-en","29":"pa_varv-light-purple-en","30":"pa_varv-must","31":"pa_varv-punane","32":"pa_varv-red-en","33":"pa_varv-tumelilla","34":"pa_varv-tumeroheline","35":"pa_varv-turkiis","36":"pa_varv-turquoise-en","37":"pa_varv-valge","38":"pa_varv-white-en-en","40":"first","41":"instock","42":"taxable","43":"shipping-taxable","44":"purchasable","45":"product-type-variable"},"acf":[],"yoast_head":"<!-- This site is optimized with the Yoast SEO plugin v26.0 - https:\/\/yoast.com\/wordpress\/plugins\/seo\/ -->\n<title>\u00c4rni Blum Cardigan Lu - Tallinn Design House<\/title>\n<meta name=\"description\" content=\"\u00c4rni Blum kardigan Lu. Lummavalt naiselik ja luksuslikult pehme LU kardigan hoiab sind soojas jahedatel suve\u00f5htudel ning pakub kaitset talvek\u00fclmade eest.\" \/>\n<meta name=\"robots\" content=\"index, follow, max-snippet:-1, max-image-preview:large, max-video-preview:-1\" \/>\n<link rel=\"canonical\" href=\"https:\/\/tallinndesignhouse.com\/toode\/kardigan-lu\/\" \/>\n<meta property=\"og:locale\" content=\"en_US\" \/>\n<meta property=\"og:type\" content=\"article\" \/>\n<meta property=\"og:title\" content=\"\u00c4rni Blum Cardigan Lu - Tallinn Design House\" \/>\n<meta property=\"og:description\" content=\"\u00c4rni Blum kardigan Lu. Lummavalt naiselik ja luksuslikult pehme LU kardigan hoiab sind soojas jahedatel suve\u00f5htudel ning pakub kaitset talvek\u00fclmade eest.\" \/>\n<meta property=\"og:url\" content=\"https:\/\/tallinndesignhouse.com\/toode\/kardigan-lu\/\" \/>\n<meta property=\"og:site_name\" content=\"Tallinn Design House\" \/>\n<meta property=\"article:modified_time\" content=\"2026-04-11T22:00:43+00:00\" \/>\n<meta property=\"og:image\" content=\"https:\/\/tallinndesignhouse.com\/wp-content\/uploads\/2023\/02\/Arni-Blum-Lu-kardigan-turkiis-4.jpg\" \/>\n\t<meta property=\"og:image:width\" content=\"1024\" \/>\n\t<meta property=\"og:image:height\" content=\"1536\" \/>\n\t<meta property=\"og:image:type\" content=\"image\/jpeg\" \/>\n<meta name=\"twitter:card\" content=\"summary_large_image\" \/>\n<meta name=\"twitter:label1\" content=\"Est. reading time\" \/>\n\t<meta name=\"twitter:data1\" content=\"1 minute\" \/>\n<script type=\"application\/ld+json\" class=\"yoast-schema-graph\">{\"@context\":\"https:\/\/schema.org\",\"@graph\":[{\"@type\":\"WebPage\",\"@id\":\"https:\/\/tallinndesignhouse.com\/toode\/kardigan-lu\/\",\"url\":\"https:\/\/tallinndesignhouse.com\/toode\/kardigan-lu\/\",\"name\":\"\u00c4rni Blum Cardigan Lu - Tallinn Design House\",\"isPartOf\":{\"@id\":\"https:\/\/tallinndesignhouse.com\/#website\"},\"primaryImageOfPage\":{\"@id\":\"https:\/\/tallinndesignhouse.com\/toode\/kardigan-lu\/#primaryimage\"},\"image\":{\"@id\":\"https:\/\/tallinndesignhouse.com\/toode\/kardigan-lu\/#primaryimage\"},\"thumbnailUrl\":\"https:\/\/tallinndesignhouse.com\/wp-content\/uploads\/2023\/02\/Arni-Blum-Lu-kardigan-turkiis-4.jpg\",\"datePublished\":\"2023-02-27T18:00:25+00:00\",\"dateModified\":\"2026-04-11T22:00:43+00:00\",\"description\":\"\u00c4rni Blum kardigan Lu. Lummavalt naiselik ja luksuslikult pehme LU kardigan hoiab sind soojas jahedatel suve\u00f5htudel ning pakub kaitset talvek\u00fclmade eest.\",\"breadcrumb\":{\"@id\":\"https:\/\/tallinndesignhouse.com\/toode\/kardigan-lu\/#breadcrumb\"},\"inLanguage\":\"en-US\",\"potentialAction\":[{\"@type\":\"ReadAction\",\"target\":[\"https:\/\/tallinndesignhouse.com\/toode\/kardigan-lu\/\"]}]},{\"@type\":\"ImageObject\",\"inLanguage\":\"en-US\",\"@id\":\"https:\/\/tallinndesignhouse.com\/toode\/kardigan-lu\/#primaryimage\",\"url\":\"https:\/\/tallinndesignhouse.com\/wp-content\/uploads\/2023\/02\/Arni-Blum-Lu-kardigan-turkiis-4.jpg\",\"contentUrl\":\"https:\/\/tallinndesignhouse.com\/wp-content\/uploads\/2023\/02\/Arni-Blum-Lu-kardigan-turkiis-4.jpg\",\"width\":1024,\"height\":1536,\"caption\":\"A\u0308rni-Blum-Lu-kardigan-tu\u0308rkiis-4\"},{\"@type\":\"BreadcrumbList\",\"@id\":\"https:\/\/tallinndesignhouse.com\/toode\/kardigan-lu\/#breadcrumb\",\"itemListElement\":[{\"@type\":\"ListItem\",\"position\":1,\"name\":\"Home\",\"item\":\"https:\/\/tallinndesignhouse.com\/en\/\"},{\"@type\":\"ListItem\",\"position\":2,\"name\":\"Shop\",\"item\":\"https:\/\/tallinndesignhouse.com\/en\/shop\/\"},{\"@type\":\"ListItem\",\"position\":3,\"name\":\"Cardigan Lu\"}]},{\"@type\":\"WebSite\",\"@id\":\"https:\/\/tallinndesignhouse.com\/#website\",\"url\":\"https:\/\/tallinndesignhouse.com\/\",\"name\":\"Tallinn Design House\",\"description\":\"Eesti disain Rotermanni kvartalis\",\"potentialAction\":[{\"@type\":\"SearchAction\",\"target\":{\"@type\":\"EntryPoint\",\"urlTemplate\":\"https:\/\/tallinndesignhouse.com\/?s={search_term_string}\"},\"query-input\":{\"@type\":\"PropertyValueSpecification\",\"valueRequired\":true,\"valueName\":\"search_term_string\"}}],\"inLanguage\":\"en-US\"}]}<\/script>\n<!-- \/ Yoast SEO plugin. -->","yoast_head_json":{"title":"\u00c4rni Blum Cardigan Lu - Tallinn Design House","description":"\u00c4rni Blum kardigan Lu. Lummavalt naiselik ja luksuslikult pehme LU kardigan hoiab sind soojas jahedatel suve\u00f5htudel ning pakub kaitset talvek\u00fclmade eest.","robots":{"index":"index","follow":"follow","max-snippet":"max-snippet:-1","max-image-preview":"max-image-preview:large","max-video-preview":"max-video-preview:-1"},"canonical":"https:\/\/tallinndesignhouse.com\/toode\/kardigan-lu\/","og_locale":"en_US","og_type":"article","og_title":"\u00c4rni Blum Cardigan Lu - Tallinn Design House","og_description":"\u00c4rni Blum kardigan Lu. Lummavalt naiselik ja luksuslikult pehme LU kardigan hoiab sind soojas jahedatel suve\u00f5htudel ning pakub kaitset talvek\u00fclmade eest.","og_url":"https:\/\/tallinndesignhouse.com\/toode\/kardigan-lu\/","og_site_name":"Tallinn Design House","article_modified_time":"2026-04-11T22:00:43+00:00","og_image":[{"width":1024,"height":1536,"url":"https:\/\/tallinndesignhouse.com\/wp-content\/uploads\/2023\/02\/Arni-Blum-Lu-kardigan-turkiis-4.jpg","type":"image\/jpeg"}],"twitter_card":"summary_large_image","twitter_misc":{"Est. reading time":"1 minute"},"schema":{"@context":"https:\/\/schema.org","@graph":[{"@type":"WebPage","@id":"https:\/\/tallinndesignhouse.com\/toode\/kardigan-lu\/","url":"https:\/\/tallinndesignhouse.com\/toode\/kardigan-lu\/","name":"\u00c4rni Blum Cardigan Lu - Tallinn Design House","isPartOf":{"@id":"https:\/\/tallinndesignhouse.com\/#website"},"primaryImageOfPage":{"@id":"https:\/\/tallinndesignhouse.com\/toode\/kardigan-lu\/#primaryimage"},"image":{"@id":"https:\/\/tallinndesignhouse.com\/toode\/kardigan-lu\/#primaryimage"},"thumbnailUrl":"https:\/\/tallinndesignhouse.com\/wp-content\/uploads\/2023\/02\/Arni-Blum-Lu-kardigan-turkiis-4.jpg","datePublished":"2023-02-27T18:00:25+00:00","dateModified":"2026-04-11T22:00:43+00:00","description":"\u00c4rni Blum kardigan Lu. Lummavalt naiselik ja luksuslikult pehme LU kardigan hoiab sind soojas jahedatel suve\u00f5htudel ning pakub kaitset talvek\u00fclmade eest.","breadcrumb":{"@id":"https:\/\/tallinndesignhouse.com\/toode\/kardigan-lu\/#breadcrumb"},"inLanguage":"en-US","potentialAction":[{"@type":"ReadAction","target":["https:\/\/tallinndesignhouse.com\/toode\/kardigan-lu\/"]}]},{"@type":"ImageObject","inLanguage":"en-US","@id":"https:\/\/tallinndesignhouse.com\/toode\/kardigan-lu\/#primaryimage","url":"https:\/\/tallinndesignhouse.com\/wp-content\/uploads\/2023\/02\/Arni-Blum-Lu-kardigan-turkiis-4.jpg","contentUrl":"https:\/\/tallinndesignhouse.com\/wp-content\/uploads\/2023\/02\/Arni-Blum-Lu-kardigan-turkiis-4.jpg","width":1024,"height":1536,"caption":"A\u0308rni-Blum-Lu-kardigan-tu\u0308rkiis-4"},{"@type":"BreadcrumbList","@id":"https:\/\/tallinndesignhouse.com\/toode\/kardigan-lu\/#breadcrumb","itemListElement":[{"@type":"ListItem","position":1,"name":"Home","item":"https:\/\/tallinndesignhouse.com\/en\/"},{"@type":"ListItem","position":2,"name":"Shop","item":"https:\/\/tallinndesignhouse.com\/en\/shop\/"},{"@type":"ListItem","position":3,"name":"Cardigan Lu"}]},{"@type":"WebSite","@id":"https:\/\/tallinndesignhouse.com\/#website","url":"https:\/\/tallinndesignhouse.com\/","name":"Tallinn Design House","description":"Eesti disain Rotermanni kvartalis","potentialAction":[{"@type":"SearchAction","target":{"@type":"EntryPoint","urlTemplate":"https:\/\/tallinndesignhouse.com\/?s={search_term_string}"},"query-input":{"@type":"PropertyValueSpecification","valueRequired":true,"valueName":"search_term_string"}}],"inLanguage":"en-US"}]}},"_links":{"self":[{"href":"https:\/\/tallinndesignhouse.com\/en\/wp-json\/wp\/v2\/product\/3257139","targetHints":{"allow":["GET"]}}],"collection":[{"href":"https:\/\/tallinndesignhouse.com\/en\/wp-json\/wp\/v2\/product"}],"about":[{"href":"https:\/\/tallinndesignhouse.com\/en\/wp-json\/wp\/v2\/types\/product"}],"wp:featuredmedia":[{"embeddable":true,"href":"https:\/\/tallinndesignhouse.com\/en\/wp-json\/wp\/v2\/media\/3293642"}],"wp:attachment":[{"href":"https:\/\/tallinndesignhouse.com\/en\/wp-json\/wp\/v2\/media?parent=3257139"}],"wp:term":[{"taxonomy":"product_brand","embeddable":true,"href":"https:\/\/tallinndesignhouse.com\/en\/wp-json\/wp\/v2\/product_brand?post=3257139"},{"taxonomy":"product_cat","embeddable":true,"href":"https:\/\/tallinndesignhouse.com\/en\/wp-json\/wp\/v2\/product_cat?post=3257139"},{"taxonomy":"product_tag","embeddable":true,"href":"https:\/\/tallinndesignhouse.com\/en\/wp-json\/wp\/v2\/product_tag?post=3257139"}],"curies":[{"name":"wp","href":"https:\/\/api.w.org\/{rel}","templated":true}]}}