{"id":3257274,"date":"2023-02-28T17:00:27","date_gmt":"2023-02-28T15:00:27","guid":{"rendered":"https:\/\/tallinndesignhouse.com\/toode\/line-sormus-5-kiviga-hobe\/"},"modified":"2026-05-14T00:57:59","modified_gmt":"2026-05-13T21:57:59","slug":"line-sormus-5-kiviga-hobe","status":"publish","type":"product","link":"https:\/\/tallinndesignhouse.com\/en\/toode\/line-sormus-5-kiviga-hobe\/","title":{"rendered":"LINE garnet ring in silver"},"content":{"rendered":"<p>LINE Collection is all about classic &#038; minimal design. This silver ring is set with 5 garnets, adding a perfect amount of sparkle to any day and occasion. Width of the ring:\u00a02.5 mm.<\/p>\n","protected":false},"excerpt":{"rendered":"<p>LINE Collection is all about classic &#038; minimal design. This silver ring is set with 5 garnets, adding a perfect amount of sparkle to any day and occasion. Width of the ring:\u00a02.5 mm.<\/p>\n","protected":false},"featured_media":3257221,"template":"","meta":{"_acf_changed":false},"product_brand":[],"product_cat":[3223,3718,2136],"product_tag":[2819],"class_list":{"0":"post-3257274","1":"product","2":"type-product","3":"status-publish","4":"has-post-thumbnail","6":"product_cat-jewellery-en","7":"product_cat-winter-style","8":"product_cat-rings","9":"product_tag-women","10":"pa_brand-kristiina-ploom-jewellery-en","12":"pa_suurus-16-5-en","14":"pa_suurus-17-2","15":"pa_suurus-17-en","19":"first","20":"instock","21":"taxable","22":"shipping-taxable","23":"purchasable","24":"product-type-variable"},"acf":[],"yoast_head":"<!-- This site is optimized with the Yoast SEO plugin v26.0 - https:\/\/yoast.com\/wordpress\/plugins\/seo\/ -->\n<title>Kristiina Ploom LINE garnet ring in silver - Tallinn Design House<\/title>\n<meta name=\"description\" content=\"Kristiina Ploom Jewellery Line s\u00f5rmus 5 kiviga \/ h\u00f5be. Materjal: 925 prooviga h\u00f5be, granaat. Suurus 16.6, s\u00f5rmuse laius 2.5 mm.\" \/>\n<meta name=\"robots\" content=\"index, follow, max-snippet:-1, max-image-preview:large, max-video-preview:-1\" \/>\n<link rel=\"canonical\" href=\"https:\/\/tallinndesignhouse.com\/toode\/line-sormus-5-kiviga-hobe\/\" \/>\n<meta property=\"og:locale\" content=\"en_US\" \/>\n<meta property=\"og:type\" content=\"article\" \/>\n<meta property=\"og:title\" content=\"Kristiina Ploom LINE garnet ring in silver - Tallinn Design House\" \/>\n<meta property=\"og:description\" content=\"Kristiina Ploom Jewellery Line s\u00f5rmus 5 kiviga \/ h\u00f5be. Materjal: 925 prooviga h\u00f5be, granaat. Suurus 16.6, s\u00f5rmuse laius 2.5 mm.\" \/>\n<meta property=\"og:url\" content=\"https:\/\/tallinndesignhouse.com\/toode\/line-sormus-5-kiviga-hobe\/\" \/>\n<meta property=\"og:site_name\" content=\"Tallinn Design House\" \/>\n<meta property=\"article:modified_time\" content=\"2026-05-13T21:57:59+00:00\" \/>\n<meta property=\"og:image\" content=\"https:\/\/tallinndesignhouse.com\/wp-content\/uploads\/2023\/02\/Toode-16-sormus-5-granaadiga-02.jpg\" \/>\n\t<meta property=\"og:image:width\" content=\"1080\" \/>\n\t<meta property=\"og:image:height\" content=\"1350\" \/>\n\t<meta property=\"og:image:type\" content=\"image\/jpeg\" \/>\n<meta name=\"twitter:card\" content=\"summary_large_image\" \/>\n<script type=\"application\/ld+json\" class=\"yoast-schema-graph\">{\"@context\":\"https:\/\/schema.org\",\"@graph\":[{\"@type\":\"WebPage\",\"@id\":\"https:\/\/tallinndesignhouse.com\/toode\/line-sormus-5-kiviga-hobe\/\",\"url\":\"https:\/\/tallinndesignhouse.com\/toode\/line-sormus-5-kiviga-hobe\/\",\"name\":\"Kristiina Ploom LINE garnet ring in silver - Tallinn Design House\",\"isPartOf\":{\"@id\":\"https:\/\/tallinndesignhouse.com\/#website\"},\"primaryImageOfPage\":{\"@id\":\"https:\/\/tallinndesignhouse.com\/toode\/line-sormus-5-kiviga-hobe\/#primaryimage\"},\"image\":{\"@id\":\"https:\/\/tallinndesignhouse.com\/toode\/line-sormus-5-kiviga-hobe\/#primaryimage\"},\"thumbnailUrl\":\"https:\/\/tallinndesignhouse.com\/wp-content\/uploads\/2023\/02\/Toode-16-sormus-5-granaadiga-02.jpg\",\"datePublished\":\"2023-02-28T15:00:27+00:00\",\"dateModified\":\"2026-05-13T21:57:59+00:00\",\"description\":\"Kristiina Ploom Jewellery Line s\u00f5rmus 5 kiviga \/ h\u00f5be. Materjal: 925 prooviga h\u00f5be, granaat. Suurus 16.6, s\u00f5rmuse laius 2.5 mm.\",\"breadcrumb\":{\"@id\":\"https:\/\/tallinndesignhouse.com\/toode\/line-sormus-5-kiviga-hobe\/#breadcrumb\"},\"inLanguage\":\"en-US\",\"potentialAction\":[{\"@type\":\"ReadAction\",\"target\":[\"https:\/\/tallinndesignhouse.com\/toode\/line-sormus-5-kiviga-hobe\/\"]}]},{\"@type\":\"ImageObject\",\"inLanguage\":\"en-US\",\"@id\":\"https:\/\/tallinndesignhouse.com\/toode\/line-sormus-5-kiviga-hobe\/#primaryimage\",\"url\":\"https:\/\/tallinndesignhouse.com\/wp-content\/uploads\/2023\/02\/Toode-16-sormus-5-granaadiga-02.jpg\",\"contentUrl\":\"https:\/\/tallinndesignhouse.com\/wp-content\/uploads\/2023\/02\/Toode-16-sormus-5-granaadiga-02.jpg\",\"width\":1080,\"height\":1350,\"caption\":\"Kristiina Ploom so\u0303rmus 5 granaadiga 02\"},{\"@type\":\"BreadcrumbList\",\"@id\":\"https:\/\/tallinndesignhouse.com\/toode\/line-sormus-5-kiviga-hobe\/#breadcrumb\",\"itemListElement\":[{\"@type\":\"ListItem\",\"position\":1,\"name\":\"Home\",\"item\":\"https:\/\/tallinndesignhouse.com\/en\/\"},{\"@type\":\"ListItem\",\"position\":2,\"name\":\"Shop\",\"item\":\"https:\/\/tallinndesignhouse.com\/en\/shop\/\"},{\"@type\":\"ListItem\",\"position\":3,\"name\":\"LINE garnet ring in silver\"}]},{\"@type\":\"WebSite\",\"@id\":\"https:\/\/tallinndesignhouse.com\/#website\",\"url\":\"https:\/\/tallinndesignhouse.com\/\",\"name\":\"Tallinn Design House\",\"description\":\"Eesti disain Rotermanni kvartalis\",\"potentialAction\":[{\"@type\":\"SearchAction\",\"target\":{\"@type\":\"EntryPoint\",\"urlTemplate\":\"https:\/\/tallinndesignhouse.com\/?s={search_term_string}\"},\"query-input\":{\"@type\":\"PropertyValueSpecification\",\"valueRequired\":true,\"valueName\":\"search_term_string\"}}],\"inLanguage\":\"en-US\"}]}<\/script>\n<!-- \/ Yoast SEO plugin. -->","yoast_head_json":{"title":"Kristiina Ploom LINE garnet ring in silver - Tallinn Design House","description":"Kristiina Ploom Jewellery Line s\u00f5rmus 5 kiviga \/ h\u00f5be. Materjal: 925 prooviga h\u00f5be, granaat. Suurus 16.6, s\u00f5rmuse laius 2.5 mm.","robots":{"index":"index","follow":"follow","max-snippet":"max-snippet:-1","max-image-preview":"max-image-preview:large","max-video-preview":"max-video-preview:-1"},"canonical":"https:\/\/tallinndesignhouse.com\/toode\/line-sormus-5-kiviga-hobe\/","og_locale":"en_US","og_type":"article","og_title":"Kristiina Ploom LINE garnet ring in silver - Tallinn Design House","og_description":"Kristiina Ploom Jewellery Line s\u00f5rmus 5 kiviga \/ h\u00f5be. Materjal: 925 prooviga h\u00f5be, granaat. Suurus 16.6, s\u00f5rmuse laius 2.5 mm.","og_url":"https:\/\/tallinndesignhouse.com\/toode\/line-sormus-5-kiviga-hobe\/","og_site_name":"Tallinn Design House","article_modified_time":"2026-05-13T21:57:59+00:00","og_image":[{"width":1080,"height":1350,"url":"https:\/\/tallinndesignhouse.com\/wp-content\/uploads\/2023\/02\/Toode-16-sormus-5-granaadiga-02.jpg","type":"image\/jpeg"}],"twitter_card":"summary_large_image","schema":{"@context":"https:\/\/schema.org","@graph":[{"@type":"WebPage","@id":"https:\/\/tallinndesignhouse.com\/toode\/line-sormus-5-kiviga-hobe\/","url":"https:\/\/tallinndesignhouse.com\/toode\/line-sormus-5-kiviga-hobe\/","name":"Kristiina Ploom LINE garnet ring in silver - Tallinn Design House","isPartOf":{"@id":"https:\/\/tallinndesignhouse.com\/#website"},"primaryImageOfPage":{"@id":"https:\/\/tallinndesignhouse.com\/toode\/line-sormus-5-kiviga-hobe\/#primaryimage"},"image":{"@id":"https:\/\/tallinndesignhouse.com\/toode\/line-sormus-5-kiviga-hobe\/#primaryimage"},"thumbnailUrl":"https:\/\/tallinndesignhouse.com\/wp-content\/uploads\/2023\/02\/Toode-16-sormus-5-granaadiga-02.jpg","datePublished":"2023-02-28T15:00:27+00:00","dateModified":"2026-05-13T21:57:59+00:00","description":"Kristiina Ploom Jewellery Line s\u00f5rmus 5 kiviga \/ h\u00f5be. Materjal: 925 prooviga h\u00f5be, granaat. Suurus 16.6, s\u00f5rmuse laius 2.5 mm.","breadcrumb":{"@id":"https:\/\/tallinndesignhouse.com\/toode\/line-sormus-5-kiviga-hobe\/#breadcrumb"},"inLanguage":"en-US","potentialAction":[{"@type":"ReadAction","target":["https:\/\/tallinndesignhouse.com\/toode\/line-sormus-5-kiviga-hobe\/"]}]},{"@type":"ImageObject","inLanguage":"en-US","@id":"https:\/\/tallinndesignhouse.com\/toode\/line-sormus-5-kiviga-hobe\/#primaryimage","url":"https:\/\/tallinndesignhouse.com\/wp-content\/uploads\/2023\/02\/Toode-16-sormus-5-granaadiga-02.jpg","contentUrl":"https:\/\/tallinndesignhouse.com\/wp-content\/uploads\/2023\/02\/Toode-16-sormus-5-granaadiga-02.jpg","width":1080,"height":1350,"caption":"Kristiina Ploom so\u0303rmus 5 granaadiga 02"},{"@type":"BreadcrumbList","@id":"https:\/\/tallinndesignhouse.com\/toode\/line-sormus-5-kiviga-hobe\/#breadcrumb","itemListElement":[{"@type":"ListItem","position":1,"name":"Home","item":"https:\/\/tallinndesignhouse.com\/en\/"},{"@type":"ListItem","position":2,"name":"Shop","item":"https:\/\/tallinndesignhouse.com\/en\/shop\/"},{"@type":"ListItem","position":3,"name":"LINE garnet ring in silver"}]},{"@type":"WebSite","@id":"https:\/\/tallinndesignhouse.com\/#website","url":"https:\/\/tallinndesignhouse.com\/","name":"Tallinn Design House","description":"Eesti disain Rotermanni kvartalis","potentialAction":[{"@type":"SearchAction","target":{"@type":"EntryPoint","urlTemplate":"https:\/\/tallinndesignhouse.com\/?s={search_term_string}"},"query-input":{"@type":"PropertyValueSpecification","valueRequired":true,"valueName":"search_term_string"}}],"inLanguage":"en-US"}]}},"_links":{"self":[{"href":"https:\/\/tallinndesignhouse.com\/en\/wp-json\/wp\/v2\/product\/3257274","targetHints":{"allow":["GET"]}}],"collection":[{"href":"https:\/\/tallinndesignhouse.com\/en\/wp-json\/wp\/v2\/product"}],"about":[{"href":"https:\/\/tallinndesignhouse.com\/en\/wp-json\/wp\/v2\/types\/product"}],"wp:featuredmedia":[{"embeddable":true,"href":"https:\/\/tallinndesignhouse.com\/en\/wp-json\/wp\/v2\/media\/3257221"}],"wp:attachment":[{"href":"https:\/\/tallinndesignhouse.com\/en\/wp-json\/wp\/v2\/media?parent=3257274"}],"wp:term":[{"taxonomy":"product_brand","embeddable":true,"href":"https:\/\/tallinndesignhouse.com\/en\/wp-json\/wp\/v2\/product_brand?post=3257274"},{"taxonomy":"product_cat","embeddable":true,"href":"https:\/\/tallinndesignhouse.com\/en\/wp-json\/wp\/v2\/product_cat?post=3257274"},{"taxonomy":"product_tag","embeddable":true,"href":"https:\/\/tallinndesignhouse.com\/en\/wp-json\/wp\/v2\/product_tag?post=3257274"}],"curies":[{"name":"wp","href":"https:\/\/api.w.org\/{rel}","templated":true}]}}