{"id":3258159,"date":"2023-03-14T14:15:10","date_gmt":"2023-03-14T12:15:10","guid":{"rendered":"https:\/\/tallinndesignhouse.com\/toode\/siidist-sall-rukkilillede-ja-karikakardega\/"},"modified":"2026-04-12T00:56:01","modified_gmt":"2026-04-11T21:56:01","slug":"siidist-sall-rukkilillede-ja-karikakardega","status":"publish","type":"product","link":"https:\/\/tallinndesignhouse.com\/en\/toode\/siidist-sall-rukkilillede-ja-karikakardega\/","title":{"rendered":"Silk shawl with cornflowers and daisies"},"content":{"rendered":"<p>Bsurd\u00b4s silk chiffon shawl with cornflowers and daisies on the blue, black and white background. 100% silk chiffon. Size: ~65 x 180 cm. Digitally printed. Hand wash not over 30\u00b0C. Iron the garment or fabric inside out (or wrong side up), or lightly press the silk using the iron through a press cloth placed over the right side of the fabric. Turn the iron to the lowest power possible. Do not press down on the iron. Instead, move quickly and much pressure as possible, concentrating on small sections of the garment before continuing. Never use the steam setting. Most careful way is to make the scarf wet and hang it straight to dry. Do not dry silk in the sun.<\/p>\n","protected":false},"excerpt":{"rendered":"<p>Bsurd\u00b4s silk chiffon shawl with cornflowers and daisies on the blue, black and white background. 100% silk chiffon. Size: ~65 x 180 cm. Digitally printed. Hand wash not over 30\u00b0C. Iron the garment or fabric inside out (or wrong side up), or lightly press the silk using the iron through a press cloth placed over [&hellip;]<\/p>\n","protected":false},"featured_media":3258197,"template":"","meta":{"_acf_changed":false},"product_brand":[],"product_cat":[1972,3296],"product_tag":[2819],"class_list":{"0":"post-3258159","1":"product","2":"type-product","3":"status-publish","4":"has-post-thumbnail","6":"product_cat-headwear-and-scarves","7":"product_cat-accessories-en","8":"product_tag-women","9":"pa_brand-bsurd","10":"pa_brand-bsurd-en","11":"pa_materjal-siid-sifoon","12":"pa_materjal-siid-sifoon-en","13":"pa_mudel-rukkililled","14":"pa_mudel-rye-flowers-en","15":"pa_varv-blue-black-white-en","16":"pa_varv-sinine-must-valge","18":"first","19":"instock","20":"taxable","21":"shipping-taxable","22":"purchasable","23":"product-type-simple"},"acf":[],"yoast_head":"<!-- This site is optimized with the Yoast SEO plugin v26.0 - https:\/\/yoast.com\/wordpress\/plugins\/seo\/ -->\n<title>BSURD Silk shawl with cornflowers and daisies - Tallinn Design House<\/title>\n<meta name=\"description\" content=\"Bsurd siidist sall rukkilillede ja karikakardega. 100% siid \u0161ifoon. Suurus: ~65 x 180cm. Digitaalselt prinditud. K\u00e4sipesu mitte \u00fcle 30\u00b0C.\" \/>\n<meta name=\"robots\" content=\"index, follow, max-snippet:-1, max-image-preview:large, max-video-preview:-1\" \/>\n<link rel=\"canonical\" href=\"https:\/\/tallinndesignhouse.com\/toode\/siidist-sall-rukkilillede-ja-karikakardega\/\" \/>\n<meta property=\"og:locale\" content=\"en_US\" \/>\n<meta property=\"og:type\" content=\"article\" \/>\n<meta property=\"og:title\" content=\"BSURD Silk shawl with cornflowers and daisies - Tallinn Design House\" \/>\n<meta property=\"og:description\" content=\"Bsurd siidist sall rukkilillede ja karikakardega. 100% siid \u0161ifoon. Suurus: ~65 x 180cm. Digitaalselt prinditud. K\u00e4sipesu mitte \u00fcle 30\u00b0C.\" \/>\n<meta property=\"og:url\" content=\"https:\/\/tallinndesignhouse.com\/toode\/siidist-sall-rukkilillede-ja-karikakardega\/\" \/>\n<meta property=\"og:site_name\" content=\"Tallinn Design House\" \/>\n<meta property=\"article:modified_time\" content=\"2026-04-11T21:56:01+00:00\" \/>\n<meta property=\"og:image\" content=\"https:\/\/tallinndesignhouse.com\/wp-content\/uploads\/2023\/03\/Bsurd-Silk-shawl-with-cornflowers-and-daisies.jpg\" \/>\n\t<meta property=\"og:image:width\" content=\"810\" \/>\n\t<meta property=\"og:image:height\" content=\"810\" \/>\n\t<meta property=\"og:image:type\" content=\"image\/jpeg\" \/>\n<meta name=\"twitter:card\" content=\"summary_large_image\" \/>\n<meta name=\"twitter:label1\" content=\"Est. reading time\" \/>\n\t<meta name=\"twitter:data1\" content=\"1 minute\" \/>\n<script type=\"application\/ld+json\" class=\"yoast-schema-graph\">{\"@context\":\"https:\/\/schema.org\",\"@graph\":[{\"@type\":\"WebPage\",\"@id\":\"https:\/\/tallinndesignhouse.com\/toode\/siidist-sall-rukkilillede-ja-karikakardega\/\",\"url\":\"https:\/\/tallinndesignhouse.com\/toode\/siidist-sall-rukkilillede-ja-karikakardega\/\",\"name\":\"BSURD Silk shawl with cornflowers and daisies - Tallinn Design House\",\"isPartOf\":{\"@id\":\"https:\/\/tallinndesignhouse.com\/#website\"},\"primaryImageOfPage\":{\"@id\":\"https:\/\/tallinndesignhouse.com\/toode\/siidist-sall-rukkilillede-ja-karikakardega\/#primaryimage\"},\"image\":{\"@id\":\"https:\/\/tallinndesignhouse.com\/toode\/siidist-sall-rukkilillede-ja-karikakardega\/#primaryimage\"},\"thumbnailUrl\":\"https:\/\/tallinndesignhouse.com\/wp-content\/uploads\/2023\/03\/Bsurd-Silk-shawl-with-cornflowers-and-daisies.jpg\",\"datePublished\":\"2023-03-14T12:15:10+00:00\",\"dateModified\":\"2026-04-11T21:56:01+00:00\",\"description\":\"Bsurd siidist sall rukkilillede ja karikakardega. 100% siid \u0161ifoon. Suurus: ~65 x 180cm. Digitaalselt prinditud. K\u00e4sipesu mitte \u00fcle 30\u00b0C.\",\"breadcrumb\":{\"@id\":\"https:\/\/tallinndesignhouse.com\/toode\/siidist-sall-rukkilillede-ja-karikakardega\/#breadcrumb\"},\"inLanguage\":\"en-US\",\"potentialAction\":[{\"@type\":\"ReadAction\",\"target\":[\"https:\/\/tallinndesignhouse.com\/toode\/siidist-sall-rukkilillede-ja-karikakardega\/\"]}]},{\"@type\":\"ImageObject\",\"inLanguage\":\"en-US\",\"@id\":\"https:\/\/tallinndesignhouse.com\/toode\/siidist-sall-rukkilillede-ja-karikakardega\/#primaryimage\",\"url\":\"https:\/\/tallinndesignhouse.com\/wp-content\/uploads\/2023\/03\/Bsurd-Silk-shawl-with-cornflowers-and-daisies.jpg\",\"contentUrl\":\"https:\/\/tallinndesignhouse.com\/wp-content\/uploads\/2023\/03\/Bsurd-Silk-shawl-with-cornflowers-and-daisies.jpg\",\"width\":810,\"height\":810,\"caption\":\"Bsurd-Silk-shawl-with-cornflowers-and-daisies\"},{\"@type\":\"BreadcrumbList\",\"@id\":\"https:\/\/tallinndesignhouse.com\/toode\/siidist-sall-rukkilillede-ja-karikakardega\/#breadcrumb\",\"itemListElement\":[{\"@type\":\"ListItem\",\"position\":1,\"name\":\"Home\",\"item\":\"https:\/\/tallinndesignhouse.com\/en\/\"},{\"@type\":\"ListItem\",\"position\":2,\"name\":\"Shop\",\"item\":\"https:\/\/tallinndesignhouse.com\/en\/shop\/\"},{\"@type\":\"ListItem\",\"position\":3,\"name\":\"Silk shawl with cornflowers and daisies\"}]},{\"@type\":\"WebSite\",\"@id\":\"https:\/\/tallinndesignhouse.com\/#website\",\"url\":\"https:\/\/tallinndesignhouse.com\/\",\"name\":\"Tallinn Design House\",\"description\":\"Eesti disain Rotermanni kvartalis\",\"potentialAction\":[{\"@type\":\"SearchAction\",\"target\":{\"@type\":\"EntryPoint\",\"urlTemplate\":\"https:\/\/tallinndesignhouse.com\/?s={search_term_string}\"},\"query-input\":{\"@type\":\"PropertyValueSpecification\",\"valueRequired\":true,\"valueName\":\"search_term_string\"}}],\"inLanguage\":\"en-US\"}]}<\/script>\n<!-- \/ Yoast SEO plugin. -->","yoast_head_json":{"title":"BSURD Silk shawl with cornflowers and daisies - Tallinn Design House","description":"Bsurd siidist sall rukkilillede ja karikakardega. 100% siid \u0161ifoon. Suurus: ~65 x 180cm. Digitaalselt prinditud. K\u00e4sipesu mitte \u00fcle 30\u00b0C.","robots":{"index":"index","follow":"follow","max-snippet":"max-snippet:-1","max-image-preview":"max-image-preview:large","max-video-preview":"max-video-preview:-1"},"canonical":"https:\/\/tallinndesignhouse.com\/toode\/siidist-sall-rukkilillede-ja-karikakardega\/","og_locale":"en_US","og_type":"article","og_title":"BSURD Silk shawl with cornflowers and daisies - Tallinn Design House","og_description":"Bsurd siidist sall rukkilillede ja karikakardega. 100% siid \u0161ifoon. Suurus: ~65 x 180cm. Digitaalselt prinditud. K\u00e4sipesu mitte \u00fcle 30\u00b0C.","og_url":"https:\/\/tallinndesignhouse.com\/toode\/siidist-sall-rukkilillede-ja-karikakardega\/","og_site_name":"Tallinn Design House","article_modified_time":"2026-04-11T21:56:01+00:00","og_image":[{"width":810,"height":810,"url":"https:\/\/tallinndesignhouse.com\/wp-content\/uploads\/2023\/03\/Bsurd-Silk-shawl-with-cornflowers-and-daisies.jpg","type":"image\/jpeg"}],"twitter_card":"summary_large_image","twitter_misc":{"Est. reading time":"1 minute"},"schema":{"@context":"https:\/\/schema.org","@graph":[{"@type":"WebPage","@id":"https:\/\/tallinndesignhouse.com\/toode\/siidist-sall-rukkilillede-ja-karikakardega\/","url":"https:\/\/tallinndesignhouse.com\/toode\/siidist-sall-rukkilillede-ja-karikakardega\/","name":"BSURD Silk shawl with cornflowers and daisies - Tallinn Design House","isPartOf":{"@id":"https:\/\/tallinndesignhouse.com\/#website"},"primaryImageOfPage":{"@id":"https:\/\/tallinndesignhouse.com\/toode\/siidist-sall-rukkilillede-ja-karikakardega\/#primaryimage"},"image":{"@id":"https:\/\/tallinndesignhouse.com\/toode\/siidist-sall-rukkilillede-ja-karikakardega\/#primaryimage"},"thumbnailUrl":"https:\/\/tallinndesignhouse.com\/wp-content\/uploads\/2023\/03\/Bsurd-Silk-shawl-with-cornflowers-and-daisies.jpg","datePublished":"2023-03-14T12:15:10+00:00","dateModified":"2026-04-11T21:56:01+00:00","description":"Bsurd siidist sall rukkilillede ja karikakardega. 100% siid \u0161ifoon. Suurus: ~65 x 180cm. Digitaalselt prinditud. K\u00e4sipesu mitte \u00fcle 30\u00b0C.","breadcrumb":{"@id":"https:\/\/tallinndesignhouse.com\/toode\/siidist-sall-rukkilillede-ja-karikakardega\/#breadcrumb"},"inLanguage":"en-US","potentialAction":[{"@type":"ReadAction","target":["https:\/\/tallinndesignhouse.com\/toode\/siidist-sall-rukkilillede-ja-karikakardega\/"]}]},{"@type":"ImageObject","inLanguage":"en-US","@id":"https:\/\/tallinndesignhouse.com\/toode\/siidist-sall-rukkilillede-ja-karikakardega\/#primaryimage","url":"https:\/\/tallinndesignhouse.com\/wp-content\/uploads\/2023\/03\/Bsurd-Silk-shawl-with-cornflowers-and-daisies.jpg","contentUrl":"https:\/\/tallinndesignhouse.com\/wp-content\/uploads\/2023\/03\/Bsurd-Silk-shawl-with-cornflowers-and-daisies.jpg","width":810,"height":810,"caption":"Bsurd-Silk-shawl-with-cornflowers-and-daisies"},{"@type":"BreadcrumbList","@id":"https:\/\/tallinndesignhouse.com\/toode\/siidist-sall-rukkilillede-ja-karikakardega\/#breadcrumb","itemListElement":[{"@type":"ListItem","position":1,"name":"Home","item":"https:\/\/tallinndesignhouse.com\/en\/"},{"@type":"ListItem","position":2,"name":"Shop","item":"https:\/\/tallinndesignhouse.com\/en\/shop\/"},{"@type":"ListItem","position":3,"name":"Silk shawl with cornflowers and daisies"}]},{"@type":"WebSite","@id":"https:\/\/tallinndesignhouse.com\/#website","url":"https:\/\/tallinndesignhouse.com\/","name":"Tallinn Design House","description":"Eesti disain Rotermanni kvartalis","potentialAction":[{"@type":"SearchAction","target":{"@type":"EntryPoint","urlTemplate":"https:\/\/tallinndesignhouse.com\/?s={search_term_string}"},"query-input":{"@type":"PropertyValueSpecification","valueRequired":true,"valueName":"search_term_string"}}],"inLanguage":"en-US"}]}},"_links":{"self":[{"href":"https:\/\/tallinndesignhouse.com\/en\/wp-json\/wp\/v2\/product\/3258159","targetHints":{"allow":["GET"]}}],"collection":[{"href":"https:\/\/tallinndesignhouse.com\/en\/wp-json\/wp\/v2\/product"}],"about":[{"href":"https:\/\/tallinndesignhouse.com\/en\/wp-json\/wp\/v2\/types\/product"}],"wp:featuredmedia":[{"embeddable":true,"href":"https:\/\/tallinndesignhouse.com\/en\/wp-json\/wp\/v2\/media\/3258197"}],"wp:attachment":[{"href":"https:\/\/tallinndesignhouse.com\/en\/wp-json\/wp\/v2\/media?parent=3258159"}],"wp:term":[{"taxonomy":"product_brand","embeddable":true,"href":"https:\/\/tallinndesignhouse.com\/en\/wp-json\/wp\/v2\/product_brand?post=3258159"},{"taxonomy":"product_cat","embeddable":true,"href":"https:\/\/tallinndesignhouse.com\/en\/wp-json\/wp\/v2\/product_cat?post=3258159"},{"taxonomy":"product_tag","embeddable":true,"href":"https:\/\/tallinndesignhouse.com\/en\/wp-json\/wp\/v2\/product_tag?post=3258159"}],"curies":[{"name":"wp","href":"https:\/\/api.w.org\/{rel}","templated":true}]}}