{"id":3258203,"date":"2023-03-14T14:30:12","date_gmt":"2023-03-14T12:30:12","guid":{"rendered":"https:\/\/tallinndesignhouse.com\/toode\/siidiratik-varviliste-lilledega\/"},"modified":"2026-04-12T00:56:00","modified_gmt":"2026-04-11T21:56:00","slug":"siidiratik-varviliste-lilledega","status":"publish","type":"product","link":"https:\/\/tallinndesignhouse.com\/en\/toode\/siidiratik-varviliste-lilledega\/","title":{"rendered":"Silk scarf with flowers"},"content":{"rendered":"<p>Bsurd black silk scarf with colorful flowers. Material: 100% silk twill. Digitally printed. Size: ~90 x 90 cm. Handwash not over 30\u00b0C. Iron the garment or fabric inside out (or wrong side up), or lightly press the silk using the iron through a press cloth placed over the right side of the fabric. Turn the iron to the lowest power possible. Do not press down on the iron. Instead, move quickly and much pressure as possible, concentrating on small sections of the garment before continuing. Never use the steam setting. Most careful way is to make the scarf wet and hang it straight to dry. Do not dry silk in the sun.<\/p>\n","protected":false},"excerpt":{"rendered":"<p>Bsurd black silk scarf with colorful flowers. Material: 100% silk twill. Digitally printed. Size: ~90 x 90 cm. Handwash not over 30\u00b0C. Iron the garment or fabric inside out (or wrong side up), or lightly press the silk using the iron through a press cloth placed over the right side of the fabric. Turn the [&hellip;]<\/p>\n","protected":false},"featured_media":3258179,"template":"","meta":{"_acf_changed":false},"product_brand":[],"product_cat":[1972,3296],"product_tag":[2819],"class_list":{"0":"post-3258203","1":"product","2":"type-product","3":"status-publish","4":"has-post-thumbnail","6":"product_cat-headwear-and-scarves","7":"product_cat-accessories-en","8":"product_tag-women","9":"pa_brand-bsurd-en","10":"pa_brand-bsurd","12":"first","13":"instock","14":"taxable","15":"shipping-taxable","16":"purchasable","17":"product-type-simple"},"acf":[],"yoast_head":"<!-- This site is optimized with the Yoast SEO plugin v26.0 - https:\/\/yoast.com\/wordpress\/plugins\/seo\/ -->\n<title>Bsurd Silk scarf with flowers - Tallinn Design House<\/title>\n<meta name=\"description\" content=\"Bsurd siidir\u00e4tik v\u00e4rviliste lilledega. Materjal: 100% siid tvill. Suurus: ~90 x 90 cm. Digitaalselt prinditud. K\u00e4sipesu mitte \u00fcle 30\u00b0C.\" \/>\n<meta name=\"robots\" content=\"index, follow, max-snippet:-1, max-image-preview:large, max-video-preview:-1\" \/>\n<link rel=\"canonical\" href=\"https:\/\/tallinndesignhouse.com\/toode\/siidiratik-varviliste-lilledega\/\" \/>\n<meta property=\"og:locale\" content=\"en_US\" \/>\n<meta property=\"og:type\" content=\"article\" \/>\n<meta property=\"og:title\" content=\"Bsurd Silk scarf with flowers - Tallinn Design House\" \/>\n<meta property=\"og:description\" content=\"Bsurd siidir\u00e4tik v\u00e4rviliste lilledega. Materjal: 100% siid tvill. Suurus: ~90 x 90 cm. Digitaalselt prinditud. K\u00e4sipesu mitte \u00fcle 30\u00b0C.\" \/>\n<meta property=\"og:url\" content=\"https:\/\/tallinndesignhouse.com\/toode\/siidiratik-varviliste-lilledega\/\" \/>\n<meta property=\"og:site_name\" content=\"Tallinn Design House\" \/>\n<meta property=\"article:modified_time\" content=\"2026-04-11T21:56:00+00:00\" \/>\n<meta property=\"og:image\" content=\"https:\/\/tallinndesignhouse.com\/wp-content\/uploads\/2023\/03\/Bsurd-Silk-scarf-with-flowers.jpg\" \/>\n\t<meta property=\"og:image:width\" content=\"1500\" \/>\n\t<meta property=\"og:image:height\" content=\"1500\" \/>\n\t<meta property=\"og:image:type\" content=\"image\/jpeg\" \/>\n<meta name=\"twitter:card\" content=\"summary_large_image\" \/>\n<meta name=\"twitter:label1\" content=\"Est. reading time\" \/>\n\t<meta name=\"twitter:data1\" content=\"1 minute\" \/>\n<script type=\"application\/ld+json\" class=\"yoast-schema-graph\">{\"@context\":\"https:\/\/schema.org\",\"@graph\":[{\"@type\":\"WebPage\",\"@id\":\"https:\/\/tallinndesignhouse.com\/toode\/siidiratik-varviliste-lilledega\/\",\"url\":\"https:\/\/tallinndesignhouse.com\/toode\/siidiratik-varviliste-lilledega\/\",\"name\":\"Bsurd Silk scarf with flowers - Tallinn Design House\",\"isPartOf\":{\"@id\":\"https:\/\/tallinndesignhouse.com\/#website\"},\"primaryImageOfPage\":{\"@id\":\"https:\/\/tallinndesignhouse.com\/toode\/siidiratik-varviliste-lilledega\/#primaryimage\"},\"image\":{\"@id\":\"https:\/\/tallinndesignhouse.com\/toode\/siidiratik-varviliste-lilledega\/#primaryimage\"},\"thumbnailUrl\":\"https:\/\/tallinndesignhouse.com\/wp-content\/uploads\/2023\/03\/Bsurd-Silk-scarf-with-flowers.jpg\",\"datePublished\":\"2023-03-14T12:30:12+00:00\",\"dateModified\":\"2026-04-11T21:56:00+00:00\",\"description\":\"Bsurd siidir\u00e4tik v\u00e4rviliste lilledega. Materjal: 100% siid tvill. Suurus: ~90 x 90 cm. Digitaalselt prinditud. K\u00e4sipesu mitte \u00fcle 30\u00b0C.\",\"breadcrumb\":{\"@id\":\"https:\/\/tallinndesignhouse.com\/toode\/siidiratik-varviliste-lilledega\/#breadcrumb\"},\"inLanguage\":\"en-US\",\"potentialAction\":[{\"@type\":\"ReadAction\",\"target\":[\"https:\/\/tallinndesignhouse.com\/toode\/siidiratik-varviliste-lilledega\/\"]}]},{\"@type\":\"ImageObject\",\"inLanguage\":\"en-US\",\"@id\":\"https:\/\/tallinndesignhouse.com\/toode\/siidiratik-varviliste-lilledega\/#primaryimage\",\"url\":\"https:\/\/tallinndesignhouse.com\/wp-content\/uploads\/2023\/03\/Bsurd-Silk-scarf-with-flowers.jpg\",\"contentUrl\":\"https:\/\/tallinndesignhouse.com\/wp-content\/uploads\/2023\/03\/Bsurd-Silk-scarf-with-flowers.jpg\",\"width\":1500,\"height\":1500,\"caption\":\"Bsurd-Silk-scarf-with-flowers\"},{\"@type\":\"BreadcrumbList\",\"@id\":\"https:\/\/tallinndesignhouse.com\/toode\/siidiratik-varviliste-lilledega\/#breadcrumb\",\"itemListElement\":[{\"@type\":\"ListItem\",\"position\":1,\"name\":\"Home\",\"item\":\"https:\/\/tallinndesignhouse.com\/en\/\"},{\"@type\":\"ListItem\",\"position\":2,\"name\":\"Shop\",\"item\":\"https:\/\/tallinndesignhouse.com\/en\/shop\/\"},{\"@type\":\"ListItem\",\"position\":3,\"name\":\"Silk scarf with flowers\"}]},{\"@type\":\"WebSite\",\"@id\":\"https:\/\/tallinndesignhouse.com\/#website\",\"url\":\"https:\/\/tallinndesignhouse.com\/\",\"name\":\"Tallinn Design House\",\"description\":\"Eesti disain Rotermanni kvartalis\",\"potentialAction\":[{\"@type\":\"SearchAction\",\"target\":{\"@type\":\"EntryPoint\",\"urlTemplate\":\"https:\/\/tallinndesignhouse.com\/?s={search_term_string}\"},\"query-input\":{\"@type\":\"PropertyValueSpecification\",\"valueRequired\":true,\"valueName\":\"search_term_string\"}}],\"inLanguage\":\"en-US\"}]}<\/script>\n<!-- \/ Yoast SEO plugin. -->","yoast_head_json":{"title":"Bsurd Silk scarf with flowers - Tallinn Design House","description":"Bsurd siidir\u00e4tik v\u00e4rviliste lilledega. Materjal: 100% siid tvill. Suurus: ~90 x 90 cm. Digitaalselt prinditud. K\u00e4sipesu mitte \u00fcle 30\u00b0C.","robots":{"index":"index","follow":"follow","max-snippet":"max-snippet:-1","max-image-preview":"max-image-preview:large","max-video-preview":"max-video-preview:-1"},"canonical":"https:\/\/tallinndesignhouse.com\/toode\/siidiratik-varviliste-lilledega\/","og_locale":"en_US","og_type":"article","og_title":"Bsurd Silk scarf with flowers - Tallinn Design House","og_description":"Bsurd siidir\u00e4tik v\u00e4rviliste lilledega. Materjal: 100% siid tvill. Suurus: ~90 x 90 cm. Digitaalselt prinditud. K\u00e4sipesu mitte \u00fcle 30\u00b0C.","og_url":"https:\/\/tallinndesignhouse.com\/toode\/siidiratik-varviliste-lilledega\/","og_site_name":"Tallinn Design House","article_modified_time":"2026-04-11T21:56:00+00:00","og_image":[{"width":1500,"height":1500,"url":"https:\/\/tallinndesignhouse.com\/wp-content\/uploads\/2023\/03\/Bsurd-Silk-scarf-with-flowers.jpg","type":"image\/jpeg"}],"twitter_card":"summary_large_image","twitter_misc":{"Est. reading time":"1 minute"},"schema":{"@context":"https:\/\/schema.org","@graph":[{"@type":"WebPage","@id":"https:\/\/tallinndesignhouse.com\/toode\/siidiratik-varviliste-lilledega\/","url":"https:\/\/tallinndesignhouse.com\/toode\/siidiratik-varviliste-lilledega\/","name":"Bsurd Silk scarf with flowers - Tallinn Design House","isPartOf":{"@id":"https:\/\/tallinndesignhouse.com\/#website"},"primaryImageOfPage":{"@id":"https:\/\/tallinndesignhouse.com\/toode\/siidiratik-varviliste-lilledega\/#primaryimage"},"image":{"@id":"https:\/\/tallinndesignhouse.com\/toode\/siidiratik-varviliste-lilledega\/#primaryimage"},"thumbnailUrl":"https:\/\/tallinndesignhouse.com\/wp-content\/uploads\/2023\/03\/Bsurd-Silk-scarf-with-flowers.jpg","datePublished":"2023-03-14T12:30:12+00:00","dateModified":"2026-04-11T21:56:00+00:00","description":"Bsurd siidir\u00e4tik v\u00e4rviliste lilledega. Materjal: 100% siid tvill. Suurus: ~90 x 90 cm. Digitaalselt prinditud. K\u00e4sipesu mitte \u00fcle 30\u00b0C.","breadcrumb":{"@id":"https:\/\/tallinndesignhouse.com\/toode\/siidiratik-varviliste-lilledega\/#breadcrumb"},"inLanguage":"en-US","potentialAction":[{"@type":"ReadAction","target":["https:\/\/tallinndesignhouse.com\/toode\/siidiratik-varviliste-lilledega\/"]}]},{"@type":"ImageObject","inLanguage":"en-US","@id":"https:\/\/tallinndesignhouse.com\/toode\/siidiratik-varviliste-lilledega\/#primaryimage","url":"https:\/\/tallinndesignhouse.com\/wp-content\/uploads\/2023\/03\/Bsurd-Silk-scarf-with-flowers.jpg","contentUrl":"https:\/\/tallinndesignhouse.com\/wp-content\/uploads\/2023\/03\/Bsurd-Silk-scarf-with-flowers.jpg","width":1500,"height":1500,"caption":"Bsurd-Silk-scarf-with-flowers"},{"@type":"BreadcrumbList","@id":"https:\/\/tallinndesignhouse.com\/toode\/siidiratik-varviliste-lilledega\/#breadcrumb","itemListElement":[{"@type":"ListItem","position":1,"name":"Home","item":"https:\/\/tallinndesignhouse.com\/en\/"},{"@type":"ListItem","position":2,"name":"Shop","item":"https:\/\/tallinndesignhouse.com\/en\/shop\/"},{"@type":"ListItem","position":3,"name":"Silk scarf with flowers"}]},{"@type":"WebSite","@id":"https:\/\/tallinndesignhouse.com\/#website","url":"https:\/\/tallinndesignhouse.com\/","name":"Tallinn Design House","description":"Eesti disain Rotermanni kvartalis","potentialAction":[{"@type":"SearchAction","target":{"@type":"EntryPoint","urlTemplate":"https:\/\/tallinndesignhouse.com\/?s={search_term_string}"},"query-input":{"@type":"PropertyValueSpecification","valueRequired":true,"valueName":"search_term_string"}}],"inLanguage":"en-US"}]}},"_links":{"self":[{"href":"https:\/\/tallinndesignhouse.com\/en\/wp-json\/wp\/v2\/product\/3258203","targetHints":{"allow":["GET"]}}],"collection":[{"href":"https:\/\/tallinndesignhouse.com\/en\/wp-json\/wp\/v2\/product"}],"about":[{"href":"https:\/\/tallinndesignhouse.com\/en\/wp-json\/wp\/v2\/types\/product"}],"wp:featuredmedia":[{"embeddable":true,"href":"https:\/\/tallinndesignhouse.com\/en\/wp-json\/wp\/v2\/media\/3258179"}],"wp:attachment":[{"href":"https:\/\/tallinndesignhouse.com\/en\/wp-json\/wp\/v2\/media?parent=3258203"}],"wp:term":[{"taxonomy":"product_brand","embeddable":true,"href":"https:\/\/tallinndesignhouse.com\/en\/wp-json\/wp\/v2\/product_brand?post=3258203"},{"taxonomy":"product_cat","embeddable":true,"href":"https:\/\/tallinndesignhouse.com\/en\/wp-json\/wp\/v2\/product_cat?post=3258203"},{"taxonomy":"product_tag","embeddable":true,"href":"https:\/\/tallinndesignhouse.com\/en\/wp-json\/wp\/v2\/product_tag?post=3258203"}],"curies":[{"name":"wp","href":"https:\/\/api.w.org\/{rel}","templated":true}]}}