{"id":3259090,"date":"2023-03-30T09:45:08","date_gmt":"2023-03-30T06:45:08","guid":{"rendered":"https:\/\/tallinndesignhouse.com\/toode\/korvarongad-lumelilled-3d-m-hobe-925\/"},"modified":"2026-04-13T01:03:40","modified_gmt":"2026-04-12T22:03:40","slug":"korvarongad-lumelilled-3d-m-hobe-925","status":"publish","type":"product","link":"https:\/\/tallinndesignhouse.com\/en\/toode\/korvarongad-lumelilled-3d-m-hobe-925\/","title":{"rendered":"Earrings Snowflowers 3D, M silver 925"},"content":{"rendered":"<p>Snowflowers 3D collection was created for Tallinn Fashion Week 2022. The timeless design of Snowflowers has grown from flat to life-size. The earrings are 3D printed with silver. The diameter of the earrings is 1.5 cm.<\/p>\n","protected":false},"excerpt":{"rendered":"<p>Snowflowers 3D collection was created for Tallinn Fashion Week 2022. The timeless design of Snowflowers has grown from flat to life-size. The earrings are 3D printed with silver. The diameter of the earrings is 1.5 cm.<\/p>\n","protected":false},"featured_media":3259082,"template":"","meta":{"_acf_changed":false},"product_brand":[],"product_cat":[1955,3223],"product_tag":[2819],"class_list":{"0":"post-3259090","1":"product","2":"type-product","3":"status-publish","4":"has-post-thumbnail","6":"product_cat-earrings","7":"product_cat-jewellery-en","8":"product_tag-women","9":"pa_brand-anneli-tammik-jewellery-en","10":"pa_brand-anneli-tammik-jewellery","11":"pa_varv-black-en","12":"pa_varv-blue-en","13":"pa_varv-kollane","14":"pa_varv-must","15":"pa_varv-pink-en","16":"pa_varv-ploom","17":"pa_varv-plum-en","18":"pa_varv-punane","19":"pa_varv-red-en","20":"pa_varv-roosa","21":"pa_varv-sinine","22":"pa_varv-yellow-en","24":"first","25":"instock","26":"taxable","27":"shipping-taxable","28":"purchasable","29":"product-type-simple"},"acf":[],"yoast_head":"<!-- This site is optimized with the Yoast SEO plugin v26.0 - https:\/\/yoast.com\/wordpress\/plugins\/seo\/ -->\n<title>Anneli Tammik Earrings Snowflowers 3D, M silver 925 - Tallinn Design House<\/title>\n<meta name=\"description\" content=\"Anneli Tammik K\u00f5rvar\u00f5ngad Lumelilled 3D M h\u00f5be 925. K\u00f5rvar\u00f5ngad on 3D prinditud h\u00f5bedast. K\u00f5rvar\u00f5ngaste diameeter 1,5 cm.\" \/>\n<meta name=\"robots\" content=\"index, follow, max-snippet:-1, max-image-preview:large, max-video-preview:-1\" \/>\n<link rel=\"canonical\" href=\"https:\/\/tallinndesignhouse.com\/toode\/korvarongad-lumelilled-3d-m-hobe-925\/\" \/>\n<meta property=\"og:locale\" content=\"en_US\" \/>\n<meta property=\"og:type\" content=\"article\" \/>\n<meta property=\"og:title\" content=\"Anneli Tammik Earrings Snowflowers 3D, M silver 925 - Tallinn Design House\" \/>\n<meta property=\"og:description\" content=\"Anneli Tammik K\u00f5rvar\u00f5ngad Lumelilled 3D M h\u00f5be 925. K\u00f5rvar\u00f5ngad on 3D prinditud h\u00f5bedast. K\u00f5rvar\u00f5ngaste diameeter 1,5 cm.\" \/>\n<meta property=\"og:url\" content=\"https:\/\/tallinndesignhouse.com\/toode\/korvarongad-lumelilled-3d-m-hobe-925\/\" \/>\n<meta property=\"og:site_name\" content=\"Tallinn Design House\" \/>\n<meta property=\"article:modified_time\" content=\"2026-04-12T22:03:40+00:00\" \/>\n<meta property=\"og:image\" content=\"https:\/\/tallinndesignhouse.com\/wp-content\/uploads\/2023\/03\/Anneli-Tammik-Lumelilled-3D-M-hobe-925.jpg\" \/>\n\t<meta property=\"og:image:width\" content=\"1080\" \/>\n\t<meta property=\"og:image:height\" content=\"1350\" \/>\n\t<meta property=\"og:image:type\" content=\"image\/jpeg\" \/>\n<meta name=\"twitter:card\" content=\"summary_large_image\" \/>\n<script type=\"application\/ld+json\" class=\"yoast-schema-graph\">{\"@context\":\"https:\/\/schema.org\",\"@graph\":[{\"@type\":\"WebPage\",\"@id\":\"https:\/\/tallinndesignhouse.com\/toode\/korvarongad-lumelilled-3d-m-hobe-925\/\",\"url\":\"https:\/\/tallinndesignhouse.com\/toode\/korvarongad-lumelilled-3d-m-hobe-925\/\",\"name\":\"Anneli Tammik Earrings Snowflowers 3D, M silver 925 - Tallinn Design House\",\"isPartOf\":{\"@id\":\"https:\/\/tallinndesignhouse.com\/#website\"},\"primaryImageOfPage\":{\"@id\":\"https:\/\/tallinndesignhouse.com\/toode\/korvarongad-lumelilled-3d-m-hobe-925\/#primaryimage\"},\"image\":{\"@id\":\"https:\/\/tallinndesignhouse.com\/toode\/korvarongad-lumelilled-3d-m-hobe-925\/#primaryimage\"},\"thumbnailUrl\":\"https:\/\/tallinndesignhouse.com\/wp-content\/uploads\/2023\/03\/Anneli-Tammik-Lumelilled-3D-M-hobe-925.jpg\",\"datePublished\":\"2023-03-30T06:45:08+00:00\",\"dateModified\":\"2026-04-12T22:03:40+00:00\",\"description\":\"Anneli Tammik K\u00f5rvar\u00f5ngad Lumelilled 3D M h\u00f5be 925. K\u00f5rvar\u00f5ngad on 3D prinditud h\u00f5bedast. K\u00f5rvar\u00f5ngaste diameeter 1,5 cm.\",\"breadcrumb\":{\"@id\":\"https:\/\/tallinndesignhouse.com\/toode\/korvarongad-lumelilled-3d-m-hobe-925\/#breadcrumb\"},\"inLanguage\":\"en-US\",\"potentialAction\":[{\"@type\":\"ReadAction\",\"target\":[\"https:\/\/tallinndesignhouse.com\/toode\/korvarongad-lumelilled-3d-m-hobe-925\/\"]}]},{\"@type\":\"ImageObject\",\"inLanguage\":\"en-US\",\"@id\":\"https:\/\/tallinndesignhouse.com\/toode\/korvarongad-lumelilled-3d-m-hobe-925\/#primaryimage\",\"url\":\"https:\/\/tallinndesignhouse.com\/wp-content\/uploads\/2023\/03\/Anneli-Tammik-Lumelilled-3D-M-hobe-925.jpg\",\"contentUrl\":\"https:\/\/tallinndesignhouse.com\/wp-content\/uploads\/2023\/03\/Anneli-Tammik-Lumelilled-3D-M-hobe-925.jpg\",\"width\":1080,\"height\":1350,\"caption\":\"Anneli-Tammik-Lumelilled-3D-M-ho\u0303be-925\"},{\"@type\":\"BreadcrumbList\",\"@id\":\"https:\/\/tallinndesignhouse.com\/toode\/korvarongad-lumelilled-3d-m-hobe-925\/#breadcrumb\",\"itemListElement\":[{\"@type\":\"ListItem\",\"position\":1,\"name\":\"Home\",\"item\":\"https:\/\/tallinndesignhouse.com\/en\/\"},{\"@type\":\"ListItem\",\"position\":2,\"name\":\"Shop\",\"item\":\"https:\/\/tallinndesignhouse.com\/en\/shop\/\"},{\"@type\":\"ListItem\",\"position\":3,\"name\":\"Earrings Snowflowers 3D, M silver 925\"}]},{\"@type\":\"WebSite\",\"@id\":\"https:\/\/tallinndesignhouse.com\/#website\",\"url\":\"https:\/\/tallinndesignhouse.com\/\",\"name\":\"Tallinn Design House\",\"description\":\"Eesti disain Rotermanni kvartalis\",\"potentialAction\":[{\"@type\":\"SearchAction\",\"target\":{\"@type\":\"EntryPoint\",\"urlTemplate\":\"https:\/\/tallinndesignhouse.com\/?s={search_term_string}\"},\"query-input\":{\"@type\":\"PropertyValueSpecification\",\"valueRequired\":true,\"valueName\":\"search_term_string\"}}],\"inLanguage\":\"en-US\"}]}<\/script>\n<!-- \/ Yoast SEO plugin. -->","yoast_head_json":{"title":"Anneli Tammik Earrings Snowflowers 3D, M silver 925 - Tallinn Design House","description":"Anneli Tammik K\u00f5rvar\u00f5ngad Lumelilled 3D M h\u00f5be 925. K\u00f5rvar\u00f5ngad on 3D prinditud h\u00f5bedast. K\u00f5rvar\u00f5ngaste diameeter 1,5 cm.","robots":{"index":"index","follow":"follow","max-snippet":"max-snippet:-1","max-image-preview":"max-image-preview:large","max-video-preview":"max-video-preview:-1"},"canonical":"https:\/\/tallinndesignhouse.com\/toode\/korvarongad-lumelilled-3d-m-hobe-925\/","og_locale":"en_US","og_type":"article","og_title":"Anneli Tammik Earrings Snowflowers 3D, M silver 925 - Tallinn Design House","og_description":"Anneli Tammik K\u00f5rvar\u00f5ngad Lumelilled 3D M h\u00f5be 925. K\u00f5rvar\u00f5ngad on 3D prinditud h\u00f5bedast. K\u00f5rvar\u00f5ngaste diameeter 1,5 cm.","og_url":"https:\/\/tallinndesignhouse.com\/toode\/korvarongad-lumelilled-3d-m-hobe-925\/","og_site_name":"Tallinn Design House","article_modified_time":"2026-04-12T22:03:40+00:00","og_image":[{"width":1080,"height":1350,"url":"https:\/\/tallinndesignhouse.com\/wp-content\/uploads\/2023\/03\/Anneli-Tammik-Lumelilled-3D-M-hobe-925.jpg","type":"image\/jpeg"}],"twitter_card":"summary_large_image","schema":{"@context":"https:\/\/schema.org","@graph":[{"@type":"WebPage","@id":"https:\/\/tallinndesignhouse.com\/toode\/korvarongad-lumelilled-3d-m-hobe-925\/","url":"https:\/\/tallinndesignhouse.com\/toode\/korvarongad-lumelilled-3d-m-hobe-925\/","name":"Anneli Tammik Earrings Snowflowers 3D, M silver 925 - Tallinn Design House","isPartOf":{"@id":"https:\/\/tallinndesignhouse.com\/#website"},"primaryImageOfPage":{"@id":"https:\/\/tallinndesignhouse.com\/toode\/korvarongad-lumelilled-3d-m-hobe-925\/#primaryimage"},"image":{"@id":"https:\/\/tallinndesignhouse.com\/toode\/korvarongad-lumelilled-3d-m-hobe-925\/#primaryimage"},"thumbnailUrl":"https:\/\/tallinndesignhouse.com\/wp-content\/uploads\/2023\/03\/Anneli-Tammik-Lumelilled-3D-M-hobe-925.jpg","datePublished":"2023-03-30T06:45:08+00:00","dateModified":"2026-04-12T22:03:40+00:00","description":"Anneli Tammik K\u00f5rvar\u00f5ngad Lumelilled 3D M h\u00f5be 925. K\u00f5rvar\u00f5ngad on 3D prinditud h\u00f5bedast. K\u00f5rvar\u00f5ngaste diameeter 1,5 cm.","breadcrumb":{"@id":"https:\/\/tallinndesignhouse.com\/toode\/korvarongad-lumelilled-3d-m-hobe-925\/#breadcrumb"},"inLanguage":"en-US","potentialAction":[{"@type":"ReadAction","target":["https:\/\/tallinndesignhouse.com\/toode\/korvarongad-lumelilled-3d-m-hobe-925\/"]}]},{"@type":"ImageObject","inLanguage":"en-US","@id":"https:\/\/tallinndesignhouse.com\/toode\/korvarongad-lumelilled-3d-m-hobe-925\/#primaryimage","url":"https:\/\/tallinndesignhouse.com\/wp-content\/uploads\/2023\/03\/Anneli-Tammik-Lumelilled-3D-M-hobe-925.jpg","contentUrl":"https:\/\/tallinndesignhouse.com\/wp-content\/uploads\/2023\/03\/Anneli-Tammik-Lumelilled-3D-M-hobe-925.jpg","width":1080,"height":1350,"caption":"Anneli-Tammik-Lumelilled-3D-M-ho\u0303be-925"},{"@type":"BreadcrumbList","@id":"https:\/\/tallinndesignhouse.com\/toode\/korvarongad-lumelilled-3d-m-hobe-925\/#breadcrumb","itemListElement":[{"@type":"ListItem","position":1,"name":"Home","item":"https:\/\/tallinndesignhouse.com\/en\/"},{"@type":"ListItem","position":2,"name":"Shop","item":"https:\/\/tallinndesignhouse.com\/en\/shop\/"},{"@type":"ListItem","position":3,"name":"Earrings Snowflowers 3D, M silver 925"}]},{"@type":"WebSite","@id":"https:\/\/tallinndesignhouse.com\/#website","url":"https:\/\/tallinndesignhouse.com\/","name":"Tallinn Design House","description":"Eesti disain Rotermanni kvartalis","potentialAction":[{"@type":"SearchAction","target":{"@type":"EntryPoint","urlTemplate":"https:\/\/tallinndesignhouse.com\/?s={search_term_string}"},"query-input":{"@type":"PropertyValueSpecification","valueRequired":true,"valueName":"search_term_string"}}],"inLanguage":"en-US"}]}},"_links":{"self":[{"href":"https:\/\/tallinndesignhouse.com\/en\/wp-json\/wp\/v2\/product\/3259090","targetHints":{"allow":["GET"]}}],"collection":[{"href":"https:\/\/tallinndesignhouse.com\/en\/wp-json\/wp\/v2\/product"}],"about":[{"href":"https:\/\/tallinndesignhouse.com\/en\/wp-json\/wp\/v2\/types\/product"}],"wp:featuredmedia":[{"embeddable":true,"href":"https:\/\/tallinndesignhouse.com\/en\/wp-json\/wp\/v2\/media\/3259082"}],"wp:attachment":[{"href":"https:\/\/tallinndesignhouse.com\/en\/wp-json\/wp\/v2\/media?parent=3259090"}],"wp:term":[{"taxonomy":"product_brand","embeddable":true,"href":"https:\/\/tallinndesignhouse.com\/en\/wp-json\/wp\/v2\/product_brand?post=3259090"},{"taxonomy":"product_cat","embeddable":true,"href":"https:\/\/tallinndesignhouse.com\/en\/wp-json\/wp\/v2\/product_cat?post=3259090"},{"taxonomy":"product_tag","embeddable":true,"href":"https:\/\/tallinndesignhouse.com\/en\/wp-json\/wp\/v2\/product_tag?post=3259090"}],"curies":[{"name":"wp","href":"https:\/\/api.w.org\/{rel}","templated":true}]}}