{"id":3289746,"date":"2023-05-13T19:45:27","date_gmt":"2023-05-13T16:45:27","guid":{"rendered":"https:\/\/tallinndesignhouse.com\/toode\/nahast-vookott\/"},"modified":"2026-04-13T00:56:35","modified_gmt":"2026-04-12T21:56:35","slug":"nahast-vookott","status":"publish","type":"product","link":"https:\/\/tallinndesignhouse.com\/en\/toode\/nahast-vookott\/","title":{"rendered":"Belt bag"},"content":{"rendered":"<p>Belt bag with one coin pocket and 8 cardholders by Gerda Retter. Bag has a magnetic closure and adjustable strap between 62 cm &#8211; 102 cm. Material: Quality Spanish chrome leather. Measures: 20 cm x 12 cm x 4 cm.<\/p>\n","protected":false},"excerpt":{"rendered":"<p>Belt bag with one coin pocket and 8 cardholders by Gerda Retter. Bag has a magnetic closure and adjustable strap between 62 cm &#8211; 102 cm. Material: Quality Spanish chrome leather. Measures: 20 cm x 12 cm x 4 cm.<\/p>\n","protected":false},"featured_media":3296901,"template":"","meta":{"_acf_changed":false},"product_brand":[],"product_cat":[1942,3296],"product_tag":[2819],"class_list":{"0":"post-3289746","1":"product","2":"type-product","3":"status-publish","4":"has-post-thumbnail","6":"product_cat-bags","7":"product_cat-accessories-en","8":"product_tag-women","9":"pa_brand-gerda-retter-design-en","11":"pa_varv-beige-en","13":"pa_varv-black-en","14":"pa_varv-blue-en","15":"pa_varv-brown-en","16":"pa_varv-green-en","17":"pa_varv-grey-en","19":"pa_varv-purple-en","21":"pa_varv-pink-en","28":"first","29":"instock","30":"taxable","31":"shipping-taxable","32":"purchasable","33":"product-type-variable"},"acf":[],"yoast_head":"<!-- This site is optimized with the Yoast SEO plugin v26.0 - https:\/\/yoast.com\/wordpress\/plugins\/seo\/ -->\n<title>Gerda Retter Belt bag - Tallinn Design House<\/title>\n<meta name=\"description\" content=\"Gerda Retter nahast v\u00f6\u00f6kott. Koti sees \u00fcks m\u00fcnditasku ja 8 kaardihoidjat. Matejal: kvaliteetne Hispaania nahk. M\u00f5\u00f5dud: 20 cm x 12 cm x 4 cm.\" \/>\n<meta name=\"robots\" content=\"index, follow, max-snippet:-1, max-image-preview:large, max-video-preview:-1\" \/>\n<link rel=\"canonical\" href=\"https:\/\/tallinndesignhouse.com\/toode\/nahast-vookott\/\" \/>\n<meta property=\"og:locale\" content=\"en_US\" \/>\n<meta property=\"og:type\" content=\"article\" \/>\n<meta property=\"og:title\" content=\"Gerda Retter Belt bag - Tallinn Design House\" \/>\n<meta property=\"og:description\" content=\"Gerda Retter nahast v\u00f6\u00f6kott. Koti sees \u00fcks m\u00fcnditasku ja 8 kaardihoidjat. Matejal: kvaliteetne Hispaania nahk. M\u00f5\u00f5dud: 20 cm x 12 cm x 4 cm.\" \/>\n<meta property=\"og:url\" content=\"https:\/\/tallinndesignhouse.com\/toode\/nahast-vookott\/\" \/>\n<meta property=\"og:site_name\" content=\"Tallinn Design House\" \/>\n<meta property=\"article:modified_time\" content=\"2026-04-12T21:56:35+00:00\" \/>\n<meta property=\"og:image\" content=\"https:\/\/tallinndesignhouse.com\/wp-content\/uploads\/2023\/05\/Gerda-Retter-vookott2.jpg\" \/>\n\t<meta property=\"og:image:width\" content=\"1125\" \/>\n\t<meta property=\"og:image:height\" content=\"1407\" \/>\n\t<meta property=\"og:image:type\" content=\"image\/jpeg\" \/>\n<meta name=\"twitter:card\" content=\"summary_large_image\" \/>\n<meta name=\"twitter:label1\" content=\"Est. reading time\" \/>\n\t<meta name=\"twitter:data1\" content=\"1 minute\" \/>\n<script type=\"application\/ld+json\" class=\"yoast-schema-graph\">{\"@context\":\"https:\/\/schema.org\",\"@graph\":[{\"@type\":\"WebPage\",\"@id\":\"https:\/\/tallinndesignhouse.com\/toode\/nahast-vookott\/\",\"url\":\"https:\/\/tallinndesignhouse.com\/toode\/nahast-vookott\/\",\"name\":\"Gerda Retter Belt bag - Tallinn Design House\",\"isPartOf\":{\"@id\":\"https:\/\/tallinndesignhouse.com\/#website\"},\"primaryImageOfPage\":{\"@id\":\"https:\/\/tallinndesignhouse.com\/toode\/nahast-vookott\/#primaryimage\"},\"image\":{\"@id\":\"https:\/\/tallinndesignhouse.com\/toode\/nahast-vookott\/#primaryimage\"},\"thumbnailUrl\":\"https:\/\/tallinndesignhouse.com\/wp-content\/uploads\/2023\/05\/Gerda-Retter-vookott2.jpg\",\"datePublished\":\"2023-05-13T16:45:27+00:00\",\"dateModified\":\"2026-04-12T21:56:35+00:00\",\"description\":\"Gerda Retter nahast v\u00f6\u00f6kott. Koti sees \u00fcks m\u00fcnditasku ja 8 kaardihoidjat. Matejal: kvaliteetne Hispaania nahk. M\u00f5\u00f5dud: 20 cm x 12 cm x 4 cm.\",\"breadcrumb\":{\"@id\":\"https:\/\/tallinndesignhouse.com\/toode\/nahast-vookott\/#breadcrumb\"},\"inLanguage\":\"en-US\",\"potentialAction\":[{\"@type\":\"ReadAction\",\"target\":[\"https:\/\/tallinndesignhouse.com\/toode\/nahast-vookott\/\"]}]},{\"@type\":\"ImageObject\",\"inLanguage\":\"en-US\",\"@id\":\"https:\/\/tallinndesignhouse.com\/toode\/nahast-vookott\/#primaryimage\",\"url\":\"https:\/\/tallinndesignhouse.com\/wp-content\/uploads\/2023\/05\/Gerda-Retter-vookott2.jpg\",\"contentUrl\":\"https:\/\/tallinndesignhouse.com\/wp-content\/uploads\/2023\/05\/Gerda-Retter-vookott2.jpg\",\"width\":1125,\"height\":1407,\"caption\":\"Gerda-Retter-vo\u0308o\u0308kott2\"},{\"@type\":\"BreadcrumbList\",\"@id\":\"https:\/\/tallinndesignhouse.com\/toode\/nahast-vookott\/#breadcrumb\",\"itemListElement\":[{\"@type\":\"ListItem\",\"position\":1,\"name\":\"Home\",\"item\":\"https:\/\/tallinndesignhouse.com\/en\/\"},{\"@type\":\"ListItem\",\"position\":2,\"name\":\"Shop\",\"item\":\"https:\/\/tallinndesignhouse.com\/en\/shop\/\"},{\"@type\":\"ListItem\",\"position\":3,\"name\":\"Belt bag\"}]},{\"@type\":\"WebSite\",\"@id\":\"https:\/\/tallinndesignhouse.com\/#website\",\"url\":\"https:\/\/tallinndesignhouse.com\/\",\"name\":\"Tallinn Design House\",\"description\":\"Eesti disain Rotermanni kvartalis\",\"potentialAction\":[{\"@type\":\"SearchAction\",\"target\":{\"@type\":\"EntryPoint\",\"urlTemplate\":\"https:\/\/tallinndesignhouse.com\/?s={search_term_string}\"},\"query-input\":{\"@type\":\"PropertyValueSpecification\",\"valueRequired\":true,\"valueName\":\"search_term_string\"}}],\"inLanguage\":\"en-US\"}]}<\/script>\n<!-- \/ Yoast SEO plugin. -->","yoast_head_json":{"title":"Gerda Retter Belt bag - Tallinn Design House","description":"Gerda Retter nahast v\u00f6\u00f6kott. Koti sees \u00fcks m\u00fcnditasku ja 8 kaardihoidjat. Matejal: kvaliteetne Hispaania nahk. M\u00f5\u00f5dud: 20 cm x 12 cm x 4 cm.","robots":{"index":"index","follow":"follow","max-snippet":"max-snippet:-1","max-image-preview":"max-image-preview:large","max-video-preview":"max-video-preview:-1"},"canonical":"https:\/\/tallinndesignhouse.com\/toode\/nahast-vookott\/","og_locale":"en_US","og_type":"article","og_title":"Gerda Retter Belt bag - Tallinn Design House","og_description":"Gerda Retter nahast v\u00f6\u00f6kott. Koti sees \u00fcks m\u00fcnditasku ja 8 kaardihoidjat. Matejal: kvaliteetne Hispaania nahk. M\u00f5\u00f5dud: 20 cm x 12 cm x 4 cm.","og_url":"https:\/\/tallinndesignhouse.com\/toode\/nahast-vookott\/","og_site_name":"Tallinn Design House","article_modified_time":"2026-04-12T21:56:35+00:00","og_image":[{"width":1125,"height":1407,"url":"https:\/\/tallinndesignhouse.com\/wp-content\/uploads\/2023\/05\/Gerda-Retter-vookott2.jpg","type":"image\/jpeg"}],"twitter_card":"summary_large_image","twitter_misc":{"Est. reading time":"1 minute"},"schema":{"@context":"https:\/\/schema.org","@graph":[{"@type":"WebPage","@id":"https:\/\/tallinndesignhouse.com\/toode\/nahast-vookott\/","url":"https:\/\/tallinndesignhouse.com\/toode\/nahast-vookott\/","name":"Gerda Retter Belt bag - Tallinn Design House","isPartOf":{"@id":"https:\/\/tallinndesignhouse.com\/#website"},"primaryImageOfPage":{"@id":"https:\/\/tallinndesignhouse.com\/toode\/nahast-vookott\/#primaryimage"},"image":{"@id":"https:\/\/tallinndesignhouse.com\/toode\/nahast-vookott\/#primaryimage"},"thumbnailUrl":"https:\/\/tallinndesignhouse.com\/wp-content\/uploads\/2023\/05\/Gerda-Retter-vookott2.jpg","datePublished":"2023-05-13T16:45:27+00:00","dateModified":"2026-04-12T21:56:35+00:00","description":"Gerda Retter nahast v\u00f6\u00f6kott. Koti sees \u00fcks m\u00fcnditasku ja 8 kaardihoidjat. Matejal: kvaliteetne Hispaania nahk. M\u00f5\u00f5dud: 20 cm x 12 cm x 4 cm.","breadcrumb":{"@id":"https:\/\/tallinndesignhouse.com\/toode\/nahast-vookott\/#breadcrumb"},"inLanguage":"en-US","potentialAction":[{"@type":"ReadAction","target":["https:\/\/tallinndesignhouse.com\/toode\/nahast-vookott\/"]}]},{"@type":"ImageObject","inLanguage":"en-US","@id":"https:\/\/tallinndesignhouse.com\/toode\/nahast-vookott\/#primaryimage","url":"https:\/\/tallinndesignhouse.com\/wp-content\/uploads\/2023\/05\/Gerda-Retter-vookott2.jpg","contentUrl":"https:\/\/tallinndesignhouse.com\/wp-content\/uploads\/2023\/05\/Gerda-Retter-vookott2.jpg","width":1125,"height":1407,"caption":"Gerda-Retter-vo\u0308o\u0308kott2"},{"@type":"BreadcrumbList","@id":"https:\/\/tallinndesignhouse.com\/toode\/nahast-vookott\/#breadcrumb","itemListElement":[{"@type":"ListItem","position":1,"name":"Home","item":"https:\/\/tallinndesignhouse.com\/en\/"},{"@type":"ListItem","position":2,"name":"Shop","item":"https:\/\/tallinndesignhouse.com\/en\/shop\/"},{"@type":"ListItem","position":3,"name":"Belt bag"}]},{"@type":"WebSite","@id":"https:\/\/tallinndesignhouse.com\/#website","url":"https:\/\/tallinndesignhouse.com\/","name":"Tallinn Design House","description":"Eesti disain Rotermanni kvartalis","potentialAction":[{"@type":"SearchAction","target":{"@type":"EntryPoint","urlTemplate":"https:\/\/tallinndesignhouse.com\/?s={search_term_string}"},"query-input":{"@type":"PropertyValueSpecification","valueRequired":true,"valueName":"search_term_string"}}],"inLanguage":"en-US"}]}},"_links":{"self":[{"href":"https:\/\/tallinndesignhouse.com\/en\/wp-json\/wp\/v2\/product\/3289746","targetHints":{"allow":["GET"]}}],"collection":[{"href":"https:\/\/tallinndesignhouse.com\/en\/wp-json\/wp\/v2\/product"}],"about":[{"href":"https:\/\/tallinndesignhouse.com\/en\/wp-json\/wp\/v2\/types\/product"}],"wp:featuredmedia":[{"embeddable":true,"href":"https:\/\/tallinndesignhouse.com\/en\/wp-json\/wp\/v2\/media\/3296901"}],"wp:attachment":[{"href":"https:\/\/tallinndesignhouse.com\/en\/wp-json\/wp\/v2\/media?parent=3289746"}],"wp:term":[{"taxonomy":"product_brand","embeddable":true,"href":"https:\/\/tallinndesignhouse.com\/en\/wp-json\/wp\/v2\/product_brand?post=3289746"},{"taxonomy":"product_cat","embeddable":true,"href":"https:\/\/tallinndesignhouse.com\/en\/wp-json\/wp\/v2\/product_cat?post=3289746"},{"taxonomy":"product_tag","embeddable":true,"href":"https:\/\/tallinndesignhouse.com\/en\/wp-json\/wp\/v2\/product_tag?post=3289746"}],"curies":[{"name":"wp","href":"https:\/\/api.w.org\/{rel}","templated":true}]}}