{"id":3291428,"date":"2023-06-16T12:45:38","date_gmt":"2023-06-16T09:45:38","guid":{"rendered":"https:\/\/tallinndesignhouse.com\/toode\/kunstnahast-seelik\/"},"modified":"2026-04-12T01:00:32","modified_gmt":"2026-04-11T22:00:32","slug":"kunstnahast-seelik","status":"publish","type":"product","link":"https:\/\/tallinndesignhouse.com\/en\/toode\/kunstnahast-seelik\/","title":{"rendered":"Faux leather skirt"},"content":{"rendered":"<p>The camel colored faux leather skirt by Nowitski has a waist pocket with a magnetic closure. Materials: 75% polyurethane fibers, 25% polyester, lining: 100% viscose. The model wears size XS, height 174 cm.<\/p>\n","protected":false},"excerpt":{"rendered":"<p>The camel colored faux leather skirt by Nowitski has a waist pocket with a magnetic closure. Materials: 75% polyurethane fibers, 25% polyester, lining: 100% viscose. The model wears size XS, height 174 cm.<\/p>\n","protected":false},"featured_media":3291392,"template":"","meta":{"_acf_changed":false},"product_brand":[],"product_cat":[2837,3718,2073],"product_tag":[2819],"class_list":{"0":"post-3291428","1":"product","2":"type-product","3":"status-publish","4":"has-post-thumbnail","6":"product_cat-clothes","7":"product_cat-winter-style","8":"product_cat-skirts","9":"product_tag-women","10":"pa_brand-nowitski-en","11":"pa_brand-nowitski","12":"pa_suurus-l","13":"pa_suurus-l-en","14":"pa_suurus-m","15":"pa_suurus-m-en","16":"pa_suurus-s-en","17":"pa_suurus-s","18":"pa_suurus-xs-en","19":"pa_suurus-xs","21":"first","22":"instock","23":"taxable","24":"shipping-taxable","25":"purchasable","26":"product-type-variable"},"acf":[],"yoast_head":"<!-- This site is optimized with the Yoast SEO plugin v26.0 - https:\/\/yoast.com\/wordpress\/plugins\/seo\/ -->\n<title>Nowitski Faux leather skirt - Tallinn Design House<\/title>\n<meta name=\"description\" content=\"Kaameli v\u00e4rvi kunstnahast seelikul on magnetkinnitusega v\u00f6\u00f6kott. Materjalid: 75% pol\u00fcuretaankiud, 25% pol\u00fcester, vooder: 100% viskoos.\" \/>\n<meta name=\"robots\" content=\"index, follow, max-snippet:-1, max-image-preview:large, max-video-preview:-1\" \/>\n<link rel=\"canonical\" href=\"https:\/\/tallinndesignhouse.com\/toode\/kunstnahast-seelik\/\" \/>\n<meta property=\"og:locale\" content=\"en_US\" \/>\n<meta property=\"og:type\" content=\"article\" \/>\n<meta property=\"og:title\" content=\"Nowitski Faux leather skirt - Tallinn Design House\" \/>\n<meta property=\"og:description\" content=\"Kaameli v\u00e4rvi kunstnahast seelikul on magnetkinnitusega v\u00f6\u00f6kott. Materjalid: 75% pol\u00fcuretaankiud, 25% pol\u00fcester, vooder: 100% viskoos.\" \/>\n<meta property=\"og:url\" content=\"https:\/\/tallinndesignhouse.com\/toode\/kunstnahast-seelik\/\" \/>\n<meta property=\"og:site_name\" content=\"Tallinn Design House\" \/>\n<meta property=\"article:modified_time\" content=\"2026-04-11T22:00:32+00:00\" \/>\n<meta property=\"og:image\" content=\"https:\/\/tallinndesignhouse.com\/wp-content\/uploads\/2023\/06\/Nowitski-kuntsnahast-seelik.jpg\" \/>\n\t<meta property=\"og:image:width\" content=\"1667\" \/>\n\t<meta property=\"og:image:height\" content=\"2500\" \/>\n\t<meta property=\"og:image:type\" content=\"image\/jpeg\" \/>\n<meta name=\"twitter:card\" content=\"summary_large_image\" \/>\n<script type=\"application\/ld+json\" class=\"yoast-schema-graph\">{\"@context\":\"https:\/\/schema.org\",\"@graph\":[{\"@type\":\"WebPage\",\"@id\":\"https:\/\/tallinndesignhouse.com\/toode\/kunstnahast-seelik\/\",\"url\":\"https:\/\/tallinndesignhouse.com\/toode\/kunstnahast-seelik\/\",\"name\":\"Nowitski Faux leather skirt - Tallinn Design House\",\"isPartOf\":{\"@id\":\"https:\/\/tallinndesignhouse.com\/#website\"},\"primaryImageOfPage\":{\"@id\":\"https:\/\/tallinndesignhouse.com\/toode\/kunstnahast-seelik\/#primaryimage\"},\"image\":{\"@id\":\"https:\/\/tallinndesignhouse.com\/toode\/kunstnahast-seelik\/#primaryimage\"},\"thumbnailUrl\":\"https:\/\/tallinndesignhouse.com\/wp-content\/uploads\/2023\/06\/Nowitski-kuntsnahast-seelik.jpg\",\"datePublished\":\"2023-06-16T09:45:38+00:00\",\"dateModified\":\"2026-04-11T22:00:32+00:00\",\"description\":\"Kaameli v\u00e4rvi kunstnahast seelikul on magnetkinnitusega v\u00f6\u00f6kott. Materjalid: 75% pol\u00fcuretaankiud, 25% pol\u00fcester, vooder: 100% viskoos.\",\"breadcrumb\":{\"@id\":\"https:\/\/tallinndesignhouse.com\/toode\/kunstnahast-seelik\/#breadcrumb\"},\"inLanguage\":\"en-US\",\"potentialAction\":[{\"@type\":\"ReadAction\",\"target\":[\"https:\/\/tallinndesignhouse.com\/toode\/kunstnahast-seelik\/\"]}]},{\"@type\":\"ImageObject\",\"inLanguage\":\"en-US\",\"@id\":\"https:\/\/tallinndesignhouse.com\/toode\/kunstnahast-seelik\/#primaryimage\",\"url\":\"https:\/\/tallinndesignhouse.com\/wp-content\/uploads\/2023\/06\/Nowitski-kuntsnahast-seelik.jpg\",\"contentUrl\":\"https:\/\/tallinndesignhouse.com\/wp-content\/uploads\/2023\/06\/Nowitski-kuntsnahast-seelik.jpg\",\"width\":1667,\"height\":2500,\"caption\":\"Nowitski-kuntsnahast-seelik\"},{\"@type\":\"BreadcrumbList\",\"@id\":\"https:\/\/tallinndesignhouse.com\/toode\/kunstnahast-seelik\/#breadcrumb\",\"itemListElement\":[{\"@type\":\"ListItem\",\"position\":1,\"name\":\"Home\",\"item\":\"https:\/\/tallinndesignhouse.com\/en\/\"},{\"@type\":\"ListItem\",\"position\":2,\"name\":\"Shop\",\"item\":\"https:\/\/tallinndesignhouse.com\/en\/shop\/\"},{\"@type\":\"ListItem\",\"position\":3,\"name\":\"Faux leather skirt\"}]},{\"@type\":\"WebSite\",\"@id\":\"https:\/\/tallinndesignhouse.com\/#website\",\"url\":\"https:\/\/tallinndesignhouse.com\/\",\"name\":\"Tallinn Design House\",\"description\":\"Eesti disain Rotermanni kvartalis\",\"potentialAction\":[{\"@type\":\"SearchAction\",\"target\":{\"@type\":\"EntryPoint\",\"urlTemplate\":\"https:\/\/tallinndesignhouse.com\/?s={search_term_string}\"},\"query-input\":{\"@type\":\"PropertyValueSpecification\",\"valueRequired\":true,\"valueName\":\"search_term_string\"}}],\"inLanguage\":\"en-US\"}]}<\/script>\n<!-- \/ Yoast SEO plugin. -->","yoast_head_json":{"title":"Nowitski Faux leather skirt - Tallinn Design House","description":"Kaameli v\u00e4rvi kunstnahast seelikul on magnetkinnitusega v\u00f6\u00f6kott. Materjalid: 75% pol\u00fcuretaankiud, 25% pol\u00fcester, vooder: 100% viskoos.","robots":{"index":"index","follow":"follow","max-snippet":"max-snippet:-1","max-image-preview":"max-image-preview:large","max-video-preview":"max-video-preview:-1"},"canonical":"https:\/\/tallinndesignhouse.com\/toode\/kunstnahast-seelik\/","og_locale":"en_US","og_type":"article","og_title":"Nowitski Faux leather skirt - Tallinn Design House","og_description":"Kaameli v\u00e4rvi kunstnahast seelikul on magnetkinnitusega v\u00f6\u00f6kott. Materjalid: 75% pol\u00fcuretaankiud, 25% pol\u00fcester, vooder: 100% viskoos.","og_url":"https:\/\/tallinndesignhouse.com\/toode\/kunstnahast-seelik\/","og_site_name":"Tallinn Design House","article_modified_time":"2026-04-11T22:00:32+00:00","og_image":[{"width":1667,"height":2500,"url":"https:\/\/tallinndesignhouse.com\/wp-content\/uploads\/2023\/06\/Nowitski-kuntsnahast-seelik.jpg","type":"image\/jpeg"}],"twitter_card":"summary_large_image","schema":{"@context":"https:\/\/schema.org","@graph":[{"@type":"WebPage","@id":"https:\/\/tallinndesignhouse.com\/toode\/kunstnahast-seelik\/","url":"https:\/\/tallinndesignhouse.com\/toode\/kunstnahast-seelik\/","name":"Nowitski Faux leather skirt - Tallinn Design House","isPartOf":{"@id":"https:\/\/tallinndesignhouse.com\/#website"},"primaryImageOfPage":{"@id":"https:\/\/tallinndesignhouse.com\/toode\/kunstnahast-seelik\/#primaryimage"},"image":{"@id":"https:\/\/tallinndesignhouse.com\/toode\/kunstnahast-seelik\/#primaryimage"},"thumbnailUrl":"https:\/\/tallinndesignhouse.com\/wp-content\/uploads\/2023\/06\/Nowitski-kuntsnahast-seelik.jpg","datePublished":"2023-06-16T09:45:38+00:00","dateModified":"2026-04-11T22:00:32+00:00","description":"Kaameli v\u00e4rvi kunstnahast seelikul on magnetkinnitusega v\u00f6\u00f6kott. Materjalid: 75% pol\u00fcuretaankiud, 25% pol\u00fcester, vooder: 100% viskoos.","breadcrumb":{"@id":"https:\/\/tallinndesignhouse.com\/toode\/kunstnahast-seelik\/#breadcrumb"},"inLanguage":"en-US","potentialAction":[{"@type":"ReadAction","target":["https:\/\/tallinndesignhouse.com\/toode\/kunstnahast-seelik\/"]}]},{"@type":"ImageObject","inLanguage":"en-US","@id":"https:\/\/tallinndesignhouse.com\/toode\/kunstnahast-seelik\/#primaryimage","url":"https:\/\/tallinndesignhouse.com\/wp-content\/uploads\/2023\/06\/Nowitski-kuntsnahast-seelik.jpg","contentUrl":"https:\/\/tallinndesignhouse.com\/wp-content\/uploads\/2023\/06\/Nowitski-kuntsnahast-seelik.jpg","width":1667,"height":2500,"caption":"Nowitski-kuntsnahast-seelik"},{"@type":"BreadcrumbList","@id":"https:\/\/tallinndesignhouse.com\/toode\/kunstnahast-seelik\/#breadcrumb","itemListElement":[{"@type":"ListItem","position":1,"name":"Home","item":"https:\/\/tallinndesignhouse.com\/en\/"},{"@type":"ListItem","position":2,"name":"Shop","item":"https:\/\/tallinndesignhouse.com\/en\/shop\/"},{"@type":"ListItem","position":3,"name":"Faux leather skirt"}]},{"@type":"WebSite","@id":"https:\/\/tallinndesignhouse.com\/#website","url":"https:\/\/tallinndesignhouse.com\/","name":"Tallinn Design House","description":"Eesti disain Rotermanni kvartalis","potentialAction":[{"@type":"SearchAction","target":{"@type":"EntryPoint","urlTemplate":"https:\/\/tallinndesignhouse.com\/?s={search_term_string}"},"query-input":{"@type":"PropertyValueSpecification","valueRequired":true,"valueName":"search_term_string"}}],"inLanguage":"en-US"}]}},"_links":{"self":[{"href":"https:\/\/tallinndesignhouse.com\/en\/wp-json\/wp\/v2\/product\/3291428","targetHints":{"allow":["GET"]}}],"collection":[{"href":"https:\/\/tallinndesignhouse.com\/en\/wp-json\/wp\/v2\/product"}],"about":[{"href":"https:\/\/tallinndesignhouse.com\/en\/wp-json\/wp\/v2\/types\/product"}],"wp:featuredmedia":[{"embeddable":true,"href":"https:\/\/tallinndesignhouse.com\/en\/wp-json\/wp\/v2\/media\/3291392"}],"wp:attachment":[{"href":"https:\/\/tallinndesignhouse.com\/en\/wp-json\/wp\/v2\/media?parent=3291428"}],"wp:term":[{"taxonomy":"product_brand","embeddable":true,"href":"https:\/\/tallinndesignhouse.com\/en\/wp-json\/wp\/v2\/product_brand?post=3291428"},{"taxonomy":"product_cat","embeddable":true,"href":"https:\/\/tallinndesignhouse.com\/en\/wp-json\/wp\/v2\/product_cat?post=3291428"},{"taxonomy":"product_tag","embeddable":true,"href":"https:\/\/tallinndesignhouse.com\/en\/wp-json\/wp\/v2\/product_tag?post=3291428"}],"curies":[{"name":"wp","href":"https:\/\/api.w.org\/{rel}","templated":true}]}}