{"id":3291444,"date":"2023-06-16T12:45:43","date_gmt":"2023-06-16T09:45:43","guid":{"rendered":"https:\/\/tallinndesignhouse.com\/toode\/must-luhike-top\/"},"modified":"2026-04-12T01:00:32","modified_gmt":"2026-04-11T22:00:32","slug":"must-luhike-top","status":"publish","type":"product","link":"https:\/\/tallinndesignhouse.com\/en\/toode\/must-luhike-top\/","title":{"rendered":"Black crop top"},"content":{"rendered":"<p>The top by Nowitski is made of 100% cotton \u041e\u0415\u041a\u041e-TEX\u00ae standard 100. The raglan sleeve holds its shape very well. The front part of the top has sewn-in bugs, the back has a full-length zipper. Materials: 97% cotton, 3% elastane. The model wears size XS, height 164 cm.<\/p>\n","protected":false},"excerpt":{"rendered":"<p>The top by Nowitski is made of 100% cotton \u041e\u0415\u041a\u041e-TEX\u00ae standard 100. The raglan sleeve holds its shape very well. The front part of the top has sewn-in bugs, the back has a full-length zipper. Materials: 97% cotton, 3% elastane. The model wears size XS, height 164 cm.<\/p>\n","protected":false},"featured_media":3291402,"template":"","meta":{"_acf_changed":false},"product_brand":[],"product_cat":[1957,2837,3552],"product_tag":[2819],"class_list":{"0":"post-3291444","1":"product","2":"type-product","3":"status-publish","4":"has-post-thumbnail","6":"product_cat-shirts-and-blouses","7":"product_cat-clothes","8":"product_cat-natural-materials-en","9":"product_tag-women","10":"pa_brand-nowitski","11":"pa_brand-nowitski-en","12":"pa_suurus-l-en","13":"pa_suurus-l","14":"pa_suurus-m-en","15":"pa_suurus-m","16":"pa_suurus-s","17":"pa_suurus-s-en","18":"pa_suurus-xs","19":"pa_suurus-xs-en","21":"first","22":"instock","23":"taxable","24":"shipping-taxable","25":"purchasable","26":"product-type-variable"},"acf":[],"yoast_head":"<!-- This site is optimized with the Yoast SEO plugin v26.0 - https:\/\/yoast.com\/wordpress\/plugins\/seo\/ -->\n<title>Nowitski Black crop top - Tallinn Design House<\/title>\n<meta name=\"description\" content=\"Top on\u00a0valmistatud 100% puuvillast. Reglaan varrukas hoiab v\u00e4ga h\u00e4sti kuju. Topi esiosas on l\u00e4bi\u00f5mmeldatud vigid, tagak\u00fcljelt kogu pikkuses peitlukk.\" \/>\n<meta name=\"robots\" content=\"index, follow, max-snippet:-1, max-image-preview:large, max-video-preview:-1\" \/>\n<link rel=\"canonical\" href=\"https:\/\/tallinndesignhouse.com\/toode\/must-luhike-top\/\" \/>\n<meta property=\"og:locale\" content=\"en_US\" \/>\n<meta property=\"og:type\" content=\"article\" \/>\n<meta property=\"og:title\" content=\"Nowitski Black crop top - Tallinn Design House\" \/>\n<meta property=\"og:description\" content=\"Top on\u00a0valmistatud 100% puuvillast. Reglaan varrukas hoiab v\u00e4ga h\u00e4sti kuju. Topi esiosas on l\u00e4bi\u00f5mmeldatud vigid, tagak\u00fcljelt kogu pikkuses peitlukk.\" \/>\n<meta property=\"og:url\" content=\"https:\/\/tallinndesignhouse.com\/toode\/must-luhike-top\/\" \/>\n<meta property=\"og:site_name\" content=\"Tallinn Design House\" \/>\n<meta property=\"article:modified_time\" content=\"2026-04-11T22:00:32+00:00\" \/>\n<meta property=\"og:image\" content=\"https:\/\/tallinndesignhouse.com\/wp-content\/uploads\/2023\/06\/Nowitski-satiinist-top2.jpg\" \/>\n\t<meta property=\"og:image:width\" content=\"1080\" \/>\n\t<meta property=\"og:image:height\" content=\"1616\" \/>\n\t<meta property=\"og:image:type\" content=\"image\/jpeg\" \/>\n<meta name=\"twitter:card\" content=\"summary_large_image\" \/>\n<script type=\"application\/ld+json\" class=\"yoast-schema-graph\">{\"@context\":\"https:\/\/schema.org\",\"@graph\":[{\"@type\":\"WebPage\",\"@id\":\"https:\/\/tallinndesignhouse.com\/toode\/must-luhike-top\/\",\"url\":\"https:\/\/tallinndesignhouse.com\/toode\/must-luhike-top\/\",\"name\":\"Nowitski Black crop top - Tallinn Design House\",\"isPartOf\":{\"@id\":\"https:\/\/tallinndesignhouse.com\/#website\"},\"primaryImageOfPage\":{\"@id\":\"https:\/\/tallinndesignhouse.com\/toode\/must-luhike-top\/#primaryimage\"},\"image\":{\"@id\":\"https:\/\/tallinndesignhouse.com\/toode\/must-luhike-top\/#primaryimage\"},\"thumbnailUrl\":\"https:\/\/tallinndesignhouse.com\/wp-content\/uploads\/2023\/06\/Nowitski-satiinist-top2.jpg\",\"datePublished\":\"2023-06-16T09:45:43+00:00\",\"dateModified\":\"2026-04-11T22:00:32+00:00\",\"description\":\"Top on\u00a0valmistatud 100% puuvillast. Reglaan varrukas hoiab v\u00e4ga h\u00e4sti kuju. Topi esiosas on l\u00e4bi\u00f5mmeldatud vigid, tagak\u00fcljelt kogu pikkuses peitlukk.\",\"breadcrumb\":{\"@id\":\"https:\/\/tallinndesignhouse.com\/toode\/must-luhike-top\/#breadcrumb\"},\"inLanguage\":\"en-US\",\"potentialAction\":[{\"@type\":\"ReadAction\",\"target\":[\"https:\/\/tallinndesignhouse.com\/toode\/must-luhike-top\/\"]}]},{\"@type\":\"ImageObject\",\"inLanguage\":\"en-US\",\"@id\":\"https:\/\/tallinndesignhouse.com\/toode\/must-luhike-top\/#primaryimage\",\"url\":\"https:\/\/tallinndesignhouse.com\/wp-content\/uploads\/2023\/06\/Nowitski-satiinist-top2.jpg\",\"contentUrl\":\"https:\/\/tallinndesignhouse.com\/wp-content\/uploads\/2023\/06\/Nowitski-satiinist-top2.jpg\",\"width\":1080,\"height\":1616,\"caption\":\"Nowitski-satiinist-top2\"},{\"@type\":\"BreadcrumbList\",\"@id\":\"https:\/\/tallinndesignhouse.com\/toode\/must-luhike-top\/#breadcrumb\",\"itemListElement\":[{\"@type\":\"ListItem\",\"position\":1,\"name\":\"Home\",\"item\":\"https:\/\/tallinndesignhouse.com\/en\/\"},{\"@type\":\"ListItem\",\"position\":2,\"name\":\"Shop\",\"item\":\"https:\/\/tallinndesignhouse.com\/en\/shop\/\"},{\"@type\":\"ListItem\",\"position\":3,\"name\":\"Black crop top\"}]},{\"@type\":\"WebSite\",\"@id\":\"https:\/\/tallinndesignhouse.com\/#website\",\"url\":\"https:\/\/tallinndesignhouse.com\/\",\"name\":\"Tallinn Design House\",\"description\":\"Eesti disain Rotermanni kvartalis\",\"potentialAction\":[{\"@type\":\"SearchAction\",\"target\":{\"@type\":\"EntryPoint\",\"urlTemplate\":\"https:\/\/tallinndesignhouse.com\/?s={search_term_string}\"},\"query-input\":{\"@type\":\"PropertyValueSpecification\",\"valueRequired\":true,\"valueName\":\"search_term_string\"}}],\"inLanguage\":\"en-US\"}]}<\/script>\n<!-- \/ Yoast SEO plugin. -->","yoast_head_json":{"title":"Nowitski Black crop top - Tallinn Design House","description":"Top on\u00a0valmistatud 100% puuvillast. Reglaan varrukas hoiab v\u00e4ga h\u00e4sti kuju. Topi esiosas on l\u00e4bi\u00f5mmeldatud vigid, tagak\u00fcljelt kogu pikkuses peitlukk.","robots":{"index":"index","follow":"follow","max-snippet":"max-snippet:-1","max-image-preview":"max-image-preview:large","max-video-preview":"max-video-preview:-1"},"canonical":"https:\/\/tallinndesignhouse.com\/toode\/must-luhike-top\/","og_locale":"en_US","og_type":"article","og_title":"Nowitski Black crop top - Tallinn Design House","og_description":"Top on\u00a0valmistatud 100% puuvillast. Reglaan varrukas hoiab v\u00e4ga h\u00e4sti kuju. Topi esiosas on l\u00e4bi\u00f5mmeldatud vigid, tagak\u00fcljelt kogu pikkuses peitlukk.","og_url":"https:\/\/tallinndesignhouse.com\/toode\/must-luhike-top\/","og_site_name":"Tallinn Design House","article_modified_time":"2026-04-11T22:00:32+00:00","og_image":[{"width":1080,"height":1616,"url":"https:\/\/tallinndesignhouse.com\/wp-content\/uploads\/2023\/06\/Nowitski-satiinist-top2.jpg","type":"image\/jpeg"}],"twitter_card":"summary_large_image","schema":{"@context":"https:\/\/schema.org","@graph":[{"@type":"WebPage","@id":"https:\/\/tallinndesignhouse.com\/toode\/must-luhike-top\/","url":"https:\/\/tallinndesignhouse.com\/toode\/must-luhike-top\/","name":"Nowitski Black crop top - Tallinn Design House","isPartOf":{"@id":"https:\/\/tallinndesignhouse.com\/#website"},"primaryImageOfPage":{"@id":"https:\/\/tallinndesignhouse.com\/toode\/must-luhike-top\/#primaryimage"},"image":{"@id":"https:\/\/tallinndesignhouse.com\/toode\/must-luhike-top\/#primaryimage"},"thumbnailUrl":"https:\/\/tallinndesignhouse.com\/wp-content\/uploads\/2023\/06\/Nowitski-satiinist-top2.jpg","datePublished":"2023-06-16T09:45:43+00:00","dateModified":"2026-04-11T22:00:32+00:00","description":"Top on\u00a0valmistatud 100% puuvillast. Reglaan varrukas hoiab v\u00e4ga h\u00e4sti kuju. Topi esiosas on l\u00e4bi\u00f5mmeldatud vigid, tagak\u00fcljelt kogu pikkuses peitlukk.","breadcrumb":{"@id":"https:\/\/tallinndesignhouse.com\/toode\/must-luhike-top\/#breadcrumb"},"inLanguage":"en-US","potentialAction":[{"@type":"ReadAction","target":["https:\/\/tallinndesignhouse.com\/toode\/must-luhike-top\/"]}]},{"@type":"ImageObject","inLanguage":"en-US","@id":"https:\/\/tallinndesignhouse.com\/toode\/must-luhike-top\/#primaryimage","url":"https:\/\/tallinndesignhouse.com\/wp-content\/uploads\/2023\/06\/Nowitski-satiinist-top2.jpg","contentUrl":"https:\/\/tallinndesignhouse.com\/wp-content\/uploads\/2023\/06\/Nowitski-satiinist-top2.jpg","width":1080,"height":1616,"caption":"Nowitski-satiinist-top2"},{"@type":"BreadcrumbList","@id":"https:\/\/tallinndesignhouse.com\/toode\/must-luhike-top\/#breadcrumb","itemListElement":[{"@type":"ListItem","position":1,"name":"Home","item":"https:\/\/tallinndesignhouse.com\/en\/"},{"@type":"ListItem","position":2,"name":"Shop","item":"https:\/\/tallinndesignhouse.com\/en\/shop\/"},{"@type":"ListItem","position":3,"name":"Black crop top"}]},{"@type":"WebSite","@id":"https:\/\/tallinndesignhouse.com\/#website","url":"https:\/\/tallinndesignhouse.com\/","name":"Tallinn Design House","description":"Eesti disain Rotermanni kvartalis","potentialAction":[{"@type":"SearchAction","target":{"@type":"EntryPoint","urlTemplate":"https:\/\/tallinndesignhouse.com\/?s={search_term_string}"},"query-input":{"@type":"PropertyValueSpecification","valueRequired":true,"valueName":"search_term_string"}}],"inLanguage":"en-US"}]}},"_links":{"self":[{"href":"https:\/\/tallinndesignhouse.com\/en\/wp-json\/wp\/v2\/product\/3291444","targetHints":{"allow":["GET"]}}],"collection":[{"href":"https:\/\/tallinndesignhouse.com\/en\/wp-json\/wp\/v2\/product"}],"about":[{"href":"https:\/\/tallinndesignhouse.com\/en\/wp-json\/wp\/v2\/types\/product"}],"wp:featuredmedia":[{"embeddable":true,"href":"https:\/\/tallinndesignhouse.com\/en\/wp-json\/wp\/v2\/media\/3291402"}],"wp:attachment":[{"href":"https:\/\/tallinndesignhouse.com\/en\/wp-json\/wp\/v2\/media?parent=3291444"}],"wp:term":[{"taxonomy":"product_brand","embeddable":true,"href":"https:\/\/tallinndesignhouse.com\/en\/wp-json\/wp\/v2\/product_brand?post=3291444"},{"taxonomy":"product_cat","embeddable":true,"href":"https:\/\/tallinndesignhouse.com\/en\/wp-json\/wp\/v2\/product_cat?post=3291444"},{"taxonomy":"product_tag","embeddable":true,"href":"https:\/\/tallinndesignhouse.com\/en\/wp-json\/wp\/v2\/product_tag?post=3291444"}],"curies":[{"name":"wp","href":"https:\/\/api.w.org\/{rel}","templated":true}]}}