{"id":3292373,"date":"2023-07-11T09:45:08","date_gmt":"2023-07-11T06:45:08","guid":{"rendered":"https:\/\/tallinndesignhouse.com\/toode\/lavendli-lohnavesi-500-ml\/"},"modified":"2026-04-17T00:58:41","modified_gmt":"2026-04-16T21:58:41","slug":"lavendli-lohnavesi-500-ml","status":"publish","type":"product","link":"https:\/\/tallinndesignhouse.com\/en\/toode\/lavendli-lohnavesi-500-ml\/","title":{"rendered":"Lavender Fragrance Water 500 ml"},"content":{"rendered":"<p>A natural fragrance enhancer for your home by Lavendlitalu. Produced and cultivated in Hiiumaa, Estonia, using the steam distillation method from organically grown lavender plants at the Hiiumaa Lavender Farm. The fresh organic lavender plant retains its original microflora. 100% natural and organic lavender water. Lavender Fragrance Water has deep-cleansing properties and antibacterial effects. It is suit\u0430ble for cleaning various surfaces and refreshing the air in rooms. The soothing scent of lavender creates freshness in your home. It can also be used to refresh laundry by spraying lavender fragrance water in wardrobes. Instructions for use: Spray the product in the room or apply it to the surface, let it take effect, and wipe dry if necessary. Ingredients\/INCI: <5% Lavender, Lavandula angustifolia, ext., Linalool. May cause an allergic reaction. In case of seeking medical attention, bring along the product packaging or label. Keep out of reach of children. Dispose of contents\/containers in accordance with applicable waste management regulations.\n<\/p>\n","protected":false},"excerpt":{"rendered":"<p>A natural fragrance enhancer for your home by Lavendlitalu. Produced and cultivated in Hiiumaa, Estonia, using the steam distillation method from organically grown lavender plants at the Hiiumaa Lavender Farm. The fresh organic lavender plant retains its original microflora. 100% natural and organic lavender water. Lavender Fragrance Water has deep-cleansing properties and antibacterial effects. It [&hellip;]<\/p>\n","protected":false},"featured_media":3292375,"template":"","meta":{"_acf_changed":false},"product_brand":[],"product_cat":[890,875],"product_tag":[1828],"class_list":{"0":"post-3292373","1":"product","2":"type-product","3":"status-publish","4":"has-post-thumbnail","6":"product_cat-sisustustooted","7":"product_cat-kodu","8":"product_tag-kodu","9":"pa_brand-lavendlitalu","12":"first","13":"instock","14":"taxable","15":"shipping-taxable","16":"purchasable","17":"product-type-simple"},"acf":[],"yoast_head":"<!-- This site is optimized with the Yoast SEO plugin v26.0 - https:\/\/yoast.com\/wordpress\/plugins\/seo\/ -->\n<title>Lavendiltalu Lavender Fragrance Water 500 ml - Tallinn Design House<\/title>\n<meta name=\"description\" content=\"Lavendiltalu Lavendli l\u00f5hnavesi 500 ml. Loodusliku p\u00e4ritoluga l\u00f5hnastaja Sinu kodus.\" \/>\n<meta name=\"robots\" content=\"index, follow, max-snippet:-1, max-image-preview:large, max-video-preview:-1\" \/>\n<link rel=\"canonical\" href=\"https:\/\/tallinndesignhouse.com\/toode\/lavendli-lohnavesi-500-ml\/\" \/>\n<meta property=\"og:locale\" content=\"en_US\" \/>\n<meta property=\"og:type\" content=\"article\" \/>\n<meta property=\"og:title\" content=\"Lavendiltalu Lavender Fragrance Water 500 ml - Tallinn Design House\" \/>\n<meta property=\"og:description\" content=\"Lavendiltalu Lavendli l\u00f5hnavesi 500 ml. Loodusliku p\u00e4ritoluga l\u00f5hnastaja Sinu kodus.\" \/>\n<meta property=\"og:url\" content=\"https:\/\/tallinndesignhouse.com\/toode\/lavendli-lohnavesi-500-ml\/\" \/>\n<meta property=\"og:site_name\" content=\"Tallinn Design House\" \/>\n<meta property=\"article:modified_time\" content=\"2026-04-16T21:58:41+00:00\" \/>\n<meta property=\"og:image\" content=\"https:\/\/tallinndesignhouse.com\/wp-content\/uploads\/2023\/07\/Hiiumaa-Lavendlitalu-Lavendli-Lohnavesi-500-ml.jpg\" \/>\n\t<meta property=\"og:image:width\" content=\"1080\" \/>\n\t<meta property=\"og:image:height\" content=\"1350\" \/>\n\t<meta property=\"og:image:type\" content=\"image\/jpeg\" \/>\n<meta name=\"twitter:card\" content=\"summary_large_image\" \/>\n<meta name=\"twitter:label1\" content=\"Est. reading time\" \/>\n\t<meta name=\"twitter:data1\" content=\"1 minute\" \/>\n<script type=\"application\/ld+json\" class=\"yoast-schema-graph\">{\"@context\":\"https:\/\/schema.org\",\"@graph\":[{\"@type\":\"WebPage\",\"@id\":\"https:\/\/tallinndesignhouse.com\/toode\/lavendli-lohnavesi-500-ml\/\",\"url\":\"https:\/\/tallinndesignhouse.com\/toode\/lavendli-lohnavesi-500-ml\/\",\"name\":\"Lavendiltalu Lavender Fragrance Water 500 ml - Tallinn Design House\",\"isPartOf\":{\"@id\":\"https:\/\/tallinndesignhouse.com\/#website\"},\"primaryImageOfPage\":{\"@id\":\"https:\/\/tallinndesignhouse.com\/toode\/lavendli-lohnavesi-500-ml\/#primaryimage\"},\"image\":{\"@id\":\"https:\/\/tallinndesignhouse.com\/toode\/lavendli-lohnavesi-500-ml\/#primaryimage\"},\"thumbnailUrl\":\"https:\/\/tallinndesignhouse.com\/wp-content\/uploads\/2023\/07\/Hiiumaa-Lavendlitalu-Lavendli-Lohnavesi-500-ml.jpg\",\"datePublished\":\"2023-07-11T06:45:08+00:00\",\"dateModified\":\"2026-04-16T21:58:41+00:00\",\"description\":\"Lavendiltalu Lavendli l\u00f5hnavesi 500 ml. Loodusliku p\u00e4ritoluga l\u00f5hnastaja Sinu kodus.\",\"breadcrumb\":{\"@id\":\"https:\/\/tallinndesignhouse.com\/toode\/lavendli-lohnavesi-500-ml\/#breadcrumb\"},\"inLanguage\":\"en-US\",\"potentialAction\":[{\"@type\":\"ReadAction\",\"target\":[\"https:\/\/tallinndesignhouse.com\/toode\/lavendli-lohnavesi-500-ml\/\"]}]},{\"@type\":\"ImageObject\",\"inLanguage\":\"en-US\",\"@id\":\"https:\/\/tallinndesignhouse.com\/toode\/lavendli-lohnavesi-500-ml\/#primaryimage\",\"url\":\"https:\/\/tallinndesignhouse.com\/wp-content\/uploads\/2023\/07\/Hiiumaa-Lavendlitalu-Lavendli-Lohnavesi-500-ml.jpg\",\"contentUrl\":\"https:\/\/tallinndesignhouse.com\/wp-content\/uploads\/2023\/07\/Hiiumaa-Lavendlitalu-Lavendli-Lohnavesi-500-ml.jpg\",\"width\":1080,\"height\":1350,\"caption\":\"Hiiumaa Lavendlitalu Lavendli Lo\u0303hnavesi 500 ml\"},{\"@type\":\"BreadcrumbList\",\"@id\":\"https:\/\/tallinndesignhouse.com\/toode\/lavendli-lohnavesi-500-ml\/#breadcrumb\",\"itemListElement\":[{\"@type\":\"ListItem\",\"position\":1,\"name\":\"Home\",\"item\":\"https:\/\/tallinndesignhouse.com\/en\/\"},{\"@type\":\"ListItem\",\"position\":2,\"name\":\"Shop\",\"item\":\"https:\/\/tallinndesignhouse.com\/en\/shop\/\"},{\"@type\":\"ListItem\",\"position\":3,\"name\":\"Lavender Fragrance Water 500 ml\"}]},{\"@type\":\"WebSite\",\"@id\":\"https:\/\/tallinndesignhouse.com\/#website\",\"url\":\"https:\/\/tallinndesignhouse.com\/\",\"name\":\"Tallinn Design House\",\"description\":\"Eesti disain Rotermanni kvartalis\",\"potentialAction\":[{\"@type\":\"SearchAction\",\"target\":{\"@type\":\"EntryPoint\",\"urlTemplate\":\"https:\/\/tallinndesignhouse.com\/?s={search_term_string}\"},\"query-input\":{\"@type\":\"PropertyValueSpecification\",\"valueRequired\":true,\"valueName\":\"search_term_string\"}}],\"inLanguage\":\"en-US\"}]}<\/script>\n<!-- \/ Yoast SEO plugin. -->","yoast_head_json":{"title":"Lavendiltalu Lavender Fragrance Water 500 ml - Tallinn Design House","description":"Lavendiltalu Lavendli l\u00f5hnavesi 500 ml. Loodusliku p\u00e4ritoluga l\u00f5hnastaja Sinu kodus.","robots":{"index":"index","follow":"follow","max-snippet":"max-snippet:-1","max-image-preview":"max-image-preview:large","max-video-preview":"max-video-preview:-1"},"canonical":"https:\/\/tallinndesignhouse.com\/toode\/lavendli-lohnavesi-500-ml\/","og_locale":"en_US","og_type":"article","og_title":"Lavendiltalu Lavender Fragrance Water 500 ml - Tallinn Design House","og_description":"Lavendiltalu Lavendli l\u00f5hnavesi 500 ml. Loodusliku p\u00e4ritoluga l\u00f5hnastaja Sinu kodus.","og_url":"https:\/\/tallinndesignhouse.com\/toode\/lavendli-lohnavesi-500-ml\/","og_site_name":"Tallinn Design House","article_modified_time":"2026-04-16T21:58:41+00:00","og_image":[{"width":1080,"height":1350,"url":"https:\/\/tallinndesignhouse.com\/wp-content\/uploads\/2023\/07\/Hiiumaa-Lavendlitalu-Lavendli-Lohnavesi-500-ml.jpg","type":"image\/jpeg"}],"twitter_card":"summary_large_image","twitter_misc":{"Est. reading time":"1 minute"},"schema":{"@context":"https:\/\/schema.org","@graph":[{"@type":"WebPage","@id":"https:\/\/tallinndesignhouse.com\/toode\/lavendli-lohnavesi-500-ml\/","url":"https:\/\/tallinndesignhouse.com\/toode\/lavendli-lohnavesi-500-ml\/","name":"Lavendiltalu Lavender Fragrance Water 500 ml - Tallinn Design House","isPartOf":{"@id":"https:\/\/tallinndesignhouse.com\/#website"},"primaryImageOfPage":{"@id":"https:\/\/tallinndesignhouse.com\/toode\/lavendli-lohnavesi-500-ml\/#primaryimage"},"image":{"@id":"https:\/\/tallinndesignhouse.com\/toode\/lavendli-lohnavesi-500-ml\/#primaryimage"},"thumbnailUrl":"https:\/\/tallinndesignhouse.com\/wp-content\/uploads\/2023\/07\/Hiiumaa-Lavendlitalu-Lavendli-Lohnavesi-500-ml.jpg","datePublished":"2023-07-11T06:45:08+00:00","dateModified":"2026-04-16T21:58:41+00:00","description":"Lavendiltalu Lavendli l\u00f5hnavesi 500 ml. Loodusliku p\u00e4ritoluga l\u00f5hnastaja Sinu kodus.","breadcrumb":{"@id":"https:\/\/tallinndesignhouse.com\/toode\/lavendli-lohnavesi-500-ml\/#breadcrumb"},"inLanguage":"en-US","potentialAction":[{"@type":"ReadAction","target":["https:\/\/tallinndesignhouse.com\/toode\/lavendli-lohnavesi-500-ml\/"]}]},{"@type":"ImageObject","inLanguage":"en-US","@id":"https:\/\/tallinndesignhouse.com\/toode\/lavendli-lohnavesi-500-ml\/#primaryimage","url":"https:\/\/tallinndesignhouse.com\/wp-content\/uploads\/2023\/07\/Hiiumaa-Lavendlitalu-Lavendli-Lohnavesi-500-ml.jpg","contentUrl":"https:\/\/tallinndesignhouse.com\/wp-content\/uploads\/2023\/07\/Hiiumaa-Lavendlitalu-Lavendli-Lohnavesi-500-ml.jpg","width":1080,"height":1350,"caption":"Hiiumaa Lavendlitalu Lavendli Lo\u0303hnavesi 500 ml"},{"@type":"BreadcrumbList","@id":"https:\/\/tallinndesignhouse.com\/toode\/lavendli-lohnavesi-500-ml\/#breadcrumb","itemListElement":[{"@type":"ListItem","position":1,"name":"Home","item":"https:\/\/tallinndesignhouse.com\/en\/"},{"@type":"ListItem","position":2,"name":"Shop","item":"https:\/\/tallinndesignhouse.com\/en\/shop\/"},{"@type":"ListItem","position":3,"name":"Lavender Fragrance Water 500 ml"}]},{"@type":"WebSite","@id":"https:\/\/tallinndesignhouse.com\/#website","url":"https:\/\/tallinndesignhouse.com\/","name":"Tallinn Design House","description":"Eesti disain Rotermanni kvartalis","potentialAction":[{"@type":"SearchAction","target":{"@type":"EntryPoint","urlTemplate":"https:\/\/tallinndesignhouse.com\/?s={search_term_string}"},"query-input":{"@type":"PropertyValueSpecification","valueRequired":true,"valueName":"search_term_string"}}],"inLanguage":"en-US"}]}},"_links":{"self":[{"href":"https:\/\/tallinndesignhouse.com\/en\/wp-json\/wp\/v2\/product\/3292373","targetHints":{"allow":["GET"]}}],"collection":[{"href":"https:\/\/tallinndesignhouse.com\/en\/wp-json\/wp\/v2\/product"}],"about":[{"href":"https:\/\/tallinndesignhouse.com\/en\/wp-json\/wp\/v2\/types\/product"}],"wp:featuredmedia":[{"embeddable":true,"href":"https:\/\/tallinndesignhouse.com\/en\/wp-json\/wp\/v2\/media\/3292375"}],"wp:attachment":[{"href":"https:\/\/tallinndesignhouse.com\/en\/wp-json\/wp\/v2\/media?parent=3292373"}],"wp:term":[{"taxonomy":"product_brand","embeddable":true,"href":"https:\/\/tallinndesignhouse.com\/en\/wp-json\/wp\/v2\/product_brand?post=3292373"},{"taxonomy":"product_cat","embeddable":true,"href":"https:\/\/tallinndesignhouse.com\/en\/wp-json\/wp\/v2\/product_cat?post=3292373"},{"taxonomy":"product_tag","embeddable":true,"href":"https:\/\/tallinndesignhouse.com\/en\/wp-json\/wp\/v2\/product_tag?post=3292373"}],"curies":[{"name":"wp","href":"https:\/\/api.w.org\/{rel}","templated":true}]}}