{"id":3292938,"date":"2023-07-19T11:30:20","date_gmt":"2023-07-19T08:30:20","guid":{"rendered":"https:\/\/tallinndesignhouse.com\/toode\/korvarongad-metropolitan-rebel\/"},"modified":"2026-04-29T01:01:07","modified_gmt":"2026-04-28T22:01:07","slug":"korvarongad-metropolitan-rebel","status":"publish","type":"product","link":"https:\/\/tallinndesignhouse.com\/en\/toode\/korvarongad-metropolitan-rebel\/","title":{"rendered":"Earrings Metropolitan Rebel"},"content":{"rendered":"<p>Earrings Metropolitan Rebel by MyaMoon. Material silver 925. Dimensions: 22 mm x 28 mm. Choice of silver rhodium or rose gold plated finish.<\/p>\n","protected":false},"excerpt":{"rendered":"<p>Earrings Metropolitan Rebel by MyaMoon. Material silver 925. Dimensions: 22 mm x 28 mm. Choice of silver rhodium or rose gold plated finish.<\/p>\n","protected":false},"featured_media":3292923,"template":"","meta":{"_acf_changed":false},"product_brand":[],"product_cat":[1955,3223,3718],"product_tag":[2819],"class_list":{"0":"post-3292938","1":"product","2":"type-product","3":"status-publish","4":"has-post-thumbnail","6":"product_cat-earrings","7":"product_cat-jewellery-en","8":"product_cat-winter-style","9":"product_tag-women","10":"pa_brand-myamoon","11":"pa_brand-myamoon-en","12":"pa_varv-silver-en","13":"pa_varv-black-en","14":"pa_varv-golden-en","19":"first","20":"instock","21":"taxable","22":"shipping-taxable","23":"purchasable","24":"product-type-variable"},"acf":[],"yoast_head":"<!-- This site is optimized with the Yoast SEO plugin v26.0 - https:\/\/yoast.com\/wordpress\/plugins\/seo\/ -->\n<title>Myamoon Earrings Metropolitan Rebel - Tallinn Design House<\/title>\n<meta name=\"description\" content=\"Myamoon k\u00f5rvar\u00f5ngad Metropolitan Rebel. Materjal h\u00f5be 925. M\u00f5\u00f5dud: 22 mm x 28 mm. Valikus h\u00f5bedane roodiumiga v\u00f5i roosa kullaga kaetud viimistlus.\" \/>\n<meta name=\"robots\" content=\"index, follow, max-snippet:-1, max-image-preview:large, max-video-preview:-1\" \/>\n<link rel=\"canonical\" href=\"https:\/\/tallinndesignhouse.com\/toode\/korvarongad-metropolitan-rebel\/\" \/>\n<meta property=\"og:locale\" content=\"en_US\" \/>\n<meta property=\"og:type\" content=\"article\" \/>\n<meta property=\"og:title\" content=\"Myamoon Earrings Metropolitan Rebel - Tallinn Design House\" \/>\n<meta property=\"og:description\" content=\"Myamoon k\u00f5rvar\u00f5ngad Metropolitan Rebel. Materjal h\u00f5be 925. M\u00f5\u00f5dud: 22 mm x 28 mm. Valikus h\u00f5bedane roodiumiga v\u00f5i roosa kullaga kaetud viimistlus.\" \/>\n<meta property=\"og:url\" content=\"https:\/\/tallinndesignhouse.com\/toode\/korvarongad-metropolitan-rebel\/\" \/>\n<meta property=\"og:site_name\" content=\"Tallinn Design House\" \/>\n<meta property=\"article:modified_time\" content=\"2026-04-28T22:01:07+00:00\" \/>\n<meta property=\"og:image\" content=\"https:\/\/tallinndesignhouse.com\/wp-content\/uploads\/2023\/07\/Myamoon-Metropolitan-Rebel-earrings-scaled.jpg\" \/>\n\t<meta property=\"og:image:width\" content=\"2048\" \/>\n\t<meta property=\"og:image:height\" content=\"2560\" \/>\n\t<meta property=\"og:image:type\" content=\"image\/jpeg\" \/>\n<meta name=\"twitter:card\" content=\"summary_large_image\" \/>\n<script type=\"application\/ld+json\" class=\"yoast-schema-graph\">{\"@context\":\"https:\/\/schema.org\",\"@graph\":[{\"@type\":\"WebPage\",\"@id\":\"https:\/\/tallinndesignhouse.com\/toode\/korvarongad-metropolitan-rebel\/\",\"url\":\"https:\/\/tallinndesignhouse.com\/toode\/korvarongad-metropolitan-rebel\/\",\"name\":\"Myamoon Earrings Metropolitan Rebel - Tallinn Design House\",\"isPartOf\":{\"@id\":\"https:\/\/tallinndesignhouse.com\/#website\"},\"primaryImageOfPage\":{\"@id\":\"https:\/\/tallinndesignhouse.com\/toode\/korvarongad-metropolitan-rebel\/#primaryimage\"},\"image\":{\"@id\":\"https:\/\/tallinndesignhouse.com\/toode\/korvarongad-metropolitan-rebel\/#primaryimage\"},\"thumbnailUrl\":\"https:\/\/tallinndesignhouse.com\/wp-content\/uploads\/2023\/07\/Myamoon-Metropolitan-Rebel-earrings-scaled.jpg\",\"datePublished\":\"2023-07-19T08:30:20+00:00\",\"dateModified\":\"2026-04-28T22:01:07+00:00\",\"description\":\"Myamoon k\u00f5rvar\u00f5ngad Metropolitan Rebel. Materjal h\u00f5be 925. M\u00f5\u00f5dud: 22 mm x 28 mm. Valikus h\u00f5bedane roodiumiga v\u00f5i roosa kullaga kaetud viimistlus.\",\"breadcrumb\":{\"@id\":\"https:\/\/tallinndesignhouse.com\/toode\/korvarongad-metropolitan-rebel\/#breadcrumb\"},\"inLanguage\":\"en-US\",\"potentialAction\":[{\"@type\":\"ReadAction\",\"target\":[\"https:\/\/tallinndesignhouse.com\/toode\/korvarongad-metropolitan-rebel\/\"]}]},{\"@type\":\"ImageObject\",\"inLanguage\":\"en-US\",\"@id\":\"https:\/\/tallinndesignhouse.com\/toode\/korvarongad-metropolitan-rebel\/#primaryimage\",\"url\":\"https:\/\/tallinndesignhouse.com\/wp-content\/uploads\/2023\/07\/Myamoon-Metropolitan-Rebel-earrings-scaled.jpg\",\"contentUrl\":\"https:\/\/tallinndesignhouse.com\/wp-content\/uploads\/2023\/07\/Myamoon-Metropolitan-Rebel-earrings-scaled.jpg\",\"width\":2048,\"height\":2560,\"caption\":\"Myamoon-Metropolitan-Rebel-earrings\"},{\"@type\":\"BreadcrumbList\",\"@id\":\"https:\/\/tallinndesignhouse.com\/toode\/korvarongad-metropolitan-rebel\/#breadcrumb\",\"itemListElement\":[{\"@type\":\"ListItem\",\"position\":1,\"name\":\"Home\",\"item\":\"https:\/\/tallinndesignhouse.com\/en\/\"},{\"@type\":\"ListItem\",\"position\":2,\"name\":\"Shop\",\"item\":\"https:\/\/tallinndesignhouse.com\/en\/shop\/\"},{\"@type\":\"ListItem\",\"position\":3,\"name\":\"Earrings Metropolitan Rebel\"}]},{\"@type\":\"WebSite\",\"@id\":\"https:\/\/tallinndesignhouse.com\/#website\",\"url\":\"https:\/\/tallinndesignhouse.com\/\",\"name\":\"Tallinn Design House\",\"description\":\"Eesti disain Rotermanni kvartalis\",\"potentialAction\":[{\"@type\":\"SearchAction\",\"target\":{\"@type\":\"EntryPoint\",\"urlTemplate\":\"https:\/\/tallinndesignhouse.com\/?s={search_term_string}\"},\"query-input\":{\"@type\":\"PropertyValueSpecification\",\"valueRequired\":true,\"valueName\":\"search_term_string\"}}],\"inLanguage\":\"en-US\"}]}<\/script>\n<!-- \/ Yoast SEO plugin. -->","yoast_head_json":{"title":"Myamoon Earrings Metropolitan Rebel - Tallinn Design House","description":"Myamoon k\u00f5rvar\u00f5ngad Metropolitan Rebel. Materjal h\u00f5be 925. M\u00f5\u00f5dud: 22 mm x 28 mm. Valikus h\u00f5bedane roodiumiga v\u00f5i roosa kullaga kaetud viimistlus.","robots":{"index":"index","follow":"follow","max-snippet":"max-snippet:-1","max-image-preview":"max-image-preview:large","max-video-preview":"max-video-preview:-1"},"canonical":"https:\/\/tallinndesignhouse.com\/toode\/korvarongad-metropolitan-rebel\/","og_locale":"en_US","og_type":"article","og_title":"Myamoon Earrings Metropolitan Rebel - Tallinn Design House","og_description":"Myamoon k\u00f5rvar\u00f5ngad Metropolitan Rebel. Materjal h\u00f5be 925. M\u00f5\u00f5dud: 22 mm x 28 mm. Valikus h\u00f5bedane roodiumiga v\u00f5i roosa kullaga kaetud viimistlus.","og_url":"https:\/\/tallinndesignhouse.com\/toode\/korvarongad-metropolitan-rebel\/","og_site_name":"Tallinn Design House","article_modified_time":"2026-04-28T22:01:07+00:00","og_image":[{"width":2048,"height":2560,"url":"https:\/\/tallinndesignhouse.com\/wp-content\/uploads\/2023\/07\/Myamoon-Metropolitan-Rebel-earrings-scaled.jpg","type":"image\/jpeg"}],"twitter_card":"summary_large_image","schema":{"@context":"https:\/\/schema.org","@graph":[{"@type":"WebPage","@id":"https:\/\/tallinndesignhouse.com\/toode\/korvarongad-metropolitan-rebel\/","url":"https:\/\/tallinndesignhouse.com\/toode\/korvarongad-metropolitan-rebel\/","name":"Myamoon Earrings Metropolitan Rebel - Tallinn Design House","isPartOf":{"@id":"https:\/\/tallinndesignhouse.com\/#website"},"primaryImageOfPage":{"@id":"https:\/\/tallinndesignhouse.com\/toode\/korvarongad-metropolitan-rebel\/#primaryimage"},"image":{"@id":"https:\/\/tallinndesignhouse.com\/toode\/korvarongad-metropolitan-rebel\/#primaryimage"},"thumbnailUrl":"https:\/\/tallinndesignhouse.com\/wp-content\/uploads\/2023\/07\/Myamoon-Metropolitan-Rebel-earrings-scaled.jpg","datePublished":"2023-07-19T08:30:20+00:00","dateModified":"2026-04-28T22:01:07+00:00","description":"Myamoon k\u00f5rvar\u00f5ngad Metropolitan Rebel. Materjal h\u00f5be 925. M\u00f5\u00f5dud: 22 mm x 28 mm. Valikus h\u00f5bedane roodiumiga v\u00f5i roosa kullaga kaetud viimistlus.","breadcrumb":{"@id":"https:\/\/tallinndesignhouse.com\/toode\/korvarongad-metropolitan-rebel\/#breadcrumb"},"inLanguage":"en-US","potentialAction":[{"@type":"ReadAction","target":["https:\/\/tallinndesignhouse.com\/toode\/korvarongad-metropolitan-rebel\/"]}]},{"@type":"ImageObject","inLanguage":"en-US","@id":"https:\/\/tallinndesignhouse.com\/toode\/korvarongad-metropolitan-rebel\/#primaryimage","url":"https:\/\/tallinndesignhouse.com\/wp-content\/uploads\/2023\/07\/Myamoon-Metropolitan-Rebel-earrings-scaled.jpg","contentUrl":"https:\/\/tallinndesignhouse.com\/wp-content\/uploads\/2023\/07\/Myamoon-Metropolitan-Rebel-earrings-scaled.jpg","width":2048,"height":2560,"caption":"Myamoon-Metropolitan-Rebel-earrings"},{"@type":"BreadcrumbList","@id":"https:\/\/tallinndesignhouse.com\/toode\/korvarongad-metropolitan-rebel\/#breadcrumb","itemListElement":[{"@type":"ListItem","position":1,"name":"Home","item":"https:\/\/tallinndesignhouse.com\/en\/"},{"@type":"ListItem","position":2,"name":"Shop","item":"https:\/\/tallinndesignhouse.com\/en\/shop\/"},{"@type":"ListItem","position":3,"name":"Earrings Metropolitan Rebel"}]},{"@type":"WebSite","@id":"https:\/\/tallinndesignhouse.com\/#website","url":"https:\/\/tallinndesignhouse.com\/","name":"Tallinn Design House","description":"Eesti disain Rotermanni kvartalis","potentialAction":[{"@type":"SearchAction","target":{"@type":"EntryPoint","urlTemplate":"https:\/\/tallinndesignhouse.com\/?s={search_term_string}"},"query-input":{"@type":"PropertyValueSpecification","valueRequired":true,"valueName":"search_term_string"}}],"inLanguage":"en-US"}]}},"_links":{"self":[{"href":"https:\/\/tallinndesignhouse.com\/en\/wp-json\/wp\/v2\/product\/3292938","targetHints":{"allow":["GET"]}}],"collection":[{"href":"https:\/\/tallinndesignhouse.com\/en\/wp-json\/wp\/v2\/product"}],"about":[{"href":"https:\/\/tallinndesignhouse.com\/en\/wp-json\/wp\/v2\/types\/product"}],"wp:featuredmedia":[{"embeddable":true,"href":"https:\/\/tallinndesignhouse.com\/en\/wp-json\/wp\/v2\/media\/3292923"}],"wp:attachment":[{"href":"https:\/\/tallinndesignhouse.com\/en\/wp-json\/wp\/v2\/media?parent=3292938"}],"wp:term":[{"taxonomy":"product_brand","embeddable":true,"href":"https:\/\/tallinndesignhouse.com\/en\/wp-json\/wp\/v2\/product_brand?post=3292938"},{"taxonomy":"product_cat","embeddable":true,"href":"https:\/\/tallinndesignhouse.com\/en\/wp-json\/wp\/v2\/product_cat?post=3292938"},{"taxonomy":"product_tag","embeddable":true,"href":"https:\/\/tallinndesignhouse.com\/en\/wp-json\/wp\/v2\/product_tag?post=3292938"}],"curies":[{"name":"wp","href":"https:\/\/api.w.org\/{rel}","templated":true}]}}