{"id":3293066,"date":"2023-07-20T10:15:05","date_gmt":"2023-07-20T07:15:05","guid":{"rendered":"https:\/\/tallinndesignhouse.com\/toode\/satiinist-midikleit\/"},"modified":"2026-04-12T01:00:28","modified_gmt":"2026-04-11T22:00:28","slug":"satiinist-midikleit","status":"publish","type":"product","link":"https:\/\/tallinndesignhouse.com\/en\/toode\/satiinist-midikleit\/","title":{"rendered":"Satin Midi Dress"},"content":{"rendered":"<p>The midi dress by Nowitski is made of 100% viscose satin. The dress is of midi length, with a deep neckline, and it comes with a thin, long belt. The deep neckline allows wearing any blouse or fancy bra underneath the dress. Additionally, you can wear a jacket or sweatshirt over the dress. Please follow the care instructions on the care label. The model is wearing size XS, height 164 cm. Please do not iron the transparent labels.<\/p>\n","protected":false},"excerpt":{"rendered":"<p>The midi dress by Nowitski is made of 100% viscose satin. The dress is of midi length, with a deep neckline, and it comes with a thin, long belt. The deep neckline allows wearing any blouse or fancy bra underneath the dress. Additionally, you can wear a jacket or sweatshirt over the dress. Please follow [&hellip;]<\/p>\n","protected":false},"featured_media":3293060,"template":"","meta":{"_acf_changed":false},"product_brand":[],"product_cat":[1964,2837],"product_tag":[2819],"class_list":{"0":"post-3293066","1":"product","2":"type-product","3":"status-publish","4":"has-post-thumbnail","6":"product_cat-dresses","7":"product_cat-clothes","8":"product_tag-women","9":"pa_brand-nowitski-en","10":"pa_brand-nowitski","11":"pa_suurus-m","12":"pa_suurus-m-en","13":"pa_suurus-s","14":"pa_suurus-s-en","15":"pa_suurus-xs","16":"pa_suurus-xs-en","18":"first","19":"instock","20":"taxable","21":"shipping-taxable","22":"purchasable","23":"product-type-variable"},"acf":[],"yoast_head":"<!-- This site is optimized with the Yoast SEO plugin v26.0 - https:\/\/yoast.com\/wordpress\/plugins\/seo\/ -->\n<title>Nowitski Satin Midi Dress - Tallinn Design House<\/title>\n<meta name=\"description\" content=\"Nowitski satiinist midikleit. Valmistatud 100% viskoossatiinist. Kleit on midi-pikkusega, s\u00fcgava dekolteega ning sellega kaasas \u00f5huke pikk v\u00f6\u00f6.\" \/>\n<meta name=\"robots\" content=\"index, follow, max-snippet:-1, max-image-preview:large, max-video-preview:-1\" \/>\n<link rel=\"canonical\" href=\"https:\/\/tallinndesignhouse.com\/toode\/satiinist-midikleit\/\" \/>\n<meta property=\"og:locale\" content=\"en_US\" \/>\n<meta property=\"og:type\" content=\"article\" \/>\n<meta property=\"og:title\" content=\"Nowitski Satin Midi Dress - Tallinn Design House\" \/>\n<meta property=\"og:description\" content=\"Nowitski satiinist midikleit. Valmistatud 100% viskoossatiinist. Kleit on midi-pikkusega, s\u00fcgava dekolteega ning sellega kaasas \u00f5huke pikk v\u00f6\u00f6.\" \/>\n<meta property=\"og:url\" content=\"https:\/\/tallinndesignhouse.com\/toode\/satiinist-midikleit\/\" \/>\n<meta property=\"og:site_name\" content=\"Tallinn Design House\" \/>\n<meta property=\"article:modified_time\" content=\"2026-04-11T22:00:28+00:00\" \/>\n<meta property=\"og:image\" content=\"https:\/\/tallinndesignhouse.com\/wp-content\/uploads\/2023\/07\/Nowitski-Brand-satiinist-midi-kleit-3.jpg\" \/>\n\t<meta property=\"og:image:width\" content=\"538\" \/>\n\t<meta property=\"og:image:height\" content=\"806\" \/>\n\t<meta property=\"og:image:type\" content=\"image\/jpeg\" \/>\n<meta name=\"twitter:card\" content=\"summary_large_image\" \/>\n<meta name=\"twitter:label1\" content=\"Est. reading time\" \/>\n\t<meta name=\"twitter:data1\" content=\"1 minute\" \/>\n<script type=\"application\/ld+json\" class=\"yoast-schema-graph\">{\"@context\":\"https:\/\/schema.org\",\"@graph\":[{\"@type\":\"WebPage\",\"@id\":\"https:\/\/tallinndesignhouse.com\/toode\/satiinist-midikleit\/\",\"url\":\"https:\/\/tallinndesignhouse.com\/toode\/satiinist-midikleit\/\",\"name\":\"Nowitski Satin Midi Dress - Tallinn Design House\",\"isPartOf\":{\"@id\":\"https:\/\/tallinndesignhouse.com\/#website\"},\"primaryImageOfPage\":{\"@id\":\"https:\/\/tallinndesignhouse.com\/toode\/satiinist-midikleit\/#primaryimage\"},\"image\":{\"@id\":\"https:\/\/tallinndesignhouse.com\/toode\/satiinist-midikleit\/#primaryimage\"},\"thumbnailUrl\":\"https:\/\/tallinndesignhouse.com\/wp-content\/uploads\/2023\/07\/Nowitski-Brand-satiinist-midi-kleit-3.jpg\",\"datePublished\":\"2023-07-20T07:15:05+00:00\",\"dateModified\":\"2026-04-11T22:00:28+00:00\",\"description\":\"Nowitski satiinist midikleit. Valmistatud 100% viskoossatiinist. Kleit on midi-pikkusega, s\u00fcgava dekolteega ning sellega kaasas \u00f5huke pikk v\u00f6\u00f6.\",\"breadcrumb\":{\"@id\":\"https:\/\/tallinndesignhouse.com\/toode\/satiinist-midikleit\/#breadcrumb\"},\"inLanguage\":\"en-US\",\"potentialAction\":[{\"@type\":\"ReadAction\",\"target\":[\"https:\/\/tallinndesignhouse.com\/toode\/satiinist-midikleit\/\"]}]},{\"@type\":\"ImageObject\",\"inLanguage\":\"en-US\",\"@id\":\"https:\/\/tallinndesignhouse.com\/toode\/satiinist-midikleit\/#primaryimage\",\"url\":\"https:\/\/tallinndesignhouse.com\/wp-content\/uploads\/2023\/07\/Nowitski-Brand-satiinist-midi-kleit-3.jpg\",\"contentUrl\":\"https:\/\/tallinndesignhouse.com\/wp-content\/uploads\/2023\/07\/Nowitski-Brand-satiinist-midi-kleit-3.jpg\",\"width\":538,\"height\":806,\"caption\":\"Nowitski-Brand-satiinist-midi-kleit-3\"},{\"@type\":\"BreadcrumbList\",\"@id\":\"https:\/\/tallinndesignhouse.com\/toode\/satiinist-midikleit\/#breadcrumb\",\"itemListElement\":[{\"@type\":\"ListItem\",\"position\":1,\"name\":\"Home\",\"item\":\"https:\/\/tallinndesignhouse.com\/en\/\"},{\"@type\":\"ListItem\",\"position\":2,\"name\":\"Shop\",\"item\":\"https:\/\/tallinndesignhouse.com\/en\/shop\/\"},{\"@type\":\"ListItem\",\"position\":3,\"name\":\"Satin Midi Dress\"}]},{\"@type\":\"WebSite\",\"@id\":\"https:\/\/tallinndesignhouse.com\/#website\",\"url\":\"https:\/\/tallinndesignhouse.com\/\",\"name\":\"Tallinn Design House\",\"description\":\"Eesti disain Rotermanni kvartalis\",\"potentialAction\":[{\"@type\":\"SearchAction\",\"target\":{\"@type\":\"EntryPoint\",\"urlTemplate\":\"https:\/\/tallinndesignhouse.com\/?s={search_term_string}\"},\"query-input\":{\"@type\":\"PropertyValueSpecification\",\"valueRequired\":true,\"valueName\":\"search_term_string\"}}],\"inLanguage\":\"en-US\"}]}<\/script>\n<!-- \/ Yoast SEO plugin. -->","yoast_head_json":{"title":"Nowitski Satin Midi Dress - Tallinn Design House","description":"Nowitski satiinist midikleit. Valmistatud 100% viskoossatiinist. Kleit on midi-pikkusega, s\u00fcgava dekolteega ning sellega kaasas \u00f5huke pikk v\u00f6\u00f6.","robots":{"index":"index","follow":"follow","max-snippet":"max-snippet:-1","max-image-preview":"max-image-preview:large","max-video-preview":"max-video-preview:-1"},"canonical":"https:\/\/tallinndesignhouse.com\/toode\/satiinist-midikleit\/","og_locale":"en_US","og_type":"article","og_title":"Nowitski Satin Midi Dress - Tallinn Design House","og_description":"Nowitski satiinist midikleit. Valmistatud 100% viskoossatiinist. Kleit on midi-pikkusega, s\u00fcgava dekolteega ning sellega kaasas \u00f5huke pikk v\u00f6\u00f6.","og_url":"https:\/\/tallinndesignhouse.com\/toode\/satiinist-midikleit\/","og_site_name":"Tallinn Design House","article_modified_time":"2026-04-11T22:00:28+00:00","og_image":[{"width":538,"height":806,"url":"https:\/\/tallinndesignhouse.com\/wp-content\/uploads\/2023\/07\/Nowitski-Brand-satiinist-midi-kleit-3.jpg","type":"image\/jpeg"}],"twitter_card":"summary_large_image","twitter_misc":{"Est. reading time":"1 minute"},"schema":{"@context":"https:\/\/schema.org","@graph":[{"@type":"WebPage","@id":"https:\/\/tallinndesignhouse.com\/toode\/satiinist-midikleit\/","url":"https:\/\/tallinndesignhouse.com\/toode\/satiinist-midikleit\/","name":"Nowitski Satin Midi Dress - Tallinn Design House","isPartOf":{"@id":"https:\/\/tallinndesignhouse.com\/#website"},"primaryImageOfPage":{"@id":"https:\/\/tallinndesignhouse.com\/toode\/satiinist-midikleit\/#primaryimage"},"image":{"@id":"https:\/\/tallinndesignhouse.com\/toode\/satiinist-midikleit\/#primaryimage"},"thumbnailUrl":"https:\/\/tallinndesignhouse.com\/wp-content\/uploads\/2023\/07\/Nowitski-Brand-satiinist-midi-kleit-3.jpg","datePublished":"2023-07-20T07:15:05+00:00","dateModified":"2026-04-11T22:00:28+00:00","description":"Nowitski satiinist midikleit. Valmistatud 100% viskoossatiinist. Kleit on midi-pikkusega, s\u00fcgava dekolteega ning sellega kaasas \u00f5huke pikk v\u00f6\u00f6.","breadcrumb":{"@id":"https:\/\/tallinndesignhouse.com\/toode\/satiinist-midikleit\/#breadcrumb"},"inLanguage":"en-US","potentialAction":[{"@type":"ReadAction","target":["https:\/\/tallinndesignhouse.com\/toode\/satiinist-midikleit\/"]}]},{"@type":"ImageObject","inLanguage":"en-US","@id":"https:\/\/tallinndesignhouse.com\/toode\/satiinist-midikleit\/#primaryimage","url":"https:\/\/tallinndesignhouse.com\/wp-content\/uploads\/2023\/07\/Nowitski-Brand-satiinist-midi-kleit-3.jpg","contentUrl":"https:\/\/tallinndesignhouse.com\/wp-content\/uploads\/2023\/07\/Nowitski-Brand-satiinist-midi-kleit-3.jpg","width":538,"height":806,"caption":"Nowitski-Brand-satiinist-midi-kleit-3"},{"@type":"BreadcrumbList","@id":"https:\/\/tallinndesignhouse.com\/toode\/satiinist-midikleit\/#breadcrumb","itemListElement":[{"@type":"ListItem","position":1,"name":"Home","item":"https:\/\/tallinndesignhouse.com\/en\/"},{"@type":"ListItem","position":2,"name":"Shop","item":"https:\/\/tallinndesignhouse.com\/en\/shop\/"},{"@type":"ListItem","position":3,"name":"Satin Midi Dress"}]},{"@type":"WebSite","@id":"https:\/\/tallinndesignhouse.com\/#website","url":"https:\/\/tallinndesignhouse.com\/","name":"Tallinn Design House","description":"Eesti disain Rotermanni kvartalis","potentialAction":[{"@type":"SearchAction","target":{"@type":"EntryPoint","urlTemplate":"https:\/\/tallinndesignhouse.com\/?s={search_term_string}"},"query-input":{"@type":"PropertyValueSpecification","valueRequired":true,"valueName":"search_term_string"}}],"inLanguage":"en-US"}]}},"_links":{"self":[{"href":"https:\/\/tallinndesignhouse.com\/en\/wp-json\/wp\/v2\/product\/3293066","targetHints":{"allow":["GET"]}}],"collection":[{"href":"https:\/\/tallinndesignhouse.com\/en\/wp-json\/wp\/v2\/product"}],"about":[{"href":"https:\/\/tallinndesignhouse.com\/en\/wp-json\/wp\/v2\/types\/product"}],"wp:featuredmedia":[{"embeddable":true,"href":"https:\/\/tallinndesignhouse.com\/en\/wp-json\/wp\/v2\/media\/3293060"}],"wp:attachment":[{"href":"https:\/\/tallinndesignhouse.com\/en\/wp-json\/wp\/v2\/media?parent=3293066"}],"wp:term":[{"taxonomy":"product_brand","embeddable":true,"href":"https:\/\/tallinndesignhouse.com\/en\/wp-json\/wp\/v2\/product_brand?post=3293066"},{"taxonomy":"product_cat","embeddable":true,"href":"https:\/\/tallinndesignhouse.com\/en\/wp-json\/wp\/v2\/product_cat?post=3293066"},{"taxonomy":"product_tag","embeddable":true,"href":"https:\/\/tallinndesignhouse.com\/en\/wp-json\/wp\/v2\/product_tag?post=3293066"}],"curies":[{"name":"wp","href":"https:\/\/api.w.org\/{rel}","templated":true}]}}