{"id":3295174,"date":"2023-09-05T13:45:04","date_gmt":"2023-09-05T10:45:04","guid":{"rendered":"https:\/\/tallinndesignhouse.com\/toode\/puksid-jackie\/"},"modified":"2026-04-18T00:55:46","modified_gmt":"2026-04-17T21:55:46","slug":"puksid-jackie","status":"publish","type":"product","link":"https:\/\/tallinndesignhouse.com\/en\/toode\/puksid-jackie\/","title":{"rendered":"Jackie Pants"},"content":{"rendered":"<p>Loose-fit everyday pants.\u00a0Deep side pockets.\u00a0Fits true to size. Mid-rise, cut for a relaxed fit. Non-stretchy, light-weight fabric. Soft and silky fabric texture that has a wonderful drape. Easy to style, looks great with flats as well as heels. Composition: 100%\u00a0Tencel (OEKO-TEX). Care &#8211; delicate machine or hand wash,\u00a0low heat iron on reversed side. Sustainability: Tencel is produced by environmentally responsible process from the sustainably sourced natural raw material eucalyptus wood pulp. It\u00a0is highly breathable and wicks away moisture.\u00a0Tencel is hypoallergenic and won\u2019t irritate those with sensitive skin. As a plant-derived fibre, it is also biodegradable. Tencel looks and feels like silk. The material has a slight sheen and feels soft to the touch. A lot of\u00a0fabrics tend to shrink in the wash, however, Tencel won\u2019t lose its shape in fact it tends to feel softer after every wash. Model is 176 cm \/ 5\u00b49\u201d tall and wearing size 36 \/ UK 8 \/ US 4. Jackie pants are manufactured in Estonia. Brand: August.<\/p>\n","protected":false},"excerpt":{"rendered":"<p>Loose-fit everyday pants.\u00a0Deep side pockets.\u00a0Fits true to size. Mid-rise, cut for a relaxed fit. Non-stretchy, light-weight fabric. Soft and silky fabric texture that has a wonderful drape. Easy to style, looks great with flats as well as heels. Composition: 100%\u00a0Tencel (OEKO-TEX). Care &#8211; delicate machine or hand wash,\u00a0low heat iron on reversed side. Sustainability: Tencel [&hellip;]<\/p>\n","protected":false},"featured_media":3295189,"template":"","meta":{"_acf_changed":false},"product_brand":[],"product_cat":[885,887,3551,3717],"product_tag":[2818],"class_list":{"0":"post-3295174","1":"product","2":"type-product","3":"status-publish","4":"has-post-thumbnail","6":"product_cat-puksid","7":"product_cat-roivad","8":"product_cat-naturaalsed-materjalid","9":"product_cat-kevadised-tooted","10":"product_tag-naised","11":"pa_brand-august","13":"pa_suurus-1081","15":"pa_suurus-1082","17":"pa_suurus-1083","20":"first","21":"instock","22":"taxable","23":"shipping-taxable","24":"purchasable","25":"product-type-variable"},"acf":[],"yoast_head":"<!-- This site is optimized with the Yoast SEO plugin v26.0 - https:\/\/yoast.com\/wordpress\/plugins\/seo\/ -->\n<title>August Jackie Pants - Tallinn Design House<\/title>\n<meta name=\"description\" content=\"August p\u00fcksid Jackie. Jackie p\u00fckstel on s\u00fcgavad k\u00fcljetaskud. Vastab suurusele. Mitteveniv, kerge ja siidine kangas. Koostis - 100% Tencel.\" \/>\n<meta name=\"robots\" content=\"index, follow, max-snippet:-1, max-image-preview:large, max-video-preview:-1\" \/>\n<link rel=\"canonical\" href=\"https:\/\/tallinndesignhouse.com\/toode\/puksid-jackie\/\" \/>\n<meta property=\"og:locale\" content=\"en_US\" \/>\n<meta property=\"og:type\" content=\"article\" \/>\n<meta property=\"og:title\" content=\"August Jackie Pants - Tallinn Design House\" \/>\n<meta property=\"og:description\" content=\"August p\u00fcksid Jackie. Jackie p\u00fckstel on s\u00fcgavad k\u00fcljetaskud. Vastab suurusele. Mitteveniv, kerge ja siidine kangas. Koostis - 100% Tencel.\" \/>\n<meta property=\"og:url\" content=\"https:\/\/tallinndesignhouse.com\/toode\/puksid-jackie\/\" \/>\n<meta property=\"og:site_name\" content=\"Tallinn Design House\" \/>\n<meta property=\"article:modified_time\" content=\"2026-04-17T21:55:46+00:00\" \/>\n<meta property=\"og:image\" content=\"https:\/\/tallinndesignhouse.com\/wp-content\/uploads\/2023\/09\/August-puksid-Jackie.webp\" \/>\n\t<meta property=\"og:image:width\" content=\"1463\" \/>\n\t<meta property=\"og:image:height\" content=\"2048\" \/>\n\t<meta property=\"og:image:type\" content=\"image\/webp\" \/>\n<meta name=\"twitter:card\" content=\"summary_large_image\" \/>\n<meta name=\"twitter:label1\" content=\"Est. reading time\" \/>\n\t<meta name=\"twitter:data1\" content=\"1 minute\" \/>\n<script type=\"application\/ld+json\" class=\"yoast-schema-graph\">{\"@context\":\"https:\/\/schema.org\",\"@graph\":[{\"@type\":\"WebPage\",\"@id\":\"https:\/\/tallinndesignhouse.com\/toode\/puksid-jackie\/\",\"url\":\"https:\/\/tallinndesignhouse.com\/toode\/puksid-jackie\/\",\"name\":\"August Jackie Pants - Tallinn Design House\",\"isPartOf\":{\"@id\":\"https:\/\/tallinndesignhouse.com\/#website\"},\"primaryImageOfPage\":{\"@id\":\"https:\/\/tallinndesignhouse.com\/toode\/puksid-jackie\/#primaryimage\"},\"image\":{\"@id\":\"https:\/\/tallinndesignhouse.com\/toode\/puksid-jackie\/#primaryimage\"},\"thumbnailUrl\":\"https:\/\/tallinndesignhouse.com\/wp-content\/uploads\/2023\/09\/August-puksid-Jackie.webp\",\"datePublished\":\"2023-09-05T10:45:04+00:00\",\"dateModified\":\"2026-04-17T21:55:46+00:00\",\"description\":\"August p\u00fcksid Jackie. Jackie p\u00fckstel on s\u00fcgavad k\u00fcljetaskud. Vastab suurusele. Mitteveniv, kerge ja siidine kangas. Koostis - 100% Tencel.\",\"breadcrumb\":{\"@id\":\"https:\/\/tallinndesignhouse.com\/toode\/puksid-jackie\/#breadcrumb\"},\"inLanguage\":\"en-US\",\"potentialAction\":[{\"@type\":\"ReadAction\",\"target\":[\"https:\/\/tallinndesignhouse.com\/toode\/puksid-jackie\/\"]}]},{\"@type\":\"ImageObject\",\"inLanguage\":\"en-US\",\"@id\":\"https:\/\/tallinndesignhouse.com\/toode\/puksid-jackie\/#primaryimage\",\"url\":\"https:\/\/tallinndesignhouse.com\/wp-content\/uploads\/2023\/09\/August-puksid-Jackie.webp\",\"contentUrl\":\"https:\/\/tallinndesignhouse.com\/wp-content\/uploads\/2023\/09\/August-puksid-Jackie.webp\",\"width\":1463,\"height\":2048,\"caption\":\"August pu\u0308ksid Jackie\"},{\"@type\":\"BreadcrumbList\",\"@id\":\"https:\/\/tallinndesignhouse.com\/toode\/puksid-jackie\/#breadcrumb\",\"itemListElement\":[{\"@type\":\"ListItem\",\"position\":1,\"name\":\"Home\",\"item\":\"https:\/\/tallinndesignhouse.com\/en\/\"},{\"@type\":\"ListItem\",\"position\":2,\"name\":\"Shop\",\"item\":\"https:\/\/tallinndesignhouse.com\/en\/shop\/\"},{\"@type\":\"ListItem\",\"position\":3,\"name\":\"Jackie Pants\"}]},{\"@type\":\"WebSite\",\"@id\":\"https:\/\/tallinndesignhouse.com\/#website\",\"url\":\"https:\/\/tallinndesignhouse.com\/\",\"name\":\"Tallinn Design House\",\"description\":\"Eesti disain Rotermanni kvartalis\",\"potentialAction\":[{\"@type\":\"SearchAction\",\"target\":{\"@type\":\"EntryPoint\",\"urlTemplate\":\"https:\/\/tallinndesignhouse.com\/?s={search_term_string}\"},\"query-input\":{\"@type\":\"PropertyValueSpecification\",\"valueRequired\":true,\"valueName\":\"search_term_string\"}}],\"inLanguage\":\"en-US\"}]}<\/script>\n<!-- \/ Yoast SEO plugin. -->","yoast_head_json":{"title":"August Jackie Pants - Tallinn Design House","description":"August p\u00fcksid Jackie. Jackie p\u00fckstel on s\u00fcgavad k\u00fcljetaskud. Vastab suurusele. Mitteveniv, kerge ja siidine kangas. Koostis - 100% Tencel.","robots":{"index":"index","follow":"follow","max-snippet":"max-snippet:-1","max-image-preview":"max-image-preview:large","max-video-preview":"max-video-preview:-1"},"canonical":"https:\/\/tallinndesignhouse.com\/toode\/puksid-jackie\/","og_locale":"en_US","og_type":"article","og_title":"August Jackie Pants - Tallinn Design House","og_description":"August p\u00fcksid Jackie. Jackie p\u00fckstel on s\u00fcgavad k\u00fcljetaskud. Vastab suurusele. Mitteveniv, kerge ja siidine kangas. Koostis - 100% Tencel.","og_url":"https:\/\/tallinndesignhouse.com\/toode\/puksid-jackie\/","og_site_name":"Tallinn Design House","article_modified_time":"2026-04-17T21:55:46+00:00","og_image":[{"width":1463,"height":2048,"url":"https:\/\/tallinndesignhouse.com\/wp-content\/uploads\/2023\/09\/August-puksid-Jackie.webp","type":"image\/webp"}],"twitter_card":"summary_large_image","twitter_misc":{"Est. reading time":"1 minute"},"schema":{"@context":"https:\/\/schema.org","@graph":[{"@type":"WebPage","@id":"https:\/\/tallinndesignhouse.com\/toode\/puksid-jackie\/","url":"https:\/\/tallinndesignhouse.com\/toode\/puksid-jackie\/","name":"August Jackie Pants - Tallinn Design House","isPartOf":{"@id":"https:\/\/tallinndesignhouse.com\/#website"},"primaryImageOfPage":{"@id":"https:\/\/tallinndesignhouse.com\/toode\/puksid-jackie\/#primaryimage"},"image":{"@id":"https:\/\/tallinndesignhouse.com\/toode\/puksid-jackie\/#primaryimage"},"thumbnailUrl":"https:\/\/tallinndesignhouse.com\/wp-content\/uploads\/2023\/09\/August-puksid-Jackie.webp","datePublished":"2023-09-05T10:45:04+00:00","dateModified":"2026-04-17T21:55:46+00:00","description":"August p\u00fcksid Jackie. Jackie p\u00fckstel on s\u00fcgavad k\u00fcljetaskud. Vastab suurusele. Mitteveniv, kerge ja siidine kangas. Koostis - 100% Tencel.","breadcrumb":{"@id":"https:\/\/tallinndesignhouse.com\/toode\/puksid-jackie\/#breadcrumb"},"inLanguage":"en-US","potentialAction":[{"@type":"ReadAction","target":["https:\/\/tallinndesignhouse.com\/toode\/puksid-jackie\/"]}]},{"@type":"ImageObject","inLanguage":"en-US","@id":"https:\/\/tallinndesignhouse.com\/toode\/puksid-jackie\/#primaryimage","url":"https:\/\/tallinndesignhouse.com\/wp-content\/uploads\/2023\/09\/August-puksid-Jackie.webp","contentUrl":"https:\/\/tallinndesignhouse.com\/wp-content\/uploads\/2023\/09\/August-puksid-Jackie.webp","width":1463,"height":2048,"caption":"August pu\u0308ksid Jackie"},{"@type":"BreadcrumbList","@id":"https:\/\/tallinndesignhouse.com\/toode\/puksid-jackie\/#breadcrumb","itemListElement":[{"@type":"ListItem","position":1,"name":"Home","item":"https:\/\/tallinndesignhouse.com\/en\/"},{"@type":"ListItem","position":2,"name":"Shop","item":"https:\/\/tallinndesignhouse.com\/en\/shop\/"},{"@type":"ListItem","position":3,"name":"Jackie Pants"}]},{"@type":"WebSite","@id":"https:\/\/tallinndesignhouse.com\/#website","url":"https:\/\/tallinndesignhouse.com\/","name":"Tallinn Design House","description":"Eesti disain Rotermanni kvartalis","potentialAction":[{"@type":"SearchAction","target":{"@type":"EntryPoint","urlTemplate":"https:\/\/tallinndesignhouse.com\/?s={search_term_string}"},"query-input":{"@type":"PropertyValueSpecification","valueRequired":true,"valueName":"search_term_string"}}],"inLanguage":"en-US"}]}},"_links":{"self":[{"href":"https:\/\/tallinndesignhouse.com\/en\/wp-json\/wp\/v2\/product\/3295174","targetHints":{"allow":["GET"]}}],"collection":[{"href":"https:\/\/tallinndesignhouse.com\/en\/wp-json\/wp\/v2\/product"}],"about":[{"href":"https:\/\/tallinndesignhouse.com\/en\/wp-json\/wp\/v2\/types\/product"}],"wp:featuredmedia":[{"embeddable":true,"href":"https:\/\/tallinndesignhouse.com\/en\/wp-json\/wp\/v2\/media\/3295189"}],"wp:attachment":[{"href":"https:\/\/tallinndesignhouse.com\/en\/wp-json\/wp\/v2\/media?parent=3295174"}],"wp:term":[{"taxonomy":"product_brand","embeddable":true,"href":"https:\/\/tallinndesignhouse.com\/en\/wp-json\/wp\/v2\/product_brand?post=3295174"},{"taxonomy":"product_cat","embeddable":true,"href":"https:\/\/tallinndesignhouse.com\/en\/wp-json\/wp\/v2\/product_cat?post=3295174"},{"taxonomy":"product_tag","embeddable":true,"href":"https:\/\/tallinndesignhouse.com\/en\/wp-json\/wp\/v2\/product_tag?post=3295174"}],"curies":[{"name":"wp","href":"https:\/\/api.w.org\/{rel}","templated":true}]}}