{"id":3315100,"date":"2023-10-17T22:01:14","date_gmt":"2023-10-17T19:01:14","guid":{"rendered":"https:\/\/tallinndesignhouse.com\/toode\/telefonihoidja-shady-rock\/"},"modified":"2026-04-18T01:03:17","modified_gmt":"2026-04-17T22:03:17","slug":"telefonihoidja-shady-rock","status":"publish","type":"product","link":"https:\/\/tallinndesignhouse.com\/en\/toode\/telefonihoidja-shady-rock\/","title":{"rendered":"Phone Holder Shady Rock"},"content":{"rendered":"<p>A simple phone holder is necessary for everyone who wants to work comfortably at home or in the office. The phone is in its place and always in sight to see who is calling. It helps to conveniently browse recipes in the kitchen and follow the map in the car. Place the phone horizontally to charge or watch a video. Fits most models, gap width is 12 mm. Dimensions: 7.5 cm x 7.5 cm x 2 cm. Finish: natural oil wax.<\/p>\n","protected":false},"excerpt":{"rendered":"<p>A simple phone holder is necessary for everyone who wants to work comfortably at home or in the office. The phone is in its place and always in sight to see who is calling. It helps to conveniently browse recipes in the kitchen and follow the map in the car. Place the phone horizontally to [&hellip;]<\/p>\n","protected":false},"featured_media":3315122,"template":"","meta":{"_acf_changed":false},"product_brand":[],"product_cat":[890,875],"product_tag":[1828],"class_list":{"0":"post-3315100","1":"product","2":"type-product","3":"status-publish","4":"has-post-thumbnail","6":"product_cat-sisustustooted","7":"product_cat-kodu","8":"product_tag-kodu","9":"pa_brand-triibuvineer","10":"pa_brand-triibuvineer-en","12":"first","13":"instock","14":"taxable","15":"shipping-taxable","16":"purchasable","17":"product-type-simple"},"acf":[],"yoast_head":"<!-- This site is optimized with the Yoast SEO plugin v26.0 - https:\/\/yoast.com\/wordpress\/plugins\/seo\/ -->\n<title>Triibuvineer Phone Holder Shady Rock - Tallinn Design House<\/title>\n<meta name=\"description\" content=\"Triibuvineer telefonihoidja SHADY ROCK. Lihtne telefonihoidja on vajalik k\u00f5igile, kes soovivad teha mugavalt t\u00f6\u00f6d kodus v\u00f5i kontoris.\" \/>\n<meta name=\"robots\" content=\"index, follow, max-snippet:-1, max-image-preview:large, max-video-preview:-1\" \/>\n<link rel=\"canonical\" href=\"https:\/\/tallinndesignhouse.com\/toode\/telefonihoidja-shady-rock\/\" \/>\n<meta property=\"og:locale\" content=\"en_US\" \/>\n<meta property=\"og:type\" content=\"article\" \/>\n<meta property=\"og:title\" content=\"Triibuvineer Phone Holder Shady Rock - Tallinn Design House\" \/>\n<meta property=\"og:description\" content=\"Triibuvineer telefonihoidja SHADY ROCK. Lihtne telefonihoidja on vajalik k\u00f5igile, kes soovivad teha mugavalt t\u00f6\u00f6d kodus v\u00f5i kontoris.\" \/>\n<meta property=\"og:url\" content=\"https:\/\/tallinndesignhouse.com\/toode\/telefonihoidja-shady-rock\/\" \/>\n<meta property=\"og:site_name\" content=\"Tallinn Design House\" \/>\n<meta property=\"article:modified_time\" content=\"2026-04-17T22:03:17+00:00\" \/>\n<meta property=\"og:image\" content=\"https:\/\/tallinndesignhouse.com\/wp-content\/uploads\/2023\/10\/Triibuvineer_telefonihoidja_ShadyRock_2.jpg\" \/>\n\t<meta property=\"og:image:width\" content=\"495\" \/>\n\t<meta property=\"og:image:height\" content=\"495\" \/>\n\t<meta property=\"og:image:type\" content=\"image\/jpeg\" \/>\n<meta name=\"twitter:card\" content=\"summary_large_image\" \/>\n<script type=\"application\/ld+json\" class=\"yoast-schema-graph\">{\"@context\":\"https:\/\/schema.org\",\"@graph\":[{\"@type\":\"WebPage\",\"@id\":\"https:\/\/tallinndesignhouse.com\/toode\/telefonihoidja-shady-rock\/\",\"url\":\"https:\/\/tallinndesignhouse.com\/toode\/telefonihoidja-shady-rock\/\",\"name\":\"Triibuvineer Phone Holder Shady Rock - Tallinn Design House\",\"isPartOf\":{\"@id\":\"https:\/\/tallinndesignhouse.com\/#website\"},\"primaryImageOfPage\":{\"@id\":\"https:\/\/tallinndesignhouse.com\/toode\/telefonihoidja-shady-rock\/#primaryimage\"},\"image\":{\"@id\":\"https:\/\/tallinndesignhouse.com\/toode\/telefonihoidja-shady-rock\/#primaryimage\"},\"thumbnailUrl\":\"https:\/\/tallinndesignhouse.com\/wp-content\/uploads\/2023\/10\/Triibuvineer_telefonihoidja_ShadyRock_2.jpg\",\"datePublished\":\"2023-10-17T19:01:14+00:00\",\"dateModified\":\"2026-04-17T22:03:17+00:00\",\"description\":\"Triibuvineer telefonihoidja SHADY ROCK. Lihtne telefonihoidja on vajalik k\u00f5igile, kes soovivad teha mugavalt t\u00f6\u00f6d kodus v\u00f5i kontoris.\",\"breadcrumb\":{\"@id\":\"https:\/\/tallinndesignhouse.com\/toode\/telefonihoidja-shady-rock\/#breadcrumb\"},\"inLanguage\":\"en-US\",\"potentialAction\":[{\"@type\":\"ReadAction\",\"target\":[\"https:\/\/tallinndesignhouse.com\/toode\/telefonihoidja-shady-rock\/\"]}]},{\"@type\":\"ImageObject\",\"inLanguage\":\"en-US\",\"@id\":\"https:\/\/tallinndesignhouse.com\/toode\/telefonihoidja-shady-rock\/#primaryimage\",\"url\":\"https:\/\/tallinndesignhouse.com\/wp-content\/uploads\/2023\/10\/Triibuvineer_telefonihoidja_ShadyRock_2.jpg\",\"contentUrl\":\"https:\/\/tallinndesignhouse.com\/wp-content\/uploads\/2023\/10\/Triibuvineer_telefonihoidja_ShadyRock_2.jpg\",\"width\":495,\"height\":495,\"caption\":\"Triibuvineer telefonihoidja Shady Rock 2\"},{\"@type\":\"BreadcrumbList\",\"@id\":\"https:\/\/tallinndesignhouse.com\/toode\/telefonihoidja-shady-rock\/#breadcrumb\",\"itemListElement\":[{\"@type\":\"ListItem\",\"position\":1,\"name\":\"Home\",\"item\":\"https:\/\/tallinndesignhouse.com\/en\/\"},{\"@type\":\"ListItem\",\"position\":2,\"name\":\"Shop\",\"item\":\"https:\/\/tallinndesignhouse.com\/en\/shop\/\"},{\"@type\":\"ListItem\",\"position\":3,\"name\":\"Phone Holder Shady Rock\"}]},{\"@type\":\"WebSite\",\"@id\":\"https:\/\/tallinndesignhouse.com\/#website\",\"url\":\"https:\/\/tallinndesignhouse.com\/\",\"name\":\"Tallinn Design House\",\"description\":\"Eesti disain Rotermanni kvartalis\",\"potentialAction\":[{\"@type\":\"SearchAction\",\"target\":{\"@type\":\"EntryPoint\",\"urlTemplate\":\"https:\/\/tallinndesignhouse.com\/?s={search_term_string}\"},\"query-input\":{\"@type\":\"PropertyValueSpecification\",\"valueRequired\":true,\"valueName\":\"search_term_string\"}}],\"inLanguage\":\"en-US\"}]}<\/script>\n<!-- \/ Yoast SEO plugin. -->","yoast_head_json":{"title":"Triibuvineer Phone Holder Shady Rock - Tallinn Design House","description":"Triibuvineer telefonihoidja SHADY ROCK. Lihtne telefonihoidja on vajalik k\u00f5igile, kes soovivad teha mugavalt t\u00f6\u00f6d kodus v\u00f5i kontoris.","robots":{"index":"index","follow":"follow","max-snippet":"max-snippet:-1","max-image-preview":"max-image-preview:large","max-video-preview":"max-video-preview:-1"},"canonical":"https:\/\/tallinndesignhouse.com\/toode\/telefonihoidja-shady-rock\/","og_locale":"en_US","og_type":"article","og_title":"Triibuvineer Phone Holder Shady Rock - Tallinn Design House","og_description":"Triibuvineer telefonihoidja SHADY ROCK. Lihtne telefonihoidja on vajalik k\u00f5igile, kes soovivad teha mugavalt t\u00f6\u00f6d kodus v\u00f5i kontoris.","og_url":"https:\/\/tallinndesignhouse.com\/toode\/telefonihoidja-shady-rock\/","og_site_name":"Tallinn Design House","article_modified_time":"2026-04-17T22:03:17+00:00","og_image":[{"width":495,"height":495,"url":"https:\/\/tallinndesignhouse.com\/wp-content\/uploads\/2023\/10\/Triibuvineer_telefonihoidja_ShadyRock_2.jpg","type":"image\/jpeg"}],"twitter_card":"summary_large_image","schema":{"@context":"https:\/\/schema.org","@graph":[{"@type":"WebPage","@id":"https:\/\/tallinndesignhouse.com\/toode\/telefonihoidja-shady-rock\/","url":"https:\/\/tallinndesignhouse.com\/toode\/telefonihoidja-shady-rock\/","name":"Triibuvineer Phone Holder Shady Rock - Tallinn Design House","isPartOf":{"@id":"https:\/\/tallinndesignhouse.com\/#website"},"primaryImageOfPage":{"@id":"https:\/\/tallinndesignhouse.com\/toode\/telefonihoidja-shady-rock\/#primaryimage"},"image":{"@id":"https:\/\/tallinndesignhouse.com\/toode\/telefonihoidja-shady-rock\/#primaryimage"},"thumbnailUrl":"https:\/\/tallinndesignhouse.com\/wp-content\/uploads\/2023\/10\/Triibuvineer_telefonihoidja_ShadyRock_2.jpg","datePublished":"2023-10-17T19:01:14+00:00","dateModified":"2026-04-17T22:03:17+00:00","description":"Triibuvineer telefonihoidja SHADY ROCK. Lihtne telefonihoidja on vajalik k\u00f5igile, kes soovivad teha mugavalt t\u00f6\u00f6d kodus v\u00f5i kontoris.","breadcrumb":{"@id":"https:\/\/tallinndesignhouse.com\/toode\/telefonihoidja-shady-rock\/#breadcrumb"},"inLanguage":"en-US","potentialAction":[{"@type":"ReadAction","target":["https:\/\/tallinndesignhouse.com\/toode\/telefonihoidja-shady-rock\/"]}]},{"@type":"ImageObject","inLanguage":"en-US","@id":"https:\/\/tallinndesignhouse.com\/toode\/telefonihoidja-shady-rock\/#primaryimage","url":"https:\/\/tallinndesignhouse.com\/wp-content\/uploads\/2023\/10\/Triibuvineer_telefonihoidja_ShadyRock_2.jpg","contentUrl":"https:\/\/tallinndesignhouse.com\/wp-content\/uploads\/2023\/10\/Triibuvineer_telefonihoidja_ShadyRock_2.jpg","width":495,"height":495,"caption":"Triibuvineer telefonihoidja Shady Rock 2"},{"@type":"BreadcrumbList","@id":"https:\/\/tallinndesignhouse.com\/toode\/telefonihoidja-shady-rock\/#breadcrumb","itemListElement":[{"@type":"ListItem","position":1,"name":"Home","item":"https:\/\/tallinndesignhouse.com\/en\/"},{"@type":"ListItem","position":2,"name":"Shop","item":"https:\/\/tallinndesignhouse.com\/en\/shop\/"},{"@type":"ListItem","position":3,"name":"Phone Holder Shady Rock"}]},{"@type":"WebSite","@id":"https:\/\/tallinndesignhouse.com\/#website","url":"https:\/\/tallinndesignhouse.com\/","name":"Tallinn Design House","description":"Eesti disain Rotermanni kvartalis","potentialAction":[{"@type":"SearchAction","target":{"@type":"EntryPoint","urlTemplate":"https:\/\/tallinndesignhouse.com\/?s={search_term_string}"},"query-input":{"@type":"PropertyValueSpecification","valueRequired":true,"valueName":"search_term_string"}}],"inLanguage":"en-US"}]}},"_links":{"self":[{"href":"https:\/\/tallinndesignhouse.com\/en\/wp-json\/wp\/v2\/product\/3315100","targetHints":{"allow":["GET"]}}],"collection":[{"href":"https:\/\/tallinndesignhouse.com\/en\/wp-json\/wp\/v2\/product"}],"about":[{"href":"https:\/\/tallinndesignhouse.com\/en\/wp-json\/wp\/v2\/types\/product"}],"wp:featuredmedia":[{"embeddable":true,"href":"https:\/\/tallinndesignhouse.com\/en\/wp-json\/wp\/v2\/media\/3315122"}],"wp:attachment":[{"href":"https:\/\/tallinndesignhouse.com\/en\/wp-json\/wp\/v2\/media?parent=3315100"}],"wp:term":[{"taxonomy":"product_brand","embeddable":true,"href":"https:\/\/tallinndesignhouse.com\/en\/wp-json\/wp\/v2\/product_brand?post=3315100"},{"taxonomy":"product_cat","embeddable":true,"href":"https:\/\/tallinndesignhouse.com\/en\/wp-json\/wp\/v2\/product_cat?post=3315100"},{"taxonomy":"product_tag","embeddable":true,"href":"https:\/\/tallinndesignhouse.com\/en\/wp-json\/wp\/v2\/product_tag?post=3315100"}],"curies":[{"name":"wp","href":"https:\/\/api.w.org\/{rel}","templated":true}]}}