{"id":3315252,"date":"2023-10-18T14:16:23","date_gmt":"2023-10-18T11:16:23","guid":{"rendered":"https:\/\/tallinndesignhouse.com\/toode\/serveerimisalus-seaside-blues\/"},"modified":"2026-05-13T01:03:09","modified_gmt":"2026-05-12T22:03:09","slug":"serveerimisalus-seaside-blues","status":"publish","type":"product","link":"https:\/\/tallinndesignhouse.com\/en\/toode\/serveerimisalus-seaside-blues\/","title":{"rendered":"Serving Board Seaside Blues"},"content":{"rendered":"<p>Plywood serving board is suitable for presenting everyday morning sandwiches as well as festive snacks and cakes. The sloping edges make lifting very convenient, both sides of the base can be used. Finished with food-friendly oil wax that is easy to clean with water. Dimensions: length 24 cm x width 15.2 cm x height 2 cm. Finish: food-friendly oil wax. NB! Cutting with a knife can damage the surface of the wood. The long life of the product can be extended by re-grinding and re-oiling. Not dishwasher safe. Brand: Triibuvineer.<\/p>\n","protected":false},"excerpt":{"rendered":"<p>Plywood serving board is suitable for presenting everyday morning sandwiches as well as festive snacks and cakes. The sloping edges make lifting very convenient, both sides of the base can be used. Finished with food-friendly oil wax that is easy to clean with water. Dimensions: length 24 cm x width 15.2 cm x height 2 [&hellip;]<\/p>\n","protected":false},"featured_media":3315248,"template":"","meta":{"_acf_changed":false},"product_brand":[],"product_cat":[890,875],"product_tag":[1828],"class_list":{"0":"post-3315252","1":"product","2":"type-product","3":"status-publish","4":"has-post-thumbnail","6":"product_cat-sisustustooted","7":"product_cat-kodu","8":"product_tag-kodu","9":"pa_brand-triibuvineer","12":"first","13":"instock","14":"taxable","15":"shipping-taxable","16":"purchasable","17":"product-type-simple"},"acf":[],"yoast_head":"<!-- This site is optimized with the Yoast SEO plugin v26.0 - https:\/\/yoast.com\/wordpress\/plugins\/seo\/ -->\n<title>Triibuvineer Serving Board Seaside Blues - Tallinn Design House<\/title>\n<meta name=\"description\" content=\"Triibuvineer serveerimisalus Seaside Blues. M\u00f5\u00f5dud: pikkus 24 cm x laius 15.2 cm x k\u00f5rgus 2 cm. Viimistlus: toidus\u00f5bralik \u00f5livaha.\" \/>\n<meta name=\"robots\" content=\"index, follow, max-snippet:-1, max-image-preview:large, max-video-preview:-1\" \/>\n<link rel=\"canonical\" href=\"https:\/\/tallinndesignhouse.com\/en\/toode\/serveerimisalus-seaside-blues\/\" \/>\n<meta property=\"og:locale\" content=\"en_US\" \/>\n<meta property=\"og:type\" content=\"article\" \/>\n<meta property=\"og:title\" content=\"Triibuvineer Serving Board Seaside Blues - Tallinn Design House\" \/>\n<meta property=\"og:description\" content=\"Triibuvineer serveerimisalus Seaside Blues. M\u00f5\u00f5dud: pikkus 24 cm x laius 15.2 cm x k\u00f5rgus 2 cm. Viimistlus: toidus\u00f5bralik \u00f5livaha.\" \/>\n<meta property=\"og:url\" content=\"https:\/\/tallinndesignhouse.com\/en\/toode\/serveerimisalus-seaside-blues\/\" \/>\n<meta property=\"og:site_name\" content=\"Tallinn Design House\" \/>\n<meta property=\"article:modified_time\" content=\"2026-05-12T22:03:09+00:00\" \/>\n<meta property=\"og:image\" content=\"https:\/\/tallinndesignhouse.com\/wp-content\/uploads\/2023\/10\/Triibuvineer_serveerimisalus_SeasideBlues_2.jpg\" \/>\n\t<meta property=\"og:image:width\" content=\"400\" \/>\n\t<meta property=\"og:image:height\" content=\"300\" \/>\n\t<meta property=\"og:image:type\" content=\"image\/jpeg\" \/>\n<meta name=\"twitter:card\" content=\"summary_large_image\" \/>\n<script type=\"application\/ld+json\" class=\"yoast-schema-graph\">{\"@context\":\"https:\/\/schema.org\",\"@graph\":[{\"@type\":\"WebPage\",\"@id\":\"https:\/\/tallinndesignhouse.com\/en\/toode\/serveerimisalus-seaside-blues\/\",\"url\":\"https:\/\/tallinndesignhouse.com\/en\/toode\/serveerimisalus-seaside-blues\/\",\"name\":\"Triibuvineer Serving Board Seaside Blues - Tallinn Design House\",\"isPartOf\":{\"@id\":\"https:\/\/tallinndesignhouse.com\/#website\"},\"primaryImageOfPage\":{\"@id\":\"https:\/\/tallinndesignhouse.com\/en\/toode\/serveerimisalus-seaside-blues\/#primaryimage\"},\"image\":{\"@id\":\"https:\/\/tallinndesignhouse.com\/en\/toode\/serveerimisalus-seaside-blues\/#primaryimage\"},\"thumbnailUrl\":\"https:\/\/tallinndesignhouse.com\/wp-content\/uploads\/2023\/10\/Triibuvineer_serveerimisalus_SeasideBlues_2.jpg\",\"datePublished\":\"2023-10-18T11:16:23+00:00\",\"dateModified\":\"2026-05-12T22:03:09+00:00\",\"description\":\"Triibuvineer serveerimisalus Seaside Blues. M\u00f5\u00f5dud: pikkus 24 cm x laius 15.2 cm x k\u00f5rgus 2 cm. Viimistlus: toidus\u00f5bralik \u00f5livaha.\",\"breadcrumb\":{\"@id\":\"https:\/\/tallinndesignhouse.com\/en\/toode\/serveerimisalus-seaside-blues\/#breadcrumb\"},\"inLanguage\":\"en-US\",\"potentialAction\":[{\"@type\":\"ReadAction\",\"target\":[\"https:\/\/tallinndesignhouse.com\/en\/toode\/serveerimisalus-seaside-blues\/\"]}]},{\"@type\":\"ImageObject\",\"inLanguage\":\"en-US\",\"@id\":\"https:\/\/tallinndesignhouse.com\/en\/toode\/serveerimisalus-seaside-blues\/#primaryimage\",\"url\":\"https:\/\/tallinndesignhouse.com\/wp-content\/uploads\/2023\/10\/Triibuvineer_serveerimisalus_SeasideBlues_2.jpg\",\"contentUrl\":\"https:\/\/tallinndesignhouse.com\/wp-content\/uploads\/2023\/10\/Triibuvineer_serveerimisalus_SeasideBlues_2.jpg\",\"width\":400,\"height\":300,\"caption\":\"Triibuvineer serveerimisalus Seaside Blues 2\"},{\"@type\":\"BreadcrumbList\",\"@id\":\"https:\/\/tallinndesignhouse.com\/en\/toode\/serveerimisalus-seaside-blues\/#breadcrumb\",\"itemListElement\":[{\"@type\":\"ListItem\",\"position\":1,\"name\":\"Home\",\"item\":\"https:\/\/tallinndesignhouse.com\/en\/\"},{\"@type\":\"ListItem\",\"position\":2,\"name\":\"Shop\",\"item\":\"https:\/\/tallinndesignhouse.com\/en\/shop\/\"},{\"@type\":\"ListItem\",\"position\":3,\"name\":\"Serving Board Seaside Blues\"}]},{\"@type\":\"WebSite\",\"@id\":\"https:\/\/tallinndesignhouse.com\/#website\",\"url\":\"https:\/\/tallinndesignhouse.com\/\",\"name\":\"Tallinn Design House\",\"description\":\"Eesti disain Rotermanni kvartalis\",\"potentialAction\":[{\"@type\":\"SearchAction\",\"target\":{\"@type\":\"EntryPoint\",\"urlTemplate\":\"https:\/\/tallinndesignhouse.com\/?s={search_term_string}\"},\"query-input\":{\"@type\":\"PropertyValueSpecification\",\"valueRequired\":true,\"valueName\":\"search_term_string\"}}],\"inLanguage\":\"en-US\"}]}<\/script>\n<!-- \/ Yoast SEO plugin. -->","yoast_head_json":{"title":"Triibuvineer Serving Board Seaside Blues - Tallinn Design House","description":"Triibuvineer serveerimisalus Seaside Blues. M\u00f5\u00f5dud: pikkus 24 cm x laius 15.2 cm x k\u00f5rgus 2 cm. Viimistlus: toidus\u00f5bralik \u00f5livaha.","robots":{"index":"index","follow":"follow","max-snippet":"max-snippet:-1","max-image-preview":"max-image-preview:large","max-video-preview":"max-video-preview:-1"},"canonical":"https:\/\/tallinndesignhouse.com\/en\/toode\/serveerimisalus-seaside-blues\/","og_locale":"en_US","og_type":"article","og_title":"Triibuvineer Serving Board Seaside Blues - Tallinn Design House","og_description":"Triibuvineer serveerimisalus Seaside Blues. M\u00f5\u00f5dud: pikkus 24 cm x laius 15.2 cm x k\u00f5rgus 2 cm. Viimistlus: toidus\u00f5bralik \u00f5livaha.","og_url":"https:\/\/tallinndesignhouse.com\/en\/toode\/serveerimisalus-seaside-blues\/","og_site_name":"Tallinn Design House","article_modified_time":"2026-05-12T22:03:09+00:00","og_image":[{"width":400,"height":300,"url":"https:\/\/tallinndesignhouse.com\/wp-content\/uploads\/2023\/10\/Triibuvineer_serveerimisalus_SeasideBlues_2.jpg","type":"image\/jpeg"}],"twitter_card":"summary_large_image","schema":{"@context":"https:\/\/schema.org","@graph":[{"@type":"WebPage","@id":"https:\/\/tallinndesignhouse.com\/en\/toode\/serveerimisalus-seaside-blues\/","url":"https:\/\/tallinndesignhouse.com\/en\/toode\/serveerimisalus-seaside-blues\/","name":"Triibuvineer Serving Board Seaside Blues - Tallinn Design House","isPartOf":{"@id":"https:\/\/tallinndesignhouse.com\/#website"},"primaryImageOfPage":{"@id":"https:\/\/tallinndesignhouse.com\/en\/toode\/serveerimisalus-seaside-blues\/#primaryimage"},"image":{"@id":"https:\/\/tallinndesignhouse.com\/en\/toode\/serveerimisalus-seaside-blues\/#primaryimage"},"thumbnailUrl":"https:\/\/tallinndesignhouse.com\/wp-content\/uploads\/2023\/10\/Triibuvineer_serveerimisalus_SeasideBlues_2.jpg","datePublished":"2023-10-18T11:16:23+00:00","dateModified":"2026-05-12T22:03:09+00:00","description":"Triibuvineer serveerimisalus Seaside Blues. M\u00f5\u00f5dud: pikkus 24 cm x laius 15.2 cm x k\u00f5rgus 2 cm. Viimistlus: toidus\u00f5bralik \u00f5livaha.","breadcrumb":{"@id":"https:\/\/tallinndesignhouse.com\/en\/toode\/serveerimisalus-seaside-blues\/#breadcrumb"},"inLanguage":"en-US","potentialAction":[{"@type":"ReadAction","target":["https:\/\/tallinndesignhouse.com\/en\/toode\/serveerimisalus-seaside-blues\/"]}]},{"@type":"ImageObject","inLanguage":"en-US","@id":"https:\/\/tallinndesignhouse.com\/en\/toode\/serveerimisalus-seaside-blues\/#primaryimage","url":"https:\/\/tallinndesignhouse.com\/wp-content\/uploads\/2023\/10\/Triibuvineer_serveerimisalus_SeasideBlues_2.jpg","contentUrl":"https:\/\/tallinndesignhouse.com\/wp-content\/uploads\/2023\/10\/Triibuvineer_serveerimisalus_SeasideBlues_2.jpg","width":400,"height":300,"caption":"Triibuvineer serveerimisalus Seaside Blues 2"},{"@type":"BreadcrumbList","@id":"https:\/\/tallinndesignhouse.com\/en\/toode\/serveerimisalus-seaside-blues\/#breadcrumb","itemListElement":[{"@type":"ListItem","position":1,"name":"Home","item":"https:\/\/tallinndesignhouse.com\/en\/"},{"@type":"ListItem","position":2,"name":"Shop","item":"https:\/\/tallinndesignhouse.com\/en\/shop\/"},{"@type":"ListItem","position":3,"name":"Serving Board Seaside Blues"}]},{"@type":"WebSite","@id":"https:\/\/tallinndesignhouse.com\/#website","url":"https:\/\/tallinndesignhouse.com\/","name":"Tallinn Design House","description":"Eesti disain Rotermanni kvartalis","potentialAction":[{"@type":"SearchAction","target":{"@type":"EntryPoint","urlTemplate":"https:\/\/tallinndesignhouse.com\/?s={search_term_string}"},"query-input":{"@type":"PropertyValueSpecification","valueRequired":true,"valueName":"search_term_string"}}],"inLanguage":"en-US"}]}},"_links":{"self":[{"href":"https:\/\/tallinndesignhouse.com\/en\/wp-json\/wp\/v2\/product\/3315252","targetHints":{"allow":["GET"]}}],"collection":[{"href":"https:\/\/tallinndesignhouse.com\/en\/wp-json\/wp\/v2\/product"}],"about":[{"href":"https:\/\/tallinndesignhouse.com\/en\/wp-json\/wp\/v2\/types\/product"}],"wp:featuredmedia":[{"embeddable":true,"href":"https:\/\/tallinndesignhouse.com\/en\/wp-json\/wp\/v2\/media\/3315248"}],"wp:attachment":[{"href":"https:\/\/tallinndesignhouse.com\/en\/wp-json\/wp\/v2\/media?parent=3315252"}],"wp:term":[{"taxonomy":"product_brand","embeddable":true,"href":"https:\/\/tallinndesignhouse.com\/en\/wp-json\/wp\/v2\/product_brand?post=3315252"},{"taxonomy":"product_cat","embeddable":true,"href":"https:\/\/tallinndesignhouse.com\/en\/wp-json\/wp\/v2\/product_cat?post=3315252"},{"taxonomy":"product_tag","embeddable":true,"href":"https:\/\/tallinndesignhouse.com\/en\/wp-json\/wp\/v2\/product_tag?post=3315252"}],"curies":[{"name":"wp","href":"https:\/\/api.w.org\/{rel}","templated":true}]}}