{"id":3315815,"date":"2022-04-13T12:56:26","date_gmt":"2022-04-13T09:56:26","guid":{"rendered":"https:\/\/tallinndesignhouse.com\/toode\/alus-tom\/"},"modified":"2026-04-12T00:55:10","modified_gmt":"2026-04-11T21:55:10","slug":"alus-tom","status":"publish","type":"product","link":"https:\/\/tallinndesignhouse.com\/en\/toode\/alus-tom\/","title":{"rendered":"Plate Tom"},"content":{"rendered":"<p>Small oval plate Tom. Material: Toned semiporcelain. Technique: Stoneware. Size: 22 x13 cm. Care: Dishwasher safe. Designer Mari Ait, brand Hele Keraamika.<\/p>\n","protected":false},"excerpt":{"rendered":"<p>Small oval plate Tom. Material: Toned semiporcelain. Technique: Stoneware. Size: 22 x13 cm. Care: Dishwasher safe. Designer Mari Ait, brand Hele Keraamika.<\/p>\n","protected":false},"featured_media":342753,"template":"","meta":{"_acf_changed":false},"product_brand":[],"product_cat":[2224,2552],"product_tag":[2003],"class_list":{"0":"post-3315815","1":"product","2":"type-product","3":"status-publish","4":"has-post-thumbnail","6":"product_cat-ceramics-and-glass","7":"product_cat-home","8":"product_tag-home","9":"pa_brand-mari-ait","10":"pa_brand-mari-ait-en","11":"pa_kingiidee-ei","12":"pa_kingiidee-no-en","13":"pa_varv-blue-en","14":"pa_varv-dark-grey-en","15":"pa_varv-green-en","16":"pa_varv-helehall","17":"pa_varv-helesinine","18":"pa_varv-light-blue-en","19":"pa_varv-light-grey-en","20":"pa_varv-pink-en","21":"pa_varv-roheline","22":"pa_varv-roosa","23":"pa_varv-sinine","24":"pa_varv-tumehall","26":"first","27":"instock","28":"taxable","29":"shipping-taxable","30":"purchasable","31":"product-type-variable"},"acf":[],"yoast_head":"<!-- This site is optimized with the Yoast SEO plugin v26.0 - https:\/\/yoast.com\/wordpress\/plugins\/seo\/ -->\n<title>Mari Ait Plate Tom - Tallinn Design House<\/title>\n<meta name=\"description\" content=\"Mari Ait alus Tom. Materjal: toonitud poolportselan. Tehnika: k\u00f5rgkuumus. M\u00f5\u00f5t: 22 x 13 cm. Hooldus: pestav n\u00f5udepesumasinas.\" \/>\n<meta name=\"robots\" content=\"index, follow, max-snippet:-1, max-image-preview:large, max-video-preview:-1\" \/>\n<link rel=\"canonical\" href=\"https:\/\/tallinndesignhouse.com\/toode\/alus-tom\/\" \/>\n<meta property=\"og:locale\" content=\"en_US\" \/>\n<meta property=\"og:type\" content=\"article\" \/>\n<meta property=\"og:title\" content=\"Mari Ait Plate Tom - Tallinn Design House\" \/>\n<meta property=\"og:description\" content=\"Mari Ait alus Tom. Materjal: toonitud poolportselan. Tehnika: k\u00f5rgkuumus. M\u00f5\u00f5t: 22 x 13 cm. Hooldus: pestav n\u00f5udepesumasinas.\" \/>\n<meta property=\"og:url\" content=\"https:\/\/tallinndesignhouse.com\/toode\/alus-tom\/\" \/>\n<meta property=\"og:site_name\" content=\"Tallinn Design House\" \/>\n<meta property=\"article:modified_time\" content=\"2026-04-11T21:55:10+00:00\" \/>\n<meta property=\"og:image\" content=\"https:\/\/tallinndesignhouse.com\/wp-content\/uploads\/2022\/04\/MARI-AIT-alus_tom_roosa-scaled.jpg\" \/>\n\t<meta property=\"og:image:width\" content=\"2048\" \/>\n\t<meta property=\"og:image:height\" content=\"2560\" \/>\n\t<meta property=\"og:image:type\" content=\"image\/jpeg\" \/>\n<meta name=\"twitter:card\" content=\"summary_large_image\" \/>\n<script type=\"application\/ld+json\" class=\"yoast-schema-graph\">{\"@context\":\"https:\/\/schema.org\",\"@graph\":[{\"@type\":\"WebPage\",\"@id\":\"https:\/\/tallinndesignhouse.com\/toode\/alus-tom\/\",\"url\":\"https:\/\/tallinndesignhouse.com\/toode\/alus-tom\/\",\"name\":\"Mari Ait Plate Tom - Tallinn Design House\",\"isPartOf\":{\"@id\":\"https:\/\/tallinndesignhouse.com\/#website\"},\"primaryImageOfPage\":{\"@id\":\"https:\/\/tallinndesignhouse.com\/toode\/alus-tom\/#primaryimage\"},\"image\":{\"@id\":\"https:\/\/tallinndesignhouse.com\/toode\/alus-tom\/#primaryimage\"},\"thumbnailUrl\":\"https:\/\/tallinndesignhouse.com\/wp-content\/uploads\/2022\/04\/MARI-AIT-alus_tom_roosa-scaled.jpg\",\"datePublished\":\"2022-04-13T09:56:26+00:00\",\"dateModified\":\"2026-04-11T21:55:10+00:00\",\"description\":\"Mari Ait alus Tom. Materjal: toonitud poolportselan. Tehnika: k\u00f5rgkuumus. M\u00f5\u00f5t: 22 x 13 cm. Hooldus: pestav n\u00f5udepesumasinas.\",\"breadcrumb\":{\"@id\":\"https:\/\/tallinndesignhouse.com\/toode\/alus-tom\/#breadcrumb\"},\"inLanguage\":\"en-US\",\"potentialAction\":[{\"@type\":\"ReadAction\",\"target\":[\"https:\/\/tallinndesignhouse.com\/toode\/alus-tom\/\"]}]},{\"@type\":\"ImageObject\",\"inLanguage\":\"en-US\",\"@id\":\"https:\/\/tallinndesignhouse.com\/toode\/alus-tom\/#primaryimage\",\"url\":\"https:\/\/tallinndesignhouse.com\/wp-content\/uploads\/2022\/04\/MARI-AIT-alus_tom_roosa-scaled.jpg\",\"contentUrl\":\"https:\/\/tallinndesignhouse.com\/wp-content\/uploads\/2022\/04\/MARI-AIT-alus_tom_roosa-scaled.jpg\",\"width\":2048,\"height\":2560,\"caption\":\"MARI-AIT alus_tom_roosa\"},{\"@type\":\"BreadcrumbList\",\"@id\":\"https:\/\/tallinndesignhouse.com\/toode\/alus-tom\/#breadcrumb\",\"itemListElement\":[{\"@type\":\"ListItem\",\"position\":1,\"name\":\"Home\",\"item\":\"https:\/\/tallinndesignhouse.com\/en\/\"},{\"@type\":\"ListItem\",\"position\":2,\"name\":\"Shop\",\"item\":\"https:\/\/tallinndesignhouse.com\/en\/shop\/\"},{\"@type\":\"ListItem\",\"position\":3,\"name\":\"Plate Tom\"}]},{\"@type\":\"WebSite\",\"@id\":\"https:\/\/tallinndesignhouse.com\/#website\",\"url\":\"https:\/\/tallinndesignhouse.com\/\",\"name\":\"Tallinn Design House\",\"description\":\"Eesti disain Rotermanni kvartalis\",\"potentialAction\":[{\"@type\":\"SearchAction\",\"target\":{\"@type\":\"EntryPoint\",\"urlTemplate\":\"https:\/\/tallinndesignhouse.com\/?s={search_term_string}\"},\"query-input\":{\"@type\":\"PropertyValueSpecification\",\"valueRequired\":true,\"valueName\":\"search_term_string\"}}],\"inLanguage\":\"en-US\"}]}<\/script>\n<!-- \/ Yoast SEO plugin. -->","yoast_head_json":{"title":"Mari Ait Plate Tom - Tallinn Design House","description":"Mari Ait alus Tom. Materjal: toonitud poolportselan. Tehnika: k\u00f5rgkuumus. M\u00f5\u00f5t: 22 x 13 cm. Hooldus: pestav n\u00f5udepesumasinas.","robots":{"index":"index","follow":"follow","max-snippet":"max-snippet:-1","max-image-preview":"max-image-preview:large","max-video-preview":"max-video-preview:-1"},"canonical":"https:\/\/tallinndesignhouse.com\/toode\/alus-tom\/","og_locale":"en_US","og_type":"article","og_title":"Mari Ait Plate Tom - Tallinn Design House","og_description":"Mari Ait alus Tom. Materjal: toonitud poolportselan. Tehnika: k\u00f5rgkuumus. M\u00f5\u00f5t: 22 x 13 cm. Hooldus: pestav n\u00f5udepesumasinas.","og_url":"https:\/\/tallinndesignhouse.com\/toode\/alus-tom\/","og_site_name":"Tallinn Design House","article_modified_time":"2026-04-11T21:55:10+00:00","og_image":[{"width":2048,"height":2560,"url":"https:\/\/tallinndesignhouse.com\/wp-content\/uploads\/2022\/04\/MARI-AIT-alus_tom_roosa-scaled.jpg","type":"image\/jpeg"}],"twitter_card":"summary_large_image","schema":{"@context":"https:\/\/schema.org","@graph":[{"@type":"WebPage","@id":"https:\/\/tallinndesignhouse.com\/toode\/alus-tom\/","url":"https:\/\/tallinndesignhouse.com\/toode\/alus-tom\/","name":"Mari Ait Plate Tom - Tallinn Design House","isPartOf":{"@id":"https:\/\/tallinndesignhouse.com\/#website"},"primaryImageOfPage":{"@id":"https:\/\/tallinndesignhouse.com\/toode\/alus-tom\/#primaryimage"},"image":{"@id":"https:\/\/tallinndesignhouse.com\/toode\/alus-tom\/#primaryimage"},"thumbnailUrl":"https:\/\/tallinndesignhouse.com\/wp-content\/uploads\/2022\/04\/MARI-AIT-alus_tom_roosa-scaled.jpg","datePublished":"2022-04-13T09:56:26+00:00","dateModified":"2026-04-11T21:55:10+00:00","description":"Mari Ait alus Tom. Materjal: toonitud poolportselan. Tehnika: k\u00f5rgkuumus. M\u00f5\u00f5t: 22 x 13 cm. Hooldus: pestav n\u00f5udepesumasinas.","breadcrumb":{"@id":"https:\/\/tallinndesignhouse.com\/toode\/alus-tom\/#breadcrumb"},"inLanguage":"en-US","potentialAction":[{"@type":"ReadAction","target":["https:\/\/tallinndesignhouse.com\/toode\/alus-tom\/"]}]},{"@type":"ImageObject","inLanguage":"en-US","@id":"https:\/\/tallinndesignhouse.com\/toode\/alus-tom\/#primaryimage","url":"https:\/\/tallinndesignhouse.com\/wp-content\/uploads\/2022\/04\/MARI-AIT-alus_tom_roosa-scaled.jpg","contentUrl":"https:\/\/tallinndesignhouse.com\/wp-content\/uploads\/2022\/04\/MARI-AIT-alus_tom_roosa-scaled.jpg","width":2048,"height":2560,"caption":"MARI-AIT alus_tom_roosa"},{"@type":"BreadcrumbList","@id":"https:\/\/tallinndesignhouse.com\/toode\/alus-tom\/#breadcrumb","itemListElement":[{"@type":"ListItem","position":1,"name":"Home","item":"https:\/\/tallinndesignhouse.com\/en\/"},{"@type":"ListItem","position":2,"name":"Shop","item":"https:\/\/tallinndesignhouse.com\/en\/shop\/"},{"@type":"ListItem","position":3,"name":"Plate Tom"}]},{"@type":"WebSite","@id":"https:\/\/tallinndesignhouse.com\/#website","url":"https:\/\/tallinndesignhouse.com\/","name":"Tallinn Design House","description":"Eesti disain Rotermanni kvartalis","potentialAction":[{"@type":"SearchAction","target":{"@type":"EntryPoint","urlTemplate":"https:\/\/tallinndesignhouse.com\/?s={search_term_string}"},"query-input":{"@type":"PropertyValueSpecification","valueRequired":true,"valueName":"search_term_string"}}],"inLanguage":"en-US"}]}},"_links":{"self":[{"href":"https:\/\/tallinndesignhouse.com\/en\/wp-json\/wp\/v2\/product\/3315815","targetHints":{"allow":["GET"]}}],"collection":[{"href":"https:\/\/tallinndesignhouse.com\/en\/wp-json\/wp\/v2\/product"}],"about":[{"href":"https:\/\/tallinndesignhouse.com\/en\/wp-json\/wp\/v2\/types\/product"}],"wp:featuredmedia":[{"embeddable":true,"href":"https:\/\/tallinndesignhouse.com\/en\/wp-json\/wp\/v2\/media\/342753"}],"wp:attachment":[{"href":"https:\/\/tallinndesignhouse.com\/en\/wp-json\/wp\/v2\/media?parent=3315815"}],"wp:term":[{"taxonomy":"product_brand","embeddable":true,"href":"https:\/\/tallinndesignhouse.com\/en\/wp-json\/wp\/v2\/product_brand?post=3315815"},{"taxonomy":"product_cat","embeddable":true,"href":"https:\/\/tallinndesignhouse.com\/en\/wp-json\/wp\/v2\/product_cat?post=3315815"},{"taxonomy":"product_tag","embeddable":true,"href":"https:\/\/tallinndesignhouse.com\/en\/wp-json\/wp\/v2\/product_tag?post=3315815"}],"curies":[{"name":"wp","href":"https:\/\/api.w.org\/{rel}","templated":true}]}}