{"id":3315819,"date":"2022-04-13T12:56:28","date_gmt":"2022-04-13T09:56:28","guid":{"rendered":"https:\/\/tallinndesignhouse.com\/toode\/suur-vaas-kookon\/"},"modified":"2026-05-13T00:55:13","modified_gmt":"2026-05-12T21:55:13","slug":"suur-vaas-kookon","status":"publish","type":"product","link":"https:\/\/tallinndesignhouse.com\/en\/toode\/suur-vaas-kookon\/","title":{"rendered":"Vase Cocoon"},"content":{"rendered":"<p>Light shifts from filling to surrounding translucent forms and, sometimes, ignites little sunlight fireflies betwixt them.                P.S. These shapes are adopted from different melons and since nature does not provide for two identical moulds, each COCOON as well comes in a shape slightly different from all others. Material: porcelain, gold brim. Height:13 cm. Color: white, gold detailing. Designer Mari Ait, brand Hele Keraamika.<\/p>\n","protected":false},"excerpt":{"rendered":"<p>Light shifts from filling to surrounding translucent forms and, sometimes, ignites little sunlight fireflies betwixt them. P.S. These shapes are adopted from different melons and since nature does not provide for two identical moulds, each COCOON as well comes in a shape slightly different from all others. Material: porcelain, gold brim. Height:13 cm. Color: white, [&hellip;]<\/p>\n","protected":false},"featured_media":18154,"template":"","meta":{"_acf_changed":false},"product_brand":[],"product_cat":[872,875],"product_tag":[1828],"class_list":{"0":"post-3315819","1":"product","2":"type-product","3":"status-publish","4":"has-post-thumbnail","6":"product_cat-keraamika_ja_klaas","7":"product_cat-kodu","8":"product_tag-kodu","9":"pa_brand-mari-ait","12":"first","13":"instock","14":"taxable","15":"shipping-taxable","16":"purchasable","17":"product-type-simple"},"acf":[],"yoast_head":"<!-- This site is optimized with the Yoast SEO plugin v26.0 - https:\/\/yoast.com\/wordpress\/plugins\/seo\/ -->\n<title>Mari Ait Vase Cocoon - Tallinn Design House<\/title>\n<meta name=\"description\" content=\"Mari Ait suur vaas Kookon. K\u00f5rgus: 13 cm. Materjal: portselan, \u00fclemine serv kullaga. V\u00e4rvus: valge, detail kullaga.\" \/>\n<meta name=\"robots\" content=\"index, follow, max-snippet:-1, max-image-preview:large, max-video-preview:-1\" \/>\n<link rel=\"canonical\" href=\"https:\/\/tallinndesignhouse.com\/toode\/suur-vaas-kookon\/\" \/>\n<meta property=\"og:locale\" content=\"en_US\" \/>\n<meta property=\"og:type\" content=\"article\" \/>\n<meta property=\"og:title\" content=\"Mari Ait Vase Cocoon - Tallinn Design House\" \/>\n<meta property=\"og:description\" content=\"Mari Ait suur vaas Kookon. K\u00f5rgus: 13 cm. Materjal: portselan, \u00fclemine serv kullaga. V\u00e4rvus: valge, detail kullaga.\" \/>\n<meta property=\"og:url\" content=\"https:\/\/tallinndesignhouse.com\/toode\/suur-vaas-kookon\/\" \/>\n<meta property=\"og:site_name\" content=\"Tallinn Design House\" \/>\n<meta property=\"article:modified_time\" content=\"2026-05-12T21:55:13+00:00\" \/>\n<meta property=\"og:image\" content=\"https:\/\/tallinndesignhouse.com\/wp-content\/uploads\/2022\/04\/helekeraamika_vaas_kookon_web3.jpg\" \/>\n\t<meta property=\"og:image:width\" content=\"641\" \/>\n\t<meta property=\"og:image:height\" content=\"960\" \/>\n\t<meta property=\"og:image:type\" content=\"image\/jpeg\" \/>\n<meta name=\"twitter:card\" content=\"summary_large_image\" \/>\n<script type=\"application\/ld+json\" class=\"yoast-schema-graph\">{\"@context\":\"https:\/\/schema.org\",\"@graph\":[{\"@type\":\"WebPage\",\"@id\":\"https:\/\/tallinndesignhouse.com\/toode\/suur-vaas-kookon\/\",\"url\":\"https:\/\/tallinndesignhouse.com\/toode\/suur-vaas-kookon\/\",\"name\":\"Mari Ait Vase Cocoon - Tallinn Design House\",\"isPartOf\":{\"@id\":\"https:\/\/tallinndesignhouse.com\/#website\"},\"primaryImageOfPage\":{\"@id\":\"https:\/\/tallinndesignhouse.com\/toode\/suur-vaas-kookon\/#primaryimage\"},\"image\":{\"@id\":\"https:\/\/tallinndesignhouse.com\/toode\/suur-vaas-kookon\/#primaryimage\"},\"thumbnailUrl\":\"https:\/\/tallinndesignhouse.com\/wp-content\/uploads\/2022\/04\/helekeraamika_vaas_kookon_web3.jpg\",\"datePublished\":\"2022-04-13T09:56:28+00:00\",\"dateModified\":\"2026-05-12T21:55:13+00:00\",\"description\":\"Mari Ait suur vaas Kookon. K\u00f5rgus: 13 cm. Materjal: portselan, \u00fclemine serv kullaga. V\u00e4rvus: valge, detail kullaga.\",\"breadcrumb\":{\"@id\":\"https:\/\/tallinndesignhouse.com\/toode\/suur-vaas-kookon\/#breadcrumb\"},\"inLanguage\":\"en-US\",\"potentialAction\":[{\"@type\":\"ReadAction\",\"target\":[\"https:\/\/tallinndesignhouse.com\/toode\/suur-vaas-kookon\/\"]}]},{\"@type\":\"ImageObject\",\"inLanguage\":\"en-US\",\"@id\":\"https:\/\/tallinndesignhouse.com\/toode\/suur-vaas-kookon\/#primaryimage\",\"url\":\"https:\/\/tallinndesignhouse.com\/wp-content\/uploads\/2022\/04\/helekeraamika_vaas_kookon_web3.jpg\",\"contentUrl\":\"https:\/\/tallinndesignhouse.com\/wp-content\/uploads\/2022\/04\/helekeraamika_vaas_kookon_web3.jpg\",\"width\":641,\"height\":960},{\"@type\":\"BreadcrumbList\",\"@id\":\"https:\/\/tallinndesignhouse.com\/toode\/suur-vaas-kookon\/#breadcrumb\",\"itemListElement\":[{\"@type\":\"ListItem\",\"position\":1,\"name\":\"Home\",\"item\":\"https:\/\/tallinndesignhouse.com\/en\/\"},{\"@type\":\"ListItem\",\"position\":2,\"name\":\"Shop\",\"item\":\"https:\/\/tallinndesignhouse.com\/en\/shop\/\"},{\"@type\":\"ListItem\",\"position\":3,\"name\":\"Vase Cocoon\"}]},{\"@type\":\"WebSite\",\"@id\":\"https:\/\/tallinndesignhouse.com\/#website\",\"url\":\"https:\/\/tallinndesignhouse.com\/\",\"name\":\"Tallinn Design House\",\"description\":\"Eesti disain Rotermanni kvartalis\",\"potentialAction\":[{\"@type\":\"SearchAction\",\"target\":{\"@type\":\"EntryPoint\",\"urlTemplate\":\"https:\/\/tallinndesignhouse.com\/?s={search_term_string}\"},\"query-input\":{\"@type\":\"PropertyValueSpecification\",\"valueRequired\":true,\"valueName\":\"search_term_string\"}}],\"inLanguage\":\"en-US\"}]}<\/script>\n<!-- \/ Yoast SEO plugin. -->","yoast_head_json":{"title":"Mari Ait Vase Cocoon - Tallinn Design House","description":"Mari Ait suur vaas Kookon. K\u00f5rgus: 13 cm. Materjal: portselan, \u00fclemine serv kullaga. V\u00e4rvus: valge, detail kullaga.","robots":{"index":"index","follow":"follow","max-snippet":"max-snippet:-1","max-image-preview":"max-image-preview:large","max-video-preview":"max-video-preview:-1"},"canonical":"https:\/\/tallinndesignhouse.com\/toode\/suur-vaas-kookon\/","og_locale":"en_US","og_type":"article","og_title":"Mari Ait Vase Cocoon - Tallinn Design House","og_description":"Mari Ait suur vaas Kookon. K\u00f5rgus: 13 cm. Materjal: portselan, \u00fclemine serv kullaga. V\u00e4rvus: valge, detail kullaga.","og_url":"https:\/\/tallinndesignhouse.com\/toode\/suur-vaas-kookon\/","og_site_name":"Tallinn Design House","article_modified_time":"2026-05-12T21:55:13+00:00","og_image":[{"width":641,"height":960,"url":"https:\/\/tallinndesignhouse.com\/wp-content\/uploads\/2022\/04\/helekeraamika_vaas_kookon_web3.jpg","type":"image\/jpeg"}],"twitter_card":"summary_large_image","schema":{"@context":"https:\/\/schema.org","@graph":[{"@type":"WebPage","@id":"https:\/\/tallinndesignhouse.com\/toode\/suur-vaas-kookon\/","url":"https:\/\/tallinndesignhouse.com\/toode\/suur-vaas-kookon\/","name":"Mari Ait Vase Cocoon - Tallinn Design House","isPartOf":{"@id":"https:\/\/tallinndesignhouse.com\/#website"},"primaryImageOfPage":{"@id":"https:\/\/tallinndesignhouse.com\/toode\/suur-vaas-kookon\/#primaryimage"},"image":{"@id":"https:\/\/tallinndesignhouse.com\/toode\/suur-vaas-kookon\/#primaryimage"},"thumbnailUrl":"https:\/\/tallinndesignhouse.com\/wp-content\/uploads\/2022\/04\/helekeraamika_vaas_kookon_web3.jpg","datePublished":"2022-04-13T09:56:28+00:00","dateModified":"2026-05-12T21:55:13+00:00","description":"Mari Ait suur vaas Kookon. K\u00f5rgus: 13 cm. Materjal: portselan, \u00fclemine serv kullaga. V\u00e4rvus: valge, detail kullaga.","breadcrumb":{"@id":"https:\/\/tallinndesignhouse.com\/toode\/suur-vaas-kookon\/#breadcrumb"},"inLanguage":"en-US","potentialAction":[{"@type":"ReadAction","target":["https:\/\/tallinndesignhouse.com\/toode\/suur-vaas-kookon\/"]}]},{"@type":"ImageObject","inLanguage":"en-US","@id":"https:\/\/tallinndesignhouse.com\/toode\/suur-vaas-kookon\/#primaryimage","url":"https:\/\/tallinndesignhouse.com\/wp-content\/uploads\/2022\/04\/helekeraamika_vaas_kookon_web3.jpg","contentUrl":"https:\/\/tallinndesignhouse.com\/wp-content\/uploads\/2022\/04\/helekeraamika_vaas_kookon_web3.jpg","width":641,"height":960},{"@type":"BreadcrumbList","@id":"https:\/\/tallinndesignhouse.com\/toode\/suur-vaas-kookon\/#breadcrumb","itemListElement":[{"@type":"ListItem","position":1,"name":"Home","item":"https:\/\/tallinndesignhouse.com\/en\/"},{"@type":"ListItem","position":2,"name":"Shop","item":"https:\/\/tallinndesignhouse.com\/en\/shop\/"},{"@type":"ListItem","position":3,"name":"Vase Cocoon"}]},{"@type":"WebSite","@id":"https:\/\/tallinndesignhouse.com\/#website","url":"https:\/\/tallinndesignhouse.com\/","name":"Tallinn Design House","description":"Eesti disain Rotermanni kvartalis","potentialAction":[{"@type":"SearchAction","target":{"@type":"EntryPoint","urlTemplate":"https:\/\/tallinndesignhouse.com\/?s={search_term_string}"},"query-input":{"@type":"PropertyValueSpecification","valueRequired":true,"valueName":"search_term_string"}}],"inLanguage":"en-US"}]}},"_links":{"self":[{"href":"https:\/\/tallinndesignhouse.com\/en\/wp-json\/wp\/v2\/product\/3315819","targetHints":{"allow":["GET"]}}],"collection":[{"href":"https:\/\/tallinndesignhouse.com\/en\/wp-json\/wp\/v2\/product"}],"about":[{"href":"https:\/\/tallinndesignhouse.com\/en\/wp-json\/wp\/v2\/types\/product"}],"wp:featuredmedia":[{"embeddable":true,"href":"https:\/\/tallinndesignhouse.com\/en\/wp-json\/wp\/v2\/media\/18154"}],"wp:attachment":[{"href":"https:\/\/tallinndesignhouse.com\/en\/wp-json\/wp\/v2\/media?parent=3315819"}],"wp:term":[{"taxonomy":"product_brand","embeddable":true,"href":"https:\/\/tallinndesignhouse.com\/en\/wp-json\/wp\/v2\/product_brand?post=3315819"},{"taxonomy":"product_cat","embeddable":true,"href":"https:\/\/tallinndesignhouse.com\/en\/wp-json\/wp\/v2\/product_cat?post=3315819"},{"taxonomy":"product_tag","embeddable":true,"href":"https:\/\/tallinndesignhouse.com\/en\/wp-json\/wp\/v2\/product_tag?post=3315819"}],"curies":[{"name":"wp","href":"https:\/\/api.w.org\/{rel}","templated":true}]}}