{"id":3315836,"date":"2022-04-13T12:56:38","date_gmt":"2022-04-13T09:56:38","guid":{"rendered":"https:\/\/tallinndesignhouse.com\/toode\/olasall-exclusive-kalasaba\/"},"modified":"2026-04-18T00:55:30","modified_gmt":"2026-04-17T21:55:30","slug":"olasall-exclusive-kalasaba","status":"publish","type":"product","link":"https:\/\/tallinndesignhouse.com\/en\/toode\/olasall-exclusive-kalasaba\/","title":{"rendered":"Shawl Exclusive Fishbone"},"content":{"rendered":"<p>Large-sized baby alpaca scarf by Alpaka is perfect for all-day warmth. Baby alpaca wool brings together ultimate warmth, softness and durability. The fishbone design gives the scarf an opulent touch and suits well with any outfit. Colour range that mirrors the Nordic nature goes from neutral to bold. Material: 100% baby alpaka. Measures: 65 cm x 200 cm. Care: dry cleaning or handwash 30\u00b0C, ironing on low temperature.<\/p>\n","protected":false},"excerpt":{"rendered":"<p>Large-sized baby alpaca scarf by Alpaka is perfect for all-day warmth. Baby alpaca wool brings together ultimate warmth, softness and durability. The fishbone design gives the scarf an opulent touch and suits well with any outfit. Colour range that mirrors the Nordic nature goes from neutral to bold. Material: 100% baby alpaka. Measures: 65 cm [&hellip;]<\/p>\n","protected":false},"featured_media":3384106,"template":"","meta":{"_acf_changed":false},"product_brand":[],"product_cat":[1972,3296,3552,3718],"product_tag":[2819],"class_list":{"0":"post-3315836","1":"product","2":"type-product","3":"status-publish","4":"has-post-thumbnail","6":"product_cat-headwear-and-scarves","7":"product_cat-accessories-en","8":"product_cat-natural-materials-en","9":"product_cat-winter-style","10":"product_tag-women","11":"pa_brand-alpaka","12":"pa_brand-alpaka-en","13":"pa_kingiidee-jah","14":"pa_kingiidee-yes-en","15":"pa_materjal-100-baby-alpaca","16":"pa_materjal-100-baby-alpaca-en","17":"pa_mudel-shawl-exclusive-fishbone","18":"pa_mudel-shawl-exclusive-fishbone-en","19":"pa_varv-ash-pink-silver-grey-en","20":"pa_varv-baby-pink-beige-en","21":"pa_varv-blue-grey-en","22":"pa_varv-brown-beige-en","23":"pa_varv-cherry-red-grey-en","24":"pa_varv-cream-yellow-beige-en","25":"pa_varv-dark-grey-light-grey-en","26":"pa_varv-dark-purple-grey-en","27":"pa_varv-deep-green-grey-en","28":"pa_varv-fog-blue-silver-grey-en","29":"pa_varv-forest-green-silver-grey-en","30":"pa_varv-golden-beige-en","31":"pa_varv-heather-purple-beige-en","32":"pa_varv-helesinine-hobedane","33":"pa_varv-hoberoheline-hobehall","34":"pa_varv-indigo-grey-en","35":"pa_varv-indigo-hall","36":"pa_varv-kahvatulilla-hobehall","37":"pa_varv-kanarbikulilla-beez","38":"pa_varv-kirsipunane-hall","39":"pa_varv-kreemikaskollane-beez","40":"pa_varv-kuldne-beez","41":"pa_varv-light-blue-silver-en","42":"pa_varv-lilac-beige-en","43":"pa_varv-manniroheline-hall","44":"pa_varv-metsaroheline-hobehall","45":"pa_varv-moss-green-silver-grey-en","46":"pa_varv-muskusroheline-beez","48":"pa_varv-ocean-blue-beige-en","49":"pa_varv-ocean-blue-silver-grey-en","50":"pa_varv-ookeanisinine-beez","51":"pa_varv-ookeanisinine-hobehall","52":"pa_varv-ornroosa-beez","53":"pa_varv-pale-purple-silver-grey-en","54":"pa_varv-pine-green-grey-en","55":"pa_varv-pruun-beez","56":"pa_varv-purple-grey-en","57":"pa_varv-purpur-hall","58":"pa_varv-roosteoranz-beez","59":"pa_varv-rust-orange-beige-en","60":"pa_varv-sage-green-silver-grey-en","61":"pa_varv-salveiroheline-hobehall","62":"pa_varv-samblaroheline-hobehall","63":"pa_varv-silver-green-silver-grey-en","64":"pa_varv-sinine-hall","65":"pa_varv-sirelililla-beez","66":"pa_varv-sugavroheline-hall","67":"pa_varv-tuhkroosa-hobehall","68":"pa_varv-tumehall-helehall","69":"pa_varv-tumelilla-hall","70":"pa_varv-udusinine-hobehall","71":"pa_varv-valge-beez","72":"pa_varv-valge-hall","73":"pa_varv-valge-hobedane","74":"pa_varv-white-beige-en","75":"pa_varv-white-grey-en","76":"pa_varv-white-silver-en","78":"first","79":"instock","80":"taxable","81":"shipping-taxable","82":"purchasable","83":"product-type-variable"},"acf":[],"yoast_head":"<!-- This site is optimized with the Yoast SEO plugin v26.0 - https:\/\/yoast.com\/wordpress\/plugins\/seo\/ -->\n<title>Alpaka Shawl Exclusive Fishbone - Tallinn Design House<\/title>\n<meta name=\"description\" content=\"Alpaka \u00f5lasall Exclusive Kalasaba. Sobib h\u00e4sti k\u00f5igile k\u00fclmakartlikele. Beebialpaka vill seob \u00fchte \u00fclima soojuse, pehmuse ja vastupidavuse.\" \/>\n<meta name=\"robots\" content=\"index, follow, max-snippet:-1, max-image-preview:large, max-video-preview:-1\" \/>\n<link rel=\"canonical\" href=\"https:\/\/tallinndesignhouse.com\/en\/toode\/olasall-exclusive-kalasaba\/\" \/>\n<meta property=\"og:locale\" content=\"en_US\" \/>\n<meta property=\"og:type\" content=\"article\" \/>\n<meta property=\"og:title\" content=\"Alpaka Shawl Exclusive Fishbone - Tallinn Design House\" \/>\n<meta property=\"og:description\" content=\"Alpaka \u00f5lasall Exclusive Kalasaba. Sobib h\u00e4sti k\u00f5igile k\u00fclmakartlikele. Beebialpaka vill seob \u00fchte \u00fclima soojuse, pehmuse ja vastupidavuse.\" \/>\n<meta property=\"og:url\" content=\"https:\/\/tallinndesignhouse.com\/en\/toode\/olasall-exclusive-kalasaba\/\" \/>\n<meta property=\"og:site_name\" content=\"Tallinn Design House\" \/>\n<meta property=\"article:modified_time\" content=\"2026-04-17T21:55:30+00:00\" \/>\n<meta property=\"og:image\" content=\"https:\/\/tallinndesignhouse.com\/wp-content\/uploads\/2022\/04\/shawl-exclusive-fishbone-white-silver-600x600-3.jpg\" \/>\n\t<meta property=\"og:image:width\" content=\"600\" \/>\n\t<meta property=\"og:image:height\" content=\"600\" \/>\n\t<meta property=\"og:image:type\" content=\"image\/jpeg\" \/>\n<meta name=\"twitter:card\" content=\"summary_large_image\" \/>\n<script type=\"application\/ld+json\" class=\"yoast-schema-graph\">{\"@context\":\"https:\/\/schema.org\",\"@graph\":[{\"@type\":\"WebPage\",\"@id\":\"https:\/\/tallinndesignhouse.com\/en\/toode\/olasall-exclusive-kalasaba\/\",\"url\":\"https:\/\/tallinndesignhouse.com\/en\/toode\/olasall-exclusive-kalasaba\/\",\"name\":\"Alpaka Shawl Exclusive Fishbone - Tallinn Design House\",\"isPartOf\":{\"@id\":\"https:\/\/tallinndesignhouse.com\/#website\"},\"primaryImageOfPage\":{\"@id\":\"https:\/\/tallinndesignhouse.com\/en\/toode\/olasall-exclusive-kalasaba\/#primaryimage\"},\"image\":{\"@id\":\"https:\/\/tallinndesignhouse.com\/en\/toode\/olasall-exclusive-kalasaba\/#primaryimage\"},\"thumbnailUrl\":\"https:\/\/tallinndesignhouse.com\/wp-content\/uploads\/2022\/04\/Olasall-Exclusive-Kalasaba-valge-hobedane_Alpaka_.jpg\",\"datePublished\":\"2022-04-13T09:56:38+00:00\",\"dateModified\":\"2026-04-17T21:55:30+00:00\",\"description\":\"Alpaka \u00f5lasall Exclusive Kalasaba. Sobib h\u00e4sti k\u00f5igile k\u00fclmakartlikele. Beebialpaka vill seob \u00fchte \u00fclima soojuse, pehmuse ja vastupidavuse.\",\"breadcrumb\":{\"@id\":\"https:\/\/tallinndesignhouse.com\/en\/toode\/olasall-exclusive-kalasaba\/#breadcrumb\"},\"inLanguage\":\"en-US\",\"potentialAction\":[{\"@type\":\"ReadAction\",\"target\":[\"https:\/\/tallinndesignhouse.com\/en\/toode\/olasall-exclusive-kalasaba\/\"]}]},{\"@type\":\"ImageObject\",\"inLanguage\":\"en-US\",\"@id\":\"https:\/\/tallinndesignhouse.com\/en\/toode\/olasall-exclusive-kalasaba\/#primaryimage\",\"url\":\"https:\/\/tallinndesignhouse.com\/wp-content\/uploads\/2022\/04\/Olasall-Exclusive-Kalasaba-valge-hobedane_Alpaka_.jpg\",\"contentUrl\":\"https:\/\/tallinndesignhouse.com\/wp-content\/uploads\/2022\/04\/Olasall-Exclusive-Kalasaba-valge-hobedane_Alpaka_.jpg\",\"width\":1080,\"height\":1350,\"caption\":\"O\u0303lasall Exclusive Kalasaba valge-ho\u0303bedane_Alpaka_\"},{\"@type\":\"BreadcrumbList\",\"@id\":\"https:\/\/tallinndesignhouse.com\/en\/toode\/olasall-exclusive-kalasaba\/#breadcrumb\",\"itemListElement\":[{\"@type\":\"ListItem\",\"position\":1,\"name\":\"Home\",\"item\":\"https:\/\/tallinndesignhouse.com\/en\/\"},{\"@type\":\"ListItem\",\"position\":2,\"name\":\"Shop\",\"item\":\"https:\/\/tallinndesignhouse.com\/en\/shop\/\"},{\"@type\":\"ListItem\",\"position\":3,\"name\":\"Shawl Exclusive Fishbone\"}]},{\"@type\":\"WebSite\",\"@id\":\"https:\/\/tallinndesignhouse.com\/#website\",\"url\":\"https:\/\/tallinndesignhouse.com\/\",\"name\":\"Tallinn Design House\",\"description\":\"Eesti disain Rotermanni kvartalis\",\"potentialAction\":[{\"@type\":\"SearchAction\",\"target\":{\"@type\":\"EntryPoint\",\"urlTemplate\":\"https:\/\/tallinndesignhouse.com\/?s={search_term_string}\"},\"query-input\":{\"@type\":\"PropertyValueSpecification\",\"valueRequired\":true,\"valueName\":\"search_term_string\"}}],\"inLanguage\":\"en-US\"}]}<\/script>\n<!-- \/ Yoast SEO plugin. -->","yoast_head_json":{"title":"Alpaka Shawl Exclusive Fishbone - Tallinn Design House","description":"Alpaka \u00f5lasall Exclusive Kalasaba. Sobib h\u00e4sti k\u00f5igile k\u00fclmakartlikele. Beebialpaka vill seob \u00fchte \u00fclima soojuse, pehmuse ja vastupidavuse.","robots":{"index":"index","follow":"follow","max-snippet":"max-snippet:-1","max-image-preview":"max-image-preview:large","max-video-preview":"max-video-preview:-1"},"canonical":"https:\/\/tallinndesignhouse.com\/en\/toode\/olasall-exclusive-kalasaba\/","og_locale":"en_US","og_type":"article","og_title":"Alpaka Shawl Exclusive Fishbone - Tallinn Design House","og_description":"Alpaka \u00f5lasall Exclusive Kalasaba. Sobib h\u00e4sti k\u00f5igile k\u00fclmakartlikele. Beebialpaka vill seob \u00fchte \u00fclima soojuse, pehmuse ja vastupidavuse.","og_url":"https:\/\/tallinndesignhouse.com\/en\/toode\/olasall-exclusive-kalasaba\/","og_site_name":"Tallinn Design House","article_modified_time":"2026-04-17T21:55:30+00:00","og_image":[{"width":600,"height":600,"url":"https:\/\/tallinndesignhouse.com\/wp-content\/uploads\/2022\/04\/shawl-exclusive-fishbone-white-silver-600x600-3.jpg","type":"image\/jpeg"}],"twitter_card":"summary_large_image","schema":{"@context":"https:\/\/schema.org","@graph":[{"@type":"WebPage","@id":"https:\/\/tallinndesignhouse.com\/en\/toode\/olasall-exclusive-kalasaba\/","url":"https:\/\/tallinndesignhouse.com\/en\/toode\/olasall-exclusive-kalasaba\/","name":"Alpaka Shawl Exclusive Fishbone - Tallinn Design House","isPartOf":{"@id":"https:\/\/tallinndesignhouse.com\/#website"},"primaryImageOfPage":{"@id":"https:\/\/tallinndesignhouse.com\/en\/toode\/olasall-exclusive-kalasaba\/#primaryimage"},"image":{"@id":"https:\/\/tallinndesignhouse.com\/en\/toode\/olasall-exclusive-kalasaba\/#primaryimage"},"thumbnailUrl":"https:\/\/tallinndesignhouse.com\/wp-content\/uploads\/2022\/04\/Olasall-Exclusive-Kalasaba-valge-hobedane_Alpaka_.jpg","datePublished":"2022-04-13T09:56:38+00:00","dateModified":"2026-04-17T21:55:30+00:00","description":"Alpaka \u00f5lasall Exclusive Kalasaba. Sobib h\u00e4sti k\u00f5igile k\u00fclmakartlikele. Beebialpaka vill seob \u00fchte \u00fclima soojuse, pehmuse ja vastupidavuse.","breadcrumb":{"@id":"https:\/\/tallinndesignhouse.com\/en\/toode\/olasall-exclusive-kalasaba\/#breadcrumb"},"inLanguage":"en-US","potentialAction":[{"@type":"ReadAction","target":["https:\/\/tallinndesignhouse.com\/en\/toode\/olasall-exclusive-kalasaba\/"]}]},{"@type":"ImageObject","inLanguage":"en-US","@id":"https:\/\/tallinndesignhouse.com\/en\/toode\/olasall-exclusive-kalasaba\/#primaryimage","url":"https:\/\/tallinndesignhouse.com\/wp-content\/uploads\/2022\/04\/Olasall-Exclusive-Kalasaba-valge-hobedane_Alpaka_.jpg","contentUrl":"https:\/\/tallinndesignhouse.com\/wp-content\/uploads\/2022\/04\/Olasall-Exclusive-Kalasaba-valge-hobedane_Alpaka_.jpg","width":1080,"height":1350,"caption":"O\u0303lasall Exclusive Kalasaba valge-ho\u0303bedane_Alpaka_"},{"@type":"BreadcrumbList","@id":"https:\/\/tallinndesignhouse.com\/en\/toode\/olasall-exclusive-kalasaba\/#breadcrumb","itemListElement":[{"@type":"ListItem","position":1,"name":"Home","item":"https:\/\/tallinndesignhouse.com\/en\/"},{"@type":"ListItem","position":2,"name":"Shop","item":"https:\/\/tallinndesignhouse.com\/en\/shop\/"},{"@type":"ListItem","position":3,"name":"Shawl Exclusive Fishbone"}]},{"@type":"WebSite","@id":"https:\/\/tallinndesignhouse.com\/#website","url":"https:\/\/tallinndesignhouse.com\/","name":"Tallinn Design House","description":"Eesti disain Rotermanni kvartalis","potentialAction":[{"@type":"SearchAction","target":{"@type":"EntryPoint","urlTemplate":"https:\/\/tallinndesignhouse.com\/?s={search_term_string}"},"query-input":{"@type":"PropertyValueSpecification","valueRequired":true,"valueName":"search_term_string"}}],"inLanguage":"en-US"}]}},"_links":{"self":[{"href":"https:\/\/tallinndesignhouse.com\/en\/wp-json\/wp\/v2\/product\/3315836","targetHints":{"allow":["GET"]}}],"collection":[{"href":"https:\/\/tallinndesignhouse.com\/en\/wp-json\/wp\/v2\/product"}],"about":[{"href":"https:\/\/tallinndesignhouse.com\/en\/wp-json\/wp\/v2\/types\/product"}],"wp:featuredmedia":[{"embeddable":true,"href":"https:\/\/tallinndesignhouse.com\/en\/wp-json\/wp\/v2\/media\/3384106"}],"wp:attachment":[{"href":"https:\/\/tallinndesignhouse.com\/en\/wp-json\/wp\/v2\/media?parent=3315836"}],"wp:term":[{"taxonomy":"product_brand","embeddable":true,"href":"https:\/\/tallinndesignhouse.com\/en\/wp-json\/wp\/v2\/product_brand?post=3315836"},{"taxonomy":"product_cat","embeddable":true,"href":"https:\/\/tallinndesignhouse.com\/en\/wp-json\/wp\/v2\/product_cat?post=3315836"},{"taxonomy":"product_tag","embeddable":true,"href":"https:\/\/tallinndesignhouse.com\/en\/wp-json\/wp\/v2\/product_tag?post=3315836"}],"curies":[{"name":"wp","href":"https:\/\/api.w.org\/{rel}","templated":true}]}}