{"id":3315837,"date":"2022-04-13T12:56:41","date_gmt":"2022-04-13T09:56:41","guid":{"rendered":"https:\/\/tallinndesignhouse.com\/toode\/pleed-exclusive\/"},"modified":"2026-05-02T00:55:32","modified_gmt":"2026-05-01T21:55:32","slug":"pleed-exclusive","status":"publish","type":"product","link":"https:\/\/tallinndesignhouse.com\/en\/toode\/pleed-exclusive\/","title":{"rendered":"Plaid Exclusive"},"content":{"rendered":"<p>Genuinely soft and warm, these majestic baby alpaca plaids by Alpaka are perfect companions to snuggle up at home or outdoors. Plaid Exclusive colour options include traditional classics that never go out of style and some on-trend accent tones. Material: 100% baby alpaca. Measures: 130 cm x 200 cm. Care: dry cleaning or handwash 30\u00b0C, ironing on low temperature.<\/p>\n","protected":false},"excerpt":{"rendered":"<p>Genuinely soft and warm, these majestic baby alpaca plaids by Alpaka are perfect companions to snuggle up at home or outdoors. Plaid Exclusive colour options include traditional classics that never go out of style and some on-trend accent tones. Material: 100% baby alpaca. Measures: 130 cm x 200 cm. Care: dry cleaning or handwash 30\u00b0C, [&hellip;]<\/p>\n","protected":false},"featured_media":3384114,"template":"","meta":{"_acf_changed":false},"product_brand":[],"product_cat":[892,875,3551,3717],"product_tag":[1828],"class_list":{"0":"post-3315837","1":"product","2":"type-product","3":"status-publish","4":"has-post-thumbnail","6":"product_cat-tekstiil","7":"product_cat-kodu","8":"product_cat-naturaalsed-materjalid","9":"product_cat-kevadised-tooted","10":"product_tag-kodu","11":"pa_brand-alpaka","13":"pa_kingiidee-ei","15":"pa_materjal-100-baby-alpaca","17":"pa_mudel-plaid-exclusive","19":"pa_suurus-130x200-cm","21":"pa_varv-beez","23":"pa_varv-camel","25":"pa_varv-kakao","26":"pa_varv-tumesinine","27":"pa_varv-tumehall","28":"pa_varv-hobedane","29":"pa_varv-jaasinine","32":"pa_varv-lilla","33":"pa_varv-piimakohv","39":"pa_varv-valge","42":"first","43":"instock","44":"taxable","45":"shipping-taxable","46":"purchasable","47":"product-type-variable"},"acf":[],"yoast_head":"<!-- This site is optimized with the Yoast SEO plugin v26.0 - https:\/\/yoast.com\/wordpress\/plugins\/seo\/ -->\n<title>Alpaka Plaid Exclusive - Tallinn Design House<\/title>\n<meta name=\"description\" content=\"Alpaka pleed Exclusive. K\u00fclluslikult pehmed ja soojad beebialpaka pleedid, mis sobivad ideaalselt koju diivanile v\u00f5i kaaslaseks v\u00e4literrassile ja kontserdile.\" \/>\n<meta name=\"robots\" content=\"index, follow, max-snippet:-1, max-image-preview:large, max-video-preview:-1\" \/>\n<link rel=\"canonical\" href=\"https:\/\/tallinndesignhouse.com\/toode\/pleed-exclusive\/\" \/>\n<meta property=\"og:locale\" content=\"en_US\" \/>\n<meta property=\"og:type\" content=\"article\" \/>\n<meta property=\"og:title\" content=\"Alpaka Plaid Exclusive - Tallinn Design House\" \/>\n<meta property=\"og:description\" content=\"Alpaka pleed Exclusive. K\u00fclluslikult pehmed ja soojad beebialpaka pleedid, mis sobivad ideaalselt koju diivanile v\u00f5i kaaslaseks v\u00e4literrassile ja kontserdile.\" \/>\n<meta property=\"og:url\" content=\"https:\/\/tallinndesignhouse.com\/toode\/pleed-exclusive\/\" \/>\n<meta property=\"og:site_name\" content=\"Tallinn Design House\" \/>\n<meta property=\"article:modified_time\" content=\"2026-05-01T21:55:32+00:00\" \/>\n<meta property=\"og:image\" content=\"https:\/\/tallinndesignhouse.com\/wp-content\/uploads\/2022\/04\/plaid-exclusive-wheat-grey-ruut-11280x1280-600x600-1.jpg\" \/>\n\t<meta property=\"og:image:width\" content=\"600\" \/>\n\t<meta property=\"og:image:height\" content=\"600\" \/>\n\t<meta property=\"og:image:type\" content=\"image\/jpeg\" \/>\n<meta name=\"twitter:card\" content=\"summary_large_image\" \/>\n<script type=\"application\/ld+json\" class=\"yoast-schema-graph\">{\"@context\":\"https:\/\/schema.org\",\"@graph\":[{\"@type\":\"WebPage\",\"@id\":\"https:\/\/tallinndesignhouse.com\/toode\/pleed-exclusive\/\",\"url\":\"https:\/\/tallinndesignhouse.com\/toode\/pleed-exclusive\/\",\"name\":\"Alpaka Plaid Exclusive - Tallinn Design House\",\"isPartOf\":{\"@id\":\"https:\/\/tallinndesignhouse.com\/#website\"},\"primaryImageOfPage\":{\"@id\":\"https:\/\/tallinndesignhouse.com\/toode\/pleed-exclusive\/#primaryimage\"},\"image\":{\"@id\":\"https:\/\/tallinndesignhouse.com\/toode\/pleed-exclusive\/#primaryimage\"},\"thumbnailUrl\":\"https:\/\/tallinndesignhouse.com\/wp-content\/uploads\/2022\/04\/Pleed-Exclusive-hobedane-Alpaka_.jpg\",\"datePublished\":\"2022-04-13T09:56:41+00:00\",\"dateModified\":\"2026-05-01T21:55:32+00:00\",\"description\":\"Alpaka pleed Exclusive. K\u00fclluslikult pehmed ja soojad beebialpaka pleedid, mis sobivad ideaalselt koju diivanile v\u00f5i kaaslaseks v\u00e4literrassile ja kontserdile.\",\"breadcrumb\":{\"@id\":\"https:\/\/tallinndesignhouse.com\/toode\/pleed-exclusive\/#breadcrumb\"},\"inLanguage\":\"en-US\",\"potentialAction\":[{\"@type\":\"ReadAction\",\"target\":[\"https:\/\/tallinndesignhouse.com\/toode\/pleed-exclusive\/\"]}]},{\"@type\":\"ImageObject\",\"inLanguage\":\"en-US\",\"@id\":\"https:\/\/tallinndesignhouse.com\/toode\/pleed-exclusive\/#primaryimage\",\"url\":\"https:\/\/tallinndesignhouse.com\/wp-content\/uploads\/2022\/04\/Pleed-Exclusive-hobedane-Alpaka_.jpg\",\"contentUrl\":\"https:\/\/tallinndesignhouse.com\/wp-content\/uploads\/2022\/04\/Pleed-Exclusive-hobedane-Alpaka_.jpg\",\"width\":1080,\"height\":1350,\"caption\":\"Pleed Exclusive ho\u0303bedane - Alpaka_\"},{\"@type\":\"BreadcrumbList\",\"@id\":\"https:\/\/tallinndesignhouse.com\/toode\/pleed-exclusive\/#breadcrumb\",\"itemListElement\":[{\"@type\":\"ListItem\",\"position\":1,\"name\":\"Home\",\"item\":\"https:\/\/tallinndesignhouse.com\/en\/\"},{\"@type\":\"ListItem\",\"position\":2,\"name\":\"Shop\",\"item\":\"https:\/\/tallinndesignhouse.com\/en\/shop\/\"},{\"@type\":\"ListItem\",\"position\":3,\"name\":\"Plaid Exclusive\"}]},{\"@type\":\"WebSite\",\"@id\":\"https:\/\/tallinndesignhouse.com\/#website\",\"url\":\"https:\/\/tallinndesignhouse.com\/\",\"name\":\"Tallinn Design House\",\"description\":\"Eesti disain Rotermanni kvartalis\",\"potentialAction\":[{\"@type\":\"SearchAction\",\"target\":{\"@type\":\"EntryPoint\",\"urlTemplate\":\"https:\/\/tallinndesignhouse.com\/?s={search_term_string}\"},\"query-input\":{\"@type\":\"PropertyValueSpecification\",\"valueRequired\":true,\"valueName\":\"search_term_string\"}}],\"inLanguage\":\"en-US\"}]}<\/script>\n<!-- \/ Yoast SEO plugin. -->","yoast_head_json":{"title":"Alpaka Plaid Exclusive - Tallinn Design House","description":"Alpaka pleed Exclusive. K\u00fclluslikult pehmed ja soojad beebialpaka pleedid, mis sobivad ideaalselt koju diivanile v\u00f5i kaaslaseks v\u00e4literrassile ja kontserdile.","robots":{"index":"index","follow":"follow","max-snippet":"max-snippet:-1","max-image-preview":"max-image-preview:large","max-video-preview":"max-video-preview:-1"},"canonical":"https:\/\/tallinndesignhouse.com\/toode\/pleed-exclusive\/","og_locale":"en_US","og_type":"article","og_title":"Alpaka Plaid Exclusive - Tallinn Design House","og_description":"Alpaka pleed Exclusive. K\u00fclluslikult pehmed ja soojad beebialpaka pleedid, mis sobivad ideaalselt koju diivanile v\u00f5i kaaslaseks v\u00e4literrassile ja kontserdile.","og_url":"https:\/\/tallinndesignhouse.com\/toode\/pleed-exclusive\/","og_site_name":"Tallinn Design House","article_modified_time":"2026-05-01T21:55:32+00:00","og_image":[{"width":600,"height":600,"url":"https:\/\/tallinndesignhouse.com\/wp-content\/uploads\/2022\/04\/plaid-exclusive-wheat-grey-ruut-11280x1280-600x600-1.jpg","type":"image\/jpeg"}],"twitter_card":"summary_large_image","schema":{"@context":"https:\/\/schema.org","@graph":[{"@type":"WebPage","@id":"https:\/\/tallinndesignhouse.com\/toode\/pleed-exclusive\/","url":"https:\/\/tallinndesignhouse.com\/toode\/pleed-exclusive\/","name":"Alpaka Plaid Exclusive - Tallinn Design House","isPartOf":{"@id":"https:\/\/tallinndesignhouse.com\/#website"},"primaryImageOfPage":{"@id":"https:\/\/tallinndesignhouse.com\/toode\/pleed-exclusive\/#primaryimage"},"image":{"@id":"https:\/\/tallinndesignhouse.com\/toode\/pleed-exclusive\/#primaryimage"},"thumbnailUrl":"https:\/\/tallinndesignhouse.com\/wp-content\/uploads\/2022\/04\/Pleed-Exclusive-hobedane-Alpaka_.jpg","datePublished":"2022-04-13T09:56:41+00:00","dateModified":"2026-05-01T21:55:32+00:00","description":"Alpaka pleed Exclusive. K\u00fclluslikult pehmed ja soojad beebialpaka pleedid, mis sobivad ideaalselt koju diivanile v\u00f5i kaaslaseks v\u00e4literrassile ja kontserdile.","breadcrumb":{"@id":"https:\/\/tallinndesignhouse.com\/toode\/pleed-exclusive\/#breadcrumb"},"inLanguage":"en-US","potentialAction":[{"@type":"ReadAction","target":["https:\/\/tallinndesignhouse.com\/toode\/pleed-exclusive\/"]}]},{"@type":"ImageObject","inLanguage":"en-US","@id":"https:\/\/tallinndesignhouse.com\/toode\/pleed-exclusive\/#primaryimage","url":"https:\/\/tallinndesignhouse.com\/wp-content\/uploads\/2022\/04\/Pleed-Exclusive-hobedane-Alpaka_.jpg","contentUrl":"https:\/\/tallinndesignhouse.com\/wp-content\/uploads\/2022\/04\/Pleed-Exclusive-hobedane-Alpaka_.jpg","width":1080,"height":1350,"caption":"Pleed Exclusive ho\u0303bedane - Alpaka_"},{"@type":"BreadcrumbList","@id":"https:\/\/tallinndesignhouse.com\/toode\/pleed-exclusive\/#breadcrumb","itemListElement":[{"@type":"ListItem","position":1,"name":"Home","item":"https:\/\/tallinndesignhouse.com\/en\/"},{"@type":"ListItem","position":2,"name":"Shop","item":"https:\/\/tallinndesignhouse.com\/en\/shop\/"},{"@type":"ListItem","position":3,"name":"Plaid Exclusive"}]},{"@type":"WebSite","@id":"https:\/\/tallinndesignhouse.com\/#website","url":"https:\/\/tallinndesignhouse.com\/","name":"Tallinn Design House","description":"Eesti disain Rotermanni kvartalis","potentialAction":[{"@type":"SearchAction","target":{"@type":"EntryPoint","urlTemplate":"https:\/\/tallinndesignhouse.com\/?s={search_term_string}"},"query-input":{"@type":"PropertyValueSpecification","valueRequired":true,"valueName":"search_term_string"}}],"inLanguage":"en-US"}]}},"_links":{"self":[{"href":"https:\/\/tallinndesignhouse.com\/en\/wp-json\/wp\/v2\/product\/3315837","targetHints":{"allow":["GET"]}}],"collection":[{"href":"https:\/\/tallinndesignhouse.com\/en\/wp-json\/wp\/v2\/product"}],"about":[{"href":"https:\/\/tallinndesignhouse.com\/en\/wp-json\/wp\/v2\/types\/product"}],"wp:featuredmedia":[{"embeddable":true,"href":"https:\/\/tallinndesignhouse.com\/en\/wp-json\/wp\/v2\/media\/3384114"}],"wp:attachment":[{"href":"https:\/\/tallinndesignhouse.com\/en\/wp-json\/wp\/v2\/media?parent=3315837"}],"wp:term":[{"taxonomy":"product_brand","embeddable":true,"href":"https:\/\/tallinndesignhouse.com\/en\/wp-json\/wp\/v2\/product_brand?post=3315837"},{"taxonomy":"product_cat","embeddable":true,"href":"https:\/\/tallinndesignhouse.com\/en\/wp-json\/wp\/v2\/product_cat?post=3315837"},{"taxonomy":"product_tag","embeddable":true,"href":"https:\/\/tallinndesignhouse.com\/en\/wp-json\/wp\/v2\/product_tag?post=3315837"}],"curies":[{"name":"wp","href":"https:\/\/api.w.org\/{rel}","templated":true}]}}