{"id":3315838,"date":"2022-04-13T12:56:43","date_gmt":"2022-04-13T09:56:43","guid":{"rendered":"https:\/\/tallinndesignhouse.com\/toode\/pleed-exclusive-fishbone\/"},"modified":"2026-05-15T00:55:29","modified_gmt":"2026-05-14T21:55:29","slug":"pleed-exclusive-fishbone","status":"publish","type":"product","link":"https:\/\/tallinndesignhouse.com\/en\/toode\/pleed-exclusive-fishbone\/","title":{"rendered":"Plaid Exclusive Fishbone"},"content":{"rendered":"<p>Plaid Exclusive Fishbone by Alpaka is every homemaker\u2019s dream accessory as its unique fishbone motifs create a lovely accent. The velvety soft and warm baby alpaca blanket doubles as a wearable accessory during the colder season or on a chilly night. The colour range goes from modern industrial to radiant. Fill your home with these luxurious plaids and enjoy the greatest comfort above all. MATERIAL 100% baby alpaca.<\/p>\n","protected":false},"excerpt":{"rendered":"<p>Plaid Exclusive Fishbone by Alpaka is every homemaker\u2019s dream accessory as its unique fishbone motifs create a lovely accent. The velvety soft and warm baby alpaca blanket doubles as a wearable accessory during the colder season or on a chilly night. The colour range goes from modern industrial to radiant. Fill your home with these [&hellip;]<\/p>\n","protected":false},"featured_media":3342607,"template":"","meta":{"_acf_changed":false},"product_brand":[],"product_cat":[3551,3717,892,875],"product_tag":[2003],"class_list":{"0":"post-3315838","1":"product","2":"type-product","3":"status-publish","4":"has-post-thumbnail","6":"product_cat-naturaalsed-materjalid","7":"product_cat-kevadised-tooted","8":"product_cat-tekstiil","9":"product_cat-kodu","10":"product_tag-home","11":"pa_brand-alpaka","13":"pa_materjal-100-baby-alpaca-en","15":"pa_mudel-plaid-exclusive-fishbone","17":"pa_suurus-130x200-cm","19":"pa_varv-beez-valge","20":"pa_varv-beige-white-en","21":"pa_varv-blue-white-en","22":"pa_varv-brown-beige-en","23":"pa_varv-brown-white-en","24":"pa_varv-dark-blue-white-en","25":"pa_varv-dark-blue-silver-en","26":"pa_varv-dark-grey-grey-en","27":"pa_varv-golden-beige-en","28":"pa_varv-green-silver-en","29":"pa_varv-helelilla-hobe","30":"pa_varv-heleroheline-hobe","31":"pa_varv-kuldne-beez","32":"pa_varv-light-green-silver-en","33":"pa_varv-light-purple-silver-en","34":"pa_varv-lilac-beige-en","35":"pa_varv-ocean-blue-silver-grey-en","36":"pa_varv-ookeanisinine-hobehall","37":"pa_varv-orange-en","38":"pa_varv-oranz","39":"pa_varv-pink-beige-en","40":"pa_varv-pruun-beez","41":"pa_varv-pruun-valge","42":"pa_varv-punane-beez","43":"pa_varv-red-beige-en","44":"pa_varv-roheline-hobe","45":"pa_varv-roosa-beez","46":"pa_varv-sinine-valge","47":"pa_varv-sirelililla-beez","48":"pa_varv-tumehall-hall","49":"pa_varv-tumesinine-valge","50":"pa_varv-tumesinine-hobe","51":"pa_varv-valge-helehall","52":"pa_varv-white-light-grey-en","54":"first","55":"instock","56":"taxable","57":"shipping-taxable","58":"purchasable","59":"product-type-variable"},"acf":[],"yoast_head":"<!-- This site is optimized with the Yoast SEO plugin v26.0 - https:\/\/yoast.com\/wordpress\/plugins\/seo\/ -->\n<title>Alpaka Plaid Exclusive Fishbone - Tallinn Design House<\/title>\n<meta name=\"description\" content=\"Alpaka pleed Exclusive Fishbone. See on iga kodusisustaja lemmikaksessuaar, kalasaba motiividega muster loob p\u00f5neva aktsendi ja p\u00fc\u00fcab pilku.\" \/>\n<meta name=\"robots\" content=\"index, follow, max-snippet:-1, max-image-preview:large, max-video-preview:-1\" \/>\n<link rel=\"canonical\" href=\"https:\/\/tallinndesignhouse.com\/toode\/pleed-exclusive-fishbone\/\" \/>\n<meta property=\"og:locale\" content=\"en_US\" \/>\n<meta property=\"og:type\" content=\"article\" \/>\n<meta property=\"og:title\" content=\"Alpaka Plaid Exclusive Fishbone - Tallinn Design House\" \/>\n<meta property=\"og:description\" content=\"Alpaka pleed Exclusive Fishbone. See on iga kodusisustaja lemmikaksessuaar, kalasaba motiividega muster loob p\u00f5neva aktsendi ja p\u00fc\u00fcab pilku.\" \/>\n<meta property=\"og:url\" content=\"https:\/\/tallinndesignhouse.com\/toode\/pleed-exclusive-fishbone\/\" \/>\n<meta property=\"og:site_name\" content=\"Tallinn Design House\" \/>\n<meta property=\"article:modified_time\" content=\"2026-05-14T21:55:29+00:00\" \/>\n<meta property=\"og:image\" content=\"https:\/\/tallinndesignhouse.com\/wp-content\/uploads\/2022\/04\/Alpaka-pleed-Exclusive-Kalasaba-ookeanisinine-hobehall.jpg\" \/>\n\t<meta property=\"og:image:width\" content=\"1080\" \/>\n\t<meta property=\"og:image:height\" content=\"1350\" \/>\n\t<meta property=\"og:image:type\" content=\"image\/jpeg\" \/>\n<meta name=\"twitter:card\" content=\"summary_large_image\" \/>\n<meta name=\"twitter:label1\" content=\"Est. reading time\" \/>\n\t<meta name=\"twitter:data1\" content=\"1 minute\" \/>\n<script type=\"application\/ld+json\" class=\"yoast-schema-graph\">{\"@context\":\"https:\/\/schema.org\",\"@graph\":[{\"@type\":\"WebPage\",\"@id\":\"https:\/\/tallinndesignhouse.com\/toode\/pleed-exclusive-fishbone\/\",\"url\":\"https:\/\/tallinndesignhouse.com\/toode\/pleed-exclusive-fishbone\/\",\"name\":\"Alpaka Plaid Exclusive Fishbone - Tallinn Design House\",\"isPartOf\":{\"@id\":\"https:\/\/tallinndesignhouse.com\/#website\"},\"primaryImageOfPage\":{\"@id\":\"https:\/\/tallinndesignhouse.com\/toode\/pleed-exclusive-fishbone\/#primaryimage\"},\"image\":{\"@id\":\"https:\/\/tallinndesignhouse.com\/toode\/pleed-exclusive-fishbone\/#primaryimage\"},\"thumbnailUrl\":\"https:\/\/tallinndesignhouse.com\/wp-content\/uploads\/2022\/04\/Alpaka-pleed-Exclusive-Kalasaba-ookeanisinine-hobehall.jpg\",\"datePublished\":\"2022-04-13T09:56:43+00:00\",\"dateModified\":\"2026-05-14T21:55:29+00:00\",\"description\":\"Alpaka pleed Exclusive Fishbone. See on iga kodusisustaja lemmikaksessuaar, kalasaba motiividega muster loob p\u00f5neva aktsendi ja p\u00fc\u00fcab pilku.\",\"breadcrumb\":{\"@id\":\"https:\/\/tallinndesignhouse.com\/toode\/pleed-exclusive-fishbone\/#breadcrumb\"},\"inLanguage\":\"en-US\",\"potentialAction\":[{\"@type\":\"ReadAction\",\"target\":[\"https:\/\/tallinndesignhouse.com\/toode\/pleed-exclusive-fishbone\/\"]}]},{\"@type\":\"ImageObject\",\"inLanguage\":\"en-US\",\"@id\":\"https:\/\/tallinndesignhouse.com\/toode\/pleed-exclusive-fishbone\/#primaryimage\",\"url\":\"https:\/\/tallinndesignhouse.com\/wp-content\/uploads\/2022\/04\/Alpaka-pleed-Exclusive-Kalasaba-ookeanisinine-hobehall.jpg\",\"contentUrl\":\"https:\/\/tallinndesignhouse.com\/wp-content\/uploads\/2022\/04\/Alpaka-pleed-Exclusive-Kalasaba-ookeanisinine-hobehall.jpg\",\"width\":1080,\"height\":1350,\"caption\":\"Alpaka pleed Exclusive Kalasaba ookeanisinine-ho\u0303behall\"},{\"@type\":\"BreadcrumbList\",\"@id\":\"https:\/\/tallinndesignhouse.com\/toode\/pleed-exclusive-fishbone\/#breadcrumb\",\"itemListElement\":[{\"@type\":\"ListItem\",\"position\":1,\"name\":\"Home\",\"item\":\"https:\/\/tallinndesignhouse.com\/en\/\"},{\"@type\":\"ListItem\",\"position\":2,\"name\":\"Shop\",\"item\":\"https:\/\/tallinndesignhouse.com\/en\/shop\/\"},{\"@type\":\"ListItem\",\"position\":3,\"name\":\"Plaid Exclusive Fishbone\"}]},{\"@type\":\"WebSite\",\"@id\":\"https:\/\/tallinndesignhouse.com\/#website\",\"url\":\"https:\/\/tallinndesignhouse.com\/\",\"name\":\"Tallinn Design House\",\"description\":\"Eesti disain Rotermanni kvartalis\",\"potentialAction\":[{\"@type\":\"SearchAction\",\"target\":{\"@type\":\"EntryPoint\",\"urlTemplate\":\"https:\/\/tallinndesignhouse.com\/?s={search_term_string}\"},\"query-input\":{\"@type\":\"PropertyValueSpecification\",\"valueRequired\":true,\"valueName\":\"search_term_string\"}}],\"inLanguage\":\"en-US\"}]}<\/script>\n<!-- \/ Yoast SEO plugin. -->","yoast_head_json":{"title":"Alpaka Plaid Exclusive Fishbone - Tallinn Design House","description":"Alpaka pleed Exclusive Fishbone. See on iga kodusisustaja lemmikaksessuaar, kalasaba motiividega muster loob p\u00f5neva aktsendi ja p\u00fc\u00fcab pilku.","robots":{"index":"index","follow":"follow","max-snippet":"max-snippet:-1","max-image-preview":"max-image-preview:large","max-video-preview":"max-video-preview:-1"},"canonical":"https:\/\/tallinndesignhouse.com\/toode\/pleed-exclusive-fishbone\/","og_locale":"en_US","og_type":"article","og_title":"Alpaka Plaid Exclusive Fishbone - Tallinn Design House","og_description":"Alpaka pleed Exclusive Fishbone. See on iga kodusisustaja lemmikaksessuaar, kalasaba motiividega muster loob p\u00f5neva aktsendi ja p\u00fc\u00fcab pilku.","og_url":"https:\/\/tallinndesignhouse.com\/toode\/pleed-exclusive-fishbone\/","og_site_name":"Tallinn Design House","article_modified_time":"2026-05-14T21:55:29+00:00","og_image":[{"width":1080,"height":1350,"url":"https:\/\/tallinndesignhouse.com\/wp-content\/uploads\/2022\/04\/Alpaka-pleed-Exclusive-Kalasaba-ookeanisinine-hobehall.jpg","type":"image\/jpeg"}],"twitter_card":"summary_large_image","twitter_misc":{"Est. reading time":"1 minute"},"schema":{"@context":"https:\/\/schema.org","@graph":[{"@type":"WebPage","@id":"https:\/\/tallinndesignhouse.com\/toode\/pleed-exclusive-fishbone\/","url":"https:\/\/tallinndesignhouse.com\/toode\/pleed-exclusive-fishbone\/","name":"Alpaka Plaid Exclusive Fishbone - Tallinn Design House","isPartOf":{"@id":"https:\/\/tallinndesignhouse.com\/#website"},"primaryImageOfPage":{"@id":"https:\/\/tallinndesignhouse.com\/toode\/pleed-exclusive-fishbone\/#primaryimage"},"image":{"@id":"https:\/\/tallinndesignhouse.com\/toode\/pleed-exclusive-fishbone\/#primaryimage"},"thumbnailUrl":"https:\/\/tallinndesignhouse.com\/wp-content\/uploads\/2022\/04\/Alpaka-pleed-Exclusive-Kalasaba-ookeanisinine-hobehall.jpg","datePublished":"2022-04-13T09:56:43+00:00","dateModified":"2026-05-14T21:55:29+00:00","description":"Alpaka pleed Exclusive Fishbone. See on iga kodusisustaja lemmikaksessuaar, kalasaba motiividega muster loob p\u00f5neva aktsendi ja p\u00fc\u00fcab pilku.","breadcrumb":{"@id":"https:\/\/tallinndesignhouse.com\/toode\/pleed-exclusive-fishbone\/#breadcrumb"},"inLanguage":"en-US","potentialAction":[{"@type":"ReadAction","target":["https:\/\/tallinndesignhouse.com\/toode\/pleed-exclusive-fishbone\/"]}]},{"@type":"ImageObject","inLanguage":"en-US","@id":"https:\/\/tallinndesignhouse.com\/toode\/pleed-exclusive-fishbone\/#primaryimage","url":"https:\/\/tallinndesignhouse.com\/wp-content\/uploads\/2022\/04\/Alpaka-pleed-Exclusive-Kalasaba-ookeanisinine-hobehall.jpg","contentUrl":"https:\/\/tallinndesignhouse.com\/wp-content\/uploads\/2022\/04\/Alpaka-pleed-Exclusive-Kalasaba-ookeanisinine-hobehall.jpg","width":1080,"height":1350,"caption":"Alpaka pleed Exclusive Kalasaba ookeanisinine-ho\u0303behall"},{"@type":"BreadcrumbList","@id":"https:\/\/tallinndesignhouse.com\/toode\/pleed-exclusive-fishbone\/#breadcrumb","itemListElement":[{"@type":"ListItem","position":1,"name":"Home","item":"https:\/\/tallinndesignhouse.com\/en\/"},{"@type":"ListItem","position":2,"name":"Shop","item":"https:\/\/tallinndesignhouse.com\/en\/shop\/"},{"@type":"ListItem","position":3,"name":"Plaid Exclusive Fishbone"}]},{"@type":"WebSite","@id":"https:\/\/tallinndesignhouse.com\/#website","url":"https:\/\/tallinndesignhouse.com\/","name":"Tallinn Design House","description":"Eesti disain Rotermanni kvartalis","potentialAction":[{"@type":"SearchAction","target":{"@type":"EntryPoint","urlTemplate":"https:\/\/tallinndesignhouse.com\/?s={search_term_string}"},"query-input":{"@type":"PropertyValueSpecification","valueRequired":true,"valueName":"search_term_string"}}],"inLanguage":"en-US"}]}},"_links":{"self":[{"href":"https:\/\/tallinndesignhouse.com\/en\/wp-json\/wp\/v2\/product\/3315838","targetHints":{"allow":["GET"]}}],"collection":[{"href":"https:\/\/tallinndesignhouse.com\/en\/wp-json\/wp\/v2\/product"}],"about":[{"href":"https:\/\/tallinndesignhouse.com\/en\/wp-json\/wp\/v2\/types\/product"}],"wp:featuredmedia":[{"embeddable":true,"href":"https:\/\/tallinndesignhouse.com\/en\/wp-json\/wp\/v2\/media\/3342607"}],"wp:attachment":[{"href":"https:\/\/tallinndesignhouse.com\/en\/wp-json\/wp\/v2\/media?parent=3315838"}],"wp:term":[{"taxonomy":"product_brand","embeddable":true,"href":"https:\/\/tallinndesignhouse.com\/en\/wp-json\/wp\/v2\/product_brand?post=3315838"},{"taxonomy":"product_cat","embeddable":true,"href":"https:\/\/tallinndesignhouse.com\/en\/wp-json\/wp\/v2\/product_cat?post=3315838"},{"taxonomy":"product_tag","embeddable":true,"href":"https:\/\/tallinndesignhouse.com\/en\/wp-json\/wp\/v2\/product_tag?post=3315838"}],"curies":[{"name":"wp","href":"https:\/\/api.w.org\/{rel}","templated":true}]}}