{"id":3315907,"date":"2023-06-05T19:15:06","date_gmt":"2023-06-05T16:15:06","guid":{"rendered":"https:\/\/tallinndesignhouse.com\/toode\/markmik-100-sea-rescue-heritage\/"},"modified":"2026-04-17T00:56:44","modified_gmt":"2026-04-16T21:56:44","slug":"markmik-100-sea-rescue-heritage","status":"publish","type":"product","link":"https:\/\/tallinndesignhouse.com\/en\/toode\/markmik-100-sea-rescue-heritage\/","title":{"rendered":"M\u00e4rkmik 100% Sea Rescue Heritage"},"content":{"rendered":"<p>SEA RESCUE HERITAGE series notebooks are covered with unused thermal blankets from disposed life rafts. IKIGI notebooks are comfortable to use because of the hard cover and open spine binding that allows them to open fully flat. Suits well for sketching, guestbooks, house books, for writing down good thoughts and to give as a present. Bullet journal version helps to keep the line and reduces the blank page fear. YESTERDAY I SAILED ON A BOAT. TODAY FOR A BOOK I AM A COAT.<\/p>\n","protected":false},"excerpt":{"rendered":"<p>SEA RESCUE HERITAGE series notebooks are covered with unused thermal blankets from disposed life rafts. IKIGI notebooks are comfortable to use because of the hard cover and open spine binding that allows them to open fully flat. Suits well for sketching, guestbooks, house books, for writing down good thoughts and to give as a present. [&hellip;]<\/p>\n","protected":false},"featured_media":3290880,"template":"","meta":{"_acf_changed":false},"product_brand":[],"product_cat":[2002,2552],"product_tag":[1828],"class_list":{"0":"post-3315907","1":"product","2":"type-product","3":"status-publish","4":"has-post-thumbnail","6":"product_cat-furnishings","7":"product_cat-home","8":"product_tag-kodu","9":"pa_brand-ikigi","12":"first","13":"instock","14":"taxable","15":"shipping-taxable","16":"purchasable","17":"product-type-simple"},"acf":[],"yoast_head":"<!-- This site is optimized with the Yoast SEO plugin v26.0 - https:\/\/yoast.com\/wordpress\/plugins\/seo\/ -->\n<title>Ikigi M\u00e4rkmik 100% Sea Rescue Heritage - Tallinn Design House<\/title>\n<meta name=\"description\" content=\"Ikigi m\u00e4rkmik 100% Sea Rescue Heritage. Sobib h\u00e4sti visandamiseks, k\u00fclalisraamatuks, majaraamatuks, heade m\u00f5ttete kirjutamiseks, kingituseks.\" \/>\n<meta name=\"robots\" content=\"index, follow, max-snippet:-1, max-image-preview:large, max-video-preview:-1\" \/>\n<link rel=\"canonical\" href=\"https:\/\/tallinndesignhouse.com\/en\/toode\/markmik-100-sea-rescue-heritage\/\" \/>\n<meta property=\"og:locale\" content=\"en_US\" \/>\n<meta property=\"og:type\" content=\"article\" \/>\n<meta property=\"og:title\" content=\"Ikigi M\u00e4rkmik 100% Sea Rescue Heritage - Tallinn Design House\" \/>\n<meta property=\"og:description\" content=\"Ikigi m\u00e4rkmik 100% Sea Rescue Heritage. Sobib h\u00e4sti visandamiseks, k\u00fclalisraamatuks, majaraamatuks, heade m\u00f5ttete kirjutamiseks, kingituseks.\" \/>\n<meta property=\"og:url\" content=\"https:\/\/tallinndesignhouse.com\/en\/toode\/markmik-100-sea-rescue-heritage\/\" \/>\n<meta property=\"og:site_name\" content=\"Tallinn Design House\" \/>\n<meta property=\"article:modified_time\" content=\"2026-04-16T21:56:44+00:00\" \/>\n<meta property=\"og:image\" content=\"https:\/\/tallinndesignhouse.com\/wp-content\/uploads\/2023\/06\/Ikigi-Sea-Rescue-markmik.jpg\" \/>\n\t<meta property=\"og:image:width\" content=\"1080\" \/>\n\t<meta property=\"og:image:height\" content=\"1350\" \/>\n\t<meta property=\"og:image:type\" content=\"image\/jpeg\" \/>\n<meta name=\"twitter:card\" content=\"summary_large_image\" \/>\n<script type=\"application\/ld+json\" class=\"yoast-schema-graph\">{\"@context\":\"https:\/\/schema.org\",\"@graph\":[{\"@type\":\"WebPage\",\"@id\":\"https:\/\/tallinndesignhouse.com\/en\/toode\/markmik-100-sea-rescue-heritage\/\",\"url\":\"https:\/\/tallinndesignhouse.com\/en\/toode\/markmik-100-sea-rescue-heritage\/\",\"name\":\"Ikigi M\u00e4rkmik 100% Sea Rescue Heritage - Tallinn Design House\",\"isPartOf\":{\"@id\":\"https:\/\/tallinndesignhouse.com\/#website\"},\"primaryImageOfPage\":{\"@id\":\"https:\/\/tallinndesignhouse.com\/en\/toode\/markmik-100-sea-rescue-heritage\/#primaryimage\"},\"image\":{\"@id\":\"https:\/\/tallinndesignhouse.com\/en\/toode\/markmik-100-sea-rescue-heritage\/#primaryimage\"},\"thumbnailUrl\":\"https:\/\/tallinndesignhouse.com\/wp-content\/uploads\/2023\/06\/Ikigi-Sea-Rescue-markmik.jpg\",\"datePublished\":\"2023-06-05T16:15:06+00:00\",\"dateModified\":\"2026-04-16T21:56:44+00:00\",\"description\":\"Ikigi m\u00e4rkmik 100% Sea Rescue Heritage. Sobib h\u00e4sti visandamiseks, k\u00fclalisraamatuks, majaraamatuks, heade m\u00f5ttete kirjutamiseks, kingituseks.\",\"breadcrumb\":{\"@id\":\"https:\/\/tallinndesignhouse.com\/en\/toode\/markmik-100-sea-rescue-heritage\/#breadcrumb\"},\"inLanguage\":\"en-US\",\"potentialAction\":[{\"@type\":\"ReadAction\",\"target\":[\"https:\/\/tallinndesignhouse.com\/en\/toode\/markmik-100-sea-rescue-heritage\/\"]}]},{\"@type\":\"ImageObject\",\"inLanguage\":\"en-US\",\"@id\":\"https:\/\/tallinndesignhouse.com\/en\/toode\/markmik-100-sea-rescue-heritage\/#primaryimage\",\"url\":\"https:\/\/tallinndesignhouse.com\/wp-content\/uploads\/2023\/06\/Ikigi-Sea-Rescue-markmik.jpg\",\"contentUrl\":\"https:\/\/tallinndesignhouse.com\/wp-content\/uploads\/2023\/06\/Ikigi-Sea-Rescue-markmik.jpg\",\"width\":1080,\"height\":1350,\"caption\":\"Ikigi Sea Rescue ma\u0308rkmik\"},{\"@type\":\"BreadcrumbList\",\"@id\":\"https:\/\/tallinndesignhouse.com\/en\/toode\/markmik-100-sea-rescue-heritage\/#breadcrumb\",\"itemListElement\":[{\"@type\":\"ListItem\",\"position\":1,\"name\":\"Home\",\"item\":\"https:\/\/tallinndesignhouse.com\/en\/\"},{\"@type\":\"ListItem\",\"position\":2,\"name\":\"Shop\",\"item\":\"https:\/\/tallinndesignhouse.com\/en\/shop\/\"},{\"@type\":\"ListItem\",\"position\":3,\"name\":\"M\u00e4rkmik 100% Sea Rescue Heritage\"}]},{\"@type\":\"WebSite\",\"@id\":\"https:\/\/tallinndesignhouse.com\/#website\",\"url\":\"https:\/\/tallinndesignhouse.com\/\",\"name\":\"Tallinn Design House\",\"description\":\"Eesti disain Rotermanni kvartalis\",\"potentialAction\":[{\"@type\":\"SearchAction\",\"target\":{\"@type\":\"EntryPoint\",\"urlTemplate\":\"https:\/\/tallinndesignhouse.com\/?s={search_term_string}\"},\"query-input\":{\"@type\":\"PropertyValueSpecification\",\"valueRequired\":true,\"valueName\":\"search_term_string\"}}],\"inLanguage\":\"en-US\"}]}<\/script>\n<!-- \/ Yoast SEO plugin. -->","yoast_head_json":{"title":"Ikigi M\u00e4rkmik 100% Sea Rescue Heritage - Tallinn Design House","description":"Ikigi m\u00e4rkmik 100% Sea Rescue Heritage. Sobib h\u00e4sti visandamiseks, k\u00fclalisraamatuks, majaraamatuks, heade m\u00f5ttete kirjutamiseks, kingituseks.","robots":{"index":"index","follow":"follow","max-snippet":"max-snippet:-1","max-image-preview":"max-image-preview:large","max-video-preview":"max-video-preview:-1"},"canonical":"https:\/\/tallinndesignhouse.com\/en\/toode\/markmik-100-sea-rescue-heritage\/","og_locale":"en_US","og_type":"article","og_title":"Ikigi M\u00e4rkmik 100% Sea Rescue Heritage - Tallinn Design House","og_description":"Ikigi m\u00e4rkmik 100% Sea Rescue Heritage. Sobib h\u00e4sti visandamiseks, k\u00fclalisraamatuks, majaraamatuks, heade m\u00f5ttete kirjutamiseks, kingituseks.","og_url":"https:\/\/tallinndesignhouse.com\/en\/toode\/markmik-100-sea-rescue-heritage\/","og_site_name":"Tallinn Design House","article_modified_time":"2026-04-16T21:56:44+00:00","og_image":[{"width":1080,"height":1350,"url":"https:\/\/tallinndesignhouse.com\/wp-content\/uploads\/2023\/06\/Ikigi-Sea-Rescue-markmik.jpg","type":"image\/jpeg"}],"twitter_card":"summary_large_image","schema":{"@context":"https:\/\/schema.org","@graph":[{"@type":"WebPage","@id":"https:\/\/tallinndesignhouse.com\/en\/toode\/markmik-100-sea-rescue-heritage\/","url":"https:\/\/tallinndesignhouse.com\/en\/toode\/markmik-100-sea-rescue-heritage\/","name":"Ikigi M\u00e4rkmik 100% Sea Rescue Heritage - Tallinn Design House","isPartOf":{"@id":"https:\/\/tallinndesignhouse.com\/#website"},"primaryImageOfPage":{"@id":"https:\/\/tallinndesignhouse.com\/en\/toode\/markmik-100-sea-rescue-heritage\/#primaryimage"},"image":{"@id":"https:\/\/tallinndesignhouse.com\/en\/toode\/markmik-100-sea-rescue-heritage\/#primaryimage"},"thumbnailUrl":"https:\/\/tallinndesignhouse.com\/wp-content\/uploads\/2023\/06\/Ikigi-Sea-Rescue-markmik.jpg","datePublished":"2023-06-05T16:15:06+00:00","dateModified":"2026-04-16T21:56:44+00:00","description":"Ikigi m\u00e4rkmik 100% Sea Rescue Heritage. Sobib h\u00e4sti visandamiseks, k\u00fclalisraamatuks, majaraamatuks, heade m\u00f5ttete kirjutamiseks, kingituseks.","breadcrumb":{"@id":"https:\/\/tallinndesignhouse.com\/en\/toode\/markmik-100-sea-rescue-heritage\/#breadcrumb"},"inLanguage":"en-US","potentialAction":[{"@type":"ReadAction","target":["https:\/\/tallinndesignhouse.com\/en\/toode\/markmik-100-sea-rescue-heritage\/"]}]},{"@type":"ImageObject","inLanguage":"en-US","@id":"https:\/\/tallinndesignhouse.com\/en\/toode\/markmik-100-sea-rescue-heritage\/#primaryimage","url":"https:\/\/tallinndesignhouse.com\/wp-content\/uploads\/2023\/06\/Ikigi-Sea-Rescue-markmik.jpg","contentUrl":"https:\/\/tallinndesignhouse.com\/wp-content\/uploads\/2023\/06\/Ikigi-Sea-Rescue-markmik.jpg","width":1080,"height":1350,"caption":"Ikigi Sea Rescue ma\u0308rkmik"},{"@type":"BreadcrumbList","@id":"https:\/\/tallinndesignhouse.com\/en\/toode\/markmik-100-sea-rescue-heritage\/#breadcrumb","itemListElement":[{"@type":"ListItem","position":1,"name":"Home","item":"https:\/\/tallinndesignhouse.com\/en\/"},{"@type":"ListItem","position":2,"name":"Shop","item":"https:\/\/tallinndesignhouse.com\/en\/shop\/"},{"@type":"ListItem","position":3,"name":"M\u00e4rkmik 100% Sea Rescue Heritage"}]},{"@type":"WebSite","@id":"https:\/\/tallinndesignhouse.com\/#website","url":"https:\/\/tallinndesignhouse.com\/","name":"Tallinn Design House","description":"Eesti disain Rotermanni kvartalis","potentialAction":[{"@type":"SearchAction","target":{"@type":"EntryPoint","urlTemplate":"https:\/\/tallinndesignhouse.com\/?s={search_term_string}"},"query-input":{"@type":"PropertyValueSpecification","valueRequired":true,"valueName":"search_term_string"}}],"inLanguage":"en-US"}]}},"_links":{"self":[{"href":"https:\/\/tallinndesignhouse.com\/en\/wp-json\/wp\/v2\/product\/3315907","targetHints":{"allow":["GET"]}}],"collection":[{"href":"https:\/\/tallinndesignhouse.com\/en\/wp-json\/wp\/v2\/product"}],"about":[{"href":"https:\/\/tallinndesignhouse.com\/en\/wp-json\/wp\/v2\/types\/product"}],"wp:featuredmedia":[{"embeddable":true,"href":"https:\/\/tallinndesignhouse.com\/en\/wp-json\/wp\/v2\/media\/3290880"}],"wp:attachment":[{"href":"https:\/\/tallinndesignhouse.com\/en\/wp-json\/wp\/v2\/media?parent=3315907"}],"wp:term":[{"taxonomy":"product_brand","embeddable":true,"href":"https:\/\/tallinndesignhouse.com\/en\/wp-json\/wp\/v2\/product_brand?post=3315907"},{"taxonomy":"product_cat","embeddable":true,"href":"https:\/\/tallinndesignhouse.com\/en\/wp-json\/wp\/v2\/product_cat?post=3315907"},{"taxonomy":"product_tag","embeddable":true,"href":"https:\/\/tallinndesignhouse.com\/en\/wp-json\/wp\/v2\/product_tag?post=3315907"}],"curies":[{"name":"wp","href":"https:\/\/api.w.org\/{rel}","templated":true}]}}