{"id":3315922,"date":"2022-10-31T17:04:33","date_gmt":"2022-10-31T15:04:33","guid":{"rendered":"https:\/\/tallinndesignhouse.com\/toode\/kibuvitsa-naovesi\/"},"modified":"2026-05-03T00:55:59","modified_gmt":"2026-05-02T21:55:59","slug":"kibuvitsa-naovesi","status":"publish","type":"product","link":"https:\/\/tallinndesignhouse.com\/en\/toode\/kibuvitsa-naovesi\/","title":{"rendered":"Rose Hip Face Tonic 50 ml"},"content":{"rendered":"<p>Rose Hip improves skin elasticity, fights against aging and helps to cope with solar radiation. Rose Hip is a powerful antidepressant that reduces hesitation and increases self-esteem. Use Bonobo\u2019s face tonic in the morning and evening. It will refresh your skin wonderfully in the morning, prior to putting on moisturizer, and in the evening it will help to clear the day off your face. Apply some tonic to the cotton pad and gently wipe your skin, or mist it over your face. It\u00b4s also great to pamper your skin and senses during the day. Ingredients: Pure distillate from distilling fresh rose hip herbs in the spring-water vapour. Use within: 6 months of opening. Keep protected from direct sunlight. Measures: 50 ml.<\/p>\n","protected":false},"excerpt":{"rendered":"<p>Rose Hip improves skin elasticity, fights against aging and helps to cope with solar radiation. Rose Hip is a powerful antidepressant that reduces hesitation and increases self-esteem. Use Bonobo\u2019s face tonic in the morning and evening. It will refresh your skin wonderfully in the morning, prior to putting on moisturizer, and in the evening it [&hellip;]<\/p>\n","protected":false},"featured_media":2323893,"template":"","meta":{"_acf_changed":false},"product_brand":[],"product_cat":[882],"product_tag":[2818],"class_list":{"0":"post-3315922","1":"product","2":"type-product","3":"status-publish","4":"has-post-thumbnail","6":"product_cat-nagu","7":"product_tag-naised","8":"pa_brand-bonobo-en","9":"pa_brand-bonobo","11":"first","12":"instock","13":"taxable","14":"shipping-taxable","15":"purchasable","16":"product-type-simple"},"acf":[],"yoast_head":"<!-- This site is optimized with the Yoast SEO plugin v26.0 - https:\/\/yoast.com\/wordpress\/plugins\/seo\/ -->\n<title>Bonobo Rose Hip Face Tonic 50 ml - Tallinn Design House<\/title>\n<meta name=\"description\" content=\"Bonobo kibuvitsa n\u00e4ovesi. Kibuvits parandab naha elastsust, v\u00f5itleb vananemise vastu ning aitab toime tulla p\u00e4ikesest tuleneva kiirgusega.\" \/>\n<meta name=\"robots\" content=\"index, follow, max-snippet:-1, max-image-preview:large, max-video-preview:-1\" \/>\n<link rel=\"canonical\" href=\"https:\/\/tallinndesignhouse.com\/toode\/kibuvitsa-naovesi\/\" \/>\n<meta property=\"og:locale\" content=\"en_US\" \/>\n<meta property=\"og:type\" content=\"article\" \/>\n<meta property=\"og:title\" content=\"Bonobo Rose Hip Face Tonic 50 ml - Tallinn Design House\" \/>\n<meta property=\"og:description\" content=\"Bonobo kibuvitsa n\u00e4ovesi. Kibuvits parandab naha elastsust, v\u00f5itleb vananemise vastu ning aitab toime tulla p\u00e4ikesest tuleneva kiirgusega.\" \/>\n<meta property=\"og:url\" content=\"https:\/\/tallinndesignhouse.com\/toode\/kibuvitsa-naovesi\/\" \/>\n<meta property=\"og:site_name\" content=\"Tallinn Design House\" \/>\n<meta property=\"article:modified_time\" content=\"2026-05-02T21:55:59+00:00\" \/>\n<meta property=\"og:image\" content=\"https:\/\/tallinndesignhouse.com\/wp-content\/uploads\/2022\/10\/Bonobo-kibuvitsa-na\u0308ovesi.jpg\" \/>\n\t<meta property=\"og:image:width\" content=\"1080\" \/>\n\t<meta property=\"og:image:height\" content=\"1350\" \/>\n\t<meta property=\"og:image:type\" content=\"image\/jpeg\" \/>\n<meta name=\"twitter:card\" content=\"summary_large_image\" \/>\n<meta name=\"twitter:label1\" content=\"Est. reading time\" \/>\n\t<meta name=\"twitter:data1\" content=\"1 minute\" \/>\n<script type=\"application\/ld+json\" class=\"yoast-schema-graph\">{\"@context\":\"https:\/\/schema.org\",\"@graph\":[{\"@type\":\"WebPage\",\"@id\":\"https:\/\/tallinndesignhouse.com\/toode\/kibuvitsa-naovesi\/\",\"url\":\"https:\/\/tallinndesignhouse.com\/toode\/kibuvitsa-naovesi\/\",\"name\":\"Bonobo Rose Hip Face Tonic 50 ml - Tallinn Design House\",\"isPartOf\":{\"@id\":\"https:\/\/tallinndesignhouse.com\/#website\"},\"primaryImageOfPage\":{\"@id\":\"https:\/\/tallinndesignhouse.com\/toode\/kibuvitsa-naovesi\/#primaryimage\"},\"image\":{\"@id\":\"https:\/\/tallinndesignhouse.com\/toode\/kibuvitsa-naovesi\/#primaryimage\"},\"thumbnailUrl\":\"https:\/\/tallinndesignhouse.com\/wp-content\/uploads\/2022\/10\/Bonobo-kibuvitsa-na\u0308ovesi.jpg\",\"datePublished\":\"2022-10-31T15:04:33+00:00\",\"dateModified\":\"2026-05-02T21:55:59+00:00\",\"description\":\"Bonobo kibuvitsa n\u00e4ovesi. Kibuvits parandab naha elastsust, v\u00f5itleb vananemise vastu ning aitab toime tulla p\u00e4ikesest tuleneva kiirgusega.\",\"breadcrumb\":{\"@id\":\"https:\/\/tallinndesignhouse.com\/toode\/kibuvitsa-naovesi\/#breadcrumb\"},\"inLanguage\":\"en-US\",\"potentialAction\":[{\"@type\":\"ReadAction\",\"target\":[\"https:\/\/tallinndesignhouse.com\/toode\/kibuvitsa-naovesi\/\"]}]},{\"@type\":\"ImageObject\",\"inLanguage\":\"en-US\",\"@id\":\"https:\/\/tallinndesignhouse.com\/toode\/kibuvitsa-naovesi\/#primaryimage\",\"url\":\"https:\/\/tallinndesignhouse.com\/wp-content\/uploads\/2022\/10\/Bonobo-kibuvitsa-na\u0308ovesi.jpg\",\"contentUrl\":\"https:\/\/tallinndesignhouse.com\/wp-content\/uploads\/2022\/10\/Bonobo-kibuvitsa-na\u0308ovesi.jpg\",\"width\":1080,\"height\":1350,\"caption\":\"Bonobo kibuvitsa na\u0308ovesi\"},{\"@type\":\"BreadcrumbList\",\"@id\":\"https:\/\/tallinndesignhouse.com\/toode\/kibuvitsa-naovesi\/#breadcrumb\",\"itemListElement\":[{\"@type\":\"ListItem\",\"position\":1,\"name\":\"Home\",\"item\":\"https:\/\/tallinndesignhouse.com\/en\/\"},{\"@type\":\"ListItem\",\"position\":2,\"name\":\"Shop\",\"item\":\"https:\/\/tallinndesignhouse.com\/en\/shop\/\"},{\"@type\":\"ListItem\",\"position\":3,\"name\":\"Rose Hip Face Tonic 50 ml\"}]},{\"@type\":\"WebSite\",\"@id\":\"https:\/\/tallinndesignhouse.com\/#website\",\"url\":\"https:\/\/tallinndesignhouse.com\/\",\"name\":\"Tallinn Design House\",\"description\":\"Eesti disain Rotermanni kvartalis\",\"potentialAction\":[{\"@type\":\"SearchAction\",\"target\":{\"@type\":\"EntryPoint\",\"urlTemplate\":\"https:\/\/tallinndesignhouse.com\/?s={search_term_string}\"},\"query-input\":{\"@type\":\"PropertyValueSpecification\",\"valueRequired\":true,\"valueName\":\"search_term_string\"}}],\"inLanguage\":\"en-US\"}]}<\/script>\n<!-- \/ Yoast SEO plugin. -->","yoast_head_json":{"title":"Bonobo Rose Hip Face Tonic 50 ml - Tallinn Design House","description":"Bonobo kibuvitsa n\u00e4ovesi. Kibuvits parandab naha elastsust, v\u00f5itleb vananemise vastu ning aitab toime tulla p\u00e4ikesest tuleneva kiirgusega.","robots":{"index":"index","follow":"follow","max-snippet":"max-snippet:-1","max-image-preview":"max-image-preview:large","max-video-preview":"max-video-preview:-1"},"canonical":"https:\/\/tallinndesignhouse.com\/toode\/kibuvitsa-naovesi\/","og_locale":"en_US","og_type":"article","og_title":"Bonobo Rose Hip Face Tonic 50 ml - Tallinn Design House","og_description":"Bonobo kibuvitsa n\u00e4ovesi. Kibuvits parandab naha elastsust, v\u00f5itleb vananemise vastu ning aitab toime tulla p\u00e4ikesest tuleneva kiirgusega.","og_url":"https:\/\/tallinndesignhouse.com\/toode\/kibuvitsa-naovesi\/","og_site_name":"Tallinn Design House","article_modified_time":"2026-05-02T21:55:59+00:00","og_image":[{"width":1080,"height":1350,"url":"https:\/\/tallinndesignhouse.com\/wp-content\/uploads\/2022\/10\/Bonobo-kibuvitsa-na\u0308ovesi.jpg","type":"image\/jpeg"}],"twitter_card":"summary_large_image","twitter_misc":{"Est. reading time":"1 minute"},"schema":{"@context":"https:\/\/schema.org","@graph":[{"@type":"WebPage","@id":"https:\/\/tallinndesignhouse.com\/toode\/kibuvitsa-naovesi\/","url":"https:\/\/tallinndesignhouse.com\/toode\/kibuvitsa-naovesi\/","name":"Bonobo Rose Hip Face Tonic 50 ml - Tallinn Design House","isPartOf":{"@id":"https:\/\/tallinndesignhouse.com\/#website"},"primaryImageOfPage":{"@id":"https:\/\/tallinndesignhouse.com\/toode\/kibuvitsa-naovesi\/#primaryimage"},"image":{"@id":"https:\/\/tallinndesignhouse.com\/toode\/kibuvitsa-naovesi\/#primaryimage"},"thumbnailUrl":"https:\/\/tallinndesignhouse.com\/wp-content\/uploads\/2022\/10\/Bonobo-kibuvitsa-na\u0308ovesi.jpg","datePublished":"2022-10-31T15:04:33+00:00","dateModified":"2026-05-02T21:55:59+00:00","description":"Bonobo kibuvitsa n\u00e4ovesi. Kibuvits parandab naha elastsust, v\u00f5itleb vananemise vastu ning aitab toime tulla p\u00e4ikesest tuleneva kiirgusega.","breadcrumb":{"@id":"https:\/\/tallinndesignhouse.com\/toode\/kibuvitsa-naovesi\/#breadcrumb"},"inLanguage":"en-US","potentialAction":[{"@type":"ReadAction","target":["https:\/\/tallinndesignhouse.com\/toode\/kibuvitsa-naovesi\/"]}]},{"@type":"ImageObject","inLanguage":"en-US","@id":"https:\/\/tallinndesignhouse.com\/toode\/kibuvitsa-naovesi\/#primaryimage","url":"https:\/\/tallinndesignhouse.com\/wp-content\/uploads\/2022\/10\/Bonobo-kibuvitsa-na\u0308ovesi.jpg","contentUrl":"https:\/\/tallinndesignhouse.com\/wp-content\/uploads\/2022\/10\/Bonobo-kibuvitsa-na\u0308ovesi.jpg","width":1080,"height":1350,"caption":"Bonobo kibuvitsa na\u0308ovesi"},{"@type":"BreadcrumbList","@id":"https:\/\/tallinndesignhouse.com\/toode\/kibuvitsa-naovesi\/#breadcrumb","itemListElement":[{"@type":"ListItem","position":1,"name":"Home","item":"https:\/\/tallinndesignhouse.com\/en\/"},{"@type":"ListItem","position":2,"name":"Shop","item":"https:\/\/tallinndesignhouse.com\/en\/shop\/"},{"@type":"ListItem","position":3,"name":"Rose Hip Face Tonic 50 ml"}]},{"@type":"WebSite","@id":"https:\/\/tallinndesignhouse.com\/#website","url":"https:\/\/tallinndesignhouse.com\/","name":"Tallinn Design House","description":"Eesti disain Rotermanni kvartalis","potentialAction":[{"@type":"SearchAction","target":{"@type":"EntryPoint","urlTemplate":"https:\/\/tallinndesignhouse.com\/?s={search_term_string}"},"query-input":{"@type":"PropertyValueSpecification","valueRequired":true,"valueName":"search_term_string"}}],"inLanguage":"en-US"}]}},"_links":{"self":[{"href":"https:\/\/tallinndesignhouse.com\/en\/wp-json\/wp\/v2\/product\/3315922","targetHints":{"allow":["GET"]}}],"collection":[{"href":"https:\/\/tallinndesignhouse.com\/en\/wp-json\/wp\/v2\/product"}],"about":[{"href":"https:\/\/tallinndesignhouse.com\/en\/wp-json\/wp\/v2\/types\/product"}],"wp:featuredmedia":[{"embeddable":true,"href":"https:\/\/tallinndesignhouse.com\/en\/wp-json\/wp\/v2\/media\/2323893"}],"wp:attachment":[{"href":"https:\/\/tallinndesignhouse.com\/en\/wp-json\/wp\/v2\/media?parent=3315922"}],"wp:term":[{"taxonomy":"product_brand","embeddable":true,"href":"https:\/\/tallinndesignhouse.com\/en\/wp-json\/wp\/v2\/product_brand?post=3315922"},{"taxonomy":"product_cat","embeddable":true,"href":"https:\/\/tallinndesignhouse.com\/en\/wp-json\/wp\/v2\/product_cat?post=3315922"},{"taxonomy":"product_tag","embeddable":true,"href":"https:\/\/tallinndesignhouse.com\/en\/wp-json\/wp\/v2\/product_tag?post=3315922"}],"curies":[{"name":"wp","href":"https:\/\/api.w.org\/{rel}","templated":true}]}}