{"id":3315923,"date":"2022-04-13T12:57:29","date_gmt":"2022-04-13T09:57:29","guid":{"rendered":"https:\/\/tallinndesignhouse.com\/toode\/sidruni-deodorant\/"},"modified":"2026-04-29T00:56:05","modified_gmt":"2026-04-28T21:56:05","slug":"sidruni-deodorant","status":"publish","type":"product","link":"https:\/\/tallinndesignhouse.com\/en\/toode\/sidruni-deodorant\/","title":{"rendered":"Lemon Cream Deodorant 30 ml"},"content":{"rendered":"<p>Bonobo\u00b4s creamy lemon smelling balm melts into skin effortlessly and is perfect for daily use. It allows your body and skin to function like it is meant to keeping sweat and smell at bay all day long! Apply the paste with fingertips, just like facial cream ensuring your armpits are still slightly damp after washing. Allow five minutes for the deodorant to absorb into your skin before getting dressed. A little goes a long way &#8211; if it feels greasy, you may have used too much. May cause mild discomfort when used directly after shaving. NB! External use only. Keep out of the reach of children. Keep paste cool and dry, away from heaters and direct sunlight. Ingredients: tapioca Starch, Cocos Nucifera (Coconut) Oil, Butyrospermum Parkii (Shea) Butter, Sodium Bicarbonate, Avena Sativa (Oat) Kernel Oil, Hydrogenated Vegetable Oil, Kaolin, Simmondsia Chinensis (Jojoba) Seed Oil, Aroma Tocopherol (Vitamin E), d-Limonene, Linalol, Citral natural essential oils. Use within: 6 months of opening. Keep protected from direct sunlight. Measures: 30 ml.<\/p>\n","protected":false},"excerpt":{"rendered":"<p>Bonobo\u00b4s creamy lemon smelling balm melts into skin effortlessly and is perfect for daily use. It allows your body and skin to function like it is meant to keeping sweat and smell at bay all day long! Apply the paste with fingertips, just like facial cream ensuring your armpits are still slightly damp after washing. [&hellip;]<\/p>\n","protected":false},"featured_media":2351515,"template":"","meta":{"_acf_changed":false},"product_brand":[],"product_cat":[871],"product_tag":[2818],"class_list":{"0":"post-3315923","1":"product","2":"type-product","3":"status-publish","4":"has-post-thumbnail","6":"product_cat-keha","7":"product_tag-naised","8":"pa_brand-bonobo","11":"first","12":"instock","13":"taxable","14":"shipping-taxable","15":"purchasable","16":"product-type-simple"},"acf":[],"yoast_head":"<!-- This site is optimized with the Yoast SEO plugin v26.0 - https:\/\/yoast.com\/wordpress\/plugins\/seo\/ -->\n<title>Bonobo Lemon Cream Deodorant 30 ml - Tallinn Design House<\/title>\n<meta name=\"description\" content=\"Bonobo sidruni deodorant. Antimikroobne v\u00e4rske sidruni aroomiga deodorant-kreem on t\u00e4iesti looduslik ning hoolitseb Sinu naha eest \u00f5rnalt kogu p\u00e4eva!\" \/>\n<meta name=\"robots\" content=\"index, follow, max-snippet:-1, max-image-preview:large, max-video-preview:-1\" \/>\n<link rel=\"canonical\" href=\"https:\/\/tallinndesignhouse.com\/toode\/sidruni-deodorant\/\" \/>\n<meta property=\"og:locale\" content=\"en_US\" \/>\n<meta property=\"og:type\" content=\"article\" \/>\n<meta property=\"og:title\" content=\"Bonobo Lemon Cream Deodorant 30 ml - Tallinn Design House\" \/>\n<meta property=\"og:description\" content=\"Bonobo sidruni deodorant. Antimikroobne v\u00e4rske sidruni aroomiga deodorant-kreem on t\u00e4iesti looduslik ning hoolitseb Sinu naha eest \u00f5rnalt kogu p\u00e4eva!\" \/>\n<meta property=\"og:url\" content=\"https:\/\/tallinndesignhouse.com\/toode\/sidruni-deodorant\/\" \/>\n<meta property=\"og:site_name\" content=\"Tallinn Design House\" \/>\n<meta property=\"article:modified_time\" content=\"2026-04-28T21:56:05+00:00\" \/>\n<meta property=\"og:image\" content=\"https:\/\/tallinndesignhouse.com\/wp-content\/uploads\/2022\/11\/Bonobo-Sidruni-kreemdeodorant.jpg\" \/>\n\t<meta property=\"og:image:width\" content=\"1080\" \/>\n\t<meta property=\"og:image:height\" content=\"1350\" \/>\n\t<meta property=\"og:image:type\" content=\"image\/jpeg\" \/>\n<meta name=\"twitter:card\" content=\"summary_large_image\" \/>\n<meta name=\"twitter:label1\" content=\"Est. reading time\" \/>\n\t<meta name=\"twitter:data1\" content=\"1 minute\" \/>\n<script type=\"application\/ld+json\" class=\"yoast-schema-graph\">{\"@context\":\"https:\/\/schema.org\",\"@graph\":[{\"@type\":\"WebPage\",\"@id\":\"https:\/\/tallinndesignhouse.com\/toode\/sidruni-deodorant\/\",\"url\":\"https:\/\/tallinndesignhouse.com\/toode\/sidruni-deodorant\/\",\"name\":\"Bonobo Lemon Cream Deodorant 30 ml - Tallinn Design House\",\"isPartOf\":{\"@id\":\"https:\/\/tallinndesignhouse.com\/#website\"},\"primaryImageOfPage\":{\"@id\":\"https:\/\/tallinndesignhouse.com\/toode\/sidruni-deodorant\/#primaryimage\"},\"image\":{\"@id\":\"https:\/\/tallinndesignhouse.com\/toode\/sidruni-deodorant\/#primaryimage\"},\"thumbnailUrl\":\"https:\/\/tallinndesignhouse.com\/wp-content\/uploads\/2022\/11\/Bonobo-Sidruni-kreemdeodorant.jpg\",\"datePublished\":\"2022-04-13T09:57:29+00:00\",\"dateModified\":\"2026-04-28T21:56:05+00:00\",\"description\":\"Bonobo sidruni deodorant. Antimikroobne v\u00e4rske sidruni aroomiga deodorant-kreem on t\u00e4iesti looduslik ning hoolitseb Sinu naha eest \u00f5rnalt kogu p\u00e4eva!\",\"breadcrumb\":{\"@id\":\"https:\/\/tallinndesignhouse.com\/toode\/sidruni-deodorant\/#breadcrumb\"},\"inLanguage\":\"en-US\",\"potentialAction\":[{\"@type\":\"ReadAction\",\"target\":[\"https:\/\/tallinndesignhouse.com\/toode\/sidruni-deodorant\/\"]}]},{\"@type\":\"ImageObject\",\"inLanguage\":\"en-US\",\"@id\":\"https:\/\/tallinndesignhouse.com\/toode\/sidruni-deodorant\/#primaryimage\",\"url\":\"https:\/\/tallinndesignhouse.com\/wp-content\/uploads\/2022\/11\/Bonobo-Sidruni-kreemdeodorant.jpg\",\"contentUrl\":\"https:\/\/tallinndesignhouse.com\/wp-content\/uploads\/2022\/11\/Bonobo-Sidruni-kreemdeodorant.jpg\",\"width\":1080,\"height\":1350,\"caption\":\"Bonobo Sidruni kreemdeodorant\"},{\"@type\":\"BreadcrumbList\",\"@id\":\"https:\/\/tallinndesignhouse.com\/toode\/sidruni-deodorant\/#breadcrumb\",\"itemListElement\":[{\"@type\":\"ListItem\",\"position\":1,\"name\":\"Home\",\"item\":\"https:\/\/tallinndesignhouse.com\/en\/\"},{\"@type\":\"ListItem\",\"position\":2,\"name\":\"Shop\",\"item\":\"https:\/\/tallinndesignhouse.com\/en\/shop\/\"},{\"@type\":\"ListItem\",\"position\":3,\"name\":\"Lemon Cream Deodorant 30 ml\"}]},{\"@type\":\"WebSite\",\"@id\":\"https:\/\/tallinndesignhouse.com\/#website\",\"url\":\"https:\/\/tallinndesignhouse.com\/\",\"name\":\"Tallinn Design House\",\"description\":\"Eesti disain Rotermanni kvartalis\",\"potentialAction\":[{\"@type\":\"SearchAction\",\"target\":{\"@type\":\"EntryPoint\",\"urlTemplate\":\"https:\/\/tallinndesignhouse.com\/?s={search_term_string}\"},\"query-input\":{\"@type\":\"PropertyValueSpecification\",\"valueRequired\":true,\"valueName\":\"search_term_string\"}}],\"inLanguage\":\"en-US\"}]}<\/script>\n<!-- \/ Yoast SEO plugin. -->","yoast_head_json":{"title":"Bonobo Lemon Cream Deodorant 30 ml - Tallinn Design House","description":"Bonobo sidruni deodorant. Antimikroobne v\u00e4rske sidruni aroomiga deodorant-kreem on t\u00e4iesti looduslik ning hoolitseb Sinu naha eest \u00f5rnalt kogu p\u00e4eva!","robots":{"index":"index","follow":"follow","max-snippet":"max-snippet:-1","max-image-preview":"max-image-preview:large","max-video-preview":"max-video-preview:-1"},"canonical":"https:\/\/tallinndesignhouse.com\/toode\/sidruni-deodorant\/","og_locale":"en_US","og_type":"article","og_title":"Bonobo Lemon Cream Deodorant 30 ml - Tallinn Design House","og_description":"Bonobo sidruni deodorant. Antimikroobne v\u00e4rske sidruni aroomiga deodorant-kreem on t\u00e4iesti looduslik ning hoolitseb Sinu naha eest \u00f5rnalt kogu p\u00e4eva!","og_url":"https:\/\/tallinndesignhouse.com\/toode\/sidruni-deodorant\/","og_site_name":"Tallinn Design House","article_modified_time":"2026-04-28T21:56:05+00:00","og_image":[{"width":1080,"height":1350,"url":"https:\/\/tallinndesignhouse.com\/wp-content\/uploads\/2022\/11\/Bonobo-Sidruni-kreemdeodorant.jpg","type":"image\/jpeg"}],"twitter_card":"summary_large_image","twitter_misc":{"Est. reading time":"1 minute"},"schema":{"@context":"https:\/\/schema.org","@graph":[{"@type":"WebPage","@id":"https:\/\/tallinndesignhouse.com\/toode\/sidruni-deodorant\/","url":"https:\/\/tallinndesignhouse.com\/toode\/sidruni-deodorant\/","name":"Bonobo Lemon Cream Deodorant 30 ml - Tallinn Design House","isPartOf":{"@id":"https:\/\/tallinndesignhouse.com\/#website"},"primaryImageOfPage":{"@id":"https:\/\/tallinndesignhouse.com\/toode\/sidruni-deodorant\/#primaryimage"},"image":{"@id":"https:\/\/tallinndesignhouse.com\/toode\/sidruni-deodorant\/#primaryimage"},"thumbnailUrl":"https:\/\/tallinndesignhouse.com\/wp-content\/uploads\/2022\/11\/Bonobo-Sidruni-kreemdeodorant.jpg","datePublished":"2022-04-13T09:57:29+00:00","dateModified":"2026-04-28T21:56:05+00:00","description":"Bonobo sidruni deodorant. Antimikroobne v\u00e4rske sidruni aroomiga deodorant-kreem on t\u00e4iesti looduslik ning hoolitseb Sinu naha eest \u00f5rnalt kogu p\u00e4eva!","breadcrumb":{"@id":"https:\/\/tallinndesignhouse.com\/toode\/sidruni-deodorant\/#breadcrumb"},"inLanguage":"en-US","potentialAction":[{"@type":"ReadAction","target":["https:\/\/tallinndesignhouse.com\/toode\/sidruni-deodorant\/"]}]},{"@type":"ImageObject","inLanguage":"en-US","@id":"https:\/\/tallinndesignhouse.com\/toode\/sidruni-deodorant\/#primaryimage","url":"https:\/\/tallinndesignhouse.com\/wp-content\/uploads\/2022\/11\/Bonobo-Sidruni-kreemdeodorant.jpg","contentUrl":"https:\/\/tallinndesignhouse.com\/wp-content\/uploads\/2022\/11\/Bonobo-Sidruni-kreemdeodorant.jpg","width":1080,"height":1350,"caption":"Bonobo Sidruni kreemdeodorant"},{"@type":"BreadcrumbList","@id":"https:\/\/tallinndesignhouse.com\/toode\/sidruni-deodorant\/#breadcrumb","itemListElement":[{"@type":"ListItem","position":1,"name":"Home","item":"https:\/\/tallinndesignhouse.com\/en\/"},{"@type":"ListItem","position":2,"name":"Shop","item":"https:\/\/tallinndesignhouse.com\/en\/shop\/"},{"@type":"ListItem","position":3,"name":"Lemon Cream Deodorant 30 ml"}]},{"@type":"WebSite","@id":"https:\/\/tallinndesignhouse.com\/#website","url":"https:\/\/tallinndesignhouse.com\/","name":"Tallinn Design House","description":"Eesti disain Rotermanni kvartalis","potentialAction":[{"@type":"SearchAction","target":{"@type":"EntryPoint","urlTemplate":"https:\/\/tallinndesignhouse.com\/?s={search_term_string}"},"query-input":{"@type":"PropertyValueSpecification","valueRequired":true,"valueName":"search_term_string"}}],"inLanguage":"en-US"}]}},"_links":{"self":[{"href":"https:\/\/tallinndesignhouse.com\/en\/wp-json\/wp\/v2\/product\/3315923","targetHints":{"allow":["GET"]}}],"collection":[{"href":"https:\/\/tallinndesignhouse.com\/en\/wp-json\/wp\/v2\/product"}],"about":[{"href":"https:\/\/tallinndesignhouse.com\/en\/wp-json\/wp\/v2\/types\/product"}],"wp:featuredmedia":[{"embeddable":true,"href":"https:\/\/tallinndesignhouse.com\/en\/wp-json\/wp\/v2\/media\/2351515"}],"wp:attachment":[{"href":"https:\/\/tallinndesignhouse.com\/en\/wp-json\/wp\/v2\/media?parent=3315923"}],"wp:term":[{"taxonomy":"product_brand","embeddable":true,"href":"https:\/\/tallinndesignhouse.com\/en\/wp-json\/wp\/v2\/product_brand?post=3315923"},{"taxonomy":"product_cat","embeddable":true,"href":"https:\/\/tallinndesignhouse.com\/en\/wp-json\/wp\/v2\/product_cat?post=3315923"},{"taxonomy":"product_tag","embeddable":true,"href":"https:\/\/tallinndesignhouse.com\/en\/wp-json\/wp\/v2\/product_tag?post=3315923"}],"curies":[{"name":"wp","href":"https:\/\/api.w.org\/{rel}","templated":true}]}}