{"id":3315924,"date":"2022-04-13T12:57:29","date_gmt":"2022-04-13T09:57:29","guid":{"rendered":"https:\/\/tallinndesignhouse.com\/toode\/piparmundi-huulepalsam\/"},"modified":"2026-04-18T00:55:58","modified_gmt":"2026-04-17T21:55:58","slug":"piparmundi-huulepalsam","status":"publish","type":"product","link":"https:\/\/tallinndesignhouse.com\/en\/toode\/piparmundi-huulepalsam\/","title":{"rendered":"Mint Lip Balm 5 ml"},"content":{"rendered":"<p>Bonobo\u00b4s bright white peppermint-flavored lip balm softens and mends your lips. The fresh scent of peppermint energizes, but also relaxes and calms at the same time. Peppermint has antibacterial qualities and it also protects your lips from sunburn.Cocoa butter is full of vitamins A, C and E. It is a powerful moisturizer, protecting the skin from dryness. Beeswax nourishes, softens and revives your skin by creating a protective layer on it. Beeswax also has anti-inflammatory qualities. Sweet Almond Oil nourishes, soothes and smoothens the skin, and is rich in vitamin E, Calcium and Magnesium. Coconut oil protects the skin from UV-rays, moisturizes the skin, has anti-inflammatory qualities, relieving eczema, psoriasis and dermatitis. The Gamma Linolenic Acid in the evening Primrose Oil helps regulate your hormonal balance, as well as improve your neural functions and skin\u00b4s elasticity. Ingredients: cocoa butter, beeswax, evening primrose oil, sweet almond oil, coconut oil &#038; peppermint essential oil. Use within: 6 months of opening. Keep protected from direct sunlight. Measures: 5 ml.<\/p>\n","protected":false},"excerpt":{"rendered":"<p>Bonobo\u00b4s bright white peppermint-flavored lip balm softens and mends your lips. The fresh scent of peppermint energizes, but also relaxes and calms at the same time. Peppermint has antibacterial qualities and it also protects your lips from sunburn.Cocoa butter is full of vitamins A, C and E. It is a powerful moisturizer, protecting the skin [&hellip;]<\/p>\n","protected":false},"featured_media":2323561,"template":"","meta":{"_acf_changed":false},"product_brand":[],"product_cat":[882],"product_tag":[2818],"class_list":{"0":"post-3315924","1":"product","2":"type-product","3":"status-publish","4":"has-post-thumbnail","6":"product_cat-nagu","7":"product_tag-naised","8":"pa_brand-bonobo","9":"pa_brand-bonobo-en","11":"first","12":"instock","13":"taxable","14":"shipping-taxable","15":"purchasable","16":"product-type-simple"},"acf":[],"yoast_head":"<!-- This site is optimized with the Yoast SEO plugin v26.0 - https:\/\/yoast.com\/wordpress\/plugins\/seo\/ -->\n<title>Bonobo Mint Lip Balm 5 ml - Tallinn Design House<\/title>\n<meta name=\"description\" content=\"Bonobo piparm\u00fcndi huulepalsam. Helevalget tooni ja m\u00f5nus piparm\u00fcndil\u00f5hnaline huulepalsam pehmendab ja hooldab sinu huuli.\" \/>\n<meta name=\"robots\" content=\"index, follow, max-snippet:-1, max-image-preview:large, max-video-preview:-1\" \/>\n<link rel=\"canonical\" href=\"https:\/\/tallinndesignhouse.com\/toode\/piparmundi-huulepalsam\/\" \/>\n<meta property=\"og:locale\" content=\"en_US\" \/>\n<meta property=\"og:type\" content=\"article\" \/>\n<meta property=\"og:title\" content=\"Bonobo Mint Lip Balm 5 ml - Tallinn Design House\" \/>\n<meta property=\"og:description\" content=\"Bonobo piparm\u00fcndi huulepalsam. Helevalget tooni ja m\u00f5nus piparm\u00fcndil\u00f5hnaline huulepalsam pehmendab ja hooldab sinu huuli.\" \/>\n<meta property=\"og:url\" content=\"https:\/\/tallinndesignhouse.com\/toode\/piparmundi-huulepalsam\/\" \/>\n<meta property=\"og:site_name\" content=\"Tallinn Design House\" \/>\n<meta property=\"article:modified_time\" content=\"2026-04-17T21:55:58+00:00\" \/>\n<meta property=\"og:image\" content=\"https:\/\/tallinndesignhouse.com\/wp-content\/uploads\/2022\/10\/Bonobo-piparmu\u0308ndi-huulepalsam.jpg\" \/>\n\t<meta property=\"og:image:width\" content=\"1080\" \/>\n\t<meta property=\"og:image:height\" content=\"1350\" \/>\n\t<meta property=\"og:image:type\" content=\"image\/jpeg\" \/>\n<meta name=\"twitter:card\" content=\"summary_large_image\" \/>\n<meta name=\"twitter:label1\" content=\"Est. reading time\" \/>\n\t<meta name=\"twitter:data1\" content=\"1 minute\" \/>\n<script type=\"application\/ld+json\" class=\"yoast-schema-graph\">{\"@context\":\"https:\/\/schema.org\",\"@graph\":[{\"@type\":\"WebPage\",\"@id\":\"https:\/\/tallinndesignhouse.com\/toode\/piparmundi-huulepalsam\/\",\"url\":\"https:\/\/tallinndesignhouse.com\/toode\/piparmundi-huulepalsam\/\",\"name\":\"Bonobo Mint Lip Balm 5 ml - Tallinn Design House\",\"isPartOf\":{\"@id\":\"https:\/\/tallinndesignhouse.com\/#website\"},\"primaryImageOfPage\":{\"@id\":\"https:\/\/tallinndesignhouse.com\/toode\/piparmundi-huulepalsam\/#primaryimage\"},\"image\":{\"@id\":\"https:\/\/tallinndesignhouse.com\/toode\/piparmundi-huulepalsam\/#primaryimage\"},\"thumbnailUrl\":\"https:\/\/tallinndesignhouse.com\/wp-content\/uploads\/2022\/10\/Bonobo-piparmu\u0308ndi-huulepalsam.jpg\",\"datePublished\":\"2022-04-13T09:57:29+00:00\",\"dateModified\":\"2026-04-17T21:55:58+00:00\",\"description\":\"Bonobo piparm\u00fcndi huulepalsam. Helevalget tooni ja m\u00f5nus piparm\u00fcndil\u00f5hnaline huulepalsam pehmendab ja hooldab sinu huuli.\",\"breadcrumb\":{\"@id\":\"https:\/\/tallinndesignhouse.com\/toode\/piparmundi-huulepalsam\/#breadcrumb\"},\"inLanguage\":\"en-US\",\"potentialAction\":[{\"@type\":\"ReadAction\",\"target\":[\"https:\/\/tallinndesignhouse.com\/toode\/piparmundi-huulepalsam\/\"]}]},{\"@type\":\"ImageObject\",\"inLanguage\":\"en-US\",\"@id\":\"https:\/\/tallinndesignhouse.com\/toode\/piparmundi-huulepalsam\/#primaryimage\",\"url\":\"https:\/\/tallinndesignhouse.com\/wp-content\/uploads\/2022\/10\/Bonobo-piparmu\u0308ndi-huulepalsam.jpg\",\"contentUrl\":\"https:\/\/tallinndesignhouse.com\/wp-content\/uploads\/2022\/10\/Bonobo-piparmu\u0308ndi-huulepalsam.jpg\",\"width\":1080,\"height\":1350,\"caption\":\"Bonobo piparmu\u0308ndi huulepalsam\"},{\"@type\":\"BreadcrumbList\",\"@id\":\"https:\/\/tallinndesignhouse.com\/toode\/piparmundi-huulepalsam\/#breadcrumb\",\"itemListElement\":[{\"@type\":\"ListItem\",\"position\":1,\"name\":\"Home\",\"item\":\"https:\/\/tallinndesignhouse.com\/en\/\"},{\"@type\":\"ListItem\",\"position\":2,\"name\":\"Shop\",\"item\":\"https:\/\/tallinndesignhouse.com\/en\/shop\/\"},{\"@type\":\"ListItem\",\"position\":3,\"name\":\"Mint Lip Balm 5 ml\"}]},{\"@type\":\"WebSite\",\"@id\":\"https:\/\/tallinndesignhouse.com\/#website\",\"url\":\"https:\/\/tallinndesignhouse.com\/\",\"name\":\"Tallinn Design House\",\"description\":\"Eesti disain Rotermanni kvartalis\",\"potentialAction\":[{\"@type\":\"SearchAction\",\"target\":{\"@type\":\"EntryPoint\",\"urlTemplate\":\"https:\/\/tallinndesignhouse.com\/?s={search_term_string}\"},\"query-input\":{\"@type\":\"PropertyValueSpecification\",\"valueRequired\":true,\"valueName\":\"search_term_string\"}}],\"inLanguage\":\"en-US\"}]}<\/script>\n<!-- \/ Yoast SEO plugin. -->","yoast_head_json":{"title":"Bonobo Mint Lip Balm 5 ml - Tallinn Design House","description":"Bonobo piparm\u00fcndi huulepalsam. Helevalget tooni ja m\u00f5nus piparm\u00fcndil\u00f5hnaline huulepalsam pehmendab ja hooldab sinu huuli.","robots":{"index":"index","follow":"follow","max-snippet":"max-snippet:-1","max-image-preview":"max-image-preview:large","max-video-preview":"max-video-preview:-1"},"canonical":"https:\/\/tallinndesignhouse.com\/toode\/piparmundi-huulepalsam\/","og_locale":"en_US","og_type":"article","og_title":"Bonobo Mint Lip Balm 5 ml - Tallinn Design House","og_description":"Bonobo piparm\u00fcndi huulepalsam. Helevalget tooni ja m\u00f5nus piparm\u00fcndil\u00f5hnaline huulepalsam pehmendab ja hooldab sinu huuli.","og_url":"https:\/\/tallinndesignhouse.com\/toode\/piparmundi-huulepalsam\/","og_site_name":"Tallinn Design House","article_modified_time":"2026-04-17T21:55:58+00:00","og_image":[{"width":1080,"height":1350,"url":"https:\/\/tallinndesignhouse.com\/wp-content\/uploads\/2022\/10\/Bonobo-piparmu\u0308ndi-huulepalsam.jpg","type":"image\/jpeg"}],"twitter_card":"summary_large_image","twitter_misc":{"Est. reading time":"1 minute"},"schema":{"@context":"https:\/\/schema.org","@graph":[{"@type":"WebPage","@id":"https:\/\/tallinndesignhouse.com\/toode\/piparmundi-huulepalsam\/","url":"https:\/\/tallinndesignhouse.com\/toode\/piparmundi-huulepalsam\/","name":"Bonobo Mint Lip Balm 5 ml - Tallinn Design House","isPartOf":{"@id":"https:\/\/tallinndesignhouse.com\/#website"},"primaryImageOfPage":{"@id":"https:\/\/tallinndesignhouse.com\/toode\/piparmundi-huulepalsam\/#primaryimage"},"image":{"@id":"https:\/\/tallinndesignhouse.com\/toode\/piparmundi-huulepalsam\/#primaryimage"},"thumbnailUrl":"https:\/\/tallinndesignhouse.com\/wp-content\/uploads\/2022\/10\/Bonobo-piparmu\u0308ndi-huulepalsam.jpg","datePublished":"2022-04-13T09:57:29+00:00","dateModified":"2026-04-17T21:55:58+00:00","description":"Bonobo piparm\u00fcndi huulepalsam. Helevalget tooni ja m\u00f5nus piparm\u00fcndil\u00f5hnaline huulepalsam pehmendab ja hooldab sinu huuli.","breadcrumb":{"@id":"https:\/\/tallinndesignhouse.com\/toode\/piparmundi-huulepalsam\/#breadcrumb"},"inLanguage":"en-US","potentialAction":[{"@type":"ReadAction","target":["https:\/\/tallinndesignhouse.com\/toode\/piparmundi-huulepalsam\/"]}]},{"@type":"ImageObject","inLanguage":"en-US","@id":"https:\/\/tallinndesignhouse.com\/toode\/piparmundi-huulepalsam\/#primaryimage","url":"https:\/\/tallinndesignhouse.com\/wp-content\/uploads\/2022\/10\/Bonobo-piparmu\u0308ndi-huulepalsam.jpg","contentUrl":"https:\/\/tallinndesignhouse.com\/wp-content\/uploads\/2022\/10\/Bonobo-piparmu\u0308ndi-huulepalsam.jpg","width":1080,"height":1350,"caption":"Bonobo piparmu\u0308ndi huulepalsam"},{"@type":"BreadcrumbList","@id":"https:\/\/tallinndesignhouse.com\/toode\/piparmundi-huulepalsam\/#breadcrumb","itemListElement":[{"@type":"ListItem","position":1,"name":"Home","item":"https:\/\/tallinndesignhouse.com\/en\/"},{"@type":"ListItem","position":2,"name":"Shop","item":"https:\/\/tallinndesignhouse.com\/en\/shop\/"},{"@type":"ListItem","position":3,"name":"Mint Lip Balm 5 ml"}]},{"@type":"WebSite","@id":"https:\/\/tallinndesignhouse.com\/#website","url":"https:\/\/tallinndesignhouse.com\/","name":"Tallinn Design House","description":"Eesti disain Rotermanni kvartalis","potentialAction":[{"@type":"SearchAction","target":{"@type":"EntryPoint","urlTemplate":"https:\/\/tallinndesignhouse.com\/?s={search_term_string}"},"query-input":{"@type":"PropertyValueSpecification","valueRequired":true,"valueName":"search_term_string"}}],"inLanguage":"en-US"}]}},"_links":{"self":[{"href":"https:\/\/tallinndesignhouse.com\/en\/wp-json\/wp\/v2\/product\/3315924","targetHints":{"allow":["GET"]}}],"collection":[{"href":"https:\/\/tallinndesignhouse.com\/en\/wp-json\/wp\/v2\/product"}],"about":[{"href":"https:\/\/tallinndesignhouse.com\/en\/wp-json\/wp\/v2\/types\/product"}],"wp:featuredmedia":[{"embeddable":true,"href":"https:\/\/tallinndesignhouse.com\/en\/wp-json\/wp\/v2\/media\/2323561"}],"wp:attachment":[{"href":"https:\/\/tallinndesignhouse.com\/en\/wp-json\/wp\/v2\/media?parent=3315924"}],"wp:term":[{"taxonomy":"product_brand","embeddable":true,"href":"https:\/\/tallinndesignhouse.com\/en\/wp-json\/wp\/v2\/product_brand?post=3315924"},{"taxonomy":"product_cat","embeddable":true,"href":"https:\/\/tallinndesignhouse.com\/en\/wp-json\/wp\/v2\/product_cat?post=3315924"},{"taxonomy":"product_tag","embeddable":true,"href":"https:\/\/tallinndesignhouse.com\/en\/wp-json\/wp\/v2\/product_tag?post=3315924"}],"curies":[{"name":"wp","href":"https:\/\/api.w.org\/{rel}","templated":true}]}}