{"id":3315934,"date":"2022-10-31T14:34:51","date_gmt":"2022-10-31T12:34:51","guid":{"rendered":"https:\/\/tallinndesignhouse.com\/toode\/kuunal-kadakas-m-40h\/"},"modified":"2026-05-02T00:56:06","modified_gmt":"2026-05-01T21:56:06","slug":"kuunal-kadakas-m-40h","status":"publish","type":"product","link":"https:\/\/tallinndesignhouse.com\/en\/toode\/kuunal-kadakas-m-40h\/","title":{"rendered":"Candle Juniper \u2013 M (40h)"},"content":{"rendered":"<p>This season\u2019s favourite: Bonobo\u2019s natural candles! Did you know that cheap paraffin candles release toxic chemicals into the air when burnt? Chemicals that can seriously harm your own and your loved ones\u2019 health. The good thing is that there are much healthier alternatives to create\u00a0hygge\u00a0around you. Bonobo\u2019s brand-new candles are 100 per cent natural, based solely on soy wax and essential oils. There are two different scents to choose from: juniper and lavender. PS! Since we only use essential oils to aromatize the candles, the scent will fade away some time during the burning process. Burning period: ca 40 hours. At first, burn the candles 3 to 4 hours, until the top of the candle has melted. Never burn the candle longer than 4 hours straight. Make sure the candlewick has always been cut to 0.5 cm. This guarantees a clean, even and safe burning of the candle. Keep the burning candle out of reach from children and animals. Be careful when you move the candle. The glass may be hot. Never burn a candle in the close proximity of fire hazardous materials. Never leave a burning candle unattended! Ingredients: 100 per cent soy wax, essential oil. Handmade in Estonia. Enjoy!<\/p>\n","protected":false},"excerpt":{"rendered":"<p>This season\u2019s favourite: Bonobo\u2019s natural candles! Did you know that cheap paraffin candles release toxic chemicals into the air when burnt? Chemicals that can seriously harm your own and your loved ones\u2019 health. The good thing is that there are much healthier alternatives to create\u00a0hygge\u00a0around you. Bonobo\u2019s brand-new candles are 100 per cent natural, based [&hellip;]<\/p>\n","protected":false},"featured_media":2319401,"template":"","meta":{"_acf_changed":false},"product_brand":[],"product_cat":[875,3717],"product_tag":[1828],"class_list":{"0":"post-3315934","1":"product","2":"type-product","3":"status-publish","4":"has-post-thumbnail","6":"product_cat-kodu","7":"product_cat-kevadised-tooted","8":"product_tag-kodu","9":"pa_brand-bonobo","12":"first","13":"instock","14":"taxable","15":"shipping-taxable","16":"purchasable","17":"product-type-simple"},"acf":[],"yoast_head":"<!-- This site is optimized with the Yoast SEO plugin v26.0 - https:\/\/yoast.com\/wordpress\/plugins\/seo\/ -->\n<title>Bonobo Candle Juniper \u2013 M (40h) - Tallinn Design House<\/title>\n<meta name=\"description\" content=\"Bonobo k\u00fc\u00fcnal Kadakas M. Sojavaha ja eeterlike \u00f5lide baasil\u00a0k\u00fc\u00fcnlad pakuvad silmailu ja hubasust sinu \u00fcmber ilma tervist ohtu seadmata.\" \/>\n<meta name=\"robots\" content=\"index, follow, max-snippet:-1, max-image-preview:large, max-video-preview:-1\" \/>\n<link rel=\"canonical\" href=\"https:\/\/tallinndesignhouse.com\/toode\/kuunal-kadakas-m-40h\/\" \/>\n<meta property=\"og:locale\" content=\"en_US\" \/>\n<meta property=\"og:type\" content=\"article\" \/>\n<meta property=\"og:title\" content=\"Bonobo Candle Juniper \u2013 M (40h) - Tallinn Design House\" \/>\n<meta property=\"og:description\" content=\"Bonobo k\u00fc\u00fcnal Kadakas M. Sojavaha ja eeterlike \u00f5lide baasil\u00a0k\u00fc\u00fcnlad pakuvad silmailu ja hubasust sinu \u00fcmber ilma tervist ohtu seadmata.\" \/>\n<meta property=\"og:url\" content=\"https:\/\/tallinndesignhouse.com\/toode\/kuunal-kadakas-m-40h\/\" \/>\n<meta property=\"og:site_name\" content=\"Tallinn Design House\" \/>\n<meta property=\"article:modified_time\" content=\"2026-05-01T21:56:06+00:00\" \/>\n<meta property=\"og:image\" content=\"https:\/\/tallinndesignhouse.com\/wp-content\/uploads\/2022\/10\/Bonobo-sojavaha-ku\u0308u\u0308nal-Kadakas-scaled.jpg\" \/>\n\t<meta property=\"og:image:width\" content=\"2048\" \/>\n\t<meta property=\"og:image:height\" content=\"2560\" \/>\n\t<meta property=\"og:image:type\" content=\"image\/jpeg\" \/>\n<meta name=\"twitter:card\" content=\"summary_large_image\" \/>\n<meta name=\"twitter:label1\" content=\"Est. reading time\" \/>\n\t<meta name=\"twitter:data1\" content=\"1 minute\" \/>\n<script type=\"application\/ld+json\" class=\"yoast-schema-graph\">{\"@context\":\"https:\/\/schema.org\",\"@graph\":[{\"@type\":\"WebPage\",\"@id\":\"https:\/\/tallinndesignhouse.com\/toode\/kuunal-kadakas-m-40h\/\",\"url\":\"https:\/\/tallinndesignhouse.com\/toode\/kuunal-kadakas-m-40h\/\",\"name\":\"Bonobo Candle Juniper \u2013 M (40h) - Tallinn Design House\",\"isPartOf\":{\"@id\":\"https:\/\/tallinndesignhouse.com\/#website\"},\"primaryImageOfPage\":{\"@id\":\"https:\/\/tallinndesignhouse.com\/toode\/kuunal-kadakas-m-40h\/#primaryimage\"},\"image\":{\"@id\":\"https:\/\/tallinndesignhouse.com\/toode\/kuunal-kadakas-m-40h\/#primaryimage\"},\"thumbnailUrl\":\"https:\/\/tallinndesignhouse.com\/wp-content\/uploads\/2022\/10\/Bonobo-sojavaha-ku\u0308u\u0308nal-Kadakas-scaled.jpg\",\"datePublished\":\"2022-10-31T12:34:51+00:00\",\"dateModified\":\"2026-05-01T21:56:06+00:00\",\"description\":\"Bonobo k\u00fc\u00fcnal Kadakas M. Sojavaha ja eeterlike \u00f5lide baasil\u00a0k\u00fc\u00fcnlad pakuvad silmailu ja hubasust sinu \u00fcmber ilma tervist ohtu seadmata.\",\"breadcrumb\":{\"@id\":\"https:\/\/tallinndesignhouse.com\/toode\/kuunal-kadakas-m-40h\/#breadcrumb\"},\"inLanguage\":\"en-US\",\"potentialAction\":[{\"@type\":\"ReadAction\",\"target\":[\"https:\/\/tallinndesignhouse.com\/toode\/kuunal-kadakas-m-40h\/\"]}]},{\"@type\":\"ImageObject\",\"inLanguage\":\"en-US\",\"@id\":\"https:\/\/tallinndesignhouse.com\/toode\/kuunal-kadakas-m-40h\/#primaryimage\",\"url\":\"https:\/\/tallinndesignhouse.com\/wp-content\/uploads\/2022\/10\/Bonobo-sojavaha-ku\u0308u\u0308nal-Kadakas-scaled.jpg\",\"contentUrl\":\"https:\/\/tallinndesignhouse.com\/wp-content\/uploads\/2022\/10\/Bonobo-sojavaha-ku\u0308u\u0308nal-Kadakas-scaled.jpg\",\"width\":2048,\"height\":2560,\"caption\":\"Bonobo-sojavaha-ku\u0308u\u0308nal-Kadakas\"},{\"@type\":\"BreadcrumbList\",\"@id\":\"https:\/\/tallinndesignhouse.com\/toode\/kuunal-kadakas-m-40h\/#breadcrumb\",\"itemListElement\":[{\"@type\":\"ListItem\",\"position\":1,\"name\":\"Home\",\"item\":\"https:\/\/tallinndesignhouse.com\/en\/\"},{\"@type\":\"ListItem\",\"position\":2,\"name\":\"Shop\",\"item\":\"https:\/\/tallinndesignhouse.com\/en\/shop\/\"},{\"@type\":\"ListItem\",\"position\":3,\"name\":\"Candle Juniper \u2013 M (40h)\"}]},{\"@type\":\"WebSite\",\"@id\":\"https:\/\/tallinndesignhouse.com\/#website\",\"url\":\"https:\/\/tallinndesignhouse.com\/\",\"name\":\"Tallinn Design House\",\"description\":\"Eesti disain Rotermanni kvartalis\",\"potentialAction\":[{\"@type\":\"SearchAction\",\"target\":{\"@type\":\"EntryPoint\",\"urlTemplate\":\"https:\/\/tallinndesignhouse.com\/?s={search_term_string}\"},\"query-input\":{\"@type\":\"PropertyValueSpecification\",\"valueRequired\":true,\"valueName\":\"search_term_string\"}}],\"inLanguage\":\"en-US\"}]}<\/script>\n<!-- \/ Yoast SEO plugin. -->","yoast_head_json":{"title":"Bonobo Candle Juniper \u2013 M (40h) - Tallinn Design House","description":"Bonobo k\u00fc\u00fcnal Kadakas M. Sojavaha ja eeterlike \u00f5lide baasil\u00a0k\u00fc\u00fcnlad pakuvad silmailu ja hubasust sinu \u00fcmber ilma tervist ohtu seadmata.","robots":{"index":"index","follow":"follow","max-snippet":"max-snippet:-1","max-image-preview":"max-image-preview:large","max-video-preview":"max-video-preview:-1"},"canonical":"https:\/\/tallinndesignhouse.com\/toode\/kuunal-kadakas-m-40h\/","og_locale":"en_US","og_type":"article","og_title":"Bonobo Candle Juniper \u2013 M (40h) - Tallinn Design House","og_description":"Bonobo k\u00fc\u00fcnal Kadakas M. Sojavaha ja eeterlike \u00f5lide baasil\u00a0k\u00fc\u00fcnlad pakuvad silmailu ja hubasust sinu \u00fcmber ilma tervist ohtu seadmata.","og_url":"https:\/\/tallinndesignhouse.com\/toode\/kuunal-kadakas-m-40h\/","og_site_name":"Tallinn Design House","article_modified_time":"2026-05-01T21:56:06+00:00","og_image":[{"width":2048,"height":2560,"url":"https:\/\/tallinndesignhouse.com\/wp-content\/uploads\/2022\/10\/Bonobo-sojavaha-ku\u0308u\u0308nal-Kadakas-scaled.jpg","type":"image\/jpeg"}],"twitter_card":"summary_large_image","twitter_misc":{"Est. reading time":"1 minute"},"schema":{"@context":"https:\/\/schema.org","@graph":[{"@type":"WebPage","@id":"https:\/\/tallinndesignhouse.com\/toode\/kuunal-kadakas-m-40h\/","url":"https:\/\/tallinndesignhouse.com\/toode\/kuunal-kadakas-m-40h\/","name":"Bonobo Candle Juniper \u2013 M (40h) - Tallinn Design House","isPartOf":{"@id":"https:\/\/tallinndesignhouse.com\/#website"},"primaryImageOfPage":{"@id":"https:\/\/tallinndesignhouse.com\/toode\/kuunal-kadakas-m-40h\/#primaryimage"},"image":{"@id":"https:\/\/tallinndesignhouse.com\/toode\/kuunal-kadakas-m-40h\/#primaryimage"},"thumbnailUrl":"https:\/\/tallinndesignhouse.com\/wp-content\/uploads\/2022\/10\/Bonobo-sojavaha-ku\u0308u\u0308nal-Kadakas-scaled.jpg","datePublished":"2022-10-31T12:34:51+00:00","dateModified":"2026-05-01T21:56:06+00:00","description":"Bonobo k\u00fc\u00fcnal Kadakas M. Sojavaha ja eeterlike \u00f5lide baasil\u00a0k\u00fc\u00fcnlad pakuvad silmailu ja hubasust sinu \u00fcmber ilma tervist ohtu seadmata.","breadcrumb":{"@id":"https:\/\/tallinndesignhouse.com\/toode\/kuunal-kadakas-m-40h\/#breadcrumb"},"inLanguage":"en-US","potentialAction":[{"@type":"ReadAction","target":["https:\/\/tallinndesignhouse.com\/toode\/kuunal-kadakas-m-40h\/"]}]},{"@type":"ImageObject","inLanguage":"en-US","@id":"https:\/\/tallinndesignhouse.com\/toode\/kuunal-kadakas-m-40h\/#primaryimage","url":"https:\/\/tallinndesignhouse.com\/wp-content\/uploads\/2022\/10\/Bonobo-sojavaha-ku\u0308u\u0308nal-Kadakas-scaled.jpg","contentUrl":"https:\/\/tallinndesignhouse.com\/wp-content\/uploads\/2022\/10\/Bonobo-sojavaha-ku\u0308u\u0308nal-Kadakas-scaled.jpg","width":2048,"height":2560,"caption":"Bonobo-sojavaha-ku\u0308u\u0308nal-Kadakas"},{"@type":"BreadcrumbList","@id":"https:\/\/tallinndesignhouse.com\/toode\/kuunal-kadakas-m-40h\/#breadcrumb","itemListElement":[{"@type":"ListItem","position":1,"name":"Home","item":"https:\/\/tallinndesignhouse.com\/en\/"},{"@type":"ListItem","position":2,"name":"Shop","item":"https:\/\/tallinndesignhouse.com\/en\/shop\/"},{"@type":"ListItem","position":3,"name":"Candle Juniper \u2013 M (40h)"}]},{"@type":"WebSite","@id":"https:\/\/tallinndesignhouse.com\/#website","url":"https:\/\/tallinndesignhouse.com\/","name":"Tallinn Design House","description":"Eesti disain Rotermanni kvartalis","potentialAction":[{"@type":"SearchAction","target":{"@type":"EntryPoint","urlTemplate":"https:\/\/tallinndesignhouse.com\/?s={search_term_string}"},"query-input":{"@type":"PropertyValueSpecification","valueRequired":true,"valueName":"search_term_string"}}],"inLanguage":"en-US"}]}},"_links":{"self":[{"href":"https:\/\/tallinndesignhouse.com\/en\/wp-json\/wp\/v2\/product\/3315934","targetHints":{"allow":["GET"]}}],"collection":[{"href":"https:\/\/tallinndesignhouse.com\/en\/wp-json\/wp\/v2\/product"}],"about":[{"href":"https:\/\/tallinndesignhouse.com\/en\/wp-json\/wp\/v2\/types\/product"}],"wp:featuredmedia":[{"embeddable":true,"href":"https:\/\/tallinndesignhouse.com\/en\/wp-json\/wp\/v2\/media\/2319401"}],"wp:attachment":[{"href":"https:\/\/tallinndesignhouse.com\/en\/wp-json\/wp\/v2\/media?parent=3315934"}],"wp:term":[{"taxonomy":"product_brand","embeddable":true,"href":"https:\/\/tallinndesignhouse.com\/en\/wp-json\/wp\/v2\/product_brand?post=3315934"},{"taxonomy":"product_cat","embeddable":true,"href":"https:\/\/tallinndesignhouse.com\/en\/wp-json\/wp\/v2\/product_cat?post=3315934"},{"taxonomy":"product_tag","embeddable":true,"href":"https:\/\/tallinndesignhouse.com\/en\/wp-json\/wp\/v2\/product_tag?post=3315934"}],"curies":[{"name":"wp","href":"https:\/\/api.w.org\/{rel}","templated":true}]}}