{"id":3315960,"date":"2022-04-13T13:03:27","date_gmt":"2022-04-13T10:03:27","guid":{"rendered":"https:\/\/tallinndesignhouse.com\/toode\/astelpaju-apelsini-katekreem\/"},"modified":"2026-04-29T01:01:45","modified_gmt":"2026-04-28T22:01:45","slug":"astelpaju-apelsini-katekreem","status":"publish","type":"product","link":"https:\/\/tallinndesignhouse.com\/en\/toode\/astelpaju-apelsini-katekreem\/","title":{"rendered":"Sea buckthorn Vitamin Care hand cream"},"content":{"rendered":"<p>Sea buckthorn oil combined with shea butter provides daily nourishment and deep moisturisation. So, it\u2019s perfect for the skin on your hands, however rough or dry. Measures 50 ml. Brand: Nurme.<\/p>\n","protected":false},"excerpt":{"rendered":"<p>Sea buckthorn oil combined with shea butter provides daily nourishment and deep moisturisation. So, it\u2019s perfect for the skin on your hands, however rough or dry. Measures 50 ml. Brand: Nurme.<\/p>\n","protected":false},"featured_media":760226,"template":"","meta":{"_acf_changed":false},"product_brand":[],"product_cat":[871],"product_tag":[2818],"class_list":{"0":"post-3315960","1":"product","2":"type-product","3":"status-publish","4":"has-post-thumbnail","6":"product_cat-keha","7":"product_tag-naised","8":"pa_brand-nurme","11":"first","12":"instock","13":"taxable","14":"shipping-taxable","15":"purchasable","16":"product-type-simple"},"acf":[],"yoast_head":"<!-- This site is optimized with the Yoast SEO plugin v26.0 - https:\/\/yoast.com\/wordpress\/plugins\/seo\/ -->\n<title>Nurme Sea buckthorn Vitamin Care hand cream - Tallinn Design House<\/title>\n<meta name=\"description\" content=\"Nurme astelpaju-apelsini k\u00e4tekreem. Vitamiinirikas astelpaju\u00f5li toidab nahka s\u00fcgavuti ning muudab k\u00e4ed siidpehmeks ja s\u00e4ravaks.\" \/>\n<meta name=\"robots\" content=\"index, follow, max-snippet:-1, max-image-preview:large, max-video-preview:-1\" \/>\n<link rel=\"canonical\" href=\"https:\/\/tallinndesignhouse.com\/toode\/astelpaju-apelsini-katekreem\/\" \/>\n<meta property=\"og:locale\" content=\"en_US\" \/>\n<meta property=\"og:type\" content=\"article\" \/>\n<meta property=\"og:title\" content=\"Nurme Sea buckthorn Vitamin Care hand cream - Tallinn Design House\" \/>\n<meta property=\"og:description\" content=\"Nurme astelpaju-apelsini k\u00e4tekreem. Vitamiinirikas astelpaju\u00f5li toidab nahka s\u00fcgavuti ning muudab k\u00e4ed siidpehmeks ja s\u00e4ravaks.\" \/>\n<meta property=\"og:url\" content=\"https:\/\/tallinndesignhouse.com\/toode\/astelpaju-apelsini-katekreem\/\" \/>\n<meta property=\"og:site_name\" content=\"Tallinn Design House\" \/>\n<meta property=\"article:modified_time\" content=\"2026-04-28T22:01:45+00:00\" \/>\n<meta property=\"og:image\" content=\"https:\/\/tallinndesignhouse.com\/wp-content\/uploads\/2022\/09\/Nurme-astelpaju-vitamiini-hooldav-kreem-ka\u0308tele.jpg\" \/>\n\t<meta property=\"og:image:width\" content=\"1500\" \/>\n\t<meta property=\"og:image:height\" content=\"1500\" \/>\n\t<meta property=\"og:image:type\" content=\"image\/jpeg\" \/>\n<meta name=\"twitter:card\" content=\"summary_large_image\" \/>\n<script type=\"application\/ld+json\" class=\"yoast-schema-graph\">{\"@context\":\"https:\/\/schema.org\",\"@graph\":[{\"@type\":\"WebPage\",\"@id\":\"https:\/\/tallinndesignhouse.com\/toode\/astelpaju-apelsini-katekreem\/\",\"url\":\"https:\/\/tallinndesignhouse.com\/toode\/astelpaju-apelsini-katekreem\/\",\"name\":\"Nurme Sea buckthorn Vitamin Care hand cream - Tallinn Design House\",\"isPartOf\":{\"@id\":\"https:\/\/tallinndesignhouse.com\/#website\"},\"primaryImageOfPage\":{\"@id\":\"https:\/\/tallinndesignhouse.com\/toode\/astelpaju-apelsini-katekreem\/#primaryimage\"},\"image\":{\"@id\":\"https:\/\/tallinndesignhouse.com\/toode\/astelpaju-apelsini-katekreem\/#primaryimage\"},\"thumbnailUrl\":\"https:\/\/tallinndesignhouse.com\/wp-content\/uploads\/2022\/09\/Nurme-astelpaju-vitamiini-hooldav-kreem-ka\u0308tele.jpg\",\"datePublished\":\"2022-04-13T10:03:27+00:00\",\"dateModified\":\"2026-04-28T22:01:45+00:00\",\"description\":\"Nurme astelpaju-apelsini k\u00e4tekreem. Vitamiinirikas astelpaju\u00f5li toidab nahka s\u00fcgavuti ning muudab k\u00e4ed siidpehmeks ja s\u00e4ravaks.\",\"breadcrumb\":{\"@id\":\"https:\/\/tallinndesignhouse.com\/toode\/astelpaju-apelsini-katekreem\/#breadcrumb\"},\"inLanguage\":\"en-US\",\"potentialAction\":[{\"@type\":\"ReadAction\",\"target\":[\"https:\/\/tallinndesignhouse.com\/toode\/astelpaju-apelsini-katekreem\/\"]}]},{\"@type\":\"ImageObject\",\"inLanguage\":\"en-US\",\"@id\":\"https:\/\/tallinndesignhouse.com\/toode\/astelpaju-apelsini-katekreem\/#primaryimage\",\"url\":\"https:\/\/tallinndesignhouse.com\/wp-content\/uploads\/2022\/09\/Nurme-astelpaju-vitamiini-hooldav-kreem-ka\u0308tele.jpg\",\"contentUrl\":\"https:\/\/tallinndesignhouse.com\/wp-content\/uploads\/2022\/09\/Nurme-astelpaju-vitamiini-hooldav-kreem-ka\u0308tele.jpg\",\"width\":1500,\"height\":1500,\"caption\":\"Nurme astelpaju vitamiini hooldav kreem ka\u0308tele\"},{\"@type\":\"BreadcrumbList\",\"@id\":\"https:\/\/tallinndesignhouse.com\/toode\/astelpaju-apelsini-katekreem\/#breadcrumb\",\"itemListElement\":[{\"@type\":\"ListItem\",\"position\":1,\"name\":\"Home\",\"item\":\"https:\/\/tallinndesignhouse.com\/en\/\"},{\"@type\":\"ListItem\",\"position\":2,\"name\":\"Shop\",\"item\":\"https:\/\/tallinndesignhouse.com\/en\/shop\/\"},{\"@type\":\"ListItem\",\"position\":3,\"name\":\"Sea buckthorn Vitamin Care hand cream\"}]},{\"@type\":\"WebSite\",\"@id\":\"https:\/\/tallinndesignhouse.com\/#website\",\"url\":\"https:\/\/tallinndesignhouse.com\/\",\"name\":\"Tallinn Design House\",\"description\":\"Eesti disain Rotermanni kvartalis\",\"potentialAction\":[{\"@type\":\"SearchAction\",\"target\":{\"@type\":\"EntryPoint\",\"urlTemplate\":\"https:\/\/tallinndesignhouse.com\/?s={search_term_string}\"},\"query-input\":{\"@type\":\"PropertyValueSpecification\",\"valueRequired\":true,\"valueName\":\"search_term_string\"}}],\"inLanguage\":\"en-US\"}]}<\/script>\n<!-- \/ Yoast SEO plugin. -->","yoast_head_json":{"title":"Nurme Sea buckthorn Vitamin Care hand cream - Tallinn Design House","description":"Nurme astelpaju-apelsini k\u00e4tekreem. Vitamiinirikas astelpaju\u00f5li toidab nahka s\u00fcgavuti ning muudab k\u00e4ed siidpehmeks ja s\u00e4ravaks.","robots":{"index":"index","follow":"follow","max-snippet":"max-snippet:-1","max-image-preview":"max-image-preview:large","max-video-preview":"max-video-preview:-1"},"canonical":"https:\/\/tallinndesignhouse.com\/toode\/astelpaju-apelsini-katekreem\/","og_locale":"en_US","og_type":"article","og_title":"Nurme Sea buckthorn Vitamin Care hand cream - Tallinn Design House","og_description":"Nurme astelpaju-apelsini k\u00e4tekreem. Vitamiinirikas astelpaju\u00f5li toidab nahka s\u00fcgavuti ning muudab k\u00e4ed siidpehmeks ja s\u00e4ravaks.","og_url":"https:\/\/tallinndesignhouse.com\/toode\/astelpaju-apelsini-katekreem\/","og_site_name":"Tallinn Design House","article_modified_time":"2026-04-28T22:01:45+00:00","og_image":[{"width":1500,"height":1500,"url":"https:\/\/tallinndesignhouse.com\/wp-content\/uploads\/2022\/09\/Nurme-astelpaju-vitamiini-hooldav-kreem-ka\u0308tele.jpg","type":"image\/jpeg"}],"twitter_card":"summary_large_image","schema":{"@context":"https:\/\/schema.org","@graph":[{"@type":"WebPage","@id":"https:\/\/tallinndesignhouse.com\/toode\/astelpaju-apelsini-katekreem\/","url":"https:\/\/tallinndesignhouse.com\/toode\/astelpaju-apelsini-katekreem\/","name":"Nurme Sea buckthorn Vitamin Care hand cream - Tallinn Design House","isPartOf":{"@id":"https:\/\/tallinndesignhouse.com\/#website"},"primaryImageOfPage":{"@id":"https:\/\/tallinndesignhouse.com\/toode\/astelpaju-apelsini-katekreem\/#primaryimage"},"image":{"@id":"https:\/\/tallinndesignhouse.com\/toode\/astelpaju-apelsini-katekreem\/#primaryimage"},"thumbnailUrl":"https:\/\/tallinndesignhouse.com\/wp-content\/uploads\/2022\/09\/Nurme-astelpaju-vitamiini-hooldav-kreem-ka\u0308tele.jpg","datePublished":"2022-04-13T10:03:27+00:00","dateModified":"2026-04-28T22:01:45+00:00","description":"Nurme astelpaju-apelsini k\u00e4tekreem. Vitamiinirikas astelpaju\u00f5li toidab nahka s\u00fcgavuti ning muudab k\u00e4ed siidpehmeks ja s\u00e4ravaks.","breadcrumb":{"@id":"https:\/\/tallinndesignhouse.com\/toode\/astelpaju-apelsini-katekreem\/#breadcrumb"},"inLanguage":"en-US","potentialAction":[{"@type":"ReadAction","target":["https:\/\/tallinndesignhouse.com\/toode\/astelpaju-apelsini-katekreem\/"]}]},{"@type":"ImageObject","inLanguage":"en-US","@id":"https:\/\/tallinndesignhouse.com\/toode\/astelpaju-apelsini-katekreem\/#primaryimage","url":"https:\/\/tallinndesignhouse.com\/wp-content\/uploads\/2022\/09\/Nurme-astelpaju-vitamiini-hooldav-kreem-ka\u0308tele.jpg","contentUrl":"https:\/\/tallinndesignhouse.com\/wp-content\/uploads\/2022\/09\/Nurme-astelpaju-vitamiini-hooldav-kreem-ka\u0308tele.jpg","width":1500,"height":1500,"caption":"Nurme astelpaju vitamiini hooldav kreem ka\u0308tele"},{"@type":"BreadcrumbList","@id":"https:\/\/tallinndesignhouse.com\/toode\/astelpaju-apelsini-katekreem\/#breadcrumb","itemListElement":[{"@type":"ListItem","position":1,"name":"Home","item":"https:\/\/tallinndesignhouse.com\/en\/"},{"@type":"ListItem","position":2,"name":"Shop","item":"https:\/\/tallinndesignhouse.com\/en\/shop\/"},{"@type":"ListItem","position":3,"name":"Sea buckthorn Vitamin Care hand cream"}]},{"@type":"WebSite","@id":"https:\/\/tallinndesignhouse.com\/#website","url":"https:\/\/tallinndesignhouse.com\/","name":"Tallinn Design House","description":"Eesti disain Rotermanni kvartalis","potentialAction":[{"@type":"SearchAction","target":{"@type":"EntryPoint","urlTemplate":"https:\/\/tallinndesignhouse.com\/?s={search_term_string}"},"query-input":{"@type":"PropertyValueSpecification","valueRequired":true,"valueName":"search_term_string"}}],"inLanguage":"en-US"}]}},"_links":{"self":[{"href":"https:\/\/tallinndesignhouse.com\/en\/wp-json\/wp\/v2\/product\/3315960","targetHints":{"allow":["GET"]}}],"collection":[{"href":"https:\/\/tallinndesignhouse.com\/en\/wp-json\/wp\/v2\/product"}],"about":[{"href":"https:\/\/tallinndesignhouse.com\/en\/wp-json\/wp\/v2\/types\/product"}],"wp:featuredmedia":[{"embeddable":true,"href":"https:\/\/tallinndesignhouse.com\/en\/wp-json\/wp\/v2\/media\/760226"}],"wp:attachment":[{"href":"https:\/\/tallinndesignhouse.com\/en\/wp-json\/wp\/v2\/media?parent=3315960"}],"wp:term":[{"taxonomy":"product_brand","embeddable":true,"href":"https:\/\/tallinndesignhouse.com\/en\/wp-json\/wp\/v2\/product_brand?post=3315960"},{"taxonomy":"product_cat","embeddable":true,"href":"https:\/\/tallinndesignhouse.com\/en\/wp-json\/wp\/v2\/product_cat?post=3315960"},{"taxonomy":"product_tag","embeddable":true,"href":"https:\/\/tallinndesignhouse.com\/en\/wp-json\/wp\/v2\/product_tag?post=3315960"}],"curies":[{"name":"wp","href":"https:\/\/api.w.org\/{rel}","templated":true}]}}