{"id":3316056,"date":"2022-04-13T12:58:04","date_gmt":"2022-04-13T09:58:04","guid":{"rendered":"https:\/\/tallinndesignhouse.com\/toode\/rauast-on-iron\/"},"modified":"2026-05-13T00:56:11","modified_gmt":"2026-05-12T21:56:11","slug":"rauast-on-iron","status":"publish","type":"product","link":"https:\/\/tallinndesignhouse.com\/en\/toode\/rauast-on-iron\/","title":{"rendered":"On iron"},"content":{"rendered":"<p>The book is dedicated to the memory of Heinz M\u00fcller, a long-time lecturer at EKA. The book contains more than 250 pictures of the work of Heinz M\u00fcller, his students and their students.  The authors of the texts are Prof. Tiit P\u00e4\u00e4suke, Heinz Valk, Heinz M\u00fcller, Lembit-Kaur St\u00f6\u00f6r, Heigo Jelle and Kadri M\u00e4lk. Compiled and edited by Kadri M\u00e4lk Translated by Kristopher Rikken, Ulvi Haagensen, Kadri M\u00e4lk, Krista Mits, Mati Sirkel Designed by Jaanus Samma 272 pages, in Estonian and English Estonian Academy of Arts, 2013<\/p>\n","protected":false},"excerpt":{"rendered":"<p>The book is dedicated to the memory of Heinz M\u00fcller, a long-time lecturer at EKA. The book contains more than 250 pictures of the work of Heinz M\u00fcller, his students and their students. The authors of the texts are Prof. Tiit P\u00e4\u00e4suke, Heinz Valk, Heinz M\u00fcller, Lembit-Kaur St\u00f6\u00f6r, Heigo Jelle and Kadri M\u00e4lk. Compiled and [&hellip;]<\/p>\n","protected":false},"featured_media":17636,"template":"","meta":{"_acf_changed":false},"product_brand":[],"product_cat":[886,875],"product_tag":[1828],"class_list":{"0":"post-3316056","1":"product","2":"type-product","3":"status-publish","4":"has-post-thumbnail","6":"product_cat-raamatud_ja_kirjatarbed","7":"product_cat-kodu","8":"product_tag-kodu","9":"pa_brand-eesti-kunstiakadeemia","12":"first","13":"instock","14":"taxable","15":"shipping-taxable","16":"purchasable","17":"product-type-simple"},"acf":[],"yoast_head":"<!-- This site is optimized with the Yoast SEO plugin v26.0 - https:\/\/yoast.com\/wordpress\/plugins\/seo\/ -->\n<title>On iron - Tallinn Design House<\/title>\n<meta name=\"robots\" content=\"index, follow, max-snippet:-1, max-image-preview:large, max-video-preview:-1\" \/>\n<link rel=\"canonical\" href=\"https:\/\/tallinndesignhouse.com\/toode\/rauast-on-iron\/\" \/>\n<meta property=\"og:locale\" content=\"en_US\" \/>\n<meta property=\"og:type\" content=\"article\" \/>\n<meta property=\"og:title\" content=\"On iron - Tallinn Design House\" \/>\n<meta property=\"og:description\" content=\"The book is dedicated to the memory of Heinz M\u00fcller, a long-time lecturer at EKA. The book contains more than 250 pictures of the work of Heinz M\u00fcller, his students and their students. The authors of the texts are Prof. Tiit P\u00e4\u00e4suke, Heinz Valk, Heinz M\u00fcller, Lembit-Kaur St\u00f6\u00f6r, Heigo Jelle and Kadri M\u00e4lk. Compiled and [&hellip;]\" \/>\n<meta property=\"og:url\" content=\"https:\/\/tallinndesignhouse.com\/toode\/rauast-on-iron\/\" \/>\n<meta property=\"og:site_name\" content=\"Tallinn Design House\" \/>\n<meta property=\"article:modified_time\" content=\"2026-05-12T21:56:11+00:00\" \/>\n<meta property=\"og:image\" content=\"https:\/\/tallinndesignhouse.com\/wp-content\/uploads\/2022\/04\/raamat_rauast_web.jpg\" \/>\n\t<meta property=\"og:image:width\" content=\"400\" \/>\n\t<meta property=\"og:image:height\" content=\"542\" \/>\n\t<meta property=\"og:image:type\" content=\"image\/jpeg\" \/>\n<meta name=\"twitter:card\" content=\"summary_large_image\" \/>\n<script type=\"application\/ld+json\" class=\"yoast-schema-graph\">{\"@context\":\"https:\/\/schema.org\",\"@graph\":[{\"@type\":\"WebPage\",\"@id\":\"https:\/\/tallinndesignhouse.com\/toode\/rauast-on-iron\/\",\"url\":\"https:\/\/tallinndesignhouse.com\/toode\/rauast-on-iron\/\",\"name\":\"On iron - Tallinn Design House\",\"isPartOf\":{\"@id\":\"https:\/\/tallinndesignhouse.com\/#website\"},\"primaryImageOfPage\":{\"@id\":\"https:\/\/tallinndesignhouse.com\/toode\/rauast-on-iron\/#primaryimage\"},\"image\":{\"@id\":\"https:\/\/tallinndesignhouse.com\/toode\/rauast-on-iron\/#primaryimage\"},\"thumbnailUrl\":\"https:\/\/tallinndesignhouse.com\/wp-content\/uploads\/2022\/04\/raamat_rauast_web.jpg\",\"datePublished\":\"2022-04-13T09:58:04+00:00\",\"dateModified\":\"2026-05-12T21:56:11+00:00\",\"breadcrumb\":{\"@id\":\"https:\/\/tallinndesignhouse.com\/toode\/rauast-on-iron\/#breadcrumb\"},\"inLanguage\":\"en-US\",\"potentialAction\":[{\"@type\":\"ReadAction\",\"target\":[\"https:\/\/tallinndesignhouse.com\/toode\/rauast-on-iron\/\"]}]},{\"@type\":\"ImageObject\",\"inLanguage\":\"en-US\",\"@id\":\"https:\/\/tallinndesignhouse.com\/toode\/rauast-on-iron\/#primaryimage\",\"url\":\"https:\/\/tallinndesignhouse.com\/wp-content\/uploads\/2022\/04\/raamat_rauast_web.jpg\",\"contentUrl\":\"https:\/\/tallinndesignhouse.com\/wp-content\/uploads\/2022\/04\/raamat_rauast_web.jpg\",\"width\":400,\"height\":542},{\"@type\":\"BreadcrumbList\",\"@id\":\"https:\/\/tallinndesignhouse.com\/toode\/rauast-on-iron\/#breadcrumb\",\"itemListElement\":[{\"@type\":\"ListItem\",\"position\":1,\"name\":\"Home\",\"item\":\"https:\/\/tallinndesignhouse.com\/en\/\"},{\"@type\":\"ListItem\",\"position\":2,\"name\":\"Shop\",\"item\":\"https:\/\/tallinndesignhouse.com\/en\/shop\/\"},{\"@type\":\"ListItem\",\"position\":3,\"name\":\"On iron\"}]},{\"@type\":\"WebSite\",\"@id\":\"https:\/\/tallinndesignhouse.com\/#website\",\"url\":\"https:\/\/tallinndesignhouse.com\/\",\"name\":\"Tallinn Design House\",\"description\":\"Eesti disain Rotermanni kvartalis\",\"potentialAction\":[{\"@type\":\"SearchAction\",\"target\":{\"@type\":\"EntryPoint\",\"urlTemplate\":\"https:\/\/tallinndesignhouse.com\/?s={search_term_string}\"},\"query-input\":{\"@type\":\"PropertyValueSpecification\",\"valueRequired\":true,\"valueName\":\"search_term_string\"}}],\"inLanguage\":\"en-US\"}]}<\/script>\n<!-- \/ Yoast SEO plugin. -->","yoast_head_json":{"title":"On iron - Tallinn Design House","robots":{"index":"index","follow":"follow","max-snippet":"max-snippet:-1","max-image-preview":"max-image-preview:large","max-video-preview":"max-video-preview:-1"},"canonical":"https:\/\/tallinndesignhouse.com\/toode\/rauast-on-iron\/","og_locale":"en_US","og_type":"article","og_title":"On iron - Tallinn Design House","og_description":"The book is dedicated to the memory of Heinz M\u00fcller, a long-time lecturer at EKA. The book contains more than 250 pictures of the work of Heinz M\u00fcller, his students and their students. The authors of the texts are Prof. Tiit P\u00e4\u00e4suke, Heinz Valk, Heinz M\u00fcller, Lembit-Kaur St\u00f6\u00f6r, Heigo Jelle and Kadri M\u00e4lk. Compiled and [&hellip;]","og_url":"https:\/\/tallinndesignhouse.com\/toode\/rauast-on-iron\/","og_site_name":"Tallinn Design House","article_modified_time":"2026-05-12T21:56:11+00:00","og_image":[{"width":400,"height":542,"url":"https:\/\/tallinndesignhouse.com\/wp-content\/uploads\/2022\/04\/raamat_rauast_web.jpg","type":"image\/jpeg"}],"twitter_card":"summary_large_image","schema":{"@context":"https:\/\/schema.org","@graph":[{"@type":"WebPage","@id":"https:\/\/tallinndesignhouse.com\/toode\/rauast-on-iron\/","url":"https:\/\/tallinndesignhouse.com\/toode\/rauast-on-iron\/","name":"On iron - Tallinn Design House","isPartOf":{"@id":"https:\/\/tallinndesignhouse.com\/#website"},"primaryImageOfPage":{"@id":"https:\/\/tallinndesignhouse.com\/toode\/rauast-on-iron\/#primaryimage"},"image":{"@id":"https:\/\/tallinndesignhouse.com\/toode\/rauast-on-iron\/#primaryimage"},"thumbnailUrl":"https:\/\/tallinndesignhouse.com\/wp-content\/uploads\/2022\/04\/raamat_rauast_web.jpg","datePublished":"2022-04-13T09:58:04+00:00","dateModified":"2026-05-12T21:56:11+00:00","breadcrumb":{"@id":"https:\/\/tallinndesignhouse.com\/toode\/rauast-on-iron\/#breadcrumb"},"inLanguage":"en-US","potentialAction":[{"@type":"ReadAction","target":["https:\/\/tallinndesignhouse.com\/toode\/rauast-on-iron\/"]}]},{"@type":"ImageObject","inLanguage":"en-US","@id":"https:\/\/tallinndesignhouse.com\/toode\/rauast-on-iron\/#primaryimage","url":"https:\/\/tallinndesignhouse.com\/wp-content\/uploads\/2022\/04\/raamat_rauast_web.jpg","contentUrl":"https:\/\/tallinndesignhouse.com\/wp-content\/uploads\/2022\/04\/raamat_rauast_web.jpg","width":400,"height":542},{"@type":"BreadcrumbList","@id":"https:\/\/tallinndesignhouse.com\/toode\/rauast-on-iron\/#breadcrumb","itemListElement":[{"@type":"ListItem","position":1,"name":"Home","item":"https:\/\/tallinndesignhouse.com\/en\/"},{"@type":"ListItem","position":2,"name":"Shop","item":"https:\/\/tallinndesignhouse.com\/en\/shop\/"},{"@type":"ListItem","position":3,"name":"On iron"}]},{"@type":"WebSite","@id":"https:\/\/tallinndesignhouse.com\/#website","url":"https:\/\/tallinndesignhouse.com\/","name":"Tallinn Design House","description":"Eesti disain Rotermanni kvartalis","potentialAction":[{"@type":"SearchAction","target":{"@type":"EntryPoint","urlTemplate":"https:\/\/tallinndesignhouse.com\/?s={search_term_string}"},"query-input":{"@type":"PropertyValueSpecification","valueRequired":true,"valueName":"search_term_string"}}],"inLanguage":"en-US"}]}},"_links":{"self":[{"href":"https:\/\/tallinndesignhouse.com\/en\/wp-json\/wp\/v2\/product\/3316056","targetHints":{"allow":["GET"]}}],"collection":[{"href":"https:\/\/tallinndesignhouse.com\/en\/wp-json\/wp\/v2\/product"}],"about":[{"href":"https:\/\/tallinndesignhouse.com\/en\/wp-json\/wp\/v2\/types\/product"}],"wp:featuredmedia":[{"embeddable":true,"href":"https:\/\/tallinndesignhouse.com\/en\/wp-json\/wp\/v2\/media\/17636"}],"wp:attachment":[{"href":"https:\/\/tallinndesignhouse.com\/en\/wp-json\/wp\/v2\/media?parent=3316056"}],"wp:term":[{"taxonomy":"product_brand","embeddable":true,"href":"https:\/\/tallinndesignhouse.com\/en\/wp-json\/wp\/v2\/product_brand?post=3316056"},{"taxonomy":"product_cat","embeddable":true,"href":"https:\/\/tallinndesignhouse.com\/en\/wp-json\/wp\/v2\/product_cat?post=3316056"},{"taxonomy":"product_tag","embeddable":true,"href":"https:\/\/tallinndesignhouse.com\/en\/wp-json\/wp\/v2\/product_tag?post=3316056"}],"curies":[{"name":"wp","href":"https:\/\/api.w.org\/{rel}","templated":true}]}}