{"id":3316194,"date":"2023-01-02T12:15:12","date_gmt":"2023-01-02T10:15:12","guid":{"rendered":"https:\/\/tallinndesignhouse.com\/toode\/kauapusiv-vedel-lauvarv-07-copper-glam-cos-nat-4-5-ml\/"},"modified":"2026-04-13T00:57:03","modified_gmt":"2026-04-12T21:57:03","slug":"kauapusiv-vedel-lauvarv-07-copper-glam-cos-nat-4-5-ml","status":"publish","type":"product","link":"https:\/\/tallinndesignhouse.com\/en\/toode\/kauapusiv-vedel-lauvarv-07-copper-glam-cos-nat-4-5-ml\/","title":{"rendered":"Long lasting liquid eye shadow 07 Copper Glam 4.5 ml"},"content":{"rendered":"<p>07 Copper Glam\u00a0\u2013 glamorous copper tone with gorgeous shimmer. Suitable both for light and dark eyes, but gives extra depth to blue eyes. TIP: Mixing copper with blue you get an intresting lilac tone.\u00a0 Long-lasting water-based liquid eye shadow is full of pigment and contains olive squalane and Echinachea extract helping to prevent premature aging of skin. Certified (COSMOS natural) natural eye shadow does not cause irritation and can be used on sensitive eyes and while wearing contacts. Intensive and highly pigmented tones based on natural minerals are chosen to suit different coloured eyes and various skin tones. The eye shadows are vegan. Apply a thin layer of colour on one eye at a time and use your finger or brush to blend. NB! Eye shadow dries quickly, so do not linger. If corrections are in order, you can do so with wet finger or brush.<\/p>\n","protected":false},"excerpt":{"rendered":"<p>07 Copper Glam\u00a0\u2013 glamorous copper tone with gorgeous shimmer. Suitable both for light and dark eyes, but gives extra depth to blue eyes. TIP: Mixing copper with blue you get an intresting lilac tone.\u00a0 Long-lasting water-based liquid eye shadow is full of pigment and contains olive squalane and Echinachea extract helping to prevent premature aging [&hellip;]<\/p>\n","protected":false},"featured_media":3253646,"template":"","meta":{"_acf_changed":false},"product_brand":[],"product_cat":[2242],"product_tag":[2819],"class_list":{"0":"post-3316194","1":"product","2":"type-product","3":"status-publish","4":"has-post-thumbnail","6":"product_cat-face","7":"product_tag-women","8":"pa_brand-joik-en","10":"pa_kingiidee-yes-en","13":"first","14":"instock","15":"taxable","16":"shipping-taxable","17":"purchasable","18":"product-type-simple"},"acf":[],"yoast_head":"<!-- This site is optimized with the Yoast SEO plugin v26.0 - https:\/\/yoast.com\/wordpress\/plugins\/seo\/ -->\n<title>JOIK Long lasting liquid eye shadow 07 Copper Glam 4.5 ml - Tallinn Design House<\/title>\n<meta name=\"description\" content=\"JOIK kauap\u00fcsiv vedel lauv\u00e4rv 07 Copper Glam COS NAT 4.5 ml. Lauv\u00e4rv, mis p\u00fcsib kogu p\u00e4eva! Lihtne kasutada \u2013 kanna silmale, hajuta patsutades ja valmis.\" \/>\n<meta name=\"robots\" content=\"index, follow, max-snippet:-1, max-image-preview:large, max-video-preview:-1\" \/>\n<link rel=\"canonical\" href=\"https:\/\/tallinndesignhouse.com\/toode\/kauapusiv-vedel-lauvarv-07-copper-glam-cos-nat-4-5-ml\/\" \/>\n<meta property=\"og:locale\" content=\"en_US\" \/>\n<meta property=\"og:type\" content=\"article\" \/>\n<meta property=\"og:title\" content=\"JOIK Long lasting liquid eye shadow 07 Copper Glam 4.5 ml - Tallinn Design House\" \/>\n<meta property=\"og:description\" content=\"JOIK kauap\u00fcsiv vedel lauv\u00e4rv 07 Copper Glam COS NAT 4.5 ml. Lauv\u00e4rv, mis p\u00fcsib kogu p\u00e4eva! Lihtne kasutada \u2013 kanna silmale, hajuta patsutades ja valmis.\" \/>\n<meta property=\"og:url\" content=\"https:\/\/tallinndesignhouse.com\/toode\/kauapusiv-vedel-lauvarv-07-copper-glam-cos-nat-4-5-ml\/\" \/>\n<meta property=\"og:site_name\" content=\"Tallinn Design House\" \/>\n<meta property=\"article:modified_time\" content=\"2026-04-12T21:57:03+00:00\" \/>\n<meta property=\"og:image\" content=\"https:\/\/tallinndesignhouse.com\/wp-content\/uploads\/2023\/01\/JOIK-Kauapusiv-vedel-lauvarv-07-Copper-Glam.jpg\" \/>\n\t<meta property=\"og:image:width\" content=\"1080\" \/>\n\t<meta property=\"og:image:height\" content=\"1350\" \/>\n\t<meta property=\"og:image:type\" content=\"image\/jpeg\" \/>\n<meta name=\"twitter:card\" content=\"summary_large_image\" \/>\n<meta name=\"twitter:label1\" content=\"Est. reading time\" \/>\n\t<meta name=\"twitter:data1\" content=\"1 minute\" \/>\n<script type=\"application\/ld+json\" class=\"yoast-schema-graph\">{\"@context\":\"https:\/\/schema.org\",\"@graph\":[{\"@type\":\"WebPage\",\"@id\":\"https:\/\/tallinndesignhouse.com\/toode\/kauapusiv-vedel-lauvarv-07-copper-glam-cos-nat-4-5-ml\/\",\"url\":\"https:\/\/tallinndesignhouse.com\/toode\/kauapusiv-vedel-lauvarv-07-copper-glam-cos-nat-4-5-ml\/\",\"name\":\"JOIK Long lasting liquid eye shadow 07 Copper Glam 4.5 ml - Tallinn Design House\",\"isPartOf\":{\"@id\":\"https:\/\/tallinndesignhouse.com\/#website\"},\"primaryImageOfPage\":{\"@id\":\"https:\/\/tallinndesignhouse.com\/toode\/kauapusiv-vedel-lauvarv-07-copper-glam-cos-nat-4-5-ml\/#primaryimage\"},\"image\":{\"@id\":\"https:\/\/tallinndesignhouse.com\/toode\/kauapusiv-vedel-lauvarv-07-copper-glam-cos-nat-4-5-ml\/#primaryimage\"},\"thumbnailUrl\":\"https:\/\/tallinndesignhouse.com\/wp-content\/uploads\/2023\/01\/JOIK-Kauapusiv-vedel-lauvarv-07-Copper-Glam.jpg\",\"datePublished\":\"2023-01-02T10:15:12+00:00\",\"dateModified\":\"2026-04-12T21:57:03+00:00\",\"description\":\"JOIK kauap\u00fcsiv vedel lauv\u00e4rv 07 Copper Glam COS NAT 4.5 ml. Lauv\u00e4rv, mis p\u00fcsib kogu p\u00e4eva! Lihtne kasutada \u2013 kanna silmale, hajuta patsutades ja valmis.\",\"breadcrumb\":{\"@id\":\"https:\/\/tallinndesignhouse.com\/toode\/kauapusiv-vedel-lauvarv-07-copper-glam-cos-nat-4-5-ml\/#breadcrumb\"},\"inLanguage\":\"en-US\",\"potentialAction\":[{\"@type\":\"ReadAction\",\"target\":[\"https:\/\/tallinndesignhouse.com\/toode\/kauapusiv-vedel-lauvarv-07-copper-glam-cos-nat-4-5-ml\/\"]}]},{\"@type\":\"ImageObject\",\"inLanguage\":\"en-US\",\"@id\":\"https:\/\/tallinndesignhouse.com\/toode\/kauapusiv-vedel-lauvarv-07-copper-glam-cos-nat-4-5-ml\/#primaryimage\",\"url\":\"https:\/\/tallinndesignhouse.com\/wp-content\/uploads\/2023\/01\/JOIK-Kauapusiv-vedel-lauvarv-07-Copper-Glam.jpg\",\"contentUrl\":\"https:\/\/tallinndesignhouse.com\/wp-content\/uploads\/2023\/01\/JOIK-Kauapusiv-vedel-lauvarv-07-Copper-Glam.jpg\",\"width\":1080,\"height\":1350,\"caption\":\"JOIK Kauapu\u0308siv vedel lauva\u0308rv 07 Copper Glam\"},{\"@type\":\"BreadcrumbList\",\"@id\":\"https:\/\/tallinndesignhouse.com\/toode\/kauapusiv-vedel-lauvarv-07-copper-glam-cos-nat-4-5-ml\/#breadcrumb\",\"itemListElement\":[{\"@type\":\"ListItem\",\"position\":1,\"name\":\"Home\",\"item\":\"https:\/\/tallinndesignhouse.com\/en\/\"},{\"@type\":\"ListItem\",\"position\":2,\"name\":\"Shop\",\"item\":\"https:\/\/tallinndesignhouse.com\/en\/shop\/\"},{\"@type\":\"ListItem\",\"position\":3,\"name\":\"Long lasting liquid eye shadow 07 Copper Glam 4.5 ml\"}]},{\"@type\":\"WebSite\",\"@id\":\"https:\/\/tallinndesignhouse.com\/#website\",\"url\":\"https:\/\/tallinndesignhouse.com\/\",\"name\":\"Tallinn Design House\",\"description\":\"Eesti disain Rotermanni kvartalis\",\"potentialAction\":[{\"@type\":\"SearchAction\",\"target\":{\"@type\":\"EntryPoint\",\"urlTemplate\":\"https:\/\/tallinndesignhouse.com\/?s={search_term_string}\"},\"query-input\":{\"@type\":\"PropertyValueSpecification\",\"valueRequired\":true,\"valueName\":\"search_term_string\"}}],\"inLanguage\":\"en-US\"}]}<\/script>\n<!-- \/ Yoast SEO plugin. -->","yoast_head_json":{"title":"JOIK Long lasting liquid eye shadow 07 Copper Glam 4.5 ml - Tallinn Design House","description":"JOIK kauap\u00fcsiv vedel lauv\u00e4rv 07 Copper Glam COS NAT 4.5 ml. Lauv\u00e4rv, mis p\u00fcsib kogu p\u00e4eva! Lihtne kasutada \u2013 kanna silmale, hajuta patsutades ja valmis.","robots":{"index":"index","follow":"follow","max-snippet":"max-snippet:-1","max-image-preview":"max-image-preview:large","max-video-preview":"max-video-preview:-1"},"canonical":"https:\/\/tallinndesignhouse.com\/toode\/kauapusiv-vedel-lauvarv-07-copper-glam-cos-nat-4-5-ml\/","og_locale":"en_US","og_type":"article","og_title":"JOIK Long lasting liquid eye shadow 07 Copper Glam 4.5 ml - Tallinn Design House","og_description":"JOIK kauap\u00fcsiv vedel lauv\u00e4rv 07 Copper Glam COS NAT 4.5 ml. Lauv\u00e4rv, mis p\u00fcsib kogu p\u00e4eva! Lihtne kasutada \u2013 kanna silmale, hajuta patsutades ja valmis.","og_url":"https:\/\/tallinndesignhouse.com\/toode\/kauapusiv-vedel-lauvarv-07-copper-glam-cos-nat-4-5-ml\/","og_site_name":"Tallinn Design House","article_modified_time":"2026-04-12T21:57:03+00:00","og_image":[{"width":1080,"height":1350,"url":"https:\/\/tallinndesignhouse.com\/wp-content\/uploads\/2023\/01\/JOIK-Kauapusiv-vedel-lauvarv-07-Copper-Glam.jpg","type":"image\/jpeg"}],"twitter_card":"summary_large_image","twitter_misc":{"Est. reading time":"1 minute"},"schema":{"@context":"https:\/\/schema.org","@graph":[{"@type":"WebPage","@id":"https:\/\/tallinndesignhouse.com\/toode\/kauapusiv-vedel-lauvarv-07-copper-glam-cos-nat-4-5-ml\/","url":"https:\/\/tallinndesignhouse.com\/toode\/kauapusiv-vedel-lauvarv-07-copper-glam-cos-nat-4-5-ml\/","name":"JOIK Long lasting liquid eye shadow 07 Copper Glam 4.5 ml - Tallinn Design House","isPartOf":{"@id":"https:\/\/tallinndesignhouse.com\/#website"},"primaryImageOfPage":{"@id":"https:\/\/tallinndesignhouse.com\/toode\/kauapusiv-vedel-lauvarv-07-copper-glam-cos-nat-4-5-ml\/#primaryimage"},"image":{"@id":"https:\/\/tallinndesignhouse.com\/toode\/kauapusiv-vedel-lauvarv-07-copper-glam-cos-nat-4-5-ml\/#primaryimage"},"thumbnailUrl":"https:\/\/tallinndesignhouse.com\/wp-content\/uploads\/2023\/01\/JOIK-Kauapusiv-vedel-lauvarv-07-Copper-Glam.jpg","datePublished":"2023-01-02T10:15:12+00:00","dateModified":"2026-04-12T21:57:03+00:00","description":"JOIK kauap\u00fcsiv vedel lauv\u00e4rv 07 Copper Glam COS NAT 4.5 ml. Lauv\u00e4rv, mis p\u00fcsib kogu p\u00e4eva! Lihtne kasutada \u2013 kanna silmale, hajuta patsutades ja valmis.","breadcrumb":{"@id":"https:\/\/tallinndesignhouse.com\/toode\/kauapusiv-vedel-lauvarv-07-copper-glam-cos-nat-4-5-ml\/#breadcrumb"},"inLanguage":"en-US","potentialAction":[{"@type":"ReadAction","target":["https:\/\/tallinndesignhouse.com\/toode\/kauapusiv-vedel-lauvarv-07-copper-glam-cos-nat-4-5-ml\/"]}]},{"@type":"ImageObject","inLanguage":"en-US","@id":"https:\/\/tallinndesignhouse.com\/toode\/kauapusiv-vedel-lauvarv-07-copper-glam-cos-nat-4-5-ml\/#primaryimage","url":"https:\/\/tallinndesignhouse.com\/wp-content\/uploads\/2023\/01\/JOIK-Kauapusiv-vedel-lauvarv-07-Copper-Glam.jpg","contentUrl":"https:\/\/tallinndesignhouse.com\/wp-content\/uploads\/2023\/01\/JOIK-Kauapusiv-vedel-lauvarv-07-Copper-Glam.jpg","width":1080,"height":1350,"caption":"JOIK Kauapu\u0308siv vedel lauva\u0308rv 07 Copper Glam"},{"@type":"BreadcrumbList","@id":"https:\/\/tallinndesignhouse.com\/toode\/kauapusiv-vedel-lauvarv-07-copper-glam-cos-nat-4-5-ml\/#breadcrumb","itemListElement":[{"@type":"ListItem","position":1,"name":"Home","item":"https:\/\/tallinndesignhouse.com\/en\/"},{"@type":"ListItem","position":2,"name":"Shop","item":"https:\/\/tallinndesignhouse.com\/en\/shop\/"},{"@type":"ListItem","position":3,"name":"Long lasting liquid eye shadow 07 Copper Glam 4.5 ml"}]},{"@type":"WebSite","@id":"https:\/\/tallinndesignhouse.com\/#website","url":"https:\/\/tallinndesignhouse.com\/","name":"Tallinn Design House","description":"Eesti disain Rotermanni kvartalis","potentialAction":[{"@type":"SearchAction","target":{"@type":"EntryPoint","urlTemplate":"https:\/\/tallinndesignhouse.com\/?s={search_term_string}"},"query-input":{"@type":"PropertyValueSpecification","valueRequired":true,"valueName":"search_term_string"}}],"inLanguage":"en-US"}]}},"_links":{"self":[{"href":"https:\/\/tallinndesignhouse.com\/en\/wp-json\/wp\/v2\/product\/3316194","targetHints":{"allow":["GET"]}}],"collection":[{"href":"https:\/\/tallinndesignhouse.com\/en\/wp-json\/wp\/v2\/product"}],"about":[{"href":"https:\/\/tallinndesignhouse.com\/en\/wp-json\/wp\/v2\/types\/product"}],"wp:featuredmedia":[{"embeddable":true,"href":"https:\/\/tallinndesignhouse.com\/en\/wp-json\/wp\/v2\/media\/3253646"}],"wp:attachment":[{"href":"https:\/\/tallinndesignhouse.com\/en\/wp-json\/wp\/v2\/media?parent=3316194"}],"wp:term":[{"taxonomy":"product_brand","embeddable":true,"href":"https:\/\/tallinndesignhouse.com\/en\/wp-json\/wp\/v2\/product_brand?post=3316194"},{"taxonomy":"product_cat","embeddable":true,"href":"https:\/\/tallinndesignhouse.com\/en\/wp-json\/wp\/v2\/product_cat?post=3316194"},{"taxonomy":"product_tag","embeddable":true,"href":"https:\/\/tallinndesignhouse.com\/en\/wp-json\/wp\/v2\/product_tag?post=3316194"}],"curies":[{"name":"wp","href":"https:\/\/api.w.org\/{rel}","templated":true}]}}