{"id":3316202,"date":"2023-05-30T10:15:08","date_gmt":"2023-05-30T07:15:08","guid":{"rendered":"https:\/\/tallinndesignhouse.com\/toode\/tooniv-saraoli-cos-org-50ml\/"},"modified":"2026-04-13T00:57:04","modified_gmt":"2026-04-12T21:57:04","slug":"tooniv-saraoli-cos-org-50ml","status":"publish","type":"product","link":"https:\/\/tallinndesignhouse.com\/en\/toode\/tooniv-saraoli-cos-org-50ml\/","title":{"rendered":"Bronze &#038; Shimmer Body Oil COS ORG 50ml"},"content":{"rendered":"<p>A luxurious body oil by JOIK with organic sea-buckthorn, sweet almond and argan oils moisturises, gives skin a delicately bronzed sun-kissed look and a shimmering glow. Thoroughly more moisturizing formula! Large quantity of plant oils &#8211; sweet almond oil, argan oil, shea butter, and sea buckthorn oil. Extremely high proportion of organic oils &#8211; a whopping 91.2%! Innovative texture &#8211; it is a thickened oil gel in which the shimmer minerals are evenly distributed throughout the product and it\u2019s very easy to apply on the skin. New packaging &#8211; the product now comes in a bottle with a pump, making it easy and precise to apply on the skin. New scent \u2013 light and wonderfully refreshing. More shimmer &#8211; in addition to bronze shimmer we have added golden mica pigments! Spray the oil on dry skin and massage evenly into skin. Be careful with light clothes. NB! This is not a self-tanning product! Suitable for all skin types. INCI: Caprylic\/Capric Triglycerides, Isoamyl Laurate, Brassica Campestris Seed Oil*, Hippophae Rhamnoides Oil*, Helianthus Annuus Seed Oil, Daucus Carota Sativa Root Extract*, Silica, Rosmarinus Officinalis Leaf Oil*, Cananga Odorata Flower Oil, Tocopherol, Mica, Litsea Cubeba Oil, Linalool, Citral, Limonene, CI77491, Benzyl Benzoate, Benzyl Salicylate, Farnesol, Geraniol, Eugenol, Citronellol, Benzyl Alcohol, Isoeugenol. * ingredient from organic farming. 100 % natural origin of total. 28,4 % of the total ingredients are from Organic Farming. COSMOS ORGANIC certified by Ecocert Greenlife according to COSMOS Standard.<\/p>\n","protected":false},"excerpt":{"rendered":"<p>A luxurious body oil by JOIK with organic sea-buckthorn, sweet almond and argan oils moisturises, gives skin a delicately bronzed sun-kissed look and a shimmering glow. Thoroughly more moisturizing formula! Large quantity of plant oils &#8211; sweet almond oil, argan oil, shea butter, and sea buckthorn oil. Extremely high proportion of organic oils &#8211; a [&hellip;]<\/p>\n","protected":false},"featured_media":3290575,"template":"","meta":{"_acf_changed":false},"product_brand":[],"product_cat":[2237],"product_tag":[2819],"class_list":{"0":"post-3316202","1":"product","2":"type-product","3":"status-publish","4":"has-post-thumbnail","6":"product_cat-body","7":"product_tag-women","8":"pa_brand-joik","9":"pa_brand-joik-en","11":"first","12":"instock","13":"taxable","14":"shipping-taxable","15":"purchasable","16":"product-type-simple"},"acf":[],"yoast_head":"<!-- This site is optimized with the Yoast SEO plugin v26.0 - https:\/\/yoast.com\/wordpress\/plugins\/seo\/ -->\n<title>Joik Bronze &amp; Shimmer Body Oil COS ORG 50ml - Tallinn Design House<\/title>\n<meta name=\"description\" content=\"Joik tooniv s\u00e4ra\u00f5li COS ORG 50ml. Luksuslik keha\u00f5li mahetoodetud astelpaju-, magusmandli ning argaania\u00f5liga hooldab ja niisutab kuiva nahka.\" \/>\n<meta name=\"robots\" content=\"index, follow, max-snippet:-1, max-image-preview:large, max-video-preview:-1\" \/>\n<link rel=\"canonical\" href=\"https:\/\/tallinndesignhouse.com\/toode\/tooniv-saraoli-cos-org-50ml\/\" \/>\n<meta property=\"og:locale\" content=\"en_US\" \/>\n<meta property=\"og:type\" content=\"article\" \/>\n<meta property=\"og:title\" content=\"Joik Bronze &amp; Shimmer Body Oil COS ORG 50ml - Tallinn Design House\" \/>\n<meta property=\"og:description\" content=\"Joik tooniv s\u00e4ra\u00f5li COS ORG 50ml. Luksuslik keha\u00f5li mahetoodetud astelpaju-, magusmandli ning argaania\u00f5liga hooldab ja niisutab kuiva nahka.\" \/>\n<meta property=\"og:url\" content=\"https:\/\/tallinndesignhouse.com\/toode\/tooniv-saraoli-cos-org-50ml\/\" \/>\n<meta property=\"og:site_name\" content=\"Tallinn Design House\" \/>\n<meta property=\"article:modified_time\" content=\"2026-04-12T21:57:04+00:00\" \/>\n<meta property=\"og:image\" content=\"https:\/\/tallinndesignhouse.com\/wp-content\/uploads\/2023\/05\/Joik-tooniv-saraoli.jpg\" \/>\n\t<meta property=\"og:image:width\" content=\"1080\" \/>\n\t<meta property=\"og:image:height\" content=\"1350\" \/>\n\t<meta property=\"og:image:type\" content=\"image\/jpeg\" \/>\n<meta name=\"twitter:card\" content=\"summary_large_image\" \/>\n<meta name=\"twitter:label1\" content=\"Est. reading time\" \/>\n\t<meta name=\"twitter:data1\" content=\"1 minute\" \/>\n<script type=\"application\/ld+json\" class=\"yoast-schema-graph\">{\"@context\":\"https:\/\/schema.org\",\"@graph\":[{\"@type\":\"WebPage\",\"@id\":\"https:\/\/tallinndesignhouse.com\/toode\/tooniv-saraoli-cos-org-50ml\/\",\"url\":\"https:\/\/tallinndesignhouse.com\/toode\/tooniv-saraoli-cos-org-50ml\/\",\"name\":\"Joik Bronze & Shimmer Body Oil COS ORG 50ml - Tallinn Design House\",\"isPartOf\":{\"@id\":\"https:\/\/tallinndesignhouse.com\/#website\"},\"primaryImageOfPage\":{\"@id\":\"https:\/\/tallinndesignhouse.com\/toode\/tooniv-saraoli-cos-org-50ml\/#primaryimage\"},\"image\":{\"@id\":\"https:\/\/tallinndesignhouse.com\/toode\/tooniv-saraoli-cos-org-50ml\/#primaryimage\"},\"thumbnailUrl\":\"https:\/\/tallinndesignhouse.com\/wp-content\/uploads\/2023\/05\/Joik-tooniv-saraoli.jpg\",\"datePublished\":\"2023-05-30T07:15:08+00:00\",\"dateModified\":\"2026-04-12T21:57:04+00:00\",\"description\":\"Joik tooniv s\u00e4ra\u00f5li COS ORG 50ml. Luksuslik keha\u00f5li mahetoodetud astelpaju-, magusmandli ning argaania\u00f5liga hooldab ja niisutab kuiva nahka.\",\"breadcrumb\":{\"@id\":\"https:\/\/tallinndesignhouse.com\/toode\/tooniv-saraoli-cos-org-50ml\/#breadcrumb\"},\"inLanguage\":\"en-US\",\"potentialAction\":[{\"@type\":\"ReadAction\",\"target\":[\"https:\/\/tallinndesignhouse.com\/toode\/tooniv-saraoli-cos-org-50ml\/\"]}]},{\"@type\":\"ImageObject\",\"inLanguage\":\"en-US\",\"@id\":\"https:\/\/tallinndesignhouse.com\/toode\/tooniv-saraoli-cos-org-50ml\/#primaryimage\",\"url\":\"https:\/\/tallinndesignhouse.com\/wp-content\/uploads\/2023\/05\/Joik-tooniv-saraoli.jpg\",\"contentUrl\":\"https:\/\/tallinndesignhouse.com\/wp-content\/uploads\/2023\/05\/Joik-tooniv-saraoli.jpg\",\"width\":1080,\"height\":1350,\"caption\":\"Joik tooniv sa\u0308rao\u0303li 50 ml\"},{\"@type\":\"BreadcrumbList\",\"@id\":\"https:\/\/tallinndesignhouse.com\/toode\/tooniv-saraoli-cos-org-50ml\/#breadcrumb\",\"itemListElement\":[{\"@type\":\"ListItem\",\"position\":1,\"name\":\"Home\",\"item\":\"https:\/\/tallinndesignhouse.com\/en\/\"},{\"@type\":\"ListItem\",\"position\":2,\"name\":\"Shop\",\"item\":\"https:\/\/tallinndesignhouse.com\/en\/shop\/\"},{\"@type\":\"ListItem\",\"position\":3,\"name\":\"Bronze &#038; Shimmer Body Oil COS ORG 50ml\"}]},{\"@type\":\"WebSite\",\"@id\":\"https:\/\/tallinndesignhouse.com\/#website\",\"url\":\"https:\/\/tallinndesignhouse.com\/\",\"name\":\"Tallinn Design House\",\"description\":\"Eesti disain Rotermanni kvartalis\",\"potentialAction\":[{\"@type\":\"SearchAction\",\"target\":{\"@type\":\"EntryPoint\",\"urlTemplate\":\"https:\/\/tallinndesignhouse.com\/?s={search_term_string}\"},\"query-input\":{\"@type\":\"PropertyValueSpecification\",\"valueRequired\":true,\"valueName\":\"search_term_string\"}}],\"inLanguage\":\"en-US\"}]}<\/script>\n<!-- \/ Yoast SEO plugin. -->","yoast_head_json":{"title":"Joik Bronze & Shimmer Body Oil COS ORG 50ml - Tallinn Design House","description":"Joik tooniv s\u00e4ra\u00f5li COS ORG 50ml. Luksuslik keha\u00f5li mahetoodetud astelpaju-, magusmandli ning argaania\u00f5liga hooldab ja niisutab kuiva nahka.","robots":{"index":"index","follow":"follow","max-snippet":"max-snippet:-1","max-image-preview":"max-image-preview:large","max-video-preview":"max-video-preview:-1"},"canonical":"https:\/\/tallinndesignhouse.com\/toode\/tooniv-saraoli-cos-org-50ml\/","og_locale":"en_US","og_type":"article","og_title":"Joik Bronze & Shimmer Body Oil COS ORG 50ml - Tallinn Design House","og_description":"Joik tooniv s\u00e4ra\u00f5li COS ORG 50ml. Luksuslik keha\u00f5li mahetoodetud astelpaju-, magusmandli ning argaania\u00f5liga hooldab ja niisutab kuiva nahka.","og_url":"https:\/\/tallinndesignhouse.com\/toode\/tooniv-saraoli-cos-org-50ml\/","og_site_name":"Tallinn Design House","article_modified_time":"2026-04-12T21:57:04+00:00","og_image":[{"width":1080,"height":1350,"url":"https:\/\/tallinndesignhouse.com\/wp-content\/uploads\/2023\/05\/Joik-tooniv-saraoli.jpg","type":"image\/jpeg"}],"twitter_card":"summary_large_image","twitter_misc":{"Est. reading time":"1 minute"},"schema":{"@context":"https:\/\/schema.org","@graph":[{"@type":"WebPage","@id":"https:\/\/tallinndesignhouse.com\/toode\/tooniv-saraoli-cos-org-50ml\/","url":"https:\/\/tallinndesignhouse.com\/toode\/tooniv-saraoli-cos-org-50ml\/","name":"Joik Bronze & Shimmer Body Oil COS ORG 50ml - Tallinn Design House","isPartOf":{"@id":"https:\/\/tallinndesignhouse.com\/#website"},"primaryImageOfPage":{"@id":"https:\/\/tallinndesignhouse.com\/toode\/tooniv-saraoli-cos-org-50ml\/#primaryimage"},"image":{"@id":"https:\/\/tallinndesignhouse.com\/toode\/tooniv-saraoli-cos-org-50ml\/#primaryimage"},"thumbnailUrl":"https:\/\/tallinndesignhouse.com\/wp-content\/uploads\/2023\/05\/Joik-tooniv-saraoli.jpg","datePublished":"2023-05-30T07:15:08+00:00","dateModified":"2026-04-12T21:57:04+00:00","description":"Joik tooniv s\u00e4ra\u00f5li COS ORG 50ml. Luksuslik keha\u00f5li mahetoodetud astelpaju-, magusmandli ning argaania\u00f5liga hooldab ja niisutab kuiva nahka.","breadcrumb":{"@id":"https:\/\/tallinndesignhouse.com\/toode\/tooniv-saraoli-cos-org-50ml\/#breadcrumb"},"inLanguage":"en-US","potentialAction":[{"@type":"ReadAction","target":["https:\/\/tallinndesignhouse.com\/toode\/tooniv-saraoli-cos-org-50ml\/"]}]},{"@type":"ImageObject","inLanguage":"en-US","@id":"https:\/\/tallinndesignhouse.com\/toode\/tooniv-saraoli-cos-org-50ml\/#primaryimage","url":"https:\/\/tallinndesignhouse.com\/wp-content\/uploads\/2023\/05\/Joik-tooniv-saraoli.jpg","contentUrl":"https:\/\/tallinndesignhouse.com\/wp-content\/uploads\/2023\/05\/Joik-tooniv-saraoli.jpg","width":1080,"height":1350,"caption":"Joik tooniv sa\u0308rao\u0303li 50 ml"},{"@type":"BreadcrumbList","@id":"https:\/\/tallinndesignhouse.com\/toode\/tooniv-saraoli-cos-org-50ml\/#breadcrumb","itemListElement":[{"@type":"ListItem","position":1,"name":"Home","item":"https:\/\/tallinndesignhouse.com\/en\/"},{"@type":"ListItem","position":2,"name":"Shop","item":"https:\/\/tallinndesignhouse.com\/en\/shop\/"},{"@type":"ListItem","position":3,"name":"Bronze &#038; Shimmer Body Oil COS ORG 50ml"}]},{"@type":"WebSite","@id":"https:\/\/tallinndesignhouse.com\/#website","url":"https:\/\/tallinndesignhouse.com\/","name":"Tallinn Design House","description":"Eesti disain Rotermanni kvartalis","potentialAction":[{"@type":"SearchAction","target":{"@type":"EntryPoint","urlTemplate":"https:\/\/tallinndesignhouse.com\/?s={search_term_string}"},"query-input":{"@type":"PropertyValueSpecification","valueRequired":true,"valueName":"search_term_string"}}],"inLanguage":"en-US"}]}},"_links":{"self":[{"href":"https:\/\/tallinndesignhouse.com\/en\/wp-json\/wp\/v2\/product\/3316202","targetHints":{"allow":["GET"]}}],"collection":[{"href":"https:\/\/tallinndesignhouse.com\/en\/wp-json\/wp\/v2\/product"}],"about":[{"href":"https:\/\/tallinndesignhouse.com\/en\/wp-json\/wp\/v2\/types\/product"}],"wp:featuredmedia":[{"embeddable":true,"href":"https:\/\/tallinndesignhouse.com\/en\/wp-json\/wp\/v2\/media\/3290575"}],"wp:attachment":[{"href":"https:\/\/tallinndesignhouse.com\/en\/wp-json\/wp\/v2\/media?parent=3316202"}],"wp:term":[{"taxonomy":"product_brand","embeddable":true,"href":"https:\/\/tallinndesignhouse.com\/en\/wp-json\/wp\/v2\/product_brand?post=3316202"},{"taxonomy":"product_cat","embeddable":true,"href":"https:\/\/tallinndesignhouse.com\/en\/wp-json\/wp\/v2\/product_cat?post=3316202"},{"taxonomy":"product_tag","embeddable":true,"href":"https:\/\/tallinndesignhouse.com\/en\/wp-json\/wp\/v2\/product_tag?post=3316202"}],"curies":[{"name":"wp","href":"https:\/\/api.w.org\/{rel}","templated":true}]}}