{"id":3316288,"date":"2023-03-09T13:15:11","date_gmt":"2023-03-09T11:15:11","guid":{"rendered":"https:\/\/tallinndesignhouse.com\/toode\/sall-stripy-hall\/"},"modified":"2026-04-29T00:57:34","modified_gmt":"2026-04-28T21:57:34","slug":"sall-stripy-hall","status":"publish","type":"product","link":"https:\/\/tallinndesignhouse.com\/en\/toode\/sall-stripy-hall\/","title":{"rendered":"Scarf STRIPY grey"},"content":{"rendered":"<p>The scarf by Kelpman Textileis designed with a striped pattern. The harmonious repetition of geometric lines is enlivened by changes in tones. The textile is woven from sustainably produced mohair yarn. No chemicals are used in the process. Made in Finland and Estonia. Colors: gray tones. Composition: wool, mohair. Measurements: 48 cm x 218 cm. Product care: dry cleaning or sensitive hand washing at temperature 30C, without twisting.<\/p>\n","protected":false},"excerpt":{"rendered":"<p>The scarf by Kelpman Textileis designed with a striped pattern. The harmonious repetition of geometric lines is enlivened by changes in tones. The textile is woven from sustainably produced mohair yarn. No chemicals are used in the process. Made in Finland and Estonia. Colors: gray tones. Composition: wool, mohair. Measurements: 48 cm x 218 cm. [&hellip;]<\/p>\n","protected":false},"featured_media":3257926,"template":"","meta":{"_acf_changed":false},"product_brand":[],"product_cat":[883,113,3551,3717],"product_tag":[2818],"class_list":{"0":"post-3316288","1":"product","2":"type-product","3":"status-publish","4":"has-post-thumbnail","6":"product_cat-peakatted_ja_sallid","7":"product_cat-aksessuaarid","8":"product_cat-naturaalsed-materjalid","9":"product_cat-kevadised-tooted","10":"product_tag-naised","11":"pa_brand-kelpman-textile","13":"pa_mudel-stripy","16":"first","17":"instock","18":"taxable","19":"shipping-taxable","20":"purchasable","21":"product-type-simple"},"acf":[],"yoast_head":"<!-- This site is optimized with the Yoast SEO plugin v26.0 - https:\/\/yoast.com\/wordpress\/plugins\/seo\/ -->\n<title>Kelpan Scarf STRIPY grey - Tallinn Design House<\/title>\n<meta name=\"description\" content=\"Koostis: vill, moh\u00e4\u00e4r. M\u00f5\u00f5dud: 48 cm x 218 cm Tootehooldus: keemiline puhastus v\u00f5i tundlik k\u00e4tepesu temperatuuril 30C, ilma tsentrifuugimiseta.\" \/>\n<meta name=\"robots\" content=\"index, follow, max-snippet:-1, max-image-preview:large, max-video-preview:-1\" \/>\n<link rel=\"canonical\" href=\"https:\/\/tallinndesignhouse.com\/toode\/sall-stripy-hall\/\" \/>\n<meta property=\"og:locale\" content=\"en_US\" \/>\n<meta property=\"og:type\" content=\"article\" \/>\n<meta property=\"og:title\" content=\"Kelpan Scarf STRIPY grey - Tallinn Design House\" \/>\n<meta property=\"og:description\" content=\"Koostis: vill, moh\u00e4\u00e4r. M\u00f5\u00f5dud: 48 cm x 218 cm Tootehooldus: keemiline puhastus v\u00f5i tundlik k\u00e4tepesu temperatuuril 30C, ilma tsentrifuugimiseta.\" \/>\n<meta property=\"og:url\" content=\"https:\/\/tallinndesignhouse.com\/toode\/sall-stripy-hall\/\" \/>\n<meta property=\"og:site_name\" content=\"Tallinn Design House\" \/>\n<meta property=\"article:modified_time\" content=\"2026-04-28T21:57:34+00:00\" \/>\n<meta property=\"og:image\" content=\"https:\/\/tallinndesignhouse.com\/wp-content\/uploads\/2023\/03\/STRIPY-mohair-blend-wool-scarf-grey-111.jpg\" \/>\n\t<meta property=\"og:image:width\" content=\"1080\" \/>\n\t<meta property=\"og:image:height\" content=\"1350\" \/>\n\t<meta property=\"og:image:type\" content=\"image\/jpeg\" \/>\n<meta name=\"twitter:card\" content=\"summary_large_image\" \/>\n<script type=\"application\/ld+json\" class=\"yoast-schema-graph\">{\"@context\":\"https:\/\/schema.org\",\"@graph\":[{\"@type\":\"WebPage\",\"@id\":\"https:\/\/tallinndesignhouse.com\/toode\/sall-stripy-hall\/\",\"url\":\"https:\/\/tallinndesignhouse.com\/toode\/sall-stripy-hall\/\",\"name\":\"Kelpan Scarf STRIPY grey - Tallinn Design House\",\"isPartOf\":{\"@id\":\"https:\/\/tallinndesignhouse.com\/#website\"},\"primaryImageOfPage\":{\"@id\":\"https:\/\/tallinndesignhouse.com\/toode\/sall-stripy-hall\/#primaryimage\"},\"image\":{\"@id\":\"https:\/\/tallinndesignhouse.com\/toode\/sall-stripy-hall\/#primaryimage\"},\"thumbnailUrl\":\"https:\/\/tallinndesignhouse.com\/wp-content\/uploads\/2023\/03\/STRIPY-mohair-blend-wool-scarf-grey-111.jpg\",\"datePublished\":\"2023-03-09T11:15:11+00:00\",\"dateModified\":\"2026-04-28T21:57:34+00:00\",\"description\":\"Koostis: vill, moh\u00e4\u00e4r. M\u00f5\u00f5dud: 48 cm x 218 cm Tootehooldus: keemiline puhastus v\u00f5i tundlik k\u00e4tepesu temperatuuril 30C, ilma tsentrifuugimiseta.\",\"breadcrumb\":{\"@id\":\"https:\/\/tallinndesignhouse.com\/toode\/sall-stripy-hall\/#breadcrumb\"},\"inLanguage\":\"en-US\",\"potentialAction\":[{\"@type\":\"ReadAction\",\"target\":[\"https:\/\/tallinndesignhouse.com\/toode\/sall-stripy-hall\/\"]}]},{\"@type\":\"ImageObject\",\"inLanguage\":\"en-US\",\"@id\":\"https:\/\/tallinndesignhouse.com\/toode\/sall-stripy-hall\/#primaryimage\",\"url\":\"https:\/\/tallinndesignhouse.com\/wp-content\/uploads\/2023\/03\/STRIPY-mohair-blend-wool-scarf-grey-111.jpg\",\"contentUrl\":\"https:\/\/tallinndesignhouse.com\/wp-content\/uploads\/2023\/03\/STRIPY-mohair-blend-wool-scarf-grey-111.jpg\",\"width\":1080,\"height\":1350,\"caption\":\"STRIPY-mohair-blend-wool-scarf-grey-111\"},{\"@type\":\"BreadcrumbList\",\"@id\":\"https:\/\/tallinndesignhouse.com\/toode\/sall-stripy-hall\/#breadcrumb\",\"itemListElement\":[{\"@type\":\"ListItem\",\"position\":1,\"name\":\"Home\",\"item\":\"https:\/\/tallinndesignhouse.com\/en\/\"},{\"@type\":\"ListItem\",\"position\":2,\"name\":\"Shop\",\"item\":\"https:\/\/tallinndesignhouse.com\/en\/shop\/\"},{\"@type\":\"ListItem\",\"position\":3,\"name\":\"Scarf STRIPY grey\"}]},{\"@type\":\"WebSite\",\"@id\":\"https:\/\/tallinndesignhouse.com\/#website\",\"url\":\"https:\/\/tallinndesignhouse.com\/\",\"name\":\"Tallinn Design House\",\"description\":\"Eesti disain Rotermanni kvartalis\",\"potentialAction\":[{\"@type\":\"SearchAction\",\"target\":{\"@type\":\"EntryPoint\",\"urlTemplate\":\"https:\/\/tallinndesignhouse.com\/?s={search_term_string}\"},\"query-input\":{\"@type\":\"PropertyValueSpecification\",\"valueRequired\":true,\"valueName\":\"search_term_string\"}}],\"inLanguage\":\"en-US\"}]}<\/script>\n<!-- \/ Yoast SEO plugin. -->","yoast_head_json":{"title":"Kelpan Scarf STRIPY grey - Tallinn Design House","description":"Koostis: vill, moh\u00e4\u00e4r. M\u00f5\u00f5dud: 48 cm x 218 cm Tootehooldus: keemiline puhastus v\u00f5i tundlik k\u00e4tepesu temperatuuril 30C, ilma tsentrifuugimiseta.","robots":{"index":"index","follow":"follow","max-snippet":"max-snippet:-1","max-image-preview":"max-image-preview:large","max-video-preview":"max-video-preview:-1"},"canonical":"https:\/\/tallinndesignhouse.com\/toode\/sall-stripy-hall\/","og_locale":"en_US","og_type":"article","og_title":"Kelpan Scarf STRIPY grey - Tallinn Design House","og_description":"Koostis: vill, moh\u00e4\u00e4r. M\u00f5\u00f5dud: 48 cm x 218 cm Tootehooldus: keemiline puhastus v\u00f5i tundlik k\u00e4tepesu temperatuuril 30C, ilma tsentrifuugimiseta.","og_url":"https:\/\/tallinndesignhouse.com\/toode\/sall-stripy-hall\/","og_site_name":"Tallinn Design House","article_modified_time":"2026-04-28T21:57:34+00:00","og_image":[{"width":1080,"height":1350,"url":"https:\/\/tallinndesignhouse.com\/wp-content\/uploads\/2023\/03\/STRIPY-mohair-blend-wool-scarf-grey-111.jpg","type":"image\/jpeg"}],"twitter_card":"summary_large_image","schema":{"@context":"https:\/\/schema.org","@graph":[{"@type":"WebPage","@id":"https:\/\/tallinndesignhouse.com\/toode\/sall-stripy-hall\/","url":"https:\/\/tallinndesignhouse.com\/toode\/sall-stripy-hall\/","name":"Kelpan Scarf STRIPY grey - Tallinn Design House","isPartOf":{"@id":"https:\/\/tallinndesignhouse.com\/#website"},"primaryImageOfPage":{"@id":"https:\/\/tallinndesignhouse.com\/toode\/sall-stripy-hall\/#primaryimage"},"image":{"@id":"https:\/\/tallinndesignhouse.com\/toode\/sall-stripy-hall\/#primaryimage"},"thumbnailUrl":"https:\/\/tallinndesignhouse.com\/wp-content\/uploads\/2023\/03\/STRIPY-mohair-blend-wool-scarf-grey-111.jpg","datePublished":"2023-03-09T11:15:11+00:00","dateModified":"2026-04-28T21:57:34+00:00","description":"Koostis: vill, moh\u00e4\u00e4r. M\u00f5\u00f5dud: 48 cm x 218 cm Tootehooldus: keemiline puhastus v\u00f5i tundlik k\u00e4tepesu temperatuuril 30C, ilma tsentrifuugimiseta.","breadcrumb":{"@id":"https:\/\/tallinndesignhouse.com\/toode\/sall-stripy-hall\/#breadcrumb"},"inLanguage":"en-US","potentialAction":[{"@type":"ReadAction","target":["https:\/\/tallinndesignhouse.com\/toode\/sall-stripy-hall\/"]}]},{"@type":"ImageObject","inLanguage":"en-US","@id":"https:\/\/tallinndesignhouse.com\/toode\/sall-stripy-hall\/#primaryimage","url":"https:\/\/tallinndesignhouse.com\/wp-content\/uploads\/2023\/03\/STRIPY-mohair-blend-wool-scarf-grey-111.jpg","contentUrl":"https:\/\/tallinndesignhouse.com\/wp-content\/uploads\/2023\/03\/STRIPY-mohair-blend-wool-scarf-grey-111.jpg","width":1080,"height":1350,"caption":"STRIPY-mohair-blend-wool-scarf-grey-111"},{"@type":"BreadcrumbList","@id":"https:\/\/tallinndesignhouse.com\/toode\/sall-stripy-hall\/#breadcrumb","itemListElement":[{"@type":"ListItem","position":1,"name":"Home","item":"https:\/\/tallinndesignhouse.com\/en\/"},{"@type":"ListItem","position":2,"name":"Shop","item":"https:\/\/tallinndesignhouse.com\/en\/shop\/"},{"@type":"ListItem","position":3,"name":"Scarf STRIPY grey"}]},{"@type":"WebSite","@id":"https:\/\/tallinndesignhouse.com\/#website","url":"https:\/\/tallinndesignhouse.com\/","name":"Tallinn Design House","description":"Eesti disain Rotermanni kvartalis","potentialAction":[{"@type":"SearchAction","target":{"@type":"EntryPoint","urlTemplate":"https:\/\/tallinndesignhouse.com\/?s={search_term_string}"},"query-input":{"@type":"PropertyValueSpecification","valueRequired":true,"valueName":"search_term_string"}}],"inLanguage":"en-US"}]}},"_links":{"self":[{"href":"https:\/\/tallinndesignhouse.com\/en\/wp-json\/wp\/v2\/product\/3316288","targetHints":{"allow":["GET"]}}],"collection":[{"href":"https:\/\/tallinndesignhouse.com\/en\/wp-json\/wp\/v2\/product"}],"about":[{"href":"https:\/\/tallinndesignhouse.com\/en\/wp-json\/wp\/v2\/types\/product"}],"wp:featuredmedia":[{"embeddable":true,"href":"https:\/\/tallinndesignhouse.com\/en\/wp-json\/wp\/v2\/media\/3257926"}],"wp:attachment":[{"href":"https:\/\/tallinndesignhouse.com\/en\/wp-json\/wp\/v2\/media?parent=3316288"}],"wp:term":[{"taxonomy":"product_brand","embeddable":true,"href":"https:\/\/tallinndesignhouse.com\/en\/wp-json\/wp\/v2\/product_brand?post=3316288"},{"taxonomy":"product_cat","embeddable":true,"href":"https:\/\/tallinndesignhouse.com\/en\/wp-json\/wp\/v2\/product_cat?post=3316288"},{"taxonomy":"product_tag","embeddable":true,"href":"https:\/\/tallinndesignhouse.com\/en\/wp-json\/wp\/v2\/product_tag?post=3316288"}],"curies":[{"name":"wp","href":"https:\/\/api.w.org\/{rel}","templated":true}]}}