{"id":3316292,"date":"2023-03-09T13:15:23","date_gmt":"2023-03-09T11:15:23","guid":{"rendered":"https:\/\/tallinndesignhouse.com\/toode\/sall-linear-mohaar-roosa-oranz\/"},"modified":"2026-05-01T00:57:33","modified_gmt":"2026-04-30T21:57:33","slug":"sall-linear-mohaar-roosa-oranz","status":"publish","type":"product","link":"https:\/\/tallinndesignhouse.com\/en\/toode\/sall-linear-mohaar-roosa-oranz\/","title":{"rendered":"Linear mohair scarf orange\/pink"},"content":{"rendered":"<p>The mohair blend scarf by Kelpman Textile is designed in a stripy pattern in various color combinations. The textile is woven from sustainably produced mohair yarn. No chemicals are used in the process. Made in Finland and Estonia. Colors: orange, pink. Composition: wool, mohair. Measurements: 48 cm x 218 cm. Product care: dry cleaning or sensitive hand washing at temperatures 30C, without twisting.<\/p>\n","protected":false},"excerpt":{"rendered":"<p>The mohair blend scarf by Kelpman Textile is designed in a stripy pattern in various color combinations. The textile is woven from sustainably produced mohair yarn. No chemicals are used in the process. Made in Finland and Estonia. Colors: orange, pink. Composition: wool, mohair. Measurements: 48 cm x 218 cm. Product care: dry cleaning or [&hellip;]<\/p>\n","protected":false},"featured_media":3257924,"template":"","meta":{"_acf_changed":false},"product_brand":[],"product_cat":[1972,3296,3552,3718],"product_tag":[2818],"class_list":{"0":"post-3316292","1":"product","2":"type-product","3":"status-publish","4":"has-post-thumbnail","6":"product_cat-headwear-and-scarves","7":"product_cat-accessories-en","8":"product_cat-natural-materials-en","9":"product_cat-winter-style","10":"product_tag-naised","11":"pa_brand-kelpman-textile","13":"pa_materjal-100-vill","16":"first","17":"instock","18":"taxable","19":"shipping-taxable","20":"purchasable","21":"product-type-simple"},"acf":[],"yoast_head":"<!-- This site is optimized with the Yoast SEO plugin v26.0 - https:\/\/yoast.com\/wordpress\/plugins\/seo\/ -->\n<title>Kelpman Linear mohair scarf orange\/pink - Tallinn Design House<\/title>\n<meta name=\"description\" content=\"Koostis: vill, moh\u00e4\u00e4r. M\u00f5\u00f5dud: 48 cm x 218 cm. Toote hooldus: keemiline puhastus v\u00f5i tundlik k\u00e4tepesu temperatuuril 30C, ilma tsentrifuugimiseta.\" \/>\n<meta name=\"robots\" content=\"index, follow, max-snippet:-1, max-image-preview:large, max-video-preview:-1\" \/>\n<link rel=\"canonical\" href=\"https:\/\/tallinndesignhouse.com\/en\/toode\/sall-linear-mohaar-roosa-oranz\/\" \/>\n<meta property=\"og:locale\" content=\"en_US\" \/>\n<meta property=\"og:type\" content=\"article\" \/>\n<meta property=\"og:title\" content=\"Kelpman Linear mohair scarf orange\/pink - Tallinn Design House\" \/>\n<meta property=\"og:description\" content=\"Koostis: vill, moh\u00e4\u00e4r. M\u00f5\u00f5dud: 48 cm x 218 cm. Toote hooldus: keemiline puhastus v\u00f5i tundlik k\u00e4tepesu temperatuuril 30C, ilma tsentrifuugimiseta.\" \/>\n<meta property=\"og:url\" content=\"https:\/\/tallinndesignhouse.com\/en\/toode\/sall-linear-mohaar-roosa-oranz\/\" \/>\n<meta property=\"og:site_name\" content=\"Tallinn Design House\" \/>\n<meta property=\"article:modified_time\" content=\"2026-04-30T21:57:33+00:00\" \/>\n<meta property=\"og:image\" content=\"https:\/\/tallinndesignhouse.com\/wp-content\/uploads\/2023\/03\/Linear-mohair-blend-wool-scarf-orange-red-kel116.jpg\" \/>\n\t<meta property=\"og:image:width\" content=\"1080\" \/>\n\t<meta property=\"og:image:height\" content=\"1350\" \/>\n\t<meta property=\"og:image:type\" content=\"image\/jpeg\" \/>\n<meta name=\"twitter:card\" content=\"summary_large_image\" \/>\n<script type=\"application\/ld+json\" class=\"yoast-schema-graph\">{\"@context\":\"https:\/\/schema.org\",\"@graph\":[{\"@type\":\"WebPage\",\"@id\":\"https:\/\/tallinndesignhouse.com\/en\/toode\/sall-linear-mohaar-roosa-oranz\/\",\"url\":\"https:\/\/tallinndesignhouse.com\/en\/toode\/sall-linear-mohaar-roosa-oranz\/\",\"name\":\"Kelpman Linear mohair scarf orange\/pink - Tallinn Design House\",\"isPartOf\":{\"@id\":\"https:\/\/tallinndesignhouse.com\/#website\"},\"primaryImageOfPage\":{\"@id\":\"https:\/\/tallinndesignhouse.com\/en\/toode\/sall-linear-mohaar-roosa-oranz\/#primaryimage\"},\"image\":{\"@id\":\"https:\/\/tallinndesignhouse.com\/en\/toode\/sall-linear-mohaar-roosa-oranz\/#primaryimage\"},\"thumbnailUrl\":\"https:\/\/tallinndesignhouse.com\/wp-content\/uploads\/2023\/03\/Linear-mohair-blend-wool-scarf-orange-red-kel116.jpg\",\"datePublished\":\"2023-03-09T11:15:23+00:00\",\"dateModified\":\"2026-04-30T21:57:33+00:00\",\"description\":\"Koostis: vill, moh\u00e4\u00e4r. M\u00f5\u00f5dud: 48 cm x 218 cm. Toote hooldus: keemiline puhastus v\u00f5i tundlik k\u00e4tepesu temperatuuril 30C, ilma tsentrifuugimiseta.\",\"breadcrumb\":{\"@id\":\"https:\/\/tallinndesignhouse.com\/en\/toode\/sall-linear-mohaar-roosa-oranz\/#breadcrumb\"},\"inLanguage\":\"en-US\",\"potentialAction\":[{\"@type\":\"ReadAction\",\"target\":[\"https:\/\/tallinndesignhouse.com\/en\/toode\/sall-linear-mohaar-roosa-oranz\/\"]}]},{\"@type\":\"ImageObject\",\"inLanguage\":\"en-US\",\"@id\":\"https:\/\/tallinndesignhouse.com\/en\/toode\/sall-linear-mohaar-roosa-oranz\/#primaryimage\",\"url\":\"https:\/\/tallinndesignhouse.com\/wp-content\/uploads\/2023\/03\/Linear-mohair-blend-wool-scarf-orange-red-kel116.jpg\",\"contentUrl\":\"https:\/\/tallinndesignhouse.com\/wp-content\/uploads\/2023\/03\/Linear-mohair-blend-wool-scarf-orange-red-kel116.jpg\",\"width\":1080,\"height\":1350,\"caption\":\"Linear-mohair-blend-wool-scarf-orange-red-kel116\"},{\"@type\":\"BreadcrumbList\",\"@id\":\"https:\/\/tallinndesignhouse.com\/en\/toode\/sall-linear-mohaar-roosa-oranz\/#breadcrumb\",\"itemListElement\":[{\"@type\":\"ListItem\",\"position\":1,\"name\":\"Home\",\"item\":\"https:\/\/tallinndesignhouse.com\/en\/\"},{\"@type\":\"ListItem\",\"position\":2,\"name\":\"Shop\",\"item\":\"https:\/\/tallinndesignhouse.com\/en\/shop\/\"},{\"@type\":\"ListItem\",\"position\":3,\"name\":\"Linear mohair scarf orange\/pink\"}]},{\"@type\":\"WebSite\",\"@id\":\"https:\/\/tallinndesignhouse.com\/#website\",\"url\":\"https:\/\/tallinndesignhouse.com\/\",\"name\":\"Tallinn Design House\",\"description\":\"Eesti disain Rotermanni kvartalis\",\"potentialAction\":[{\"@type\":\"SearchAction\",\"target\":{\"@type\":\"EntryPoint\",\"urlTemplate\":\"https:\/\/tallinndesignhouse.com\/?s={search_term_string}\"},\"query-input\":{\"@type\":\"PropertyValueSpecification\",\"valueRequired\":true,\"valueName\":\"search_term_string\"}}],\"inLanguage\":\"en-US\"}]}<\/script>\n<!-- \/ Yoast SEO plugin. -->","yoast_head_json":{"title":"Kelpman Linear mohair scarf orange\/pink - Tallinn Design House","description":"Koostis: vill, moh\u00e4\u00e4r. M\u00f5\u00f5dud: 48 cm x 218 cm. Toote hooldus: keemiline puhastus v\u00f5i tundlik k\u00e4tepesu temperatuuril 30C, ilma tsentrifuugimiseta.","robots":{"index":"index","follow":"follow","max-snippet":"max-snippet:-1","max-image-preview":"max-image-preview:large","max-video-preview":"max-video-preview:-1"},"canonical":"https:\/\/tallinndesignhouse.com\/en\/toode\/sall-linear-mohaar-roosa-oranz\/","og_locale":"en_US","og_type":"article","og_title":"Kelpman Linear mohair scarf orange\/pink - Tallinn Design House","og_description":"Koostis: vill, moh\u00e4\u00e4r. M\u00f5\u00f5dud: 48 cm x 218 cm. Toote hooldus: keemiline puhastus v\u00f5i tundlik k\u00e4tepesu temperatuuril 30C, ilma tsentrifuugimiseta.","og_url":"https:\/\/tallinndesignhouse.com\/en\/toode\/sall-linear-mohaar-roosa-oranz\/","og_site_name":"Tallinn Design House","article_modified_time":"2026-04-30T21:57:33+00:00","og_image":[{"width":1080,"height":1350,"url":"https:\/\/tallinndesignhouse.com\/wp-content\/uploads\/2023\/03\/Linear-mohair-blend-wool-scarf-orange-red-kel116.jpg","type":"image\/jpeg"}],"twitter_card":"summary_large_image","schema":{"@context":"https:\/\/schema.org","@graph":[{"@type":"WebPage","@id":"https:\/\/tallinndesignhouse.com\/en\/toode\/sall-linear-mohaar-roosa-oranz\/","url":"https:\/\/tallinndesignhouse.com\/en\/toode\/sall-linear-mohaar-roosa-oranz\/","name":"Kelpman Linear mohair scarf orange\/pink - Tallinn Design House","isPartOf":{"@id":"https:\/\/tallinndesignhouse.com\/#website"},"primaryImageOfPage":{"@id":"https:\/\/tallinndesignhouse.com\/en\/toode\/sall-linear-mohaar-roosa-oranz\/#primaryimage"},"image":{"@id":"https:\/\/tallinndesignhouse.com\/en\/toode\/sall-linear-mohaar-roosa-oranz\/#primaryimage"},"thumbnailUrl":"https:\/\/tallinndesignhouse.com\/wp-content\/uploads\/2023\/03\/Linear-mohair-blend-wool-scarf-orange-red-kel116.jpg","datePublished":"2023-03-09T11:15:23+00:00","dateModified":"2026-04-30T21:57:33+00:00","description":"Koostis: vill, moh\u00e4\u00e4r. M\u00f5\u00f5dud: 48 cm x 218 cm. Toote hooldus: keemiline puhastus v\u00f5i tundlik k\u00e4tepesu temperatuuril 30C, ilma tsentrifuugimiseta.","breadcrumb":{"@id":"https:\/\/tallinndesignhouse.com\/en\/toode\/sall-linear-mohaar-roosa-oranz\/#breadcrumb"},"inLanguage":"en-US","potentialAction":[{"@type":"ReadAction","target":["https:\/\/tallinndesignhouse.com\/en\/toode\/sall-linear-mohaar-roosa-oranz\/"]}]},{"@type":"ImageObject","inLanguage":"en-US","@id":"https:\/\/tallinndesignhouse.com\/en\/toode\/sall-linear-mohaar-roosa-oranz\/#primaryimage","url":"https:\/\/tallinndesignhouse.com\/wp-content\/uploads\/2023\/03\/Linear-mohair-blend-wool-scarf-orange-red-kel116.jpg","contentUrl":"https:\/\/tallinndesignhouse.com\/wp-content\/uploads\/2023\/03\/Linear-mohair-blend-wool-scarf-orange-red-kel116.jpg","width":1080,"height":1350,"caption":"Linear-mohair-blend-wool-scarf-orange-red-kel116"},{"@type":"BreadcrumbList","@id":"https:\/\/tallinndesignhouse.com\/en\/toode\/sall-linear-mohaar-roosa-oranz\/#breadcrumb","itemListElement":[{"@type":"ListItem","position":1,"name":"Home","item":"https:\/\/tallinndesignhouse.com\/en\/"},{"@type":"ListItem","position":2,"name":"Shop","item":"https:\/\/tallinndesignhouse.com\/en\/shop\/"},{"@type":"ListItem","position":3,"name":"Linear mohair scarf orange\/pink"}]},{"@type":"WebSite","@id":"https:\/\/tallinndesignhouse.com\/#website","url":"https:\/\/tallinndesignhouse.com\/","name":"Tallinn Design House","description":"Eesti disain Rotermanni kvartalis","potentialAction":[{"@type":"SearchAction","target":{"@type":"EntryPoint","urlTemplate":"https:\/\/tallinndesignhouse.com\/?s={search_term_string}"},"query-input":{"@type":"PropertyValueSpecification","valueRequired":true,"valueName":"search_term_string"}}],"inLanguage":"en-US"}]}},"_links":{"self":[{"href":"https:\/\/tallinndesignhouse.com\/en\/wp-json\/wp\/v2\/product\/3316292","targetHints":{"allow":["GET"]}}],"collection":[{"href":"https:\/\/tallinndesignhouse.com\/en\/wp-json\/wp\/v2\/product"}],"about":[{"href":"https:\/\/tallinndesignhouse.com\/en\/wp-json\/wp\/v2\/types\/product"}],"wp:featuredmedia":[{"embeddable":true,"href":"https:\/\/tallinndesignhouse.com\/en\/wp-json\/wp\/v2\/media\/3257924"}],"wp:attachment":[{"href":"https:\/\/tallinndesignhouse.com\/en\/wp-json\/wp\/v2\/media?parent=3316292"}],"wp:term":[{"taxonomy":"product_brand","embeddable":true,"href":"https:\/\/tallinndesignhouse.com\/en\/wp-json\/wp\/v2\/product_brand?post=3316292"},{"taxonomy":"product_cat","embeddable":true,"href":"https:\/\/tallinndesignhouse.com\/en\/wp-json\/wp\/v2\/product_cat?post=3316292"},{"taxonomy":"product_tag","embeddable":true,"href":"https:\/\/tallinndesignhouse.com\/en\/wp-json\/wp\/v2\/product_tag?post=3316292"}],"curies":[{"name":"wp","href":"https:\/\/api.w.org\/{rel}","templated":true}]}}