{"id":3316361,"date":"2023-05-25T14:30:29","date_gmt":"2023-05-25T11:30:29","guid":{"rendered":"https:\/\/tallinndesignhouse.com\/toode\/korvarongad-nanotwist-lilla\/"},"modified":"2026-04-12T00:58:22","modified_gmt":"2026-04-11T21:58:22","slug":"korvarongad-nanotwist-lilla","status":"publish","type":"product","link":"https:\/\/tallinndesignhouse.com\/en\/toode\/korvarongad-nanotwist-lilla\/","title":{"rendered":"Earrings Nanotwist purple"},"content":{"rendered":"<p>Nano\u00a0earrings by Kadi Veesaar Jewellery are made of silver\u00a0or copper\u00a0and are coated with special ceramic coating. All earring posts and clutches are made of the sterling silver (925).\u00a0Product details Size: 73 x 12 mm (Length x Width), weight:\u00a0ca\u00a02.9 g per piece. Material:\u00a0silver, copper, special ceramic coating.<\/p>\n","protected":false},"excerpt":{"rendered":"<p>Nano\u00a0earrings by Kadi Veesaar Jewellery are made of silver\u00a0or copper\u00a0and are coated with special ceramic coating. All earring posts and clutches are made of the sterling silver (925).\u00a0Product details Size: 73 x 12 mm (Length x Width), weight:\u00a0ca\u00a02.9 g per piece. Material:\u00a0silver, copper, special ceramic coating.<\/p>\n","protected":false},"featured_media":3290490,"template":"","meta":{"_acf_changed":false},"product_brand":[],"product_cat":[1955,3223],"product_tag":[2819],"class_list":{"0":"post-3316361","1":"product","2":"type-product","3":"status-publish","4":"has-post-thumbnail","6":"product_cat-earrings","7":"product_cat-jewellery-en","8":"product_tag-women","9":"pa_brand-kadi-veesaar-jewellery","10":"pa_brand-kadi-veesaar-jewellery-en","12":"first","13":"instock","14":"taxable","15":"shipping-taxable","16":"purchasable","17":"product-type-simple"},"acf":[],"yoast_head":"<!-- This site is optimized with the Yoast SEO plugin v26.0 - https:\/\/yoast.com\/wordpress\/plugins\/seo\/ -->\n<title>Kadi Veesaar Earrings Nanotwist purple - Tallinn Design House<\/title>\n<meta name=\"description\" content=\"Kadi Veesaar k\u00f5rvar\u00f5ngad NanoTwist lilla. K\u00f5ik k\u00f5rvar\u00f5ngapostid ja sidurid on valmistatud h\u00f5bedast. Suurus: 73 x 12 mm (pikkus x laius).\" \/>\n<meta name=\"robots\" content=\"index, follow, max-snippet:-1, max-image-preview:large, max-video-preview:-1\" \/>\n<link rel=\"canonical\" href=\"https:\/\/tallinndesignhouse.com\/toode\/korvarongad-nanotwist-lilla\/\" \/>\n<meta property=\"og:locale\" content=\"en_US\" \/>\n<meta property=\"og:type\" content=\"article\" \/>\n<meta property=\"og:title\" content=\"Kadi Veesaar Earrings Nanotwist purple - Tallinn Design House\" \/>\n<meta property=\"og:description\" content=\"Kadi Veesaar k\u00f5rvar\u00f5ngad NanoTwist lilla. K\u00f5ik k\u00f5rvar\u00f5ngapostid ja sidurid on valmistatud h\u00f5bedast. Suurus: 73 x 12 mm (pikkus x laius).\" \/>\n<meta property=\"og:url\" content=\"https:\/\/tallinndesignhouse.com\/toode\/korvarongad-nanotwist-lilla\/\" \/>\n<meta property=\"og:site_name\" content=\"Tallinn Design House\" \/>\n<meta property=\"article:modified_time\" content=\"2026-04-11T21:58:22+00:00\" \/>\n<meta property=\"og:image\" content=\"https:\/\/tallinndesignhouse.com\/wp-content\/uploads\/2023\/05\/Kadi_Veesaar__Nano_Twist_earrings_putplr1_1024x1024.jpg\" \/>\n\t<meta property=\"og:image:width\" content=\"1024\" \/>\n\t<meta property=\"og:image:height\" content=\"683\" \/>\n\t<meta property=\"og:image:type\" content=\"image\/jpeg\" \/>\n<meta name=\"twitter:card\" content=\"summary_large_image\" \/>\n<script type=\"application\/ld+json\" class=\"yoast-schema-graph\">{\"@context\":\"https:\/\/schema.org\",\"@graph\":[{\"@type\":\"WebPage\",\"@id\":\"https:\/\/tallinndesignhouse.com\/toode\/korvarongad-nanotwist-lilla\/\",\"url\":\"https:\/\/tallinndesignhouse.com\/toode\/korvarongad-nanotwist-lilla\/\",\"name\":\"Kadi Veesaar Earrings Nanotwist purple - Tallinn Design House\",\"isPartOf\":{\"@id\":\"https:\/\/tallinndesignhouse.com\/#website\"},\"primaryImageOfPage\":{\"@id\":\"https:\/\/tallinndesignhouse.com\/toode\/korvarongad-nanotwist-lilla\/#primaryimage\"},\"image\":{\"@id\":\"https:\/\/tallinndesignhouse.com\/toode\/korvarongad-nanotwist-lilla\/#primaryimage\"},\"thumbnailUrl\":\"https:\/\/tallinndesignhouse.com\/wp-content\/uploads\/2023\/05\/Kadi_Veesaar__Nano_Twist_earrings_putplr1_1024x1024.jpg\",\"datePublished\":\"2023-05-25T11:30:29+00:00\",\"dateModified\":\"2026-04-11T21:58:22+00:00\",\"description\":\"Kadi Veesaar k\u00f5rvar\u00f5ngad NanoTwist lilla. K\u00f5ik k\u00f5rvar\u00f5ngapostid ja sidurid on valmistatud h\u00f5bedast. Suurus: 73 x 12 mm (pikkus x laius).\",\"breadcrumb\":{\"@id\":\"https:\/\/tallinndesignhouse.com\/toode\/korvarongad-nanotwist-lilla\/#breadcrumb\"},\"inLanguage\":\"en-US\",\"potentialAction\":[{\"@type\":\"ReadAction\",\"target\":[\"https:\/\/tallinndesignhouse.com\/toode\/korvarongad-nanotwist-lilla\/\"]}]},{\"@type\":\"ImageObject\",\"inLanguage\":\"en-US\",\"@id\":\"https:\/\/tallinndesignhouse.com\/toode\/korvarongad-nanotwist-lilla\/#primaryimage\",\"url\":\"https:\/\/tallinndesignhouse.com\/wp-content\/uploads\/2023\/05\/Kadi_Veesaar__Nano_Twist_earrings_putplr1_1024x1024.jpg\",\"contentUrl\":\"https:\/\/tallinndesignhouse.com\/wp-content\/uploads\/2023\/05\/Kadi_Veesaar__Nano_Twist_earrings_putplr1_1024x1024.jpg\",\"width\":1024,\"height\":683,\"caption\":\"Kadi_Veesaar__Nano_Twist_earrings_purple\"},{\"@type\":\"BreadcrumbList\",\"@id\":\"https:\/\/tallinndesignhouse.com\/toode\/korvarongad-nanotwist-lilla\/#breadcrumb\",\"itemListElement\":[{\"@type\":\"ListItem\",\"position\":1,\"name\":\"Home\",\"item\":\"https:\/\/tallinndesignhouse.com\/en\/\"},{\"@type\":\"ListItem\",\"position\":2,\"name\":\"Shop\",\"item\":\"https:\/\/tallinndesignhouse.com\/en\/shop\/\"},{\"@type\":\"ListItem\",\"position\":3,\"name\":\"Earrings Nanotwist purple\"}]},{\"@type\":\"WebSite\",\"@id\":\"https:\/\/tallinndesignhouse.com\/#website\",\"url\":\"https:\/\/tallinndesignhouse.com\/\",\"name\":\"Tallinn Design House\",\"description\":\"Eesti disain Rotermanni kvartalis\",\"potentialAction\":[{\"@type\":\"SearchAction\",\"target\":{\"@type\":\"EntryPoint\",\"urlTemplate\":\"https:\/\/tallinndesignhouse.com\/?s={search_term_string}\"},\"query-input\":{\"@type\":\"PropertyValueSpecification\",\"valueRequired\":true,\"valueName\":\"search_term_string\"}}],\"inLanguage\":\"en-US\"}]}<\/script>\n<!-- \/ Yoast SEO plugin. -->","yoast_head_json":{"title":"Kadi Veesaar Earrings Nanotwist purple - Tallinn Design House","description":"Kadi Veesaar k\u00f5rvar\u00f5ngad NanoTwist lilla. K\u00f5ik k\u00f5rvar\u00f5ngapostid ja sidurid on valmistatud h\u00f5bedast. Suurus: 73 x 12 mm (pikkus x laius).","robots":{"index":"index","follow":"follow","max-snippet":"max-snippet:-1","max-image-preview":"max-image-preview:large","max-video-preview":"max-video-preview:-1"},"canonical":"https:\/\/tallinndesignhouse.com\/toode\/korvarongad-nanotwist-lilla\/","og_locale":"en_US","og_type":"article","og_title":"Kadi Veesaar Earrings Nanotwist purple - Tallinn Design House","og_description":"Kadi Veesaar k\u00f5rvar\u00f5ngad NanoTwist lilla. K\u00f5ik k\u00f5rvar\u00f5ngapostid ja sidurid on valmistatud h\u00f5bedast. Suurus: 73 x 12 mm (pikkus x laius).","og_url":"https:\/\/tallinndesignhouse.com\/toode\/korvarongad-nanotwist-lilla\/","og_site_name":"Tallinn Design House","article_modified_time":"2026-04-11T21:58:22+00:00","og_image":[{"width":1024,"height":683,"url":"https:\/\/tallinndesignhouse.com\/wp-content\/uploads\/2023\/05\/Kadi_Veesaar__Nano_Twist_earrings_putplr1_1024x1024.jpg","type":"image\/jpeg"}],"twitter_card":"summary_large_image","schema":{"@context":"https:\/\/schema.org","@graph":[{"@type":"WebPage","@id":"https:\/\/tallinndesignhouse.com\/toode\/korvarongad-nanotwist-lilla\/","url":"https:\/\/tallinndesignhouse.com\/toode\/korvarongad-nanotwist-lilla\/","name":"Kadi Veesaar Earrings Nanotwist purple - Tallinn Design House","isPartOf":{"@id":"https:\/\/tallinndesignhouse.com\/#website"},"primaryImageOfPage":{"@id":"https:\/\/tallinndesignhouse.com\/toode\/korvarongad-nanotwist-lilla\/#primaryimage"},"image":{"@id":"https:\/\/tallinndesignhouse.com\/toode\/korvarongad-nanotwist-lilla\/#primaryimage"},"thumbnailUrl":"https:\/\/tallinndesignhouse.com\/wp-content\/uploads\/2023\/05\/Kadi_Veesaar__Nano_Twist_earrings_putplr1_1024x1024.jpg","datePublished":"2023-05-25T11:30:29+00:00","dateModified":"2026-04-11T21:58:22+00:00","description":"Kadi Veesaar k\u00f5rvar\u00f5ngad NanoTwist lilla. K\u00f5ik k\u00f5rvar\u00f5ngapostid ja sidurid on valmistatud h\u00f5bedast. Suurus: 73 x 12 mm (pikkus x laius).","breadcrumb":{"@id":"https:\/\/tallinndesignhouse.com\/toode\/korvarongad-nanotwist-lilla\/#breadcrumb"},"inLanguage":"en-US","potentialAction":[{"@type":"ReadAction","target":["https:\/\/tallinndesignhouse.com\/toode\/korvarongad-nanotwist-lilla\/"]}]},{"@type":"ImageObject","inLanguage":"en-US","@id":"https:\/\/tallinndesignhouse.com\/toode\/korvarongad-nanotwist-lilla\/#primaryimage","url":"https:\/\/tallinndesignhouse.com\/wp-content\/uploads\/2023\/05\/Kadi_Veesaar__Nano_Twist_earrings_putplr1_1024x1024.jpg","contentUrl":"https:\/\/tallinndesignhouse.com\/wp-content\/uploads\/2023\/05\/Kadi_Veesaar__Nano_Twist_earrings_putplr1_1024x1024.jpg","width":1024,"height":683,"caption":"Kadi_Veesaar__Nano_Twist_earrings_purple"},{"@type":"BreadcrumbList","@id":"https:\/\/tallinndesignhouse.com\/toode\/korvarongad-nanotwist-lilla\/#breadcrumb","itemListElement":[{"@type":"ListItem","position":1,"name":"Home","item":"https:\/\/tallinndesignhouse.com\/en\/"},{"@type":"ListItem","position":2,"name":"Shop","item":"https:\/\/tallinndesignhouse.com\/en\/shop\/"},{"@type":"ListItem","position":3,"name":"Earrings Nanotwist purple"}]},{"@type":"WebSite","@id":"https:\/\/tallinndesignhouse.com\/#website","url":"https:\/\/tallinndesignhouse.com\/","name":"Tallinn Design House","description":"Eesti disain Rotermanni kvartalis","potentialAction":[{"@type":"SearchAction","target":{"@type":"EntryPoint","urlTemplate":"https:\/\/tallinndesignhouse.com\/?s={search_term_string}"},"query-input":{"@type":"PropertyValueSpecification","valueRequired":true,"valueName":"search_term_string"}}],"inLanguage":"en-US"}]}},"_links":{"self":[{"href":"https:\/\/tallinndesignhouse.com\/en\/wp-json\/wp\/v2\/product\/3316361","targetHints":{"allow":["GET"]}}],"collection":[{"href":"https:\/\/tallinndesignhouse.com\/en\/wp-json\/wp\/v2\/product"}],"about":[{"href":"https:\/\/tallinndesignhouse.com\/en\/wp-json\/wp\/v2\/types\/product"}],"wp:featuredmedia":[{"embeddable":true,"href":"https:\/\/tallinndesignhouse.com\/en\/wp-json\/wp\/v2\/media\/3290490"}],"wp:attachment":[{"href":"https:\/\/tallinndesignhouse.com\/en\/wp-json\/wp\/v2\/media?parent=3316361"}],"wp:term":[{"taxonomy":"product_brand","embeddable":true,"href":"https:\/\/tallinndesignhouse.com\/en\/wp-json\/wp\/v2\/product_brand?post=3316361"},{"taxonomy":"product_cat","embeddable":true,"href":"https:\/\/tallinndesignhouse.com\/en\/wp-json\/wp\/v2\/product_cat?post=3316361"},{"taxonomy":"product_tag","embeddable":true,"href":"https:\/\/tallinndesignhouse.com\/en\/wp-json\/wp\/v2\/product_tag?post=3316361"}],"curies":[{"name":"wp","href":"https:\/\/api.w.org\/{rel}","templated":true}]}}