{"id":3316416,"date":"2023-09-15T16:00:17","date_gmt":"2023-09-15T13:00:17","guid":{"rendered":"https:\/\/tallinndesignhouse.com\/toode\/portselantaldrik-sun-king-roosa-sinine-26-cm\/"},"modified":"2026-04-12T01:03:02","modified_gmt":"2026-04-11T22:03:02","slug":"portselantaldrik-sun-king-roosa-sinine-26-cm","status":"publish","type":"product","link":"https:\/\/tallinndesignhouse.com\/en\/toode\/portselantaldrik-sun-king-roosa-sinine-26-cm\/","title":{"rendered":"Sun King Porcelain Plate Pink-Blue 26 cm"},"content":{"rendered":"<p>The heart of the Sun King\u2019s porcelain tableware is a golden crowned seahorse, around which eye-catching marshmallow pastels and delicious darks revolve, much like the Sun King\u2019s residence in Versailles. These plates fill, especially the ones who eat with their eyes and heart too. The opportunity to combine dishes with each other adds playfulness to the Sun King series. Every new piece brings out the beauty of others even more proudly. In the series, you find dinner plates, dessert plates, mugs, and bowls. It\u2019s a perfect gift for those who believe in dreams and beauty. Material: bone china. Diameter: 26 cm.<\/p>\n","protected":false},"excerpt":{"rendered":"<p>The heart of the Sun King\u2019s porcelain tableware is a golden crowned seahorse, around which eye-catching marshmallow pastels and delicious darks revolve, much like the Sun King\u2019s residence in Versailles. These plates fill, especially the ones who eat with their eyes and heart too. The opportunity to combine dishes with each other adds playfulness to [&hellip;]<\/p>\n","protected":false},"featured_media":3296123,"template":"","meta":{"_acf_changed":false},"product_brand":[],"product_cat":[2224,2552],"product_tag":[2003],"class_list":{"0":"post-3316416","1":"product","2":"type-product","3":"status-publish","4":"has-post-thumbnail","6":"product_cat-ceramics-and-glass","7":"product_cat-home","8":"product_tag-home","9":"pa_brand-tanel-veenre","10":"pa_brand-tanel-veenre-en","12":"first","13":"instock","14":"taxable","15":"shipping-taxable","16":"purchasable","17":"product-type-simple"},"acf":[],"yoast_head":"<!-- This site is optimized with the Yoast SEO plugin v26.0 - https:\/\/yoast.com\/wordpress\/plugins\/seo\/ -->\n<title>Tanel Veenre Sun King Porcelain Plate Pink-Blue 26 cm - Tallinn Design House<\/title>\n<meta name=\"description\" content=\"Tanel Veenre portselantaldrik Sun King roosa-sinine 26 cm. Materjal: luuportselan. L\u00e4bim\u00f5\u00f5t: 26 cm.\" \/>\n<meta name=\"robots\" content=\"index, follow, max-snippet:-1, max-image-preview:large, max-video-preview:-1\" \/>\n<link rel=\"canonical\" href=\"https:\/\/tallinndesignhouse.com\/toode\/portselantaldrik-sun-king-roosa-sinine-26-cm\/\" \/>\n<meta property=\"og:locale\" content=\"en_US\" \/>\n<meta property=\"og:type\" content=\"article\" \/>\n<meta property=\"og:title\" content=\"Tanel Veenre Sun King Porcelain Plate Pink-Blue 26 cm - Tallinn Design House\" \/>\n<meta property=\"og:description\" content=\"Tanel Veenre portselantaldrik Sun King roosa-sinine 26 cm. Materjal: luuportselan. L\u00e4bim\u00f5\u00f5t: 26 cm.\" \/>\n<meta property=\"og:url\" content=\"https:\/\/tallinndesignhouse.com\/toode\/portselantaldrik-sun-king-roosa-sinine-26-cm\/\" \/>\n<meta property=\"og:site_name\" content=\"Tallinn Design House\" \/>\n<meta property=\"article:modified_time\" content=\"2026-04-11T22:03:02+00:00\" \/>\n<meta property=\"og:image\" content=\"https:\/\/tallinndesignhouse.com\/wp-content\/uploads\/2023\/09\/Tanel-Veenre-portselantaldrik-Sun-King-roosa-sinine-26-cm.jpg\" \/>\n\t<meta property=\"og:image:width\" content=\"1440\" \/>\n\t<meta property=\"og:image:height\" content=\"1800\" \/>\n\t<meta property=\"og:image:type\" content=\"image\/jpeg\" \/>\n<meta name=\"twitter:card\" content=\"summary_large_image\" \/>\n<meta name=\"twitter:label1\" content=\"Est. reading time\" \/>\n\t<meta name=\"twitter:data1\" content=\"1 minute\" \/>\n<script type=\"application\/ld+json\" class=\"yoast-schema-graph\">{\"@context\":\"https:\/\/schema.org\",\"@graph\":[{\"@type\":\"WebPage\",\"@id\":\"https:\/\/tallinndesignhouse.com\/toode\/portselantaldrik-sun-king-roosa-sinine-26-cm\/\",\"url\":\"https:\/\/tallinndesignhouse.com\/toode\/portselantaldrik-sun-king-roosa-sinine-26-cm\/\",\"name\":\"Tanel Veenre Sun King Porcelain Plate Pink-Blue 26 cm - Tallinn Design House\",\"isPartOf\":{\"@id\":\"https:\/\/tallinndesignhouse.com\/#website\"},\"primaryImageOfPage\":{\"@id\":\"https:\/\/tallinndesignhouse.com\/toode\/portselantaldrik-sun-king-roosa-sinine-26-cm\/#primaryimage\"},\"image\":{\"@id\":\"https:\/\/tallinndesignhouse.com\/toode\/portselantaldrik-sun-king-roosa-sinine-26-cm\/#primaryimage\"},\"thumbnailUrl\":\"https:\/\/tallinndesignhouse.com\/wp-content\/uploads\/2023\/09\/Tanel-Veenre-portselantaldrik-Sun-King-roosa-sinine-26-cm.jpg\",\"datePublished\":\"2023-09-15T13:00:17+00:00\",\"dateModified\":\"2026-04-11T22:03:02+00:00\",\"description\":\"Tanel Veenre portselantaldrik Sun King roosa-sinine 26 cm. Materjal: luuportselan. L\u00e4bim\u00f5\u00f5t: 26 cm.\",\"breadcrumb\":{\"@id\":\"https:\/\/tallinndesignhouse.com\/toode\/portselantaldrik-sun-king-roosa-sinine-26-cm\/#breadcrumb\"},\"inLanguage\":\"en-US\",\"potentialAction\":[{\"@type\":\"ReadAction\",\"target\":[\"https:\/\/tallinndesignhouse.com\/toode\/portselantaldrik-sun-king-roosa-sinine-26-cm\/\"]}]},{\"@type\":\"ImageObject\",\"inLanguage\":\"en-US\",\"@id\":\"https:\/\/tallinndesignhouse.com\/toode\/portselantaldrik-sun-king-roosa-sinine-26-cm\/#primaryimage\",\"url\":\"https:\/\/tallinndesignhouse.com\/wp-content\/uploads\/2023\/09\/Tanel-Veenre-portselantaldrik-Sun-King-roosa-sinine-26-cm.jpg\",\"contentUrl\":\"https:\/\/tallinndesignhouse.com\/wp-content\/uploads\/2023\/09\/Tanel-Veenre-portselantaldrik-Sun-King-roosa-sinine-26-cm.jpg\",\"width\":1440,\"height\":1800,\"caption\":\"Tanel Veenre portselantaldrik Sun King roosa-sinine 26 cm\"},{\"@type\":\"BreadcrumbList\",\"@id\":\"https:\/\/tallinndesignhouse.com\/toode\/portselantaldrik-sun-king-roosa-sinine-26-cm\/#breadcrumb\",\"itemListElement\":[{\"@type\":\"ListItem\",\"position\":1,\"name\":\"Home\",\"item\":\"https:\/\/tallinndesignhouse.com\/en\/\"},{\"@type\":\"ListItem\",\"position\":2,\"name\":\"Shop\",\"item\":\"https:\/\/tallinndesignhouse.com\/en\/shop\/\"},{\"@type\":\"ListItem\",\"position\":3,\"name\":\"Sun King Porcelain Plate Pink-Blue 26 cm\"}]},{\"@type\":\"WebSite\",\"@id\":\"https:\/\/tallinndesignhouse.com\/#website\",\"url\":\"https:\/\/tallinndesignhouse.com\/\",\"name\":\"Tallinn Design House\",\"description\":\"Eesti disain Rotermanni kvartalis\",\"potentialAction\":[{\"@type\":\"SearchAction\",\"target\":{\"@type\":\"EntryPoint\",\"urlTemplate\":\"https:\/\/tallinndesignhouse.com\/?s={search_term_string}\"},\"query-input\":{\"@type\":\"PropertyValueSpecification\",\"valueRequired\":true,\"valueName\":\"search_term_string\"}}],\"inLanguage\":\"en-US\"}]}<\/script>\n<!-- \/ Yoast SEO plugin. -->","yoast_head_json":{"title":"Tanel Veenre Sun King Porcelain Plate Pink-Blue 26 cm - Tallinn Design House","description":"Tanel Veenre portselantaldrik Sun King roosa-sinine 26 cm. Materjal: luuportselan. L\u00e4bim\u00f5\u00f5t: 26 cm.","robots":{"index":"index","follow":"follow","max-snippet":"max-snippet:-1","max-image-preview":"max-image-preview:large","max-video-preview":"max-video-preview:-1"},"canonical":"https:\/\/tallinndesignhouse.com\/toode\/portselantaldrik-sun-king-roosa-sinine-26-cm\/","og_locale":"en_US","og_type":"article","og_title":"Tanel Veenre Sun King Porcelain Plate Pink-Blue 26 cm - Tallinn Design House","og_description":"Tanel Veenre portselantaldrik Sun King roosa-sinine 26 cm. Materjal: luuportselan. L\u00e4bim\u00f5\u00f5t: 26 cm.","og_url":"https:\/\/tallinndesignhouse.com\/toode\/portselantaldrik-sun-king-roosa-sinine-26-cm\/","og_site_name":"Tallinn Design House","article_modified_time":"2026-04-11T22:03:02+00:00","og_image":[{"width":1440,"height":1800,"url":"https:\/\/tallinndesignhouse.com\/wp-content\/uploads\/2023\/09\/Tanel-Veenre-portselantaldrik-Sun-King-roosa-sinine-26-cm.jpg","type":"image\/jpeg"}],"twitter_card":"summary_large_image","twitter_misc":{"Est. reading time":"1 minute"},"schema":{"@context":"https:\/\/schema.org","@graph":[{"@type":"WebPage","@id":"https:\/\/tallinndesignhouse.com\/toode\/portselantaldrik-sun-king-roosa-sinine-26-cm\/","url":"https:\/\/tallinndesignhouse.com\/toode\/portselantaldrik-sun-king-roosa-sinine-26-cm\/","name":"Tanel Veenre Sun King Porcelain Plate Pink-Blue 26 cm - Tallinn Design House","isPartOf":{"@id":"https:\/\/tallinndesignhouse.com\/#website"},"primaryImageOfPage":{"@id":"https:\/\/tallinndesignhouse.com\/toode\/portselantaldrik-sun-king-roosa-sinine-26-cm\/#primaryimage"},"image":{"@id":"https:\/\/tallinndesignhouse.com\/toode\/portselantaldrik-sun-king-roosa-sinine-26-cm\/#primaryimage"},"thumbnailUrl":"https:\/\/tallinndesignhouse.com\/wp-content\/uploads\/2023\/09\/Tanel-Veenre-portselantaldrik-Sun-King-roosa-sinine-26-cm.jpg","datePublished":"2023-09-15T13:00:17+00:00","dateModified":"2026-04-11T22:03:02+00:00","description":"Tanel Veenre portselantaldrik Sun King roosa-sinine 26 cm. Materjal: luuportselan. L\u00e4bim\u00f5\u00f5t: 26 cm.","breadcrumb":{"@id":"https:\/\/tallinndesignhouse.com\/toode\/portselantaldrik-sun-king-roosa-sinine-26-cm\/#breadcrumb"},"inLanguage":"en-US","potentialAction":[{"@type":"ReadAction","target":["https:\/\/tallinndesignhouse.com\/toode\/portselantaldrik-sun-king-roosa-sinine-26-cm\/"]}]},{"@type":"ImageObject","inLanguage":"en-US","@id":"https:\/\/tallinndesignhouse.com\/toode\/portselantaldrik-sun-king-roosa-sinine-26-cm\/#primaryimage","url":"https:\/\/tallinndesignhouse.com\/wp-content\/uploads\/2023\/09\/Tanel-Veenre-portselantaldrik-Sun-King-roosa-sinine-26-cm.jpg","contentUrl":"https:\/\/tallinndesignhouse.com\/wp-content\/uploads\/2023\/09\/Tanel-Veenre-portselantaldrik-Sun-King-roosa-sinine-26-cm.jpg","width":1440,"height":1800,"caption":"Tanel Veenre portselantaldrik Sun King roosa-sinine 26 cm"},{"@type":"BreadcrumbList","@id":"https:\/\/tallinndesignhouse.com\/toode\/portselantaldrik-sun-king-roosa-sinine-26-cm\/#breadcrumb","itemListElement":[{"@type":"ListItem","position":1,"name":"Home","item":"https:\/\/tallinndesignhouse.com\/en\/"},{"@type":"ListItem","position":2,"name":"Shop","item":"https:\/\/tallinndesignhouse.com\/en\/shop\/"},{"@type":"ListItem","position":3,"name":"Sun King Porcelain Plate Pink-Blue 26 cm"}]},{"@type":"WebSite","@id":"https:\/\/tallinndesignhouse.com\/#website","url":"https:\/\/tallinndesignhouse.com\/","name":"Tallinn Design House","description":"Eesti disain Rotermanni kvartalis","potentialAction":[{"@type":"SearchAction","target":{"@type":"EntryPoint","urlTemplate":"https:\/\/tallinndesignhouse.com\/?s={search_term_string}"},"query-input":{"@type":"PropertyValueSpecification","valueRequired":true,"valueName":"search_term_string"}}],"inLanguage":"en-US"}]}},"_links":{"self":[{"href":"https:\/\/tallinndesignhouse.com\/en\/wp-json\/wp\/v2\/product\/3316416","targetHints":{"allow":["GET"]}}],"collection":[{"href":"https:\/\/tallinndesignhouse.com\/en\/wp-json\/wp\/v2\/product"}],"about":[{"href":"https:\/\/tallinndesignhouse.com\/en\/wp-json\/wp\/v2\/types\/product"}],"wp:featuredmedia":[{"embeddable":true,"href":"https:\/\/tallinndesignhouse.com\/en\/wp-json\/wp\/v2\/media\/3296123"}],"wp:attachment":[{"href":"https:\/\/tallinndesignhouse.com\/en\/wp-json\/wp\/v2\/media?parent=3316416"}],"wp:term":[{"taxonomy":"product_brand","embeddable":true,"href":"https:\/\/tallinndesignhouse.com\/en\/wp-json\/wp\/v2\/product_brand?post=3316416"},{"taxonomy":"product_cat","embeddable":true,"href":"https:\/\/tallinndesignhouse.com\/en\/wp-json\/wp\/v2\/product_cat?post=3316416"},{"taxonomy":"product_tag","embeddable":true,"href":"https:\/\/tallinndesignhouse.com\/en\/wp-json\/wp\/v2\/product_tag?post=3316416"}],"curies":[{"name":"wp","href":"https:\/\/api.w.org\/{rel}","templated":true}]}}