{"id":3316442,"date":"2023-08-02T16:00:21","date_gmt":"2023-08-02T13:00:21","guid":{"rendered":"https:\/\/tallinndesignhouse.com\/toode\/travertiinist-alus\/"},"modified":"2026-05-03T01:01:29","modified_gmt":"2026-05-02T22:01:29","slug":"travertiinist-alus","status":"publish","type":"product","link":"https:\/\/tallinndesignhouse.com\/en\/toode\/travertiinist-alus\/","title":{"rendered":"Travertiin Coaster"},"content":{"rendered":"<p>Inspired by crafting jewellery for people, we have extended our vision to create functional objects for your home. Our Home Collection is designed to bring beauty to your living space. The drink coasters showcase the natural beauty of travertine, a versatile stone renowned for its unique patterns and warm tones. Its sleek and minimalist design seamlessly complements any interior style. Use it as a sophisticated candle base or as protection for your furniture. The coasters add a touch of refinement to your coffee t\u0430ble or bar area and serve as functional pieces to ensure your furniture remains free from unsightly stains and watermarks. Size: 10 x 10 x 1 cm. Weight: 0.2 kg.<\/p>\n","protected":false},"excerpt":{"rendered":"<p>Inspired by crafting jewellery for people, we have extended our vision to create functional objects for your home. Our Home Collection is designed to bring beauty to your living space. The drink coasters showcase the natural beauty of travertine, a versatile stone renowned for its unique patterns and warm tones. Its sleek and minimalist design [&hellip;]<\/p>\n","protected":false},"featured_media":3293412,"template":"","meta":{"_acf_changed":false},"product_brand":[],"product_cat":[890,875],"product_tag":[1828],"class_list":{"0":"post-3316442","1":"product","2":"type-product","3":"status-publish","4":"has-post-thumbnail","6":"product_cat-sisustustooted","7":"product_cat-kodu","8":"product_tag-kodu","9":"pa_brand-onehe","10":"pa_brand-onehe-en","12":"first","13":"instock","14":"taxable","15":"shipping-taxable","16":"purchasable","17":"product-type-simple"},"acf":[],"yoast_head":"<!-- This site is optimized with the Yoast SEO plugin v26.0 - https:\/\/yoast.com\/wordpress\/plugins\/seo\/ -->\n<title>Onehe Travertiin Coaster - Tallinn Design House<\/title>\n<meta name=\"description\" content=\"Onehe travertiinist alus. Kasutage seda tassi- v\u00f5i k\u00fc\u00fcnlaalusena. M\u00f5\u00f5dud: 10 x 10 x 1 cm. Kaal: 0,2 kg.\" \/>\n<meta name=\"robots\" content=\"index, follow, max-snippet:-1, max-image-preview:large, max-video-preview:-1\" \/>\n<link rel=\"canonical\" href=\"https:\/\/tallinndesignhouse.com\/toode\/travertiinist-alus\/\" \/>\n<meta property=\"og:locale\" content=\"en_US\" \/>\n<meta property=\"og:type\" content=\"article\" \/>\n<meta property=\"og:title\" content=\"Onehe Travertiin Coaster - Tallinn Design House\" \/>\n<meta property=\"og:description\" content=\"Onehe travertiinist alus. Kasutage seda tassi- v\u00f5i k\u00fc\u00fcnlaalusena. M\u00f5\u00f5dud: 10 x 10 x 1 cm. Kaal: 0,2 kg.\" \/>\n<meta property=\"og:url\" content=\"https:\/\/tallinndesignhouse.com\/toode\/travertiinist-alus\/\" \/>\n<meta property=\"og:site_name\" content=\"Tallinn Design House\" \/>\n<meta property=\"article:modified_time\" content=\"2026-05-02T22:01:29+00:00\" \/>\n<meta property=\"og:image\" content=\"https:\/\/tallinndesignhouse.com\/wp-content\/uploads\/2023\/08\/Onehe-Travertiinist-alus.jpg\" \/>\n\t<meta property=\"og:image:width\" content=\"1125\" \/>\n\t<meta property=\"og:image:height\" content=\"1407\" \/>\n\t<meta property=\"og:image:type\" content=\"image\/jpeg\" \/>\n<meta name=\"twitter:card\" content=\"summary_large_image\" \/>\n<meta name=\"twitter:label1\" content=\"Est. reading time\" \/>\n\t<meta name=\"twitter:data1\" content=\"1 minute\" \/>\n<script type=\"application\/ld+json\" class=\"yoast-schema-graph\">{\"@context\":\"https:\/\/schema.org\",\"@graph\":[{\"@type\":\"WebPage\",\"@id\":\"https:\/\/tallinndesignhouse.com\/toode\/travertiinist-alus\/\",\"url\":\"https:\/\/tallinndesignhouse.com\/toode\/travertiinist-alus\/\",\"name\":\"Onehe Travertiin Coaster - Tallinn Design House\",\"isPartOf\":{\"@id\":\"https:\/\/tallinndesignhouse.com\/#website\"},\"primaryImageOfPage\":{\"@id\":\"https:\/\/tallinndesignhouse.com\/toode\/travertiinist-alus\/#primaryimage\"},\"image\":{\"@id\":\"https:\/\/tallinndesignhouse.com\/toode\/travertiinist-alus\/#primaryimage\"},\"thumbnailUrl\":\"https:\/\/tallinndesignhouse.com\/wp-content\/uploads\/2023\/08\/Onehe-Travertiinist-alus.jpg\",\"datePublished\":\"2023-08-02T13:00:21+00:00\",\"dateModified\":\"2026-05-02T22:01:29+00:00\",\"description\":\"Onehe travertiinist alus. Kasutage seda tassi- v\u00f5i k\u00fc\u00fcnlaalusena. M\u00f5\u00f5dud: 10 x 10 x 1 cm. Kaal: 0,2 kg.\",\"breadcrumb\":{\"@id\":\"https:\/\/tallinndesignhouse.com\/toode\/travertiinist-alus\/#breadcrumb\"},\"inLanguage\":\"en-US\",\"potentialAction\":[{\"@type\":\"ReadAction\",\"target\":[\"https:\/\/tallinndesignhouse.com\/toode\/travertiinist-alus\/\"]}]},{\"@type\":\"ImageObject\",\"inLanguage\":\"en-US\",\"@id\":\"https:\/\/tallinndesignhouse.com\/toode\/travertiinist-alus\/#primaryimage\",\"url\":\"https:\/\/tallinndesignhouse.com\/wp-content\/uploads\/2023\/08\/Onehe-Travertiinist-alus.jpg\",\"contentUrl\":\"https:\/\/tallinndesignhouse.com\/wp-content\/uploads\/2023\/08\/Onehe-Travertiinist-alus.jpg\",\"width\":1125,\"height\":1407,\"caption\":\"Onehe-Travertiinist-alus\"},{\"@type\":\"BreadcrumbList\",\"@id\":\"https:\/\/tallinndesignhouse.com\/toode\/travertiinist-alus\/#breadcrumb\",\"itemListElement\":[{\"@type\":\"ListItem\",\"position\":1,\"name\":\"Home\",\"item\":\"https:\/\/tallinndesignhouse.com\/en\/\"},{\"@type\":\"ListItem\",\"position\":2,\"name\":\"Shop\",\"item\":\"https:\/\/tallinndesignhouse.com\/en\/shop\/\"},{\"@type\":\"ListItem\",\"position\":3,\"name\":\"Travertiin Coaster\"}]},{\"@type\":\"WebSite\",\"@id\":\"https:\/\/tallinndesignhouse.com\/#website\",\"url\":\"https:\/\/tallinndesignhouse.com\/\",\"name\":\"Tallinn Design House\",\"description\":\"Eesti disain Rotermanni kvartalis\",\"potentialAction\":[{\"@type\":\"SearchAction\",\"target\":{\"@type\":\"EntryPoint\",\"urlTemplate\":\"https:\/\/tallinndesignhouse.com\/?s={search_term_string}\"},\"query-input\":{\"@type\":\"PropertyValueSpecification\",\"valueRequired\":true,\"valueName\":\"search_term_string\"}}],\"inLanguage\":\"en-US\"}]}<\/script>\n<!-- \/ Yoast SEO plugin. -->","yoast_head_json":{"title":"Onehe Travertiin Coaster - Tallinn Design House","description":"Onehe travertiinist alus. Kasutage seda tassi- v\u00f5i k\u00fc\u00fcnlaalusena. M\u00f5\u00f5dud: 10 x 10 x 1 cm. Kaal: 0,2 kg.","robots":{"index":"index","follow":"follow","max-snippet":"max-snippet:-1","max-image-preview":"max-image-preview:large","max-video-preview":"max-video-preview:-1"},"canonical":"https:\/\/tallinndesignhouse.com\/toode\/travertiinist-alus\/","og_locale":"en_US","og_type":"article","og_title":"Onehe Travertiin Coaster - Tallinn Design House","og_description":"Onehe travertiinist alus. Kasutage seda tassi- v\u00f5i k\u00fc\u00fcnlaalusena. M\u00f5\u00f5dud: 10 x 10 x 1 cm. Kaal: 0,2 kg.","og_url":"https:\/\/tallinndesignhouse.com\/toode\/travertiinist-alus\/","og_site_name":"Tallinn Design House","article_modified_time":"2026-05-02T22:01:29+00:00","og_image":[{"width":1125,"height":1407,"url":"https:\/\/tallinndesignhouse.com\/wp-content\/uploads\/2023\/08\/Onehe-Travertiinist-alus.jpg","type":"image\/jpeg"}],"twitter_card":"summary_large_image","twitter_misc":{"Est. reading time":"1 minute"},"schema":{"@context":"https:\/\/schema.org","@graph":[{"@type":"WebPage","@id":"https:\/\/tallinndesignhouse.com\/toode\/travertiinist-alus\/","url":"https:\/\/tallinndesignhouse.com\/toode\/travertiinist-alus\/","name":"Onehe Travertiin Coaster - Tallinn Design House","isPartOf":{"@id":"https:\/\/tallinndesignhouse.com\/#website"},"primaryImageOfPage":{"@id":"https:\/\/tallinndesignhouse.com\/toode\/travertiinist-alus\/#primaryimage"},"image":{"@id":"https:\/\/tallinndesignhouse.com\/toode\/travertiinist-alus\/#primaryimage"},"thumbnailUrl":"https:\/\/tallinndesignhouse.com\/wp-content\/uploads\/2023\/08\/Onehe-Travertiinist-alus.jpg","datePublished":"2023-08-02T13:00:21+00:00","dateModified":"2026-05-02T22:01:29+00:00","description":"Onehe travertiinist alus. Kasutage seda tassi- v\u00f5i k\u00fc\u00fcnlaalusena. M\u00f5\u00f5dud: 10 x 10 x 1 cm. Kaal: 0,2 kg.","breadcrumb":{"@id":"https:\/\/tallinndesignhouse.com\/toode\/travertiinist-alus\/#breadcrumb"},"inLanguage":"en-US","potentialAction":[{"@type":"ReadAction","target":["https:\/\/tallinndesignhouse.com\/toode\/travertiinist-alus\/"]}]},{"@type":"ImageObject","inLanguage":"en-US","@id":"https:\/\/tallinndesignhouse.com\/toode\/travertiinist-alus\/#primaryimage","url":"https:\/\/tallinndesignhouse.com\/wp-content\/uploads\/2023\/08\/Onehe-Travertiinist-alus.jpg","contentUrl":"https:\/\/tallinndesignhouse.com\/wp-content\/uploads\/2023\/08\/Onehe-Travertiinist-alus.jpg","width":1125,"height":1407,"caption":"Onehe-Travertiinist-alus"},{"@type":"BreadcrumbList","@id":"https:\/\/tallinndesignhouse.com\/toode\/travertiinist-alus\/#breadcrumb","itemListElement":[{"@type":"ListItem","position":1,"name":"Home","item":"https:\/\/tallinndesignhouse.com\/en\/"},{"@type":"ListItem","position":2,"name":"Shop","item":"https:\/\/tallinndesignhouse.com\/en\/shop\/"},{"@type":"ListItem","position":3,"name":"Travertiin Coaster"}]},{"@type":"WebSite","@id":"https:\/\/tallinndesignhouse.com\/#website","url":"https:\/\/tallinndesignhouse.com\/","name":"Tallinn Design House","description":"Eesti disain Rotermanni kvartalis","potentialAction":[{"@type":"SearchAction","target":{"@type":"EntryPoint","urlTemplate":"https:\/\/tallinndesignhouse.com\/?s={search_term_string}"},"query-input":{"@type":"PropertyValueSpecification","valueRequired":true,"valueName":"search_term_string"}}],"inLanguage":"en-US"}]}},"_links":{"self":[{"href":"https:\/\/tallinndesignhouse.com\/en\/wp-json\/wp\/v2\/product\/3316442","targetHints":{"allow":["GET"]}}],"collection":[{"href":"https:\/\/tallinndesignhouse.com\/en\/wp-json\/wp\/v2\/product"}],"about":[{"href":"https:\/\/tallinndesignhouse.com\/en\/wp-json\/wp\/v2\/types\/product"}],"wp:featuredmedia":[{"embeddable":true,"href":"https:\/\/tallinndesignhouse.com\/en\/wp-json\/wp\/v2\/media\/3293412"}],"wp:attachment":[{"href":"https:\/\/tallinndesignhouse.com\/en\/wp-json\/wp\/v2\/media?parent=3316442"}],"wp:term":[{"taxonomy":"product_brand","embeddable":true,"href":"https:\/\/tallinndesignhouse.com\/en\/wp-json\/wp\/v2\/product_brand?post=3316442"},{"taxonomy":"product_cat","embeddable":true,"href":"https:\/\/tallinndesignhouse.com\/en\/wp-json\/wp\/v2\/product_cat?post=3316442"},{"taxonomy":"product_tag","embeddable":true,"href":"https:\/\/tallinndesignhouse.com\/en\/wp-json\/wp\/v2\/product_tag?post=3316442"}],"curies":[{"name":"wp","href":"https:\/\/api.w.org\/{rel}","templated":true}]}}