{"id":3316510,"date":"2023-03-29T20:00:14","date_gmt":"2023-03-29T17:00:14","guid":{"rendered":"https:\/\/tallinndesignhouse.com\/toode\/vaike-kauss\/"},"modified":"2026-05-02T01:02:27","modified_gmt":"2026-05-01T22:02:27","slug":"vaike-kauss","status":"publish","type":"product","link":"https:\/\/tallinndesignhouse.com\/en\/toode\/vaike-kauss\/","title":{"rendered":"Small bowl"},"content":{"rendered":"<p>N\u00fc\u00fcd Ceramics creates items that are based on simple geometric forms. Having given up on almost every kind of decorations, we want to emphasise the character and aesthetics of a variety of materials. All stages of production through to completion are performed by hand: prototyping, mould creation, item moulding and surface treatment. As such, every object has a certain originality and is unique. Material: coloured porcelain, concrete. Dimensions: 17 cm. Care: hand wash only.<\/p>\n","protected":false},"excerpt":{"rendered":"<p>N\u00fc\u00fcd Ceramics creates items that are based on simple geometric forms. Having given up on almost every kind of decorations, we want to emphasise the character and aesthetics of a variety of materials. All stages of production through to completion are performed by hand: prototyping, mould creation, item moulding and surface treatment. As such, every [&hellip;]<\/p>\n","protected":false},"featured_media":3258868,"template":"","meta":{"_acf_changed":false},"product_brand":[],"product_cat":[2552,2224],"product_tag":[1828],"class_list":{"0":"post-3316510","1":"product","2":"type-product","3":"status-publish","4":"has-post-thumbnail","6":"product_cat-home","7":"product_cat-ceramics-and-glass","8":"product_tag-kodu","9":"pa_brand-nuud-ceramics-en","11":"pa_materjal-toonitud-portselan-en","13":"pa_mudel-small-bowl-en","15":"pa_suurus-d17-en","17":"pa_varv-blue-en","18":"pa_varv-beige-en","20":"pa_varv-white-en-en","21":"pa_varv-green-en","22":"pa_varv-yellow-en","25":"pa_varv-black-en","28":"pa_varv-pink-en","32":"first","33":"instock","34":"taxable","35":"shipping-taxable","36":"purchasable","37":"product-type-variable"},"acf":[],"yoast_head":"<!-- This site is optimized with the Yoast SEO plugin v26.0 - https:\/\/yoast.com\/wordpress\/plugins\/seo\/ -->\n<title>N\u00fc\u00fcd Ceramics Small bowl - Tallinn Design House<\/title>\n<meta name=\"description\" content=\"N\u00fc\u00fcd Ceramics v\u00e4ike kauss. Materjal: toonitud portselan. L\u00e4bim\u00f5\u00f5t: 17 cm. Hooldus: k\u00e4sipesu.\" \/>\n<meta name=\"robots\" content=\"index, follow, max-snippet:-1, max-image-preview:large, max-video-preview:-1\" \/>\n<link rel=\"canonical\" href=\"https:\/\/tallinndesignhouse.com\/toode\/vaike-kauss\/\" \/>\n<meta property=\"og:locale\" content=\"en_US\" \/>\n<meta property=\"og:type\" content=\"article\" \/>\n<meta property=\"og:title\" content=\"N\u00fc\u00fcd Ceramics Small bowl - Tallinn Design House\" \/>\n<meta property=\"og:description\" content=\"N\u00fc\u00fcd Ceramics v\u00e4ike kauss. Materjal: toonitud portselan. L\u00e4bim\u00f5\u00f5t: 17 cm. Hooldus: k\u00e4sipesu.\" \/>\n<meta property=\"og:url\" content=\"https:\/\/tallinndesignhouse.com\/toode\/vaike-kauss\/\" \/>\n<meta property=\"og:site_name\" content=\"Tallinn Design House\" \/>\n<meta property=\"article:modified_time\" content=\"2026-05-01T22:02:27+00:00\" \/>\n<meta property=\"og:image\" content=\"https:\/\/tallinndesignhouse.com\/wp-content\/uploads\/2023\/03\/Nuud-Ceramics-vaike-kauss-valge.jpg\" \/>\n\t<meta property=\"og:image:width\" content=\"1080\" \/>\n\t<meta property=\"og:image:height\" content=\"1350\" \/>\n\t<meta property=\"og:image:type\" content=\"image\/jpeg\" \/>\n<meta name=\"twitter:card\" content=\"summary_large_image\" \/>\n<script type=\"application\/ld+json\" class=\"yoast-schema-graph\">{\"@context\":\"https:\/\/schema.org\",\"@graph\":[{\"@type\":\"WebPage\",\"@id\":\"https:\/\/tallinndesignhouse.com\/toode\/vaike-kauss\/\",\"url\":\"https:\/\/tallinndesignhouse.com\/toode\/vaike-kauss\/\",\"name\":\"N\u00fc\u00fcd Ceramics Small bowl - Tallinn Design House\",\"isPartOf\":{\"@id\":\"https:\/\/tallinndesignhouse.com\/#website\"},\"primaryImageOfPage\":{\"@id\":\"https:\/\/tallinndesignhouse.com\/toode\/vaike-kauss\/#primaryimage\"},\"image\":{\"@id\":\"https:\/\/tallinndesignhouse.com\/toode\/vaike-kauss\/#primaryimage\"},\"thumbnailUrl\":\"https:\/\/tallinndesignhouse.com\/wp-content\/uploads\/2023\/03\/Nuud-Ceramics-vaike-kauss-valge.jpg\",\"datePublished\":\"2023-03-29T17:00:14+00:00\",\"dateModified\":\"2026-05-01T22:02:27+00:00\",\"description\":\"N\u00fc\u00fcd Ceramics v\u00e4ike kauss. Materjal: toonitud portselan. L\u00e4bim\u00f5\u00f5t: 17 cm. Hooldus: k\u00e4sipesu.\",\"breadcrumb\":{\"@id\":\"https:\/\/tallinndesignhouse.com\/toode\/vaike-kauss\/#breadcrumb\"},\"inLanguage\":\"en-US\",\"potentialAction\":[{\"@type\":\"ReadAction\",\"target\":[\"https:\/\/tallinndesignhouse.com\/toode\/vaike-kauss\/\"]}]},{\"@type\":\"ImageObject\",\"inLanguage\":\"en-US\",\"@id\":\"https:\/\/tallinndesignhouse.com\/toode\/vaike-kauss\/#primaryimage\",\"url\":\"https:\/\/tallinndesignhouse.com\/wp-content\/uploads\/2023\/03\/Nuud-Ceramics-vaike-kauss-valge.jpg\",\"contentUrl\":\"https:\/\/tallinndesignhouse.com\/wp-content\/uploads\/2023\/03\/Nuud-Ceramics-vaike-kauss-valge.jpg\",\"width\":1080,\"height\":1350,\"caption\":\"Nu\u0308u\u0308d Ceramics va\u0308ike kauss valge\"},{\"@type\":\"BreadcrumbList\",\"@id\":\"https:\/\/tallinndesignhouse.com\/toode\/vaike-kauss\/#breadcrumb\",\"itemListElement\":[{\"@type\":\"ListItem\",\"position\":1,\"name\":\"Home\",\"item\":\"https:\/\/tallinndesignhouse.com\/en\/\"},{\"@type\":\"ListItem\",\"position\":2,\"name\":\"Shop\",\"item\":\"https:\/\/tallinndesignhouse.com\/en\/shop\/\"},{\"@type\":\"ListItem\",\"position\":3,\"name\":\"Small bowl\"}]},{\"@type\":\"WebSite\",\"@id\":\"https:\/\/tallinndesignhouse.com\/#website\",\"url\":\"https:\/\/tallinndesignhouse.com\/\",\"name\":\"Tallinn Design House\",\"description\":\"Eesti disain Rotermanni kvartalis\",\"potentialAction\":[{\"@type\":\"SearchAction\",\"target\":{\"@type\":\"EntryPoint\",\"urlTemplate\":\"https:\/\/tallinndesignhouse.com\/?s={search_term_string}\"},\"query-input\":{\"@type\":\"PropertyValueSpecification\",\"valueRequired\":true,\"valueName\":\"search_term_string\"}}],\"inLanguage\":\"en-US\"}]}<\/script>\n<!-- \/ Yoast SEO plugin. -->","yoast_head_json":{"title":"N\u00fc\u00fcd Ceramics Small bowl - Tallinn Design House","description":"N\u00fc\u00fcd Ceramics v\u00e4ike kauss. Materjal: toonitud portselan. L\u00e4bim\u00f5\u00f5t: 17 cm. Hooldus: k\u00e4sipesu.","robots":{"index":"index","follow":"follow","max-snippet":"max-snippet:-1","max-image-preview":"max-image-preview:large","max-video-preview":"max-video-preview:-1"},"canonical":"https:\/\/tallinndesignhouse.com\/toode\/vaike-kauss\/","og_locale":"en_US","og_type":"article","og_title":"N\u00fc\u00fcd Ceramics Small bowl - Tallinn Design House","og_description":"N\u00fc\u00fcd Ceramics v\u00e4ike kauss. Materjal: toonitud portselan. L\u00e4bim\u00f5\u00f5t: 17 cm. Hooldus: k\u00e4sipesu.","og_url":"https:\/\/tallinndesignhouse.com\/toode\/vaike-kauss\/","og_site_name":"Tallinn Design House","article_modified_time":"2026-05-01T22:02:27+00:00","og_image":[{"width":1080,"height":1350,"url":"https:\/\/tallinndesignhouse.com\/wp-content\/uploads\/2023\/03\/Nuud-Ceramics-vaike-kauss-valge.jpg","type":"image\/jpeg"}],"twitter_card":"summary_large_image","schema":{"@context":"https:\/\/schema.org","@graph":[{"@type":"WebPage","@id":"https:\/\/tallinndesignhouse.com\/toode\/vaike-kauss\/","url":"https:\/\/tallinndesignhouse.com\/toode\/vaike-kauss\/","name":"N\u00fc\u00fcd Ceramics Small bowl - Tallinn Design House","isPartOf":{"@id":"https:\/\/tallinndesignhouse.com\/#website"},"primaryImageOfPage":{"@id":"https:\/\/tallinndesignhouse.com\/toode\/vaike-kauss\/#primaryimage"},"image":{"@id":"https:\/\/tallinndesignhouse.com\/toode\/vaike-kauss\/#primaryimage"},"thumbnailUrl":"https:\/\/tallinndesignhouse.com\/wp-content\/uploads\/2023\/03\/Nuud-Ceramics-vaike-kauss-valge.jpg","datePublished":"2023-03-29T17:00:14+00:00","dateModified":"2026-05-01T22:02:27+00:00","description":"N\u00fc\u00fcd Ceramics v\u00e4ike kauss. Materjal: toonitud portselan. L\u00e4bim\u00f5\u00f5t: 17 cm. Hooldus: k\u00e4sipesu.","breadcrumb":{"@id":"https:\/\/tallinndesignhouse.com\/toode\/vaike-kauss\/#breadcrumb"},"inLanguage":"en-US","potentialAction":[{"@type":"ReadAction","target":["https:\/\/tallinndesignhouse.com\/toode\/vaike-kauss\/"]}]},{"@type":"ImageObject","inLanguage":"en-US","@id":"https:\/\/tallinndesignhouse.com\/toode\/vaike-kauss\/#primaryimage","url":"https:\/\/tallinndesignhouse.com\/wp-content\/uploads\/2023\/03\/Nuud-Ceramics-vaike-kauss-valge.jpg","contentUrl":"https:\/\/tallinndesignhouse.com\/wp-content\/uploads\/2023\/03\/Nuud-Ceramics-vaike-kauss-valge.jpg","width":1080,"height":1350,"caption":"Nu\u0308u\u0308d Ceramics va\u0308ike kauss valge"},{"@type":"BreadcrumbList","@id":"https:\/\/tallinndesignhouse.com\/toode\/vaike-kauss\/#breadcrumb","itemListElement":[{"@type":"ListItem","position":1,"name":"Home","item":"https:\/\/tallinndesignhouse.com\/en\/"},{"@type":"ListItem","position":2,"name":"Shop","item":"https:\/\/tallinndesignhouse.com\/en\/shop\/"},{"@type":"ListItem","position":3,"name":"Small bowl"}]},{"@type":"WebSite","@id":"https:\/\/tallinndesignhouse.com\/#website","url":"https:\/\/tallinndesignhouse.com\/","name":"Tallinn Design House","description":"Eesti disain Rotermanni kvartalis","potentialAction":[{"@type":"SearchAction","target":{"@type":"EntryPoint","urlTemplate":"https:\/\/tallinndesignhouse.com\/?s={search_term_string}"},"query-input":{"@type":"PropertyValueSpecification","valueRequired":true,"valueName":"search_term_string"}}],"inLanguage":"en-US"}]}},"_links":{"self":[{"href":"https:\/\/tallinndesignhouse.com\/en\/wp-json\/wp\/v2\/product\/3316510","targetHints":{"allow":["GET"]}}],"collection":[{"href":"https:\/\/tallinndesignhouse.com\/en\/wp-json\/wp\/v2\/product"}],"about":[{"href":"https:\/\/tallinndesignhouse.com\/en\/wp-json\/wp\/v2\/types\/product"}],"wp:featuredmedia":[{"embeddable":true,"href":"https:\/\/tallinndesignhouse.com\/en\/wp-json\/wp\/v2\/media\/3258868"}],"wp:attachment":[{"href":"https:\/\/tallinndesignhouse.com\/en\/wp-json\/wp\/v2\/media?parent=3316510"}],"wp:term":[{"taxonomy":"product_brand","embeddable":true,"href":"https:\/\/tallinndesignhouse.com\/en\/wp-json\/wp\/v2\/product_brand?post=3316510"},{"taxonomy":"product_cat","embeddable":true,"href":"https:\/\/tallinndesignhouse.com\/en\/wp-json\/wp\/v2\/product_cat?post=3316510"},{"taxonomy":"product_tag","embeddable":true,"href":"https:\/\/tallinndesignhouse.com\/en\/wp-json\/wp\/v2\/product_tag?post=3316510"}],"curies":[{"name":"wp","href":"https:\/\/api.w.org\/{rel}","templated":true}]}}