{"id":3316522,"date":"2023-02-28T15:30:08","date_gmt":"2023-02-28T13:30:08","guid":{"rendered":"https:\/\/tallinndesignhouse.com\/toode\/puksid-tilda\/"},"modified":"2026-04-12T01:00:57","modified_gmt":"2026-04-11T22:00:57","slug":"puksid-tilda","status":"publish","type":"product","link":"https:\/\/tallinndesignhouse.com\/en\/toode\/puksid-tilda\/","title":{"rendered":"Trousers Tilda"},"content":{"rendered":"<p>Tilda is \u00c4rni Blum\u00b4s first loungewear, which was created so that every woman can feel beautiful and cared. Thanks to its simple and elegant cut, loungewear Tilda suits all female shapes. Designed and handmade in Estonia, Saaremaa. Material: 100% Italian merino wool. Care instructions: hand wash up to 20-30\u00baC (cold). Do not rub, twist or leave the fabric wet. Dry flat. Always leave the form knit to dry after washing. Those who take care will last a long time!<\/p>\n","protected":false},"excerpt":{"rendered":"<p>Tilda is \u00c4rni Blum\u00b4s first loungewear, which was created so that every woman can feel beautiful and cared. Thanks to its simple and elegant cut, loungewear Tilda suits all female shapes. Designed and handmade in Estonia, Saaremaa. Material: 100% Italian merino wool. Care instructions: hand wash up to 20-30\u00baC (cold). Do not rub, twist or [&hellip;]<\/p>\n","protected":false},"featured_media":3293698,"template":"","meta":{"_acf_changed":false},"product_brand":[],"product_cat":[2837,3552,3718,2013],"product_tag":[2819],"class_list":{"0":"post-3316522","1":"product","2":"type-product","3":"status-publish","4":"has-post-thumbnail","6":"product_cat-clothes","7":"product_cat-natural-materials-en","8":"product_cat-winter-style","9":"product_cat-pants","10":"product_tag-women","11":"pa_brand-arni-blum","12":"pa_brand-arni-blum-en","13":"pa_suurus-m-l","14":"pa_suurus-m-l-en","15":"pa_suurus-s-m","16":"pa_suurus-s-m-en","17":"pa_varv-black-en","18":"pa_varv-helebeez","19":"pa_varv-light-beige-en","20":"pa_varv-must","22":"first","23":"instock","24":"taxable","25":"shipping-taxable","26":"purchasable","27":"product-type-variable"},"acf":[],"yoast_head":"<!-- This site is optimized with the Yoast SEO plugin v26.0 - https:\/\/yoast.com\/wordpress\/plugins\/seo\/ -->\n<title>\u00c4rni Blum Trousers Tilda - Tallinn Design House<\/title>\n<meta name=\"description\" content=\"\u00c4rni Blum p\u00fcksid Tilda. Tilda on NirgiWabriku esimene loungewear, mis sai loodud selleks, et ka kodus saaks iga naine end tunda ilusa ning hoituna.\" \/>\n<meta name=\"robots\" content=\"index, follow, max-snippet:-1, max-image-preview:large, max-video-preview:-1\" \/>\n<link rel=\"canonical\" href=\"https:\/\/tallinndesignhouse.com\/toode\/puksid-tilda\/\" \/>\n<meta property=\"og:locale\" content=\"en_US\" \/>\n<meta property=\"og:type\" content=\"article\" \/>\n<meta property=\"og:title\" content=\"\u00c4rni Blum Trousers Tilda - Tallinn Design House\" \/>\n<meta property=\"og:description\" content=\"\u00c4rni Blum p\u00fcksid Tilda. Tilda on NirgiWabriku esimene loungewear, mis sai loodud selleks, et ka kodus saaks iga naine end tunda ilusa ning hoituna.\" \/>\n<meta property=\"og:url\" content=\"https:\/\/tallinndesignhouse.com\/toode\/puksid-tilda\/\" \/>\n<meta property=\"og:site_name\" content=\"Tallinn Design House\" \/>\n<meta property=\"article:modified_time\" content=\"2026-04-11T22:00:57+00:00\" \/>\n<meta property=\"og:image\" content=\"https:\/\/tallinndesignhouse.com\/wp-content\/uploads\/2023\/02\/Arni-Blum-Tilda-puksid3.jpg\" \/>\n\t<meta property=\"og:image:width\" content=\"768\" \/>\n\t<meta property=\"og:image:height\" content=\"1152\" \/>\n\t<meta property=\"og:image:type\" content=\"image\/jpeg\" \/>\n<meta name=\"twitter:card\" content=\"summary_large_image\" \/>\n<script type=\"application\/ld+json\" class=\"yoast-schema-graph\">{\"@context\":\"https:\/\/schema.org\",\"@graph\":[{\"@type\":\"WebPage\",\"@id\":\"https:\/\/tallinndesignhouse.com\/toode\/puksid-tilda\/\",\"url\":\"https:\/\/tallinndesignhouse.com\/toode\/puksid-tilda\/\",\"name\":\"\u00c4rni Blum Trousers Tilda - Tallinn Design House\",\"isPartOf\":{\"@id\":\"https:\/\/tallinndesignhouse.com\/#website\"},\"primaryImageOfPage\":{\"@id\":\"https:\/\/tallinndesignhouse.com\/toode\/puksid-tilda\/#primaryimage\"},\"image\":{\"@id\":\"https:\/\/tallinndesignhouse.com\/toode\/puksid-tilda\/#primaryimage\"},\"thumbnailUrl\":\"https:\/\/tallinndesignhouse.com\/wp-content\/uploads\/2023\/02\/Arni-Blum-Tilda-puksid3.jpg\",\"datePublished\":\"2023-02-28T13:30:08+00:00\",\"dateModified\":\"2026-04-11T22:00:57+00:00\",\"description\":\"\u00c4rni Blum p\u00fcksid Tilda. Tilda on NirgiWabriku esimene loungewear, mis sai loodud selleks, et ka kodus saaks iga naine end tunda ilusa ning hoituna.\",\"breadcrumb\":{\"@id\":\"https:\/\/tallinndesignhouse.com\/toode\/puksid-tilda\/#breadcrumb\"},\"inLanguage\":\"en-US\",\"potentialAction\":[{\"@type\":\"ReadAction\",\"target\":[\"https:\/\/tallinndesignhouse.com\/toode\/puksid-tilda\/\"]}]},{\"@type\":\"ImageObject\",\"inLanguage\":\"en-US\",\"@id\":\"https:\/\/tallinndesignhouse.com\/toode\/puksid-tilda\/#primaryimage\",\"url\":\"https:\/\/tallinndesignhouse.com\/wp-content\/uploads\/2023\/02\/Arni-Blum-Tilda-puksid3.jpg\",\"contentUrl\":\"https:\/\/tallinndesignhouse.com\/wp-content\/uploads\/2023\/02\/Arni-Blum-Tilda-puksid3.jpg\",\"width\":768,\"height\":1152,\"caption\":\"A\u0308rni-Blum-Tilda-pu\u0308ksid3\"},{\"@type\":\"BreadcrumbList\",\"@id\":\"https:\/\/tallinndesignhouse.com\/toode\/puksid-tilda\/#breadcrumb\",\"itemListElement\":[{\"@type\":\"ListItem\",\"position\":1,\"name\":\"Home\",\"item\":\"https:\/\/tallinndesignhouse.com\/en\/\"},{\"@type\":\"ListItem\",\"position\":2,\"name\":\"Shop\",\"item\":\"https:\/\/tallinndesignhouse.com\/en\/shop\/\"},{\"@type\":\"ListItem\",\"position\":3,\"name\":\"Trousers Tilda\"}]},{\"@type\":\"WebSite\",\"@id\":\"https:\/\/tallinndesignhouse.com\/#website\",\"url\":\"https:\/\/tallinndesignhouse.com\/\",\"name\":\"Tallinn Design House\",\"description\":\"Eesti disain Rotermanni kvartalis\",\"potentialAction\":[{\"@type\":\"SearchAction\",\"target\":{\"@type\":\"EntryPoint\",\"urlTemplate\":\"https:\/\/tallinndesignhouse.com\/?s={search_term_string}\"},\"query-input\":{\"@type\":\"PropertyValueSpecification\",\"valueRequired\":true,\"valueName\":\"search_term_string\"}}],\"inLanguage\":\"en-US\"}]}<\/script>\n<!-- \/ Yoast SEO plugin. -->","yoast_head_json":{"title":"\u00c4rni Blum Trousers Tilda - Tallinn Design House","description":"\u00c4rni Blum p\u00fcksid Tilda. Tilda on NirgiWabriku esimene loungewear, mis sai loodud selleks, et ka kodus saaks iga naine end tunda ilusa ning hoituna.","robots":{"index":"index","follow":"follow","max-snippet":"max-snippet:-1","max-image-preview":"max-image-preview:large","max-video-preview":"max-video-preview:-1"},"canonical":"https:\/\/tallinndesignhouse.com\/toode\/puksid-tilda\/","og_locale":"en_US","og_type":"article","og_title":"\u00c4rni Blum Trousers Tilda - Tallinn Design House","og_description":"\u00c4rni Blum p\u00fcksid Tilda. Tilda on NirgiWabriku esimene loungewear, mis sai loodud selleks, et ka kodus saaks iga naine end tunda ilusa ning hoituna.","og_url":"https:\/\/tallinndesignhouse.com\/toode\/puksid-tilda\/","og_site_name":"Tallinn Design House","article_modified_time":"2026-04-11T22:00:57+00:00","og_image":[{"width":768,"height":1152,"url":"https:\/\/tallinndesignhouse.com\/wp-content\/uploads\/2023\/02\/Arni-Blum-Tilda-puksid3.jpg","type":"image\/jpeg"}],"twitter_card":"summary_large_image","schema":{"@context":"https:\/\/schema.org","@graph":[{"@type":"WebPage","@id":"https:\/\/tallinndesignhouse.com\/toode\/puksid-tilda\/","url":"https:\/\/tallinndesignhouse.com\/toode\/puksid-tilda\/","name":"\u00c4rni Blum Trousers Tilda - Tallinn Design House","isPartOf":{"@id":"https:\/\/tallinndesignhouse.com\/#website"},"primaryImageOfPage":{"@id":"https:\/\/tallinndesignhouse.com\/toode\/puksid-tilda\/#primaryimage"},"image":{"@id":"https:\/\/tallinndesignhouse.com\/toode\/puksid-tilda\/#primaryimage"},"thumbnailUrl":"https:\/\/tallinndesignhouse.com\/wp-content\/uploads\/2023\/02\/Arni-Blum-Tilda-puksid3.jpg","datePublished":"2023-02-28T13:30:08+00:00","dateModified":"2026-04-11T22:00:57+00:00","description":"\u00c4rni Blum p\u00fcksid Tilda. Tilda on NirgiWabriku esimene loungewear, mis sai loodud selleks, et ka kodus saaks iga naine end tunda ilusa ning hoituna.","breadcrumb":{"@id":"https:\/\/tallinndesignhouse.com\/toode\/puksid-tilda\/#breadcrumb"},"inLanguage":"en-US","potentialAction":[{"@type":"ReadAction","target":["https:\/\/tallinndesignhouse.com\/toode\/puksid-tilda\/"]}]},{"@type":"ImageObject","inLanguage":"en-US","@id":"https:\/\/tallinndesignhouse.com\/toode\/puksid-tilda\/#primaryimage","url":"https:\/\/tallinndesignhouse.com\/wp-content\/uploads\/2023\/02\/Arni-Blum-Tilda-puksid3.jpg","contentUrl":"https:\/\/tallinndesignhouse.com\/wp-content\/uploads\/2023\/02\/Arni-Blum-Tilda-puksid3.jpg","width":768,"height":1152,"caption":"A\u0308rni-Blum-Tilda-pu\u0308ksid3"},{"@type":"BreadcrumbList","@id":"https:\/\/tallinndesignhouse.com\/toode\/puksid-tilda\/#breadcrumb","itemListElement":[{"@type":"ListItem","position":1,"name":"Home","item":"https:\/\/tallinndesignhouse.com\/en\/"},{"@type":"ListItem","position":2,"name":"Shop","item":"https:\/\/tallinndesignhouse.com\/en\/shop\/"},{"@type":"ListItem","position":3,"name":"Trousers Tilda"}]},{"@type":"WebSite","@id":"https:\/\/tallinndesignhouse.com\/#website","url":"https:\/\/tallinndesignhouse.com\/","name":"Tallinn Design House","description":"Eesti disain Rotermanni kvartalis","potentialAction":[{"@type":"SearchAction","target":{"@type":"EntryPoint","urlTemplate":"https:\/\/tallinndesignhouse.com\/?s={search_term_string}"},"query-input":{"@type":"PropertyValueSpecification","valueRequired":true,"valueName":"search_term_string"}}],"inLanguage":"en-US"}]}},"_links":{"self":[{"href":"https:\/\/tallinndesignhouse.com\/en\/wp-json\/wp\/v2\/product\/3316522","targetHints":{"allow":["GET"]}}],"collection":[{"href":"https:\/\/tallinndesignhouse.com\/en\/wp-json\/wp\/v2\/product"}],"about":[{"href":"https:\/\/tallinndesignhouse.com\/en\/wp-json\/wp\/v2\/types\/product"}],"wp:featuredmedia":[{"embeddable":true,"href":"https:\/\/tallinndesignhouse.com\/en\/wp-json\/wp\/v2\/media\/3293698"}],"wp:attachment":[{"href":"https:\/\/tallinndesignhouse.com\/en\/wp-json\/wp\/v2\/media?parent=3316522"}],"wp:term":[{"taxonomy":"product_brand","embeddable":true,"href":"https:\/\/tallinndesignhouse.com\/en\/wp-json\/wp\/v2\/product_brand?post=3316522"},{"taxonomy":"product_cat","embeddable":true,"href":"https:\/\/tallinndesignhouse.com\/en\/wp-json\/wp\/v2\/product_cat?post=3316522"},{"taxonomy":"product_tag","embeddable":true,"href":"https:\/\/tallinndesignhouse.com\/en\/wp-json\/wp\/v2\/product_tag?post=3316522"}],"curies":[{"name":"wp","href":"https:\/\/api.w.org\/{rel}","templated":true}]}}