{"id":3316547,"date":"2023-02-07T20:15:44","date_gmt":"2023-02-07T18:15:44","guid":{"rendered":"https:\/\/tallinndesignhouse.com\/toode\/tordialus-valge-punane-jalg\/"},"modified":"2026-05-02T01:02:24","modified_gmt":"2026-05-01T22:02:24","slug":"tordialus-valge-punane-jalg","status":"publish","type":"product","link":"https:\/\/tallinndesignhouse.com\/en\/toode\/tordialus-valge-punane-jalg\/","title":{"rendered":"Cake stand white\/red"},"content":{"rendered":"<p>N\u00fc\u00fcd Ceramics cake stand white\/red. Material: porcelain, concrete. Dimensions: diameter 26 cm, height 15 cm.<\/p>\n","protected":false},"excerpt":{"rendered":"<p>N\u00fc\u00fcd Ceramics cake stand white\/red. Material: porcelain, concrete. Dimensions: diameter 26 cm, height 15 cm.<\/p>\n","protected":false},"featured_media":3255863,"template":"","meta":{"_acf_changed":false},"product_brand":[],"product_cat":[872,875],"product_tag":[1828],"class_list":{"0":"post-3316547","1":"product","2":"type-product","3":"status-publish","4":"has-post-thumbnail","6":"product_cat-keraamika_ja_klaas","7":"product_cat-kodu","8":"product_tag-kodu","9":"pa_brand-nuud-ceramics","10":"pa_brand-nuud-ceramics-en","11":"pa_kingiidee-jah","12":"pa_kingiidee-yes-en","14":"first","15":"instock","16":"taxable","17":"shipping-taxable","18":"purchasable","19":"product-type-simple"},"acf":[],"yoast_head":"<!-- This site is optimized with the Yoast SEO plugin v26.0 - https:\/\/yoast.com\/wordpress\/plugins\/seo\/ -->\n<title>N\u00dc\u00dcD Ceramics Cake stand white\/red - Tallinn Design House<\/title>\n<meta name=\"description\" content=\"N\u00dc\u00dcD Ceramics tordialus valge\/punane jalg. Materjal: portselan, betoon. M\u00f5\u00f5dud: diameeter 26 cm, k\u00f5rgus 15 cm.\" \/>\n<meta name=\"robots\" content=\"index, follow, max-snippet:-1, max-image-preview:large, max-video-preview:-1\" \/>\n<link rel=\"canonical\" href=\"https:\/\/tallinndesignhouse.com\/en\/toode\/tordialus-valge-punane-jalg\/\" \/>\n<meta property=\"og:locale\" content=\"en_US\" \/>\n<meta property=\"og:type\" content=\"article\" \/>\n<meta property=\"og:title\" content=\"N\u00dc\u00dcD Ceramics Cake stand white\/red - Tallinn Design House\" \/>\n<meta property=\"og:description\" content=\"N\u00dc\u00dcD Ceramics tordialus valge\/punane jalg. Materjal: portselan, betoon. M\u00f5\u00f5dud: diameeter 26 cm, k\u00f5rgus 15 cm.\" \/>\n<meta property=\"og:url\" content=\"https:\/\/tallinndesignhouse.com\/en\/toode\/tordialus-valge-punane-jalg\/\" \/>\n<meta property=\"og:site_name\" content=\"Tallinn Design House\" \/>\n<meta property=\"article:modified_time\" content=\"2026-05-01T22:02:24+00:00\" \/>\n<meta property=\"og:image\" content=\"https:\/\/tallinndesignhouse.com\/wp-content\/uploads\/2023\/02\/Nuud-Ceramics-tordialus-valge-punane-jalg.jpeg\" \/>\n\t<meta property=\"og:image:width\" content=\"570\" \/>\n\t<meta property=\"og:image:height\" content=\"714\" \/>\n\t<meta property=\"og:image:type\" content=\"image\/jpeg\" \/>\n<meta name=\"twitter:card\" content=\"summary_large_image\" \/>\n<script type=\"application\/ld+json\" class=\"yoast-schema-graph\">{\"@context\":\"https:\/\/schema.org\",\"@graph\":[{\"@type\":\"WebPage\",\"@id\":\"https:\/\/tallinndesignhouse.com\/en\/toode\/tordialus-valge-punane-jalg\/\",\"url\":\"https:\/\/tallinndesignhouse.com\/en\/toode\/tordialus-valge-punane-jalg\/\",\"name\":\"N\u00dc\u00dcD Ceramics Cake stand white\/red - Tallinn Design House\",\"isPartOf\":{\"@id\":\"https:\/\/tallinndesignhouse.com\/#website\"},\"primaryImageOfPage\":{\"@id\":\"https:\/\/tallinndesignhouse.com\/en\/toode\/tordialus-valge-punane-jalg\/#primaryimage\"},\"image\":{\"@id\":\"https:\/\/tallinndesignhouse.com\/en\/toode\/tordialus-valge-punane-jalg\/#primaryimage\"},\"thumbnailUrl\":\"https:\/\/tallinndesignhouse.com\/wp-content\/uploads\/2023\/02\/Nuud-Ceramics-tordialus-valge-punane-jalg.jpeg\",\"datePublished\":\"2023-02-07T18:15:44+00:00\",\"dateModified\":\"2026-05-01T22:02:24+00:00\",\"description\":\"N\u00dc\u00dcD Ceramics tordialus valge\/punane jalg. Materjal: portselan, betoon. M\u00f5\u00f5dud: diameeter 26 cm, k\u00f5rgus 15 cm.\",\"breadcrumb\":{\"@id\":\"https:\/\/tallinndesignhouse.com\/en\/toode\/tordialus-valge-punane-jalg\/#breadcrumb\"},\"inLanguage\":\"en-US\",\"potentialAction\":[{\"@type\":\"ReadAction\",\"target\":[\"https:\/\/tallinndesignhouse.com\/en\/toode\/tordialus-valge-punane-jalg\/\"]}]},{\"@type\":\"ImageObject\",\"inLanguage\":\"en-US\",\"@id\":\"https:\/\/tallinndesignhouse.com\/en\/toode\/tordialus-valge-punane-jalg\/#primaryimage\",\"url\":\"https:\/\/tallinndesignhouse.com\/wp-content\/uploads\/2023\/02\/Nuud-Ceramics-tordialus-valge-punane-jalg.jpeg\",\"contentUrl\":\"https:\/\/tallinndesignhouse.com\/wp-content\/uploads\/2023\/02\/Nuud-Ceramics-tordialus-valge-punane-jalg.jpeg\",\"width\":570,\"height\":714,\"caption\":\"Nuud Ceramics tordialus-valge-punane-jalg\"},{\"@type\":\"BreadcrumbList\",\"@id\":\"https:\/\/tallinndesignhouse.com\/en\/toode\/tordialus-valge-punane-jalg\/#breadcrumb\",\"itemListElement\":[{\"@type\":\"ListItem\",\"position\":1,\"name\":\"Home\",\"item\":\"https:\/\/tallinndesignhouse.com\/en\/\"},{\"@type\":\"ListItem\",\"position\":2,\"name\":\"Shop\",\"item\":\"https:\/\/tallinndesignhouse.com\/en\/shop\/\"},{\"@type\":\"ListItem\",\"position\":3,\"name\":\"Cake stand white\/red\"}]},{\"@type\":\"WebSite\",\"@id\":\"https:\/\/tallinndesignhouse.com\/#website\",\"url\":\"https:\/\/tallinndesignhouse.com\/\",\"name\":\"Tallinn Design House\",\"description\":\"Eesti disain Rotermanni kvartalis\",\"potentialAction\":[{\"@type\":\"SearchAction\",\"target\":{\"@type\":\"EntryPoint\",\"urlTemplate\":\"https:\/\/tallinndesignhouse.com\/?s={search_term_string}\"},\"query-input\":{\"@type\":\"PropertyValueSpecification\",\"valueRequired\":true,\"valueName\":\"search_term_string\"}}],\"inLanguage\":\"en-US\"}]}<\/script>\n<!-- \/ Yoast SEO plugin. -->","yoast_head_json":{"title":"N\u00dc\u00dcD Ceramics Cake stand white\/red - Tallinn Design House","description":"N\u00dc\u00dcD Ceramics tordialus valge\/punane jalg. Materjal: portselan, betoon. M\u00f5\u00f5dud: diameeter 26 cm, k\u00f5rgus 15 cm.","robots":{"index":"index","follow":"follow","max-snippet":"max-snippet:-1","max-image-preview":"max-image-preview:large","max-video-preview":"max-video-preview:-1"},"canonical":"https:\/\/tallinndesignhouse.com\/en\/toode\/tordialus-valge-punane-jalg\/","og_locale":"en_US","og_type":"article","og_title":"N\u00dc\u00dcD Ceramics Cake stand white\/red - Tallinn Design House","og_description":"N\u00dc\u00dcD Ceramics tordialus valge\/punane jalg. Materjal: portselan, betoon. M\u00f5\u00f5dud: diameeter 26 cm, k\u00f5rgus 15 cm.","og_url":"https:\/\/tallinndesignhouse.com\/en\/toode\/tordialus-valge-punane-jalg\/","og_site_name":"Tallinn Design House","article_modified_time":"2026-05-01T22:02:24+00:00","og_image":[{"width":570,"height":714,"url":"https:\/\/tallinndesignhouse.com\/wp-content\/uploads\/2023\/02\/Nuud-Ceramics-tordialus-valge-punane-jalg.jpeg","type":"image\/jpeg"}],"twitter_card":"summary_large_image","schema":{"@context":"https:\/\/schema.org","@graph":[{"@type":"WebPage","@id":"https:\/\/tallinndesignhouse.com\/en\/toode\/tordialus-valge-punane-jalg\/","url":"https:\/\/tallinndesignhouse.com\/en\/toode\/tordialus-valge-punane-jalg\/","name":"N\u00dc\u00dcD Ceramics Cake stand white\/red - Tallinn Design House","isPartOf":{"@id":"https:\/\/tallinndesignhouse.com\/#website"},"primaryImageOfPage":{"@id":"https:\/\/tallinndesignhouse.com\/en\/toode\/tordialus-valge-punane-jalg\/#primaryimage"},"image":{"@id":"https:\/\/tallinndesignhouse.com\/en\/toode\/tordialus-valge-punane-jalg\/#primaryimage"},"thumbnailUrl":"https:\/\/tallinndesignhouse.com\/wp-content\/uploads\/2023\/02\/Nuud-Ceramics-tordialus-valge-punane-jalg.jpeg","datePublished":"2023-02-07T18:15:44+00:00","dateModified":"2026-05-01T22:02:24+00:00","description":"N\u00dc\u00dcD Ceramics tordialus valge\/punane jalg. Materjal: portselan, betoon. M\u00f5\u00f5dud: diameeter 26 cm, k\u00f5rgus 15 cm.","breadcrumb":{"@id":"https:\/\/tallinndesignhouse.com\/en\/toode\/tordialus-valge-punane-jalg\/#breadcrumb"},"inLanguage":"en-US","potentialAction":[{"@type":"ReadAction","target":["https:\/\/tallinndesignhouse.com\/en\/toode\/tordialus-valge-punane-jalg\/"]}]},{"@type":"ImageObject","inLanguage":"en-US","@id":"https:\/\/tallinndesignhouse.com\/en\/toode\/tordialus-valge-punane-jalg\/#primaryimage","url":"https:\/\/tallinndesignhouse.com\/wp-content\/uploads\/2023\/02\/Nuud-Ceramics-tordialus-valge-punane-jalg.jpeg","contentUrl":"https:\/\/tallinndesignhouse.com\/wp-content\/uploads\/2023\/02\/Nuud-Ceramics-tordialus-valge-punane-jalg.jpeg","width":570,"height":714,"caption":"Nuud Ceramics tordialus-valge-punane-jalg"},{"@type":"BreadcrumbList","@id":"https:\/\/tallinndesignhouse.com\/en\/toode\/tordialus-valge-punane-jalg\/#breadcrumb","itemListElement":[{"@type":"ListItem","position":1,"name":"Home","item":"https:\/\/tallinndesignhouse.com\/en\/"},{"@type":"ListItem","position":2,"name":"Shop","item":"https:\/\/tallinndesignhouse.com\/en\/shop\/"},{"@type":"ListItem","position":3,"name":"Cake stand white\/red"}]},{"@type":"WebSite","@id":"https:\/\/tallinndesignhouse.com\/#website","url":"https:\/\/tallinndesignhouse.com\/","name":"Tallinn Design House","description":"Eesti disain Rotermanni kvartalis","potentialAction":[{"@type":"SearchAction","target":{"@type":"EntryPoint","urlTemplate":"https:\/\/tallinndesignhouse.com\/?s={search_term_string}"},"query-input":{"@type":"PropertyValueSpecification","valueRequired":true,"valueName":"search_term_string"}}],"inLanguage":"en-US"}]}},"_links":{"self":[{"href":"https:\/\/tallinndesignhouse.com\/en\/wp-json\/wp\/v2\/product\/3316547","targetHints":{"allow":["GET"]}}],"collection":[{"href":"https:\/\/tallinndesignhouse.com\/en\/wp-json\/wp\/v2\/product"}],"about":[{"href":"https:\/\/tallinndesignhouse.com\/en\/wp-json\/wp\/v2\/types\/product"}],"wp:featuredmedia":[{"embeddable":true,"href":"https:\/\/tallinndesignhouse.com\/en\/wp-json\/wp\/v2\/media\/3255863"}],"wp:attachment":[{"href":"https:\/\/tallinndesignhouse.com\/en\/wp-json\/wp\/v2\/media?parent=3316547"}],"wp:term":[{"taxonomy":"product_brand","embeddable":true,"href":"https:\/\/tallinndesignhouse.com\/en\/wp-json\/wp\/v2\/product_brand?post=3316547"},{"taxonomy":"product_cat","embeddable":true,"href":"https:\/\/tallinndesignhouse.com\/en\/wp-json\/wp\/v2\/product_cat?post=3316547"},{"taxonomy":"product_tag","embeddable":true,"href":"https:\/\/tallinndesignhouse.com\/en\/wp-json\/wp\/v2\/product_tag?post=3316547"}],"curies":[{"name":"wp","href":"https:\/\/api.w.org\/{rel}","templated":true}]}}