{"id":3316555,"date":"2023-02-06T11:00:39","date_gmt":"2023-02-06T09:00:39","guid":{"rendered":"https:\/\/tallinndesignhouse.com\/toode\/korvarongad-metropolitan-glow-tassel-white-zc\/"},"modified":"2026-04-12T01:00:15","modified_gmt":"2026-04-11T22:00:15","slug":"korvarongad-metropolitan-glow-tassel-white-zc","status":"publish","type":"product","link":"https:\/\/tallinndesignhouse.com\/en\/toode\/korvarongad-metropolitan-glow-tassel-white-zc\/","title":{"rendered":"Earrings Metropolitan Glow Tassel white ZC"},"content":{"rendered":"<p>Inspired by the big city mood, the surface texture and clean accents of the Metropolitan Collection\u00b4s zircons create a desirable and luxurious piece of jewelry that is suit\u0430ble for both everyday and special occasions. 88 sparkling stones frame the delicate chain fringes of the Metropolitan Glow Tassel earrings. Fastening comfortably through the ear. The length of the jewelry is approx. 6 cm. Made of 925 sterling silver. A silver rhodium or rose gold plated finish is available. Brand: MyaMoon.<\/p>\n","protected":false},"excerpt":{"rendered":"<p>Inspired by the big city mood, the surface texture and clean accents of the Metropolitan Collection\u00b4s zircons create a desirable and luxurious piece of jewelry that is suit\u0430ble for both everyday and special occasions. 88 sparkling stones frame the delicate chain fringes of the Metropolitan Glow Tassel earrings. Fastening comfortably through the ear. The length [&hellip;]<\/p>\n","protected":false},"featured_media":3255452,"template":"","meta":{"_acf_changed":false},"product_brand":[],"product_cat":[1955,3223,3718],"product_tag":[2819],"class_list":{"0":"post-3316555","1":"product","2":"type-product","3":"status-publish","4":"has-post-thumbnail","6":"product_cat-earrings","7":"product_cat-jewellery-en","8":"product_cat-winter-style","9":"product_tag-women","10":"pa_brand-myamoon-en","11":"pa_brand-myamoon","12":"pa_kingiidee-jah","13":"pa_kingiidee-yes-en","14":"pa_mudel-metropolitan-glow-valge-zc","15":"pa_mudel-metropolitan-glow-white-zc-en","16":"pa_varv-golden-en","17":"pa_varv-hobedane","18":"pa_varv-kuldne","19":"pa_varv-silver-en","21":"first","22":"instock","23":"taxable","24":"shipping-taxable","25":"purchasable","26":"product-type-variable"},"acf":[],"yoast_head":"<!-- This site is optimized with the Yoast SEO plugin v26.0 - https:\/\/yoast.com\/wordpress\/plugins\/seo\/ -->\n<title>Myamoon Earrings Metropolitan Glow Tassel white ZC - Tallinn Design House<\/title>\n<meta name=\"description\" content=\"Myamoon k\u00f5rvar\u00f5ngad Metropolitan Glow Tassel white ZC. Valmistatud 925 standardprooviga h\u00f5bedast. H\u00f5bedase roodiumi v\u00f5i roosa kullaga kaetud viimistlus.\" \/>\n<meta name=\"robots\" content=\"index, follow, max-snippet:-1, max-image-preview:large, max-video-preview:-1\" \/>\n<link rel=\"canonical\" href=\"https:\/\/tallinndesignhouse.com\/toode\/korvarongad-metropolitan-glow-tassel-white-zc\/\" \/>\n<meta property=\"og:locale\" content=\"en_US\" \/>\n<meta property=\"og:type\" content=\"article\" \/>\n<meta property=\"og:title\" content=\"Myamoon Earrings Metropolitan Glow Tassel white ZC - Tallinn Design House\" \/>\n<meta property=\"og:description\" content=\"Myamoon k\u00f5rvar\u00f5ngad Metropolitan Glow Tassel white ZC. Valmistatud 925 standardprooviga h\u00f5bedast. H\u00f5bedase roodiumi v\u00f5i roosa kullaga kaetud viimistlus.\" \/>\n<meta property=\"og:url\" content=\"https:\/\/tallinndesignhouse.com\/toode\/korvarongad-metropolitan-glow-tassel-white-zc\/\" \/>\n<meta property=\"og:site_name\" content=\"Tallinn Design House\" \/>\n<meta property=\"article:modified_time\" content=\"2026-04-11T22:00:15+00:00\" \/>\n<meta property=\"og:image\" content=\"https:\/\/tallinndesignhouse.com\/wp-content\/uploads\/2023\/02\/Myamoon-Metropolitan-Glow-Tassel-white-ZC-silver.jpg\" \/>\n\t<meta property=\"og:image:width\" content=\"1080\" \/>\n\t<meta property=\"og:image:height\" content=\"1350\" \/>\n\t<meta property=\"og:image:type\" content=\"image\/jpeg\" \/>\n<meta name=\"twitter:card\" content=\"summary_large_image\" \/>\n<script type=\"application\/ld+json\" class=\"yoast-schema-graph\">{\"@context\":\"https:\/\/schema.org\",\"@graph\":[{\"@type\":\"WebPage\",\"@id\":\"https:\/\/tallinndesignhouse.com\/toode\/korvarongad-metropolitan-glow-tassel-white-zc\/\",\"url\":\"https:\/\/tallinndesignhouse.com\/toode\/korvarongad-metropolitan-glow-tassel-white-zc\/\",\"name\":\"Myamoon Earrings Metropolitan Glow Tassel white ZC - Tallinn Design House\",\"isPartOf\":{\"@id\":\"https:\/\/tallinndesignhouse.com\/#website\"},\"primaryImageOfPage\":{\"@id\":\"https:\/\/tallinndesignhouse.com\/toode\/korvarongad-metropolitan-glow-tassel-white-zc\/#primaryimage\"},\"image\":{\"@id\":\"https:\/\/tallinndesignhouse.com\/toode\/korvarongad-metropolitan-glow-tassel-white-zc\/#primaryimage\"},\"thumbnailUrl\":\"https:\/\/tallinndesignhouse.com\/wp-content\/uploads\/2023\/02\/Myamoon-Metropolitan-Glow-Tassel-white-ZC-silver.jpg\",\"datePublished\":\"2023-02-06T09:00:39+00:00\",\"dateModified\":\"2026-04-11T22:00:15+00:00\",\"description\":\"Myamoon k\u00f5rvar\u00f5ngad Metropolitan Glow Tassel white ZC. Valmistatud 925 standardprooviga h\u00f5bedast. H\u00f5bedase roodiumi v\u00f5i roosa kullaga kaetud viimistlus.\",\"breadcrumb\":{\"@id\":\"https:\/\/tallinndesignhouse.com\/toode\/korvarongad-metropolitan-glow-tassel-white-zc\/#breadcrumb\"},\"inLanguage\":\"en-US\",\"potentialAction\":[{\"@type\":\"ReadAction\",\"target\":[\"https:\/\/tallinndesignhouse.com\/toode\/korvarongad-metropolitan-glow-tassel-white-zc\/\"]}]},{\"@type\":\"ImageObject\",\"inLanguage\":\"en-US\",\"@id\":\"https:\/\/tallinndesignhouse.com\/toode\/korvarongad-metropolitan-glow-tassel-white-zc\/#primaryimage\",\"url\":\"https:\/\/tallinndesignhouse.com\/wp-content\/uploads\/2023\/02\/Myamoon-Metropolitan-Glow-Tassel-white-ZC-silver.jpg\",\"contentUrl\":\"https:\/\/tallinndesignhouse.com\/wp-content\/uploads\/2023\/02\/Myamoon-Metropolitan-Glow-Tassel-white-ZC-silver.jpg\",\"width\":1080,\"height\":1350,\"caption\":\"Myamoon Metropolitan Glow Tassel white ZC silver\"},{\"@type\":\"BreadcrumbList\",\"@id\":\"https:\/\/tallinndesignhouse.com\/toode\/korvarongad-metropolitan-glow-tassel-white-zc\/#breadcrumb\",\"itemListElement\":[{\"@type\":\"ListItem\",\"position\":1,\"name\":\"Home\",\"item\":\"https:\/\/tallinndesignhouse.com\/en\/\"},{\"@type\":\"ListItem\",\"position\":2,\"name\":\"Shop\",\"item\":\"https:\/\/tallinndesignhouse.com\/en\/shop\/\"},{\"@type\":\"ListItem\",\"position\":3,\"name\":\"Earrings Metropolitan Glow Tassel white ZC\"}]},{\"@type\":\"WebSite\",\"@id\":\"https:\/\/tallinndesignhouse.com\/#website\",\"url\":\"https:\/\/tallinndesignhouse.com\/\",\"name\":\"Tallinn Design House\",\"description\":\"Eesti disain Rotermanni kvartalis\",\"potentialAction\":[{\"@type\":\"SearchAction\",\"target\":{\"@type\":\"EntryPoint\",\"urlTemplate\":\"https:\/\/tallinndesignhouse.com\/?s={search_term_string}\"},\"query-input\":{\"@type\":\"PropertyValueSpecification\",\"valueRequired\":true,\"valueName\":\"search_term_string\"}}],\"inLanguage\":\"en-US\"}]}<\/script>\n<!-- \/ Yoast SEO plugin. -->","yoast_head_json":{"title":"Myamoon Earrings Metropolitan Glow Tassel white ZC - Tallinn Design House","description":"Myamoon k\u00f5rvar\u00f5ngad Metropolitan Glow Tassel white ZC. Valmistatud 925 standardprooviga h\u00f5bedast. H\u00f5bedase roodiumi v\u00f5i roosa kullaga kaetud viimistlus.","robots":{"index":"index","follow":"follow","max-snippet":"max-snippet:-1","max-image-preview":"max-image-preview:large","max-video-preview":"max-video-preview:-1"},"canonical":"https:\/\/tallinndesignhouse.com\/toode\/korvarongad-metropolitan-glow-tassel-white-zc\/","og_locale":"en_US","og_type":"article","og_title":"Myamoon Earrings Metropolitan Glow Tassel white ZC - Tallinn Design House","og_description":"Myamoon k\u00f5rvar\u00f5ngad Metropolitan Glow Tassel white ZC. Valmistatud 925 standardprooviga h\u00f5bedast. H\u00f5bedase roodiumi v\u00f5i roosa kullaga kaetud viimistlus.","og_url":"https:\/\/tallinndesignhouse.com\/toode\/korvarongad-metropolitan-glow-tassel-white-zc\/","og_site_name":"Tallinn Design House","article_modified_time":"2026-04-11T22:00:15+00:00","og_image":[{"width":1080,"height":1350,"url":"https:\/\/tallinndesignhouse.com\/wp-content\/uploads\/2023\/02\/Myamoon-Metropolitan-Glow-Tassel-white-ZC-silver.jpg","type":"image\/jpeg"}],"twitter_card":"summary_large_image","schema":{"@context":"https:\/\/schema.org","@graph":[{"@type":"WebPage","@id":"https:\/\/tallinndesignhouse.com\/toode\/korvarongad-metropolitan-glow-tassel-white-zc\/","url":"https:\/\/tallinndesignhouse.com\/toode\/korvarongad-metropolitan-glow-tassel-white-zc\/","name":"Myamoon Earrings Metropolitan Glow Tassel white ZC - Tallinn Design House","isPartOf":{"@id":"https:\/\/tallinndesignhouse.com\/#website"},"primaryImageOfPage":{"@id":"https:\/\/tallinndesignhouse.com\/toode\/korvarongad-metropolitan-glow-tassel-white-zc\/#primaryimage"},"image":{"@id":"https:\/\/tallinndesignhouse.com\/toode\/korvarongad-metropolitan-glow-tassel-white-zc\/#primaryimage"},"thumbnailUrl":"https:\/\/tallinndesignhouse.com\/wp-content\/uploads\/2023\/02\/Myamoon-Metropolitan-Glow-Tassel-white-ZC-silver.jpg","datePublished":"2023-02-06T09:00:39+00:00","dateModified":"2026-04-11T22:00:15+00:00","description":"Myamoon k\u00f5rvar\u00f5ngad Metropolitan Glow Tassel white ZC. Valmistatud 925 standardprooviga h\u00f5bedast. H\u00f5bedase roodiumi v\u00f5i roosa kullaga kaetud viimistlus.","breadcrumb":{"@id":"https:\/\/tallinndesignhouse.com\/toode\/korvarongad-metropolitan-glow-tassel-white-zc\/#breadcrumb"},"inLanguage":"en-US","potentialAction":[{"@type":"ReadAction","target":["https:\/\/tallinndesignhouse.com\/toode\/korvarongad-metropolitan-glow-tassel-white-zc\/"]}]},{"@type":"ImageObject","inLanguage":"en-US","@id":"https:\/\/tallinndesignhouse.com\/toode\/korvarongad-metropolitan-glow-tassel-white-zc\/#primaryimage","url":"https:\/\/tallinndesignhouse.com\/wp-content\/uploads\/2023\/02\/Myamoon-Metropolitan-Glow-Tassel-white-ZC-silver.jpg","contentUrl":"https:\/\/tallinndesignhouse.com\/wp-content\/uploads\/2023\/02\/Myamoon-Metropolitan-Glow-Tassel-white-ZC-silver.jpg","width":1080,"height":1350,"caption":"Myamoon Metropolitan Glow Tassel white ZC silver"},{"@type":"BreadcrumbList","@id":"https:\/\/tallinndesignhouse.com\/toode\/korvarongad-metropolitan-glow-tassel-white-zc\/#breadcrumb","itemListElement":[{"@type":"ListItem","position":1,"name":"Home","item":"https:\/\/tallinndesignhouse.com\/en\/"},{"@type":"ListItem","position":2,"name":"Shop","item":"https:\/\/tallinndesignhouse.com\/en\/shop\/"},{"@type":"ListItem","position":3,"name":"Earrings Metropolitan Glow Tassel white ZC"}]},{"@type":"WebSite","@id":"https:\/\/tallinndesignhouse.com\/#website","url":"https:\/\/tallinndesignhouse.com\/","name":"Tallinn Design House","description":"Eesti disain Rotermanni kvartalis","potentialAction":[{"@type":"SearchAction","target":{"@type":"EntryPoint","urlTemplate":"https:\/\/tallinndesignhouse.com\/?s={search_term_string}"},"query-input":{"@type":"PropertyValueSpecification","valueRequired":true,"valueName":"search_term_string"}}],"inLanguage":"en-US"}]}},"_links":{"self":[{"href":"https:\/\/tallinndesignhouse.com\/en\/wp-json\/wp\/v2\/product\/3316555","targetHints":{"allow":["GET"]}}],"collection":[{"href":"https:\/\/tallinndesignhouse.com\/en\/wp-json\/wp\/v2\/product"}],"about":[{"href":"https:\/\/tallinndesignhouse.com\/en\/wp-json\/wp\/v2\/types\/product"}],"wp:featuredmedia":[{"embeddable":true,"href":"https:\/\/tallinndesignhouse.com\/en\/wp-json\/wp\/v2\/media\/3255452"}],"wp:attachment":[{"href":"https:\/\/tallinndesignhouse.com\/en\/wp-json\/wp\/v2\/media?parent=3316555"}],"wp:term":[{"taxonomy":"product_brand","embeddable":true,"href":"https:\/\/tallinndesignhouse.com\/en\/wp-json\/wp\/v2\/product_brand?post=3316555"},{"taxonomy":"product_cat","embeddable":true,"href":"https:\/\/tallinndesignhouse.com\/en\/wp-json\/wp\/v2\/product_cat?post=3316555"},{"taxonomy":"product_tag","embeddable":true,"href":"https:\/\/tallinndesignhouse.com\/en\/wp-json\/wp\/v2\/product_tag?post=3316555"}],"curies":[{"name":"wp","href":"https:\/\/api.w.org\/{rel}","templated":true}]}}