{"id":3316560,"date":"2023-01-11T11:15:10","date_gmt":"2023-01-11T09:15:10","guid":{"rendered":"https:\/\/tallinndesignhouse.com\/toode\/sall-kihnu-soba\/"},"modified":"2026-05-03T01:00:18","modified_gmt":"2026-05-02T22:00:18","slug":"sall-kihnu-soba","status":"publish","type":"product","link":"https:\/\/tallinndesignhouse.com\/en\/toode\/sall-kihnu-soba\/","title":{"rendered":"Kihnu shawl"},"content":{"rendered":"<p>The creation of Kihnu shawl by Ellu Sallid was greatly influenced by the creative heritage of an honourable Estonian textile designer, Anu Raud. Kihnu glove patterns that she loved and collected, and are now woven into the Kihnu shawl, bring luck and health to the people wearing them. Kihnu is a beautiful Estonian island where people wear folk costumes \u2013 k\u00f6rts (skirts), shawls, trois (knitted pullovers) and kap\u00f5tas (men\u2019s socks) \u2013 nearly daily even nowadays. The islanders honour their native customs and beliefs, and thanks to their faithfulness in holding on to them, Anu Raud has managed to preserve the colourful and richly detailed patterns and textiles. The creative heritage of this folk art collector now adorns Kihnu shawl of Ellu sallid, as well as the treasury of Heimtali Museum of Local History. The shawl\u2019s red colour was influenced by the ancient times when Kihnu folk costumes were dyed red, using roots of bedstraw. The colour red was believed to have healing and disease-repellent effect. Material: 100% cotton. Dimensions 70 x 200 cm.<\/p>\n","protected":false},"excerpt":{"rendered":"<p>The creation of Kihnu shawl by Ellu Sallid was greatly influenced by the creative heritage of an honourable Estonian textile designer, Anu Raud. Kihnu glove patterns that she loved and collected, and are now woven into the Kihnu shawl, bring luck and health to the people wearing them. Kihnu is a beautiful Estonian island where [&hellip;]<\/p>\n","protected":false},"featured_media":3254537,"template":"","meta":{"_acf_changed":false},"product_brand":[],"product_cat":[892,875],"product_tag":[1828],"class_list":{"0":"post-3316560","1":"product","2":"type-product","3":"status-publish","4":"has-post-thumbnail","6":"product_cat-tekstiil","7":"product_cat-kodu","8":"product_tag-kodu","9":"pa_brand-ellu-sallid","10":"pa_brand-ellu-sallid-en","11":"pa_kingiidee-jah","12":"pa_kingiidee-yes-en","13":"pa_materjal-puuvill","14":"pa_materjal-puuvill-en","15":"pa_mudel-sall","16":"pa_mudel-scarf-en","18":"first","19":"instock","20":"taxable","21":"shipping-taxable","22":"purchasable","23":"product-type-simple"},"acf":[],"yoast_head":"<!-- This site is optimized with the Yoast SEO plugin v26.0 - https:\/\/yoast.com\/wordpress\/plugins\/seo\/ -->\n<title>Ellu sallid Kihnu shawl - Tallinn Design House<\/title>\n<meta name=\"description\" content=\"Ellu sallid sall Kihnu s\u00f5ba. Kihnu s\u00f5ba s\u00fcndimisel on suur roll Eesti tekstiilikunstniku Anu Raua loomep\u00e4randil. 100% puuvill. M\u00f5\u00f5dud: 70 \u00d7 200 cm.\" \/>\n<meta name=\"robots\" content=\"index, follow, max-snippet:-1, max-image-preview:large, max-video-preview:-1\" \/>\n<link rel=\"canonical\" href=\"https:\/\/tallinndesignhouse.com\/toode\/sall-kihnu-soba\/\" \/>\n<meta property=\"og:locale\" content=\"en_US\" \/>\n<meta property=\"og:type\" content=\"article\" \/>\n<meta property=\"og:title\" content=\"Ellu sallid Kihnu shawl - Tallinn Design House\" \/>\n<meta property=\"og:description\" content=\"Ellu sallid sall Kihnu s\u00f5ba. Kihnu s\u00f5ba s\u00fcndimisel on suur roll Eesti tekstiilikunstniku Anu Raua loomep\u00e4randil. 100% puuvill. M\u00f5\u00f5dud: 70 \u00d7 200 cm.\" \/>\n<meta property=\"og:url\" content=\"https:\/\/tallinndesignhouse.com\/toode\/sall-kihnu-soba\/\" \/>\n<meta property=\"og:site_name\" content=\"Tallinn Design House\" \/>\n<meta property=\"article:modified_time\" content=\"2026-05-02T22:00:18+00:00\" \/>\n<meta property=\"og:image\" content=\"https:\/\/tallinndesignhouse.com\/wp-content\/uploads\/2023\/01\/Ellu-sallid-Kihnu-soba.webp\" \/>\n\t<meta property=\"og:image:width\" content=\"700\" \/>\n\t<meta property=\"og:image:height\" content=\"1050\" \/>\n\t<meta property=\"og:image:type\" content=\"image\/webp\" \/>\n<meta name=\"twitter:card\" content=\"summary_large_image\" \/>\n<meta name=\"twitter:label1\" content=\"Est. reading time\" \/>\n\t<meta name=\"twitter:data1\" content=\"1 minute\" \/>\n<script type=\"application\/ld+json\" class=\"yoast-schema-graph\">{\"@context\":\"https:\/\/schema.org\",\"@graph\":[{\"@type\":\"WebPage\",\"@id\":\"https:\/\/tallinndesignhouse.com\/toode\/sall-kihnu-soba\/\",\"url\":\"https:\/\/tallinndesignhouse.com\/toode\/sall-kihnu-soba\/\",\"name\":\"Ellu sallid Kihnu shawl - Tallinn Design House\",\"isPartOf\":{\"@id\":\"https:\/\/tallinndesignhouse.com\/#website\"},\"primaryImageOfPage\":{\"@id\":\"https:\/\/tallinndesignhouse.com\/toode\/sall-kihnu-soba\/#primaryimage\"},\"image\":{\"@id\":\"https:\/\/tallinndesignhouse.com\/toode\/sall-kihnu-soba\/#primaryimage\"},\"thumbnailUrl\":\"https:\/\/tallinndesignhouse.com\/wp-content\/uploads\/2023\/01\/Ellu-sallid-Kihnu-soba.webp\",\"datePublished\":\"2023-01-11T09:15:10+00:00\",\"dateModified\":\"2026-05-02T22:00:18+00:00\",\"description\":\"Ellu sallid sall Kihnu s\u00f5ba. Kihnu s\u00f5ba s\u00fcndimisel on suur roll Eesti tekstiilikunstniku Anu Raua loomep\u00e4randil. 100% puuvill. M\u00f5\u00f5dud: 70 \u00d7 200 cm.\",\"breadcrumb\":{\"@id\":\"https:\/\/tallinndesignhouse.com\/toode\/sall-kihnu-soba\/#breadcrumb\"},\"inLanguage\":\"en-US\",\"potentialAction\":[{\"@type\":\"ReadAction\",\"target\":[\"https:\/\/tallinndesignhouse.com\/toode\/sall-kihnu-soba\/\"]}]},{\"@type\":\"ImageObject\",\"inLanguage\":\"en-US\",\"@id\":\"https:\/\/tallinndesignhouse.com\/toode\/sall-kihnu-soba\/#primaryimage\",\"url\":\"https:\/\/tallinndesignhouse.com\/wp-content\/uploads\/2023\/01\/Ellu-sallid-Kihnu-soba.webp\",\"contentUrl\":\"https:\/\/tallinndesignhouse.com\/wp-content\/uploads\/2023\/01\/Ellu-sallid-Kihnu-soba.webp\",\"width\":700,\"height\":1050,\"caption\":\"Ellu sallid Kihnu so\u0303ba\"},{\"@type\":\"BreadcrumbList\",\"@id\":\"https:\/\/tallinndesignhouse.com\/toode\/sall-kihnu-soba\/#breadcrumb\",\"itemListElement\":[{\"@type\":\"ListItem\",\"position\":1,\"name\":\"Home\",\"item\":\"https:\/\/tallinndesignhouse.com\/en\/\"},{\"@type\":\"ListItem\",\"position\":2,\"name\":\"Shop\",\"item\":\"https:\/\/tallinndesignhouse.com\/en\/shop\/\"},{\"@type\":\"ListItem\",\"position\":3,\"name\":\"Kihnu shawl\"}]},{\"@type\":\"WebSite\",\"@id\":\"https:\/\/tallinndesignhouse.com\/#website\",\"url\":\"https:\/\/tallinndesignhouse.com\/\",\"name\":\"Tallinn Design House\",\"description\":\"Eesti disain Rotermanni kvartalis\",\"potentialAction\":[{\"@type\":\"SearchAction\",\"target\":{\"@type\":\"EntryPoint\",\"urlTemplate\":\"https:\/\/tallinndesignhouse.com\/?s={search_term_string}\"},\"query-input\":{\"@type\":\"PropertyValueSpecification\",\"valueRequired\":true,\"valueName\":\"search_term_string\"}}],\"inLanguage\":\"en-US\"}]}<\/script>\n<!-- \/ Yoast SEO plugin. -->","yoast_head_json":{"title":"Ellu sallid Kihnu shawl - Tallinn Design House","description":"Ellu sallid sall Kihnu s\u00f5ba. Kihnu s\u00f5ba s\u00fcndimisel on suur roll Eesti tekstiilikunstniku Anu Raua loomep\u00e4randil. 100% puuvill. M\u00f5\u00f5dud: 70 \u00d7 200 cm.","robots":{"index":"index","follow":"follow","max-snippet":"max-snippet:-1","max-image-preview":"max-image-preview:large","max-video-preview":"max-video-preview:-1"},"canonical":"https:\/\/tallinndesignhouse.com\/toode\/sall-kihnu-soba\/","og_locale":"en_US","og_type":"article","og_title":"Ellu sallid Kihnu shawl - Tallinn Design House","og_description":"Ellu sallid sall Kihnu s\u00f5ba. Kihnu s\u00f5ba s\u00fcndimisel on suur roll Eesti tekstiilikunstniku Anu Raua loomep\u00e4randil. 100% puuvill. M\u00f5\u00f5dud: 70 \u00d7 200 cm.","og_url":"https:\/\/tallinndesignhouse.com\/toode\/sall-kihnu-soba\/","og_site_name":"Tallinn Design House","article_modified_time":"2026-05-02T22:00:18+00:00","og_image":[{"width":700,"height":1050,"url":"https:\/\/tallinndesignhouse.com\/wp-content\/uploads\/2023\/01\/Ellu-sallid-Kihnu-soba.webp","type":"image\/webp"}],"twitter_card":"summary_large_image","twitter_misc":{"Est. reading time":"1 minute"},"schema":{"@context":"https:\/\/schema.org","@graph":[{"@type":"WebPage","@id":"https:\/\/tallinndesignhouse.com\/toode\/sall-kihnu-soba\/","url":"https:\/\/tallinndesignhouse.com\/toode\/sall-kihnu-soba\/","name":"Ellu sallid Kihnu shawl - Tallinn Design House","isPartOf":{"@id":"https:\/\/tallinndesignhouse.com\/#website"},"primaryImageOfPage":{"@id":"https:\/\/tallinndesignhouse.com\/toode\/sall-kihnu-soba\/#primaryimage"},"image":{"@id":"https:\/\/tallinndesignhouse.com\/toode\/sall-kihnu-soba\/#primaryimage"},"thumbnailUrl":"https:\/\/tallinndesignhouse.com\/wp-content\/uploads\/2023\/01\/Ellu-sallid-Kihnu-soba.webp","datePublished":"2023-01-11T09:15:10+00:00","dateModified":"2026-05-02T22:00:18+00:00","description":"Ellu sallid sall Kihnu s\u00f5ba. Kihnu s\u00f5ba s\u00fcndimisel on suur roll Eesti tekstiilikunstniku Anu Raua loomep\u00e4randil. 100% puuvill. M\u00f5\u00f5dud: 70 \u00d7 200 cm.","breadcrumb":{"@id":"https:\/\/tallinndesignhouse.com\/toode\/sall-kihnu-soba\/#breadcrumb"},"inLanguage":"en-US","potentialAction":[{"@type":"ReadAction","target":["https:\/\/tallinndesignhouse.com\/toode\/sall-kihnu-soba\/"]}]},{"@type":"ImageObject","inLanguage":"en-US","@id":"https:\/\/tallinndesignhouse.com\/toode\/sall-kihnu-soba\/#primaryimage","url":"https:\/\/tallinndesignhouse.com\/wp-content\/uploads\/2023\/01\/Ellu-sallid-Kihnu-soba.webp","contentUrl":"https:\/\/tallinndesignhouse.com\/wp-content\/uploads\/2023\/01\/Ellu-sallid-Kihnu-soba.webp","width":700,"height":1050,"caption":"Ellu sallid Kihnu so\u0303ba"},{"@type":"BreadcrumbList","@id":"https:\/\/tallinndesignhouse.com\/toode\/sall-kihnu-soba\/#breadcrumb","itemListElement":[{"@type":"ListItem","position":1,"name":"Home","item":"https:\/\/tallinndesignhouse.com\/en\/"},{"@type":"ListItem","position":2,"name":"Shop","item":"https:\/\/tallinndesignhouse.com\/en\/shop\/"},{"@type":"ListItem","position":3,"name":"Kihnu shawl"}]},{"@type":"WebSite","@id":"https:\/\/tallinndesignhouse.com\/#website","url":"https:\/\/tallinndesignhouse.com\/","name":"Tallinn Design House","description":"Eesti disain Rotermanni kvartalis","potentialAction":[{"@type":"SearchAction","target":{"@type":"EntryPoint","urlTemplate":"https:\/\/tallinndesignhouse.com\/?s={search_term_string}"},"query-input":{"@type":"PropertyValueSpecification","valueRequired":true,"valueName":"search_term_string"}}],"inLanguage":"en-US"}]}},"_links":{"self":[{"href":"https:\/\/tallinndesignhouse.com\/en\/wp-json\/wp\/v2\/product\/3316560","targetHints":{"allow":["GET"]}}],"collection":[{"href":"https:\/\/tallinndesignhouse.com\/en\/wp-json\/wp\/v2\/product"}],"about":[{"href":"https:\/\/tallinndesignhouse.com\/en\/wp-json\/wp\/v2\/types\/product"}],"wp:featuredmedia":[{"embeddable":true,"href":"https:\/\/tallinndesignhouse.com\/en\/wp-json\/wp\/v2\/media\/3254537"}],"wp:attachment":[{"href":"https:\/\/tallinndesignhouse.com\/en\/wp-json\/wp\/v2\/media?parent=3316560"}],"wp:term":[{"taxonomy":"product_brand","embeddable":true,"href":"https:\/\/tallinndesignhouse.com\/en\/wp-json\/wp\/v2\/product_brand?post=3316560"},{"taxonomy":"product_cat","embeddable":true,"href":"https:\/\/tallinndesignhouse.com\/en\/wp-json\/wp\/v2\/product_cat?post=3316560"},{"taxonomy":"product_tag","embeddable":true,"href":"https:\/\/tallinndesignhouse.com\/en\/wp-json\/wp\/v2\/product_tag?post=3316560"}],"curies":[{"name":"wp","href":"https:\/\/api.w.org\/{rel}","templated":true}]}}