{"id":3316578,"date":"2022-12-29T19:00:31","date_gmt":"2022-12-29T17:00:31","guid":{"rendered":"https:\/\/tallinndesignhouse.com\/toode\/latte-komplekt-ummarguse-alustaldrikuga\/"},"modified":"2026-04-17T01:00:38","modified_gmt":"2026-04-16T22:00:38","slug":"latte-komplekt-ummarguse-alustaldrikuga","status":"publish","type":"product","link":"https:\/\/tallinndesignhouse.com\/en\/toode\/latte-komplekt-ummarguse-alustaldrikuga\/","title":{"rendered":"Latte set with round plate"},"content":{"rendered":"<p>N\u00fc\u00fcd Ceramics creates items that are based on simple geometric forms. Having given up on almost every kind of decorations, we want to emphasise the character and aesthetics of a variety of materials. All stages of production through to completion are performed by hand: prototyping, mould creation, item moulding and surface treatment. As such, every object has a certain originality and is unique. Material: coloured porcelain. Dimensions: tray: 15 x 15 cm, d 10 cm; cup: h 13 cm, d 9 cm; stick: 15 cm. Weight: 0,3 kg. Care: hand wash only.<\/p>\n","protected":false},"excerpt":{"rendered":"<p>N\u00fc\u00fcd Ceramics creates items that are based on simple geometric forms. Having given up on almost every kind of decorations, we want to emphasise the character and aesthetics of a variety of materials. All stages of production through to completion are performed by hand: prototyping, mould creation, item moulding and surface treatment. As such, every [&hellip;]<\/p>\n","protected":false},"featured_media":3253222,"template":"","meta":{"_acf_changed":false},"product_brand":[],"product_cat":[872,875],"product_tag":[2003],"class_list":{"0":"post-3316578","1":"product","2":"type-product","3":"status-publish","4":"has-post-thumbnail","6":"product_cat-keraamika_ja_klaas","7":"product_cat-kodu","8":"product_tag-home","9":"pa_brand-nuud-ceramics","11":"pa_kingiidee-jah","13":"pa_materjal-toonitud-portselan","15":"pa_mudel-latte-set","17":"pa_suurus-h15cm-d9cm-250ml","18":"pa_suurus-h15cm-d9cm-250ml-en","19":"pa_varv-beez","21":"pa_varv-must","22":"pa_varv-sinine","23":"pa_varv-pruun","24":"pa_varv-roheline","25":"pa_varv-hall","27":"pa_varv-kollane","29":"pa_varv-roosa","34":"pa_varv-valge","38":"first","39":"instock","40":"taxable","41":"shipping-taxable","42":"purchasable","43":"product-type-variable"},"acf":[],"yoast_head":"<!-- This site is optimized with the Yoast SEO plugin v26.0 - https:\/\/yoast.com\/wordpress\/plugins\/seo\/ -->\n<title>N\u00fc\u00fcd Ceramics Latte set with round plate - Tallinn Design House<\/title>\n<meta name=\"description\" content=\"N\u00fc\u00fcd Ceramics latte komplekt \u00fcmmarguse alustaldrikuga. Materjalid: toonitud portselan.\" \/>\n<meta name=\"robots\" content=\"index, follow, max-snippet:-1, max-image-preview:large, max-video-preview:-1\" \/>\n<link rel=\"canonical\" href=\"https:\/\/tallinndesignhouse.com\/en\/toode\/latte-komplekt-ummarguse-alustaldrikuga\/\" \/>\n<meta property=\"og:locale\" content=\"en_US\" \/>\n<meta property=\"og:type\" content=\"article\" \/>\n<meta property=\"og:title\" content=\"N\u00fc\u00fcd Ceramics Latte set with round plate - Tallinn Design House\" \/>\n<meta property=\"og:description\" content=\"N\u00fc\u00fcd Ceramics latte komplekt \u00fcmmarguse alustaldrikuga. Materjalid: toonitud portselan.\" \/>\n<meta property=\"og:url\" content=\"https:\/\/tallinndesignhouse.com\/en\/toode\/latte-komplekt-ummarguse-alustaldrikuga\/\" \/>\n<meta property=\"og:site_name\" content=\"Tallinn Design House\" \/>\n<meta property=\"article:modified_time\" content=\"2026-04-16T22:00:38+00:00\" \/>\n<meta property=\"og:image\" content=\"https:\/\/tallinndesignhouse.com\/wp-content\/uploads\/2022\/12\/Nyyd-Ceramics-ymar-latte-komplekt.jpg\" \/>\n\t<meta property=\"og:image:width\" content=\"1080\" \/>\n\t<meta property=\"og:image:height\" content=\"1350\" \/>\n\t<meta property=\"og:image:type\" content=\"image\/jpeg\" \/>\n<meta name=\"twitter:card\" content=\"summary_large_image\" \/>\n<script type=\"application\/ld+json\" class=\"yoast-schema-graph\">{\"@context\":\"https:\/\/schema.org\",\"@graph\":[{\"@type\":\"WebPage\",\"@id\":\"https:\/\/tallinndesignhouse.com\/en\/toode\/latte-komplekt-ummarguse-alustaldrikuga\/\",\"url\":\"https:\/\/tallinndesignhouse.com\/en\/toode\/latte-komplekt-ummarguse-alustaldrikuga\/\",\"name\":\"N\u00fc\u00fcd Ceramics Latte set with round plate - Tallinn Design House\",\"isPartOf\":{\"@id\":\"https:\/\/tallinndesignhouse.com\/#website\"},\"primaryImageOfPage\":{\"@id\":\"https:\/\/tallinndesignhouse.com\/en\/toode\/latte-komplekt-ummarguse-alustaldrikuga\/#primaryimage\"},\"image\":{\"@id\":\"https:\/\/tallinndesignhouse.com\/en\/toode\/latte-komplekt-ummarguse-alustaldrikuga\/#primaryimage\"},\"thumbnailUrl\":\"https:\/\/tallinndesignhouse.com\/wp-content\/uploads\/2022\/12\/Nyyd-Ceramics-ymar-latte-komplekt.jpg\",\"datePublished\":\"2022-12-29T17:00:31+00:00\",\"dateModified\":\"2026-04-16T22:00:38+00:00\",\"description\":\"N\u00fc\u00fcd Ceramics latte komplekt \u00fcmmarguse alustaldrikuga. Materjalid: toonitud portselan.\",\"breadcrumb\":{\"@id\":\"https:\/\/tallinndesignhouse.com\/en\/toode\/latte-komplekt-ummarguse-alustaldrikuga\/#breadcrumb\"},\"inLanguage\":\"en-US\",\"potentialAction\":[{\"@type\":\"ReadAction\",\"target\":[\"https:\/\/tallinndesignhouse.com\/en\/toode\/latte-komplekt-ummarguse-alustaldrikuga\/\"]}]},{\"@type\":\"ImageObject\",\"inLanguage\":\"en-US\",\"@id\":\"https:\/\/tallinndesignhouse.com\/en\/toode\/latte-komplekt-ummarguse-alustaldrikuga\/#primaryimage\",\"url\":\"https:\/\/tallinndesignhouse.com\/wp-content\/uploads\/2022\/12\/Nyyd-Ceramics-ymar-latte-komplekt.jpg\",\"contentUrl\":\"https:\/\/tallinndesignhouse.com\/wp-content\/uploads\/2022\/12\/Nyyd-Ceramics-ymar-latte-komplekt.jpg\",\"width\":1080,\"height\":1350,\"caption\":\"Nyyd-Ceramics-ymar-latte-komplekt\"},{\"@type\":\"BreadcrumbList\",\"@id\":\"https:\/\/tallinndesignhouse.com\/en\/toode\/latte-komplekt-ummarguse-alustaldrikuga\/#breadcrumb\",\"itemListElement\":[{\"@type\":\"ListItem\",\"position\":1,\"name\":\"Home\",\"item\":\"https:\/\/tallinndesignhouse.com\/en\/\"},{\"@type\":\"ListItem\",\"position\":2,\"name\":\"Shop\",\"item\":\"https:\/\/tallinndesignhouse.com\/en\/shop\/\"},{\"@type\":\"ListItem\",\"position\":3,\"name\":\"Latte set with round plate\"}]},{\"@type\":\"WebSite\",\"@id\":\"https:\/\/tallinndesignhouse.com\/#website\",\"url\":\"https:\/\/tallinndesignhouse.com\/\",\"name\":\"Tallinn Design House\",\"description\":\"Eesti disain Rotermanni kvartalis\",\"potentialAction\":[{\"@type\":\"SearchAction\",\"target\":{\"@type\":\"EntryPoint\",\"urlTemplate\":\"https:\/\/tallinndesignhouse.com\/?s={search_term_string}\"},\"query-input\":{\"@type\":\"PropertyValueSpecification\",\"valueRequired\":true,\"valueName\":\"search_term_string\"}}],\"inLanguage\":\"en-US\"}]}<\/script>\n<!-- \/ Yoast SEO plugin. -->","yoast_head_json":{"title":"N\u00fc\u00fcd Ceramics Latte set with round plate - Tallinn Design House","description":"N\u00fc\u00fcd Ceramics latte komplekt \u00fcmmarguse alustaldrikuga. Materjalid: toonitud portselan.","robots":{"index":"index","follow":"follow","max-snippet":"max-snippet:-1","max-image-preview":"max-image-preview:large","max-video-preview":"max-video-preview:-1"},"canonical":"https:\/\/tallinndesignhouse.com\/en\/toode\/latte-komplekt-ummarguse-alustaldrikuga\/","og_locale":"en_US","og_type":"article","og_title":"N\u00fc\u00fcd Ceramics Latte set with round plate - Tallinn Design House","og_description":"N\u00fc\u00fcd Ceramics latte komplekt \u00fcmmarguse alustaldrikuga. Materjalid: toonitud portselan.","og_url":"https:\/\/tallinndesignhouse.com\/en\/toode\/latte-komplekt-ummarguse-alustaldrikuga\/","og_site_name":"Tallinn Design House","article_modified_time":"2026-04-16T22:00:38+00:00","og_image":[{"width":1080,"height":1350,"url":"https:\/\/tallinndesignhouse.com\/wp-content\/uploads\/2022\/12\/Nyyd-Ceramics-ymar-latte-komplekt.jpg","type":"image\/jpeg"}],"twitter_card":"summary_large_image","schema":{"@context":"https:\/\/schema.org","@graph":[{"@type":"WebPage","@id":"https:\/\/tallinndesignhouse.com\/en\/toode\/latte-komplekt-ummarguse-alustaldrikuga\/","url":"https:\/\/tallinndesignhouse.com\/en\/toode\/latte-komplekt-ummarguse-alustaldrikuga\/","name":"N\u00fc\u00fcd Ceramics Latte set with round plate - Tallinn Design House","isPartOf":{"@id":"https:\/\/tallinndesignhouse.com\/#website"},"primaryImageOfPage":{"@id":"https:\/\/tallinndesignhouse.com\/en\/toode\/latte-komplekt-ummarguse-alustaldrikuga\/#primaryimage"},"image":{"@id":"https:\/\/tallinndesignhouse.com\/en\/toode\/latte-komplekt-ummarguse-alustaldrikuga\/#primaryimage"},"thumbnailUrl":"https:\/\/tallinndesignhouse.com\/wp-content\/uploads\/2022\/12\/Nyyd-Ceramics-ymar-latte-komplekt.jpg","datePublished":"2022-12-29T17:00:31+00:00","dateModified":"2026-04-16T22:00:38+00:00","description":"N\u00fc\u00fcd Ceramics latte komplekt \u00fcmmarguse alustaldrikuga. Materjalid: toonitud portselan.","breadcrumb":{"@id":"https:\/\/tallinndesignhouse.com\/en\/toode\/latte-komplekt-ummarguse-alustaldrikuga\/#breadcrumb"},"inLanguage":"en-US","potentialAction":[{"@type":"ReadAction","target":["https:\/\/tallinndesignhouse.com\/en\/toode\/latte-komplekt-ummarguse-alustaldrikuga\/"]}]},{"@type":"ImageObject","inLanguage":"en-US","@id":"https:\/\/tallinndesignhouse.com\/en\/toode\/latte-komplekt-ummarguse-alustaldrikuga\/#primaryimage","url":"https:\/\/tallinndesignhouse.com\/wp-content\/uploads\/2022\/12\/Nyyd-Ceramics-ymar-latte-komplekt.jpg","contentUrl":"https:\/\/tallinndesignhouse.com\/wp-content\/uploads\/2022\/12\/Nyyd-Ceramics-ymar-latte-komplekt.jpg","width":1080,"height":1350,"caption":"Nyyd-Ceramics-ymar-latte-komplekt"},{"@type":"BreadcrumbList","@id":"https:\/\/tallinndesignhouse.com\/en\/toode\/latte-komplekt-ummarguse-alustaldrikuga\/#breadcrumb","itemListElement":[{"@type":"ListItem","position":1,"name":"Home","item":"https:\/\/tallinndesignhouse.com\/en\/"},{"@type":"ListItem","position":2,"name":"Shop","item":"https:\/\/tallinndesignhouse.com\/en\/shop\/"},{"@type":"ListItem","position":3,"name":"Latte set with round plate"}]},{"@type":"WebSite","@id":"https:\/\/tallinndesignhouse.com\/#website","url":"https:\/\/tallinndesignhouse.com\/","name":"Tallinn Design House","description":"Eesti disain Rotermanni kvartalis","potentialAction":[{"@type":"SearchAction","target":{"@type":"EntryPoint","urlTemplate":"https:\/\/tallinndesignhouse.com\/?s={search_term_string}"},"query-input":{"@type":"PropertyValueSpecification","valueRequired":true,"valueName":"search_term_string"}}],"inLanguage":"en-US"}]}},"_links":{"self":[{"href":"https:\/\/tallinndesignhouse.com\/en\/wp-json\/wp\/v2\/product\/3316578","targetHints":{"allow":["GET"]}}],"collection":[{"href":"https:\/\/tallinndesignhouse.com\/en\/wp-json\/wp\/v2\/product"}],"about":[{"href":"https:\/\/tallinndesignhouse.com\/en\/wp-json\/wp\/v2\/types\/product"}],"wp:featuredmedia":[{"embeddable":true,"href":"https:\/\/tallinndesignhouse.com\/en\/wp-json\/wp\/v2\/media\/3253222"}],"wp:attachment":[{"href":"https:\/\/tallinndesignhouse.com\/en\/wp-json\/wp\/v2\/media?parent=3316578"}],"wp:term":[{"taxonomy":"product_brand","embeddable":true,"href":"https:\/\/tallinndesignhouse.com\/en\/wp-json\/wp\/v2\/product_brand?post=3316578"},{"taxonomy":"product_cat","embeddable":true,"href":"https:\/\/tallinndesignhouse.com\/en\/wp-json\/wp\/v2\/product_cat?post=3316578"},{"taxonomy":"product_tag","embeddable":true,"href":"https:\/\/tallinndesignhouse.com\/en\/wp-json\/wp\/v2\/product_tag?post=3316578"}],"curies":[{"name":"wp","href":"https:\/\/api.w.org\/{rel}","templated":true}]}}