{"id":3316581,"date":"2022-12-20T15:47:26","date_gmt":"2022-12-20T13:47:26","guid":{"rendered":"https:\/\/tallinndesignhouse.com\/toode\/parka-vooder-kunstkarvast\/"},"modified":"2026-04-17T01:02:14","modified_gmt":"2026-04-16T22:02:14","slug":"parka-vooder-kunstkarvast","status":"publish","type":"product","link":"https:\/\/tallinndesignhouse.com\/en\/toode\/parka-vooder-kunstkarvast\/","title":{"rendered":"Lining for parka \u2013 faux-shearling"},"content":{"rendered":"<p>Seasoned Traveler\u00b4s super light faux-shearling lining is made of Ecopel\u00a9 100% recycled polyester.<\/p>\n","protected":false},"excerpt":{"rendered":"<p>Seasoned Traveler\u00b4s super light faux-shearling lining is made of Ecopel\u00a9 100% recycled polyester.<\/p>\n","protected":false},"featured_media":3252725,"template":"","meta":{"_acf_changed":false},"product_brand":[],"product_cat":[2069,2837,3718],"product_tag":[2820],"class_list":{"0":"post-3316581","1":"product","2":"type-product","3":"status-publish","4":"has-post-thumbnail","6":"product_cat-upper-garments","7":"product_cat-clothes","8":"product_cat-winter-style","9":"product_tag-mehed","10":"pa_brand-seasoned-traveler-parka-en","12":"pa_suurus-l-en","14":"pa_suurus-m-en","16":"pa_suurus-s-en","18":"pa_suurus-xl-en","20":"pa_suurus-xs-en","23":"first","24":"instock","25":"taxable","26":"shipping-taxable","27":"purchasable","28":"product-type-variable"},"acf":[],"yoast_head":"<!-- This site is optimized with the Yoast SEO plugin v26.0 - https:\/\/yoast.com\/wordpress\/plugins\/seo\/ -->\n<title>Seasoned Traveler Lining for parka \u2013 faux-shearling - Tallinn Design House<\/title>\n<meta name=\"description\" content=\"Seasoned Traveler parka vooder kunstkarvast. V\u00e4ga kerge, kr\u00e4suselt pehme, 100% taaskasutatud pol\u00fcestrist vooder.\" \/>\n<meta name=\"robots\" content=\"index, follow, max-snippet:-1, max-image-preview:large, max-video-preview:-1\" \/>\n<link rel=\"canonical\" href=\"https:\/\/tallinndesignhouse.com\/toode\/parka-vooder-kunstkarvast\/\" \/>\n<meta property=\"og:locale\" content=\"en_US\" \/>\n<meta property=\"og:type\" content=\"article\" \/>\n<meta property=\"og:title\" content=\"Seasoned Traveler Lining for parka \u2013 faux-shearling - Tallinn Design House\" \/>\n<meta property=\"og:description\" content=\"Seasoned Traveler parka vooder kunstkarvast. V\u00e4ga kerge, kr\u00e4suselt pehme, 100% taaskasutatud pol\u00fcestrist vooder.\" \/>\n<meta property=\"og:url\" content=\"https:\/\/tallinndesignhouse.com\/toode\/parka-vooder-kunstkarvast\/\" \/>\n<meta property=\"og:site_name\" content=\"Tallinn Design House\" \/>\n<meta property=\"article:modified_time\" content=\"2026-04-16T22:02:14+00:00\" \/>\n<meta property=\"og:image\" content=\"https:\/\/tallinndesignhouse.com\/wp-content\/uploads\/2022\/12\/Seasoned-Traveler-parka-kunstlammas_vooder-1-scaled.jpg\" \/>\n\t<meta property=\"og:image:width\" content=\"2053\" \/>\n\t<meta property=\"og:image:height\" content=\"2560\" \/>\n\t<meta property=\"og:image:type\" content=\"image\/jpeg\" \/>\n<meta name=\"twitter:card\" content=\"summary_large_image\" \/>\n<script type=\"application\/ld+json\" class=\"yoast-schema-graph\">{\"@context\":\"https:\/\/schema.org\",\"@graph\":[{\"@type\":\"WebPage\",\"@id\":\"https:\/\/tallinndesignhouse.com\/toode\/parka-vooder-kunstkarvast\/\",\"url\":\"https:\/\/tallinndesignhouse.com\/toode\/parka-vooder-kunstkarvast\/\",\"name\":\"Seasoned Traveler Lining for parka \u2013 faux-shearling - Tallinn Design House\",\"isPartOf\":{\"@id\":\"https:\/\/tallinndesignhouse.com\/#website\"},\"primaryImageOfPage\":{\"@id\":\"https:\/\/tallinndesignhouse.com\/toode\/parka-vooder-kunstkarvast\/#primaryimage\"},\"image\":{\"@id\":\"https:\/\/tallinndesignhouse.com\/toode\/parka-vooder-kunstkarvast\/#primaryimage\"},\"thumbnailUrl\":\"https:\/\/tallinndesignhouse.com\/wp-content\/uploads\/2022\/12\/Seasoned-Traveler-parka-kunstlammas_vooder-1-scaled.jpg\",\"datePublished\":\"2022-12-20T13:47:26+00:00\",\"dateModified\":\"2026-04-16T22:02:14+00:00\",\"description\":\"Seasoned Traveler parka vooder kunstkarvast. V\u00e4ga kerge, kr\u00e4suselt pehme, 100% taaskasutatud pol\u00fcestrist vooder.\",\"breadcrumb\":{\"@id\":\"https:\/\/tallinndesignhouse.com\/toode\/parka-vooder-kunstkarvast\/#breadcrumb\"},\"inLanguage\":\"en-US\",\"potentialAction\":[{\"@type\":\"ReadAction\",\"target\":[\"https:\/\/tallinndesignhouse.com\/toode\/parka-vooder-kunstkarvast\/\"]}]},{\"@type\":\"ImageObject\",\"inLanguage\":\"en-US\",\"@id\":\"https:\/\/tallinndesignhouse.com\/toode\/parka-vooder-kunstkarvast\/#primaryimage\",\"url\":\"https:\/\/tallinndesignhouse.com\/wp-content\/uploads\/2022\/12\/Seasoned-Traveler-parka-kunstlammas_vooder-1-scaled.jpg\",\"contentUrl\":\"https:\/\/tallinndesignhouse.com\/wp-content\/uploads\/2022\/12\/Seasoned-Traveler-parka-kunstlammas_vooder-1-scaled.jpg\",\"width\":2053,\"height\":2560,\"caption\":\"Seasoned-Traveler-parka-kunstlammas_vooder\"},{\"@type\":\"BreadcrumbList\",\"@id\":\"https:\/\/tallinndesignhouse.com\/toode\/parka-vooder-kunstkarvast\/#breadcrumb\",\"itemListElement\":[{\"@type\":\"ListItem\",\"position\":1,\"name\":\"Home\",\"item\":\"https:\/\/tallinndesignhouse.com\/en\/\"},{\"@type\":\"ListItem\",\"position\":2,\"name\":\"Shop\",\"item\":\"https:\/\/tallinndesignhouse.com\/en\/shop\/\"},{\"@type\":\"ListItem\",\"position\":3,\"name\":\"Lining for parka \u2013 faux-shearling\"}]},{\"@type\":\"WebSite\",\"@id\":\"https:\/\/tallinndesignhouse.com\/#website\",\"url\":\"https:\/\/tallinndesignhouse.com\/\",\"name\":\"Tallinn Design House\",\"description\":\"Eesti disain Rotermanni kvartalis\",\"potentialAction\":[{\"@type\":\"SearchAction\",\"target\":{\"@type\":\"EntryPoint\",\"urlTemplate\":\"https:\/\/tallinndesignhouse.com\/?s={search_term_string}\"},\"query-input\":{\"@type\":\"PropertyValueSpecification\",\"valueRequired\":true,\"valueName\":\"search_term_string\"}}],\"inLanguage\":\"en-US\"}]}<\/script>\n<!-- \/ Yoast SEO plugin. -->","yoast_head_json":{"title":"Seasoned Traveler Lining for parka \u2013 faux-shearling - Tallinn Design House","description":"Seasoned Traveler parka vooder kunstkarvast. V\u00e4ga kerge, kr\u00e4suselt pehme, 100% taaskasutatud pol\u00fcestrist vooder.","robots":{"index":"index","follow":"follow","max-snippet":"max-snippet:-1","max-image-preview":"max-image-preview:large","max-video-preview":"max-video-preview:-1"},"canonical":"https:\/\/tallinndesignhouse.com\/toode\/parka-vooder-kunstkarvast\/","og_locale":"en_US","og_type":"article","og_title":"Seasoned Traveler Lining for parka \u2013 faux-shearling - Tallinn Design House","og_description":"Seasoned Traveler parka vooder kunstkarvast. V\u00e4ga kerge, kr\u00e4suselt pehme, 100% taaskasutatud pol\u00fcestrist vooder.","og_url":"https:\/\/tallinndesignhouse.com\/toode\/parka-vooder-kunstkarvast\/","og_site_name":"Tallinn Design House","article_modified_time":"2026-04-16T22:02:14+00:00","og_image":[{"width":2053,"height":2560,"url":"https:\/\/tallinndesignhouse.com\/wp-content\/uploads\/2022\/12\/Seasoned-Traveler-parka-kunstlammas_vooder-1-scaled.jpg","type":"image\/jpeg"}],"twitter_card":"summary_large_image","schema":{"@context":"https:\/\/schema.org","@graph":[{"@type":"WebPage","@id":"https:\/\/tallinndesignhouse.com\/toode\/parka-vooder-kunstkarvast\/","url":"https:\/\/tallinndesignhouse.com\/toode\/parka-vooder-kunstkarvast\/","name":"Seasoned Traveler Lining for parka \u2013 faux-shearling - Tallinn Design House","isPartOf":{"@id":"https:\/\/tallinndesignhouse.com\/#website"},"primaryImageOfPage":{"@id":"https:\/\/tallinndesignhouse.com\/toode\/parka-vooder-kunstkarvast\/#primaryimage"},"image":{"@id":"https:\/\/tallinndesignhouse.com\/toode\/parka-vooder-kunstkarvast\/#primaryimage"},"thumbnailUrl":"https:\/\/tallinndesignhouse.com\/wp-content\/uploads\/2022\/12\/Seasoned-Traveler-parka-kunstlammas_vooder-1-scaled.jpg","datePublished":"2022-12-20T13:47:26+00:00","dateModified":"2026-04-16T22:02:14+00:00","description":"Seasoned Traveler parka vooder kunstkarvast. V\u00e4ga kerge, kr\u00e4suselt pehme, 100% taaskasutatud pol\u00fcestrist vooder.","breadcrumb":{"@id":"https:\/\/tallinndesignhouse.com\/toode\/parka-vooder-kunstkarvast\/#breadcrumb"},"inLanguage":"en-US","potentialAction":[{"@type":"ReadAction","target":["https:\/\/tallinndesignhouse.com\/toode\/parka-vooder-kunstkarvast\/"]}]},{"@type":"ImageObject","inLanguage":"en-US","@id":"https:\/\/tallinndesignhouse.com\/toode\/parka-vooder-kunstkarvast\/#primaryimage","url":"https:\/\/tallinndesignhouse.com\/wp-content\/uploads\/2022\/12\/Seasoned-Traveler-parka-kunstlammas_vooder-1-scaled.jpg","contentUrl":"https:\/\/tallinndesignhouse.com\/wp-content\/uploads\/2022\/12\/Seasoned-Traveler-parka-kunstlammas_vooder-1-scaled.jpg","width":2053,"height":2560,"caption":"Seasoned-Traveler-parka-kunstlammas_vooder"},{"@type":"BreadcrumbList","@id":"https:\/\/tallinndesignhouse.com\/toode\/parka-vooder-kunstkarvast\/#breadcrumb","itemListElement":[{"@type":"ListItem","position":1,"name":"Home","item":"https:\/\/tallinndesignhouse.com\/en\/"},{"@type":"ListItem","position":2,"name":"Shop","item":"https:\/\/tallinndesignhouse.com\/en\/shop\/"},{"@type":"ListItem","position":3,"name":"Lining for parka \u2013 faux-shearling"}]},{"@type":"WebSite","@id":"https:\/\/tallinndesignhouse.com\/#website","url":"https:\/\/tallinndesignhouse.com\/","name":"Tallinn Design House","description":"Eesti disain Rotermanni kvartalis","potentialAction":[{"@type":"SearchAction","target":{"@type":"EntryPoint","urlTemplate":"https:\/\/tallinndesignhouse.com\/?s={search_term_string}"},"query-input":{"@type":"PropertyValueSpecification","valueRequired":true,"valueName":"search_term_string"}}],"inLanguage":"en-US"}]}},"_links":{"self":[{"href":"https:\/\/tallinndesignhouse.com\/en\/wp-json\/wp\/v2\/product\/3316581","targetHints":{"allow":["GET"]}}],"collection":[{"href":"https:\/\/tallinndesignhouse.com\/en\/wp-json\/wp\/v2\/product"}],"about":[{"href":"https:\/\/tallinndesignhouse.com\/en\/wp-json\/wp\/v2\/types\/product"}],"wp:featuredmedia":[{"embeddable":true,"href":"https:\/\/tallinndesignhouse.com\/en\/wp-json\/wp\/v2\/media\/3252725"}],"wp:attachment":[{"href":"https:\/\/tallinndesignhouse.com\/en\/wp-json\/wp\/v2\/media?parent=3316581"}],"wp:term":[{"taxonomy":"product_brand","embeddable":true,"href":"https:\/\/tallinndesignhouse.com\/en\/wp-json\/wp\/v2\/product_brand?post=3316581"},{"taxonomy":"product_cat","embeddable":true,"href":"https:\/\/tallinndesignhouse.com\/en\/wp-json\/wp\/v2\/product_cat?post=3316581"},{"taxonomy":"product_tag","embeddable":true,"href":"https:\/\/tallinndesignhouse.com\/en\/wp-json\/wp\/v2\/product_tag?post=3316581"}],"curies":[{"name":"wp","href":"https:\/\/api.w.org\/{rel}","templated":true}]}}