{"id":3316598,"date":"2022-11-21T17:21:09","date_gmt":"2022-11-21T15:21:09","guid":{"rendered":"https:\/\/tallinndesignhouse.com\/toode\/triibuline-pluus-volditud-rinnaga\/"},"modified":"2026-04-12T01:01:40","modified_gmt":"2026-04-11T22:01:40","slug":"triibuline-pluus-volditud-rinnaga","status":"publish","type":"product","link":"https:\/\/tallinndesignhouse.com\/en\/toode\/triibuline-pluus-volditud-rinnaga\/","title":{"rendered":"Striped blouse"},"content":{"rendered":"<p>Striped blouse by Raili N\u00f5lvak. Small black rectangular buttons. Folds on bust. Collar. Half sleeves gathered by thin rubberband. Size S (bust 88 cm, waist 70 cm, hips 96 cm). Size M (bust 96 cm, waist 78 cm, hips 104 cm). Size L (bust 104 cm, waist 86 cm, hips 112 cm). Back lenght: 60 cm. Composition: 76% VI, 15% PA, 6% LI, 3% PA. Gentle machine wash allowed, 30 degrees.<\/p>\n","protected":false},"excerpt":{"rendered":"<p>Striped blouse by Raili N\u00f5lvak. Small black rectangular buttons. Folds on bust. Collar. Half sleeves gathered by thin rubberband. Size S (bust 88 cm, waist 70 cm, hips 96 cm). Size M (bust 96 cm, waist 78 cm, hips 104 cm). Size L (bust 104 cm, waist 86 cm, hips 112 cm). Back lenght: 60 [&hellip;]<\/p>\n","protected":false},"featured_media":2962928,"template":"","meta":{"_acf_changed":false},"product_brand":[],"product_cat":[1957,2837],"product_tag":[2819],"class_list":{"0":"post-3316598","1":"product","2":"type-product","3":"status-publish","4":"has-post-thumbnail","6":"product_cat-shirts-and-blouses","7":"product_cat-clothes","8":"product_tag-women","9":"pa_brand-raili-nolvak-en","10":"pa_brand-raili-nolvak","11":"pa_suurus-l-en","12":"pa_suurus-l","13":"pa_suurus-m","14":"pa_suurus-m-en","15":"pa_suurus-s","16":"pa_suurus-s-en","18":"first","19":"instock","20":"taxable","21":"shipping-taxable","22":"purchasable","23":"product-type-variable"},"acf":[],"yoast_head":"<!-- This site is optimized with the Yoast SEO plugin v26.0 - https:\/\/yoast.com\/wordpress\/plugins\/seo\/ -->\n<title>Raili N\u00f5lvak Striped blouse - Tallinn Design House<\/title>\n<meta name=\"description\" content=\"Raili N\u00f5lvak triibuline pluus volditud rinnaga. Eest v\u00e4ikeste mustade kandiliste n\u00f6\u00f6pidega. Kraega.\" \/>\n<meta name=\"robots\" content=\"index, follow, max-snippet:-1, max-image-preview:large, max-video-preview:-1\" \/>\n<link rel=\"canonical\" href=\"https:\/\/tallinndesignhouse.com\/en\/toode\/triibuline-pluus-volditud-rinnaga\/\" \/>\n<meta property=\"og:locale\" content=\"en_US\" \/>\n<meta property=\"og:type\" content=\"article\" \/>\n<meta property=\"og:title\" content=\"Raili N\u00f5lvak Striped blouse - Tallinn Design House\" \/>\n<meta property=\"og:description\" content=\"Raili N\u00f5lvak triibuline pluus volditud rinnaga. Eest v\u00e4ikeste mustade kandiliste n\u00f6\u00f6pidega. Kraega.\" \/>\n<meta property=\"og:url\" content=\"https:\/\/tallinndesignhouse.com\/en\/toode\/triibuline-pluus-volditud-rinnaga\/\" \/>\n<meta property=\"og:site_name\" content=\"Tallinn Design House\" \/>\n<meta property=\"article:modified_time\" content=\"2026-04-11T22:01:40+00:00\" \/>\n<meta property=\"og:image\" content=\"https:\/\/tallinndesignhouse.com\/wp-content\/uploads\/2022\/11\/Raili-No\u0303lvak-triibuline-pluus1.jpg\" \/>\n\t<meta property=\"og:image:width\" content=\"1530\" \/>\n\t<meta property=\"og:image:height\" content=\"2297\" \/>\n\t<meta property=\"og:image:type\" content=\"image\/jpeg\" \/>\n<meta name=\"twitter:card\" content=\"summary_large_image\" \/>\n<script type=\"application\/ld+json\" class=\"yoast-schema-graph\">{\"@context\":\"https:\/\/schema.org\",\"@graph\":[{\"@type\":\"WebPage\",\"@id\":\"https:\/\/tallinndesignhouse.com\/en\/toode\/triibuline-pluus-volditud-rinnaga\/\",\"url\":\"https:\/\/tallinndesignhouse.com\/en\/toode\/triibuline-pluus-volditud-rinnaga\/\",\"name\":\"Raili N\u00f5lvak Striped blouse - Tallinn Design House\",\"isPartOf\":{\"@id\":\"https:\/\/tallinndesignhouse.com\/#website\"},\"primaryImageOfPage\":{\"@id\":\"https:\/\/tallinndesignhouse.com\/en\/toode\/triibuline-pluus-volditud-rinnaga\/#primaryimage\"},\"image\":{\"@id\":\"https:\/\/tallinndesignhouse.com\/en\/toode\/triibuline-pluus-volditud-rinnaga\/#primaryimage\"},\"thumbnailUrl\":\"https:\/\/tallinndesignhouse.com\/wp-content\/uploads\/2022\/11\/Raili-No\u0303lvak-triibuline-pluus1.jpg\",\"datePublished\":\"2022-11-21T15:21:09+00:00\",\"dateModified\":\"2026-04-11T22:01:40+00:00\",\"description\":\"Raili N\u00f5lvak triibuline pluus volditud rinnaga. Eest v\u00e4ikeste mustade kandiliste n\u00f6\u00f6pidega. Kraega.\",\"breadcrumb\":{\"@id\":\"https:\/\/tallinndesignhouse.com\/en\/toode\/triibuline-pluus-volditud-rinnaga\/#breadcrumb\"},\"inLanguage\":\"en-US\",\"potentialAction\":[{\"@type\":\"ReadAction\",\"target\":[\"https:\/\/tallinndesignhouse.com\/en\/toode\/triibuline-pluus-volditud-rinnaga\/\"]}]},{\"@type\":\"ImageObject\",\"inLanguage\":\"en-US\",\"@id\":\"https:\/\/tallinndesignhouse.com\/en\/toode\/triibuline-pluus-volditud-rinnaga\/#primaryimage\",\"url\":\"https:\/\/tallinndesignhouse.com\/wp-content\/uploads\/2022\/11\/Raili-No\u0303lvak-triibuline-pluus1.jpg\",\"contentUrl\":\"https:\/\/tallinndesignhouse.com\/wp-content\/uploads\/2022\/11\/Raili-No\u0303lvak-triibuline-pluus1.jpg\",\"width\":1530,\"height\":2297,\"caption\":\"Raili-No\u0303lvak-triibuline-pluus1\"},{\"@type\":\"BreadcrumbList\",\"@id\":\"https:\/\/tallinndesignhouse.com\/en\/toode\/triibuline-pluus-volditud-rinnaga\/#breadcrumb\",\"itemListElement\":[{\"@type\":\"ListItem\",\"position\":1,\"name\":\"Home\",\"item\":\"https:\/\/tallinndesignhouse.com\/en\/\"},{\"@type\":\"ListItem\",\"position\":2,\"name\":\"Shop\",\"item\":\"https:\/\/tallinndesignhouse.com\/en\/shop\/\"},{\"@type\":\"ListItem\",\"position\":3,\"name\":\"Striped blouse\"}]},{\"@type\":\"WebSite\",\"@id\":\"https:\/\/tallinndesignhouse.com\/#website\",\"url\":\"https:\/\/tallinndesignhouse.com\/\",\"name\":\"Tallinn Design House\",\"description\":\"Eesti disain Rotermanni kvartalis\",\"potentialAction\":[{\"@type\":\"SearchAction\",\"target\":{\"@type\":\"EntryPoint\",\"urlTemplate\":\"https:\/\/tallinndesignhouse.com\/?s={search_term_string}\"},\"query-input\":{\"@type\":\"PropertyValueSpecification\",\"valueRequired\":true,\"valueName\":\"search_term_string\"}}],\"inLanguage\":\"en-US\"}]}<\/script>\n<!-- \/ Yoast SEO plugin. -->","yoast_head_json":{"title":"Raili N\u00f5lvak Striped blouse - Tallinn Design House","description":"Raili N\u00f5lvak triibuline pluus volditud rinnaga. Eest v\u00e4ikeste mustade kandiliste n\u00f6\u00f6pidega. Kraega.","robots":{"index":"index","follow":"follow","max-snippet":"max-snippet:-1","max-image-preview":"max-image-preview:large","max-video-preview":"max-video-preview:-1"},"canonical":"https:\/\/tallinndesignhouse.com\/en\/toode\/triibuline-pluus-volditud-rinnaga\/","og_locale":"en_US","og_type":"article","og_title":"Raili N\u00f5lvak Striped blouse - Tallinn Design House","og_description":"Raili N\u00f5lvak triibuline pluus volditud rinnaga. Eest v\u00e4ikeste mustade kandiliste n\u00f6\u00f6pidega. Kraega.","og_url":"https:\/\/tallinndesignhouse.com\/en\/toode\/triibuline-pluus-volditud-rinnaga\/","og_site_name":"Tallinn Design House","article_modified_time":"2026-04-11T22:01:40+00:00","og_image":[{"width":1530,"height":2297,"url":"https:\/\/tallinndesignhouse.com\/wp-content\/uploads\/2022\/11\/Raili-No\u0303lvak-triibuline-pluus1.jpg","type":"image\/jpeg"}],"twitter_card":"summary_large_image","schema":{"@context":"https:\/\/schema.org","@graph":[{"@type":"WebPage","@id":"https:\/\/tallinndesignhouse.com\/en\/toode\/triibuline-pluus-volditud-rinnaga\/","url":"https:\/\/tallinndesignhouse.com\/en\/toode\/triibuline-pluus-volditud-rinnaga\/","name":"Raili N\u00f5lvak Striped blouse - Tallinn Design House","isPartOf":{"@id":"https:\/\/tallinndesignhouse.com\/#website"},"primaryImageOfPage":{"@id":"https:\/\/tallinndesignhouse.com\/en\/toode\/triibuline-pluus-volditud-rinnaga\/#primaryimage"},"image":{"@id":"https:\/\/tallinndesignhouse.com\/en\/toode\/triibuline-pluus-volditud-rinnaga\/#primaryimage"},"thumbnailUrl":"https:\/\/tallinndesignhouse.com\/wp-content\/uploads\/2022\/11\/Raili-No\u0303lvak-triibuline-pluus1.jpg","datePublished":"2022-11-21T15:21:09+00:00","dateModified":"2026-04-11T22:01:40+00:00","description":"Raili N\u00f5lvak triibuline pluus volditud rinnaga. Eest v\u00e4ikeste mustade kandiliste n\u00f6\u00f6pidega. Kraega.","breadcrumb":{"@id":"https:\/\/tallinndesignhouse.com\/en\/toode\/triibuline-pluus-volditud-rinnaga\/#breadcrumb"},"inLanguage":"en-US","potentialAction":[{"@type":"ReadAction","target":["https:\/\/tallinndesignhouse.com\/en\/toode\/triibuline-pluus-volditud-rinnaga\/"]}]},{"@type":"ImageObject","inLanguage":"en-US","@id":"https:\/\/tallinndesignhouse.com\/en\/toode\/triibuline-pluus-volditud-rinnaga\/#primaryimage","url":"https:\/\/tallinndesignhouse.com\/wp-content\/uploads\/2022\/11\/Raili-No\u0303lvak-triibuline-pluus1.jpg","contentUrl":"https:\/\/tallinndesignhouse.com\/wp-content\/uploads\/2022\/11\/Raili-No\u0303lvak-triibuline-pluus1.jpg","width":1530,"height":2297,"caption":"Raili-No\u0303lvak-triibuline-pluus1"},{"@type":"BreadcrumbList","@id":"https:\/\/tallinndesignhouse.com\/en\/toode\/triibuline-pluus-volditud-rinnaga\/#breadcrumb","itemListElement":[{"@type":"ListItem","position":1,"name":"Home","item":"https:\/\/tallinndesignhouse.com\/en\/"},{"@type":"ListItem","position":2,"name":"Shop","item":"https:\/\/tallinndesignhouse.com\/en\/shop\/"},{"@type":"ListItem","position":3,"name":"Striped blouse"}]},{"@type":"WebSite","@id":"https:\/\/tallinndesignhouse.com\/#website","url":"https:\/\/tallinndesignhouse.com\/","name":"Tallinn Design House","description":"Eesti disain Rotermanni kvartalis","potentialAction":[{"@type":"SearchAction","target":{"@type":"EntryPoint","urlTemplate":"https:\/\/tallinndesignhouse.com\/?s={search_term_string}"},"query-input":{"@type":"PropertyValueSpecification","valueRequired":true,"valueName":"search_term_string"}}],"inLanguage":"en-US"}]}},"_links":{"self":[{"href":"https:\/\/tallinndesignhouse.com\/en\/wp-json\/wp\/v2\/product\/3316598","targetHints":{"allow":["GET"]}}],"collection":[{"href":"https:\/\/tallinndesignhouse.com\/en\/wp-json\/wp\/v2\/product"}],"about":[{"href":"https:\/\/tallinndesignhouse.com\/en\/wp-json\/wp\/v2\/types\/product"}],"wp:featuredmedia":[{"embeddable":true,"href":"https:\/\/tallinndesignhouse.com\/en\/wp-json\/wp\/v2\/media\/2962928"}],"wp:attachment":[{"href":"https:\/\/tallinndesignhouse.com\/en\/wp-json\/wp\/v2\/media?parent=3316598"}],"wp:term":[{"taxonomy":"product_brand","embeddable":true,"href":"https:\/\/tallinndesignhouse.com\/en\/wp-json\/wp\/v2\/product_brand?post=3316598"},{"taxonomy":"product_cat","embeddable":true,"href":"https:\/\/tallinndesignhouse.com\/en\/wp-json\/wp\/v2\/product_cat?post=3316598"},{"taxonomy":"product_tag","embeddable":true,"href":"https:\/\/tallinndesignhouse.com\/en\/wp-json\/wp\/v2\/product_tag?post=3316598"}],"curies":[{"name":"wp","href":"https:\/\/api.w.org\/{rel}","templated":true}]}}